{"id":83086,"date":"2020-07-08T22:45:39","date_gmt":"2020-07-08T20:45:39","guid":{"rendered":"https:\/\/trimakasi.eu\/product\/chrysoberyl-kocici-oko-naramek\/"},"modified":"2025-12-24T08:59:06","modified_gmt":"2025-12-24T07:59:06","slug":"macskaszem","status":"publish","type":"product","link":"https:\/\/trimakasi.eu\/hu\/product\/cats-eye\/","title":{"rendered":"Macskaszem kark\u00f6t\u0151"},"content":{"rendered":"<h3>Macskaszem \u2013 el\u0151ny\u00f6k<\/h3>\n<p>A term\u00e9szetes macskaszem a boldogs\u00e1g, az optimizmus \u00e9s az \u00f6nbecs\u00fcl\u00e9s k\u00f6ve. El\u0151seg\u00edti az \u00e9rzelmi egyens\u00falyt, b\u00e9k\u00e9t hoz az emberi elm\u00e9be \u00e9s egy\u00fattal v\u00e9d a negativit\u00e1st\u00f3l is. Olyan k\u0151nek is tekinthet\u0151, amely k\u00e9pes kib\u0151v\u00edteni az emberi elme kapacit\u00e1s\u00e1t \u00e9s n\u00f6velni a koncentr\u00e1ci\u00f3t. Mindenekel\u0151tt azonban arra k\u00e9pes, hogy visel\u0151j\u00e9nek magabiztoss\u00e1got adjon a d\u00f6nt\u00e9shozatal sor\u00e1n.<\/p>\n<p>Sz\u00e1rmaz\u00e1si orsz\u00e1g: <strong>Braz\u00edlia<\/strong><\/p>\n<p>Elem: <strong>Leveg\u0151<\/strong><\/p>\n<p>Csillagjegyek: <strong>Oroszl\u00e1n, Bak, Bika, Kos, Skorpi\u00f3<\/strong><\/p>\n<p>A kark\u00f6t\u0151 harmoniz\u00e1lja a gy\u00f6k\u00e9rcsakr\u00e1t \u00e9s a koronacsakr\u00e1t<\/p>\n<p><a href=\"https:\/\/trimakasi.eu\/wp-content\/uploads\/\u010dakra1.jpg\"><img loading=\"lazy\" decoding=\"async\" class=\"alignnone size-full wp-image-138513\" src=\"https:\/\/trimakasi.eu\/wp-content\/uploads\/\u010dakra1.jpg\" alt=\"Gy\u00f6k\u00e9rcsakra\" width=\"81\" height=\"88\" srcset=\"https:\/\/trimakasi.eu\/wp-content\/uploads\/\u010dakra1.jpg 81w, https:\/\/trimakasi.eu\/wp-content\/uploads\/\u010dakra1-11x12.jpg 11w\" sizes=\"auto, (max-width: 81px) 100vw, 81px\" \/><\/a><img loading=\"lazy\" decoding=\"async\" class=\"alignnone wp-image-72749\" src=\"https:\/\/trimakasi.cz\/wp-content\/uploads\/2018\/07\/\u010dakra7.jpg\" alt=\"Korunn\u00ed \u010dakra\" width=\"76\" height=\"85\" \/><\/p>\n<p><a href=\"https:\/\/trimakasi.eu\/hu\/videoblog\/\"><u>L\u00e1togassa meg videoblogunkat, hogy felfedezze a dr\u00e1gak\u00f6vek, \u00e1llat\u00f6v jelek, csakr\u00e1k \u00e9s m\u00e9g sok m\u00e1s k\u00f6z\u00f6tti \u00f6sszef\u00fcgg\u00e9seket.<\/u><\/a><\/p>","protected":false},"excerpt":{"rendered":"<p>A s\u00f6t\u00e9tsz\u00fcrke macskaszem dr\u00e1gak\u0151 <a>sz\u00ednj\u00e1tsz\u00f3<\/a> t\u00fckr\u00f6z\u0151d\u00e9sek. A f\u00e9ldr\u00e1gak\u0151 kem\u00e9nys\u00e9g\u00e9nek k\u00f6sz\u00f6nhet\u0151en az \u00e9kszer mindennapi viseletre is alkalmas. Tudjon meg t\u00f6bbet a k\u0151 tulajdons\u00e1gair\u00f3l al\u00e1bb.<\/p>\n<p>V\u00e1lasszon kark\u00f6t\u0151t annak m\u00e9rete \u00e9s az utols\u00f3 gy\u00f6ngy sz\u00edne szerint.\u00a0<a href=\"https:\/\/trimakasi.eu\/hu\/hogyan-valasszuk-ki-a-karkoto-meretet\/\">A m\u00e9ret helyes meghat\u00e1roz\u00e1s\u00e1nak \u00fatmutat\u00f3ja itt tal\u00e1lhat\u00f3.<\/a><\/p>","protected":false},"featured_media":81038,"comment_status":"open","ping_status":"closed","template":"","meta":{"_acf_changed":false,"_themeisle_gutenberg_block_has_review":false},"product_brand":[],"product_cat":[1687,1064,554,1068,553],"product_tag":[],"class_list":{"0":"post-83086","1":"product","2":"type-product","3":"status-publish","4":"has-post-thumbnail","6":"product_cat-elastic-bracelets","7":"product_cat-mens-jewellery","8":"product_cat-natural-gemstone-bracelets","9":"product_cat-natural-gemstone-bracelets-for-men","10":"product_cat-womens-jewellery","12":"first","13":"instock","14":"taxable","15":"shipping-taxable","16":"purchasable","17":"product-type-variable","18":"has-default-attributes"},"acf":[],"_links":{"self":[{"href":"https:\/\/trimakasi.eu\/hu\/wp-json\/wp\/v2\/product\/83086","targetHints":{"allow":["GET"]}}],"collection":[{"href":"https:\/\/trimakasi.eu\/hu\/wp-json\/wp\/v2\/product"}],"about":[{"href":"https:\/\/trimakasi.eu\/hu\/wp-json\/wp\/v2\/types\/product"}],"replies":[{"embeddable":true,"href":"https:\/\/trimakasi.eu\/hu\/wp-json\/wp\/v2\/comments?post=83086"}],"wp:featuredmedia":[{"embeddable":true,"href":"https:\/\/trimakasi.eu\/hu\/wp-json\/wp\/v2\/media\/81038"}],"wp:attachment":[{"href":"https:\/\/trimakasi.eu\/hu\/wp-json\/wp\/v2\/media?parent=83086"}],"wp:term":[{"taxonomy":"product_brand","embeddable":true,"href":"https:\/\/trimakasi.eu\/hu\/wp-json\/wp\/v2\/product_brand?post=83086"},{"taxonomy":"product_cat","embeddable":true,"href":"https:\/\/trimakasi.eu\/hu\/wp-json\/wp\/v2\/product_cat?post=83086"},{"taxonomy":"product_tag","embeddable":true,"href":"https:\/\/trimakasi.eu\/hu\/wp-json\/wp\/v2\/product_tag?post=83086"}],"curies":[{"name":"wp","href":"https:\/\/api.w.org\/{rel}","templated":true}]}}