{"id":75873,"date":"2020-01-09T17:11:57","date_gmt":"2020-01-09T16:11:57","guid":{"rendered":"https:\/\/trimakasi.eu\/?post_type=product&#038;p=75873"},"modified":"2024-01-14T09:22:40","modified_gmt":"2024-01-14T08:22:40","slug":"cowrie-kagylo-nyaklanc","status":"publish","type":"product","link":"https:\/\/trimakasi.eu\/hu\/product\/cowrie-shell-necklace\/","title":{"rendered":"Cowrie kagyl\u00f3 nyakl\u00e1nc"},"content":{"rendered":"<h3>Cowrie kagyl\u00f3<\/h3>\n<p>A cowrie kagyl\u00f3 egy \u0151si talizm\u00e1n, amely a term\u00e9kenys\u00e9get \u00e9s a gazdags\u00e1got szimboliz\u00e1lja. Sz\u00e1mos kult\u00far\u00e1ban \u00e9s hagyom\u00e1nyban haszn\u00e1lt\u00e1k a gonosz szem, valamint<br \/>\nkifejezetten a n\u0151i term\u00e9kenys\u00e9get vesz\u00e9lyeztet\u0151 d\u00e9monok elh\u00e1r\u00edt\u00e1s\u00e1ra. Ezek a gy\u00f6ny\u00f6r\u0171 term\u00e9szetes kagyl\u00f3k egykor valutak\u00e9nt is szolg\u00e1ltak.<\/p>","protected":false},"excerpt":{"rendered":"<div>\n<p>Cowrie kagyl\u00f3 nyakl\u00e1nc term\u00e9szetes kagyl\u00f3b\u00f3l. Ezt az \u00e9kszert optim\u00e1lis kombin\u00e1lni a <a href=\"https:\/\/trimakasi.eu\/hu\/product\/cowrie-kagylo-karkoto\/\"><u>Cowrie kagyl\u00f3 kark\u00f6t\u0151vel<\/u>.<\/a><\/p>\n<p>A nyakl\u00e1nc m\u00e9rete csom\u00f3val \u00e1ll\u00edthat\u00f3.<\/p>\n<\/div>","protected":false},"featured_media":75874,"comment_status":"open","ping_status":"closed","template":"","meta":{"_acf_changed":false,"_themeisle_gutenberg_block_has_review":false},"product_brand":[],"product_cat":[1149,1690,553],"product_tag":[],"class_list":{"0":"post-75873","1":"product","2":"type-product","3":"status-publish","4":"has-post-thumbnail","6":"product_cat-necklaces-for-women","7":"product_cat-necklaces","8":"product_cat-womens-jewellery","10":"first","11":"instock","12":"taxable","13":"shipping-taxable","14":"purchasable","15":"product-type-simple"},"acf":[],"_links":{"self":[{"href":"https:\/\/trimakasi.eu\/hu\/wp-json\/wp\/v2\/product\/75873","targetHints":{"allow":["GET"]}}],"collection":[{"href":"https:\/\/trimakasi.eu\/hu\/wp-json\/wp\/v2\/product"}],"about":[{"href":"https:\/\/trimakasi.eu\/hu\/wp-json\/wp\/v2\/types\/product"}],"replies":[{"embeddable":true,"href":"https:\/\/trimakasi.eu\/hu\/wp-json\/wp\/v2\/comments?post=75873"}],"wp:featuredmedia":[{"embeddable":true,"href":"https:\/\/trimakasi.eu\/hu\/wp-json\/wp\/v2\/media\/75874"}],"wp:attachment":[{"href":"https:\/\/trimakasi.eu\/hu\/wp-json\/wp\/v2\/media?parent=75873"}],"wp:term":[{"taxonomy":"product_brand","embeddable":true,"href":"https:\/\/trimakasi.eu\/hu\/wp-json\/wp\/v2\/product_brand?post=75873"},{"taxonomy":"product_cat","embeddable":true,"href":"https:\/\/trimakasi.eu\/hu\/wp-json\/wp\/v2\/product_cat?post=75873"},{"taxonomy":"product_tag","embeddable":true,"href":"https:\/\/trimakasi.eu\/hu\/wp-json\/wp\/v2\/product_tag?post=75873"}],"curies":[{"name":"wp","href":"https:\/\/api.w.org\/{rel}","templated":true}]}}