{"id":75864,"date":"2023-01-09T16:59:39","date_gmt":"2023-01-09T15:59:39","guid":{"rendered":"https:\/\/trimakasi.eu\/?post_type=product&#038;p=75864"},"modified":"2024-09-22T11:11:30","modified_gmt":"2024-09-22T09:11:30","slug":"felhold-nyaklanc-rozsa-arany","status":"publish","type":"product","link":"https:\/\/trimakasi.eu\/hu\/product\/crescent-necklace-rose-gold\/","title":{"rendered":"F\u00e9lhold nyakl\u00e1nc - r\u00f3zsaarany"},"content":{"rendered":"<h3>F\u00e9lhold nyakl\u00e1nc<\/h3>\n<p>A f\u00e9lhold nyakl\u00e1nc az \u00f3kori Egyiptomban \u00cdzisz istenn\u0151, az istenek anyj\u00e1nak szimb\u00f3luma volt. \u00cdziszt Egyiptom kir\u00e1lyn\u0151jek\u00e9nt \u00e1br\u00e1zolt\u00e1k, aki ir\u00e1ny\u00edtja a var\u00e1zslatot, valamint az anyas\u00e1g, a n\u0151k \u00e9s a gy\u00f3gy\u00edt\u00f3k v\u00e9delmez\u0151je. A lefel\u00e9 n\u00e9z\u0151 f\u00e9lhold el\u0151sz\u00f6r egyiptomi jelk\u00e9nt jelent meg, amely sz\u00f3 szerint a holdat jelenti.<\/p>\n<p>Az egyiptomi mitol\u00f3gi\u00e1ban a hold \u00e1ltal\u00e1nosan a term\u00e9kenys\u00e9g fontoss\u00e1g\u00e1t jelenti, \u00fagy v\u00e9lt\u00e9k, hogy a teliholdkor elvetett gabona gyorsabban n\u00f6vekszik, vagy a teliholdkor betakar\u00edtott gy\u00f3gyn\u00f6v\u00e9nyeknek er\u0151sebb ter\u00e1pi\u00e1s hat\u00e1sa van. Az egyiptomiak \u00fagy v\u00e9lt\u00e9k, hogy a hold term\u00e9keny ereje miatt \u00faj dr\u00e1gak\u00f6vek jelennek meg a sivatagban.<\/p>","protected":false},"excerpt":{"rendered":"<p>Eleg\u00e1ns f\u00e9lhold nyakl\u00e1nc, rozsdamentes ac\u00e9lb\u00f3l, r\u00f3zsa arany PVD bevonattal.<\/p>\n<p>Hold m\u00e9rete: 2 cm. A l\u00e1nc sz\u00e9less\u00e9ge 1 mm, a l\u00e1nc hossza 46 \u00e9s 52 cm k\u00f6z\u00f6tt \u00e1ll\u00edthat\u00f3.<\/p>","protected":false},"featured_media":85310,"comment_status":"open","ping_status":"closed","template":"","meta":{"_acf_changed":false,"_themeisle_gutenberg_block_has_review":false},"product_brand":[],"product_cat":[569,1149,1690,553],"product_tag":[],"class_list":{"0":"post-75864","1":"product","2":"type-product","3":"status-publish","4":"has-post-thumbnail","6":"product_cat-minimalist-jewellery-for-women","7":"product_cat-necklaces-for-women","8":"product_cat-necklaces","9":"product_cat-womens-jewellery","11":"first","12":"instock","13":"taxable","14":"shipping-taxable","15":"purchasable","16":"product-type-simple"},"acf":[],"_links":{"self":[{"href":"https:\/\/trimakasi.eu\/hu\/wp-json\/wp\/v2\/product\/75864","targetHints":{"allow":["GET"]}}],"collection":[{"href":"https:\/\/trimakasi.eu\/hu\/wp-json\/wp\/v2\/product"}],"about":[{"href":"https:\/\/trimakasi.eu\/hu\/wp-json\/wp\/v2\/types\/product"}],"replies":[{"embeddable":true,"href":"https:\/\/trimakasi.eu\/hu\/wp-json\/wp\/v2\/comments?post=75864"}],"wp:featuredmedia":[{"embeddable":true,"href":"https:\/\/trimakasi.eu\/hu\/wp-json\/wp\/v2\/media\/85310"}],"wp:attachment":[{"href":"https:\/\/trimakasi.eu\/hu\/wp-json\/wp\/v2\/media?parent=75864"}],"wp:term":[{"taxonomy":"product_brand","embeddable":true,"href":"https:\/\/trimakasi.eu\/hu\/wp-json\/wp\/v2\/product_brand?post=75864"},{"taxonomy":"product_cat","embeddable":true,"href":"https:\/\/trimakasi.eu\/hu\/wp-json\/wp\/v2\/product_cat?post=75864"},{"taxonomy":"product_tag","embeddable":true,"href":"https:\/\/trimakasi.eu\/hu\/wp-json\/wp\/v2\/product_tag?post=75864"}],"curies":[{"name":"wp","href":"https:\/\/api.w.org\/{rel}","templated":true}]}}