{"id":75856,"date":"2020-01-08T19:50:42","date_gmt":"2020-01-08T18:50:42","guid":{"rendered":"https:\/\/trimakasi.eu\/?post_type=product&#038;p=75856"},"modified":"2024-03-25T19:01:05","modified_gmt":"2024-03-25T18:01:05","slug":"karkotok-paroknak-viz-tuz","status":"publish","type":"product","link":"https:\/\/trimakasi.eu\/hu\/product\/bracelets-for-couples-water-fire\/","title":{"rendered":"Kark\u00f6t\u0151k p\u00e1roknak - V\u00edz \u00e9s t\u0171z"},"content":{"rendered":"<h3 id=\"tw-target-text\" class=\"tw-data-text tw-ta tw-text-small\" dir=\"ltr\" data-placeholder=\"P\u0159eklad\">L\u00e1vak\u0151<\/h3>\n<p class=\"tw-data-text tw-ta tw-text-small\" dir=\"ltr\" data-placeholder=\"P\u0159eklad\"><span lang=\"en\" tabindex=\"0\">A l\u00e1vak\u0151 beceneve az \u201e\u00dajj\u00e1sz\u00fclet\u00e9s k\u00f6ve\u201d is, ugyanis abban seg\u00edti visel\u0151it, hogy azok megszabaduljanak a sz\u00fcks\u00e9gtelen \u00e9s eg\u00e9szs\u00e9gtelen \u00e9rzelmekt\u0151l. A l\u00e1vak\u0151 ment\u00e1lisan stabiliz\u00e1l, valamint seg\u00edt cs\u00f6kkenteni a haragot. A l\u00e1vak\u0151 f\u00f6ldel\u0151 hat\u00e1s\u00e1t p\u00e9ld\u00e1ul massz\u00e1zsra is haszn\u00e1lj\u00e1k.\u00a0<\/span><\/p>\n<p>Elem: <strong>T\u0171z, F\u00f6ld<\/strong><\/p>\n<p>Csillagjegyek:<strong> Minden csillagjegy sz\u00e1m\u00e1ra hasznos<\/strong><\/p>\n<p>A l\u00e1vak\u0151 harmoniz\u00e1lja a gy\u00f6k\u00e9rcsakr\u00e1t<\/p>\n<p><a href=\"https:\/\/trimakasi.eu\/wp-content\/uploads\/\u010dakra1.jpg\"><img loading=\"lazy\" decoding=\"async\" class=\"alignnone size-full wp-image-138513\" src=\"https:\/\/trimakasi.eu\/wp-content\/uploads\/\u010dakra1.jpg\" alt=\"Gy\u00f6k\u00e9rcsakra\" width=\"81\" height=\"88\" srcset=\"https:\/\/trimakasi.eu\/wp-content\/uploads\/\u010dakra1.jpg 81w, https:\/\/trimakasi.eu\/wp-content\/uploads\/\u010dakra1-11x12.jpg 11w\" sizes=\"auto, (max-width: 81px) 100vw, 81px\" \/><\/a><\/p>\n<h3>Lazurit - Lapis lazuli<\/h3>\n<p>Ez az egyik legr\u00e9gebbi dr\u00e1gak\u0151, amelyet az emberis\u00e9g felfedezett! Az \u00f3kori Egyiptomban p\u00e9ld\u00e1ul \u00e9kszerek \u00e9s amulettek gy\u00e1rt\u00e1s\u00e1ra, valamint az els\u0151 n\u0151i kozmetikumok gy\u00e1rt\u00e1s\u00e1ra haszn\u00e1lt\u00e1k. Ez a k\u0151 az \u00f3korban az \u00f6sszes j\u00f3 tulajdons\u00e1got k\u00e9pviselte, de mindenekel\u0151tt a Lapis Lazulit k\u00f6vet \u201ea menny k\u00f6v\u00e9nek\u201d nevezt\u00e9k. M\u00e9lyk\u00e9k sz\u00edne indig\u00f3 \u00e9jszakai \u00e9gboltot, a feh\u00e9rarany foltok pedig a halhatatlan csillagokat jelk\u00e9pezt\u00e9k.<\/p>\n<p>Csillagjegyek: <strong>Nyilas, V\u00edz\u00f6nt\u0151, M\u00e9rleg<\/strong><\/p>\n<p>Elem: <strong>V\u00edz<\/strong><\/p>\n<p>A kark\u00f6t\u0151 harmoniz\u00e1lja a torokcsakr\u00e1t \u00e9s a harmadik szem csakr\u00e1t<\/p>\n<p><a href=\"https:\/\/trimakasi.eu\/wp-content\/uploads\/\u010dakra5.jpg\"><img loading=\"lazy\" decoding=\"async\" class=\"alignnone size-full wp-image-138515\" src=\"https:\/\/trimakasi.eu\/wp-content\/uploads\/\u010dakra5.jpg\" alt=\"Torokcsakra\" width=\"81\" height=\"87\" srcset=\"https:\/\/trimakasi.eu\/wp-content\/uploads\/\u010dakra5.jpg 81w, https:\/\/trimakasi.eu\/wp-content\/uploads\/\u010dakra5-11x12.jpg 11w\" sizes=\"auto, (max-width: 81px) 100vw, 81px\" \/><\/a><a href=\"https:\/\/trimakasi.eu\/wp-content\/uploads\/\u010dakra6.jpg\"><img loading=\"lazy\" decoding=\"async\" class=\"alignnone size-full wp-image-138516\" src=\"https:\/\/trimakasi.eu\/wp-content\/uploads\/\u010dakra6.jpg\" alt=\"Harmadik szem csakra:\" width=\"103\" height=\"98\" srcset=\"https:\/\/trimakasi.eu\/wp-content\/uploads\/\u010dakra6.jpg 103w, https:\/\/trimakasi.eu\/wp-content\/uploads\/\u010dakra6-13x12.jpg 13w\" sizes=\"auto, (max-width: 103px) 100vw, 103px\" \/><\/a><\/p>\n<h3>Gr\u00e1n\u00e1t<\/h3>\n<p id=\"tw-target-text\" class=\"tw-data-text tw-ta tw-text-small\" dir=\"ltr\" data-placeholder=\"P\u0159eklad\"><span lang=\"en\" tabindex=\"0\">A hesszonit a gr\u00e1n\u00e1t tiszta fajt\u00e1ja, amely n\u00f6veli a b\u00e1tors\u00e1got, er\u0151s\u00edti a karizm\u00e1t \u00e9s a vitalit\u00e1st, \u00e9s abban is seg\u00edt, hogy megtal\u00e1lja a m\u00e9lyen \u00d6nben rejl\u0151 kreat\u00edv er\u0151t. A gr\u00e1n\u00e1t mint az eg\u00e9szs\u00e9g v\u00e9d\u0151k\u00f6ve fokozza az \u00e9leter\u0151t \u00e9s az alapvet\u0151 t\u00fal\u00e9l\u00e9si \u00f6szt\u00f6n\u00f6ket. \u00c1ll\u00edt\u00f3lag seg\u00edt a term\u00e9kenys\u00e9gben \u00e9s a libid\u00f3ra is pozit\u00edv hat\u00e1ssal van. A gr\u00e1n\u00e1tot kor\u00e1bban m\u00e9regv\u00e9delemk\u00e9nt is viselt\u00e9k, \u00e9s \u00fagy gondolt\u00e1k, hogy k\u00e9pes semleges\u00edteni a m\u00e9rgeket.<\/span><\/p>\n<p class=\"tw-data-text tw-ta tw-text-small\" dir=\"ltr\" data-placeholder=\"P\u0159eklad\"><span lang=\"en\" tabindex=\"0\">Elem:<strong> T\u0171z, F\u00f6ld<\/strong><\/span><\/p>\n<p class=\"tw-data-text tw-ta tw-text-small\" dir=\"ltr\" data-placeholder=\"P\u0159eklad\"><span lang=\"en\" tabindex=\"0\">Csillagjegyek: <strong>Bak, V\u00edz\u00f6nt\u0151, Skorpi\u00f3, Oroszl\u00e1n<\/strong><\/span><\/p>\n<p><span lang=\"en\" tabindex=\"0\">A gr\u00e1n\u00e1t ritka kapcsolatot hoz l\u00e9tre a gy\u00f6k\u00e9rcsakra \u00e9s a koronacsakra k\u00f6z\u00f6tt, el\u0151seg\u00edtve a ment\u00e1lis energia bejuttat\u00e1s\u00e1t \u00e9s annak megtart\u00e1s\u00e1t a fizikai testben.<\/span><\/p>\n<p><a href=\"https:\/\/trimakasi.eu\/wp-content\/uploads\/\u010dakra1.jpg\"><img loading=\"lazy\" decoding=\"async\" class=\"alignnone size-full wp-image-138513\" src=\"https:\/\/trimakasi.eu\/wp-content\/uploads\/\u010dakra1.jpg\" alt=\"Gy\u00f6k\u00e9rcsakra\" width=\"81\" height=\"88\" srcset=\"https:\/\/trimakasi.eu\/wp-content\/uploads\/\u010dakra1.jpg 81w, https:\/\/trimakasi.eu\/wp-content\/uploads\/\u010dakra1-11x12.jpg 11w\" sizes=\"auto, (max-width: 81px) 100vw, 81px\" \/><\/a><a href=\"https:\/\/trimakasi.eu\/wp-content\/uploads\/crown-chakra.jpg\"><img loading=\"lazy\" decoding=\"async\" class=\"alignnone size-full wp-image-132743\" src=\"https:\/\/trimakasi.eu\/wp-content\/uploads\/crown-chakra.jpg\" alt=\"\" width=\"92\" height=\"102\" srcset=\"https:\/\/trimakasi.eu\/wp-content\/uploads\/crown-chakra.jpg 92w, https:\/\/trimakasi.eu\/wp-content\/uploads\/crown-chakra-11x12.jpg 11w\" sizes=\"auto, (max-width: 92px) 100vw, 92px\" \/><\/a><\/p>\n<p><a href=\"https:\/\/trimakasi.eu\/hu\/videoblog\/\"><u>L\u00e1togassa meg videoblogunkat, hogy felfedezze a dr\u00e1gak\u00f6vek, \u00e1llat\u00f6v jelek, csakr\u00e1k \u00e9s m\u00e9g sok m\u00e1s k\u00f6z\u00f6tti \u00f6sszef\u00fcgg\u00e9seket.<\/u><\/a><\/p>","protected":false},"excerpt":{"rendered":"<p>K\u00e9t kark\u00f6t\u0151, amelyek a l\u00e1vak\u0151 haszn\u00e1lat\u00e1t egyes\u00edtik. Az egyik kark\u00f6t\u0151 egy v\u00f6r\u00f6s gr\u00e1n\u00e1tot tartalmaz, amely a t\u00fczet szimboliz\u00e1lja, a m\u00e1sik kark\u00f6t\u0151 pedig egy k\u00e9k lapis lazulival kieg\u00e9sz\u00edtett, amely a v\u00edz elem\u00e9t szimboliz\u00e1lja. A t\u0171z vads\u00e1g\u00e1t kiegyens\u00falyozza a nyugodt \u00e9s kitart\u00f3 v\u00edz - csak \u00edgy j\u00f6het l\u00e9tre a harm\u00f3nia! Hat\u00e1rozza meg, hogy a kapcsolat\u00e1ban ki alkalmasabb a v\u00edz vagy t\u0171z elem visel\u00e9s\u00e9re, \u00e9s ennek megfelel\u0151en v\u00e1lassza ki a kark\u00f6t\u0151 m\u00e9ret\u00e9t. A hossz\u00fa le\u00edr\u00e1sb\u00f3l t\u00f6bbet is megtudhat a haszn\u00e1lt k\u00f6vek tulajdons\u00e1gair\u00f3l.<\/p>\n<p>V\u00e1lasszon kark\u00f6t\u0151t a csukl\u00f3 m\u00e9rete szerint.\u00a0<a href=\"https:\/\/trimakasi.eu\/hu\/hogyan-valasszuk-ki-a-karkoto-meretet\/\">A m\u00e9ret helyes meghat\u00e1roz\u00e1s\u00e1nak \u00fatmutat\u00f3ja itt tal\u00e1lhat\u00f3.<\/a><\/p>","protected":false},"featured_media":75863,"comment_status":"open","ping_status":"closed","template":"","meta":{"_acf_changed":false,"_themeisle_gutenberg_block_has_review":false},"product_brand":[],"product_cat":[1152,1064,553],"product_tag":[],"class_list":{"0":"post-75856","1":"product","2":"type-product","3":"status-publish","4":"has-post-thumbnail","6":"product_cat-couples-bracelets","7":"product_cat-mens-jewellery","8":"product_cat-womens-jewellery","10":"first","11":"instock","12":"taxable","13":"shipping-taxable","14":"purchasable","15":"product-type-variable","16":"has-default-attributes"},"acf":[],"_links":{"self":[{"href":"https:\/\/trimakasi.eu\/hu\/wp-json\/wp\/v2\/product\/75856","targetHints":{"allow":["GET"]}}],"collection":[{"href":"https:\/\/trimakasi.eu\/hu\/wp-json\/wp\/v2\/product"}],"about":[{"href":"https:\/\/trimakasi.eu\/hu\/wp-json\/wp\/v2\/types\/product"}],"replies":[{"embeddable":true,"href":"https:\/\/trimakasi.eu\/hu\/wp-json\/wp\/v2\/comments?post=75856"}],"wp:featuredmedia":[{"embeddable":true,"href":"https:\/\/trimakasi.eu\/hu\/wp-json\/wp\/v2\/media\/75863"}],"wp:attachment":[{"href":"https:\/\/trimakasi.eu\/hu\/wp-json\/wp\/v2\/media?parent=75856"}],"wp:term":[{"taxonomy":"product_brand","embeddable":true,"href":"https:\/\/trimakasi.eu\/hu\/wp-json\/wp\/v2\/product_brand?post=75856"},{"taxonomy":"product_cat","embeddable":true,"href":"https:\/\/trimakasi.eu\/hu\/wp-json\/wp\/v2\/product_cat?post=75856"},{"taxonomy":"product_tag","embeddable":true,"href":"https:\/\/trimakasi.eu\/hu\/wp-json\/wp\/v2\/product_tag?post=75856"}],"curies":[{"name":"wp","href":"https:\/\/api.w.org\/{rel}","templated":true}]}}