{"id":75844,"date":"2020-01-04T22:25:31","date_gmt":"2020-01-04T21:25:31","guid":{"rendered":"https:\/\/trimakasi.eu\/?post_type=product&#038;p=75844"},"modified":"2024-03-25T19:01:18","modified_gmt":"2024-03-25T18:01:18","slug":"karkotok-paroknak-fekete-feher","status":"publish","type":"product","link":"https:\/\/trimakasi.eu\/hu\/product\/bracelets-for-couples-black-white\/","title":{"rendered":"Kark\u00f6t\u0151k p\u00e1roknak - fekete-feh\u00e9r"},"content":{"rendered":"<h3 dir=\"ltr\" data-placeholder=\"P\u0159eklad\">Feh\u00e9r kvarc<\/h3>\n<p dir=\"ltr\" data-placeholder=\"P\u0159eklad\">A kvarc nagyon b\u0151s\u00e9ges \u00e1sv\u00e1nyi anyag, amely leggyakrabban vil\u00e1gossz\u00fcrke vagy feh\u00e9r sz\u00ednben jelenik meg, \u00e9s a f\u00f6ldp\u00e1tokkal egy\u00fctt a legelterjedtebb \u00e1sv\u00e1ny a f\u00f6ldk\u00e9regben. Az \u00e1ltalunk haszn\u00e1lt kvarc a kieg\u00e9sz\u00edt\u0151 sz\u00ednez\u00e9snek k\u00f6sz\u00f6nhet\u0151en \u00e9l\u00e9nk feh\u00e9r sz\u00edn\u0171, \u00edgy gy\u00f6ny\u00f6r\u0171 kontrasztot teremt a tov\u00e1bbi gy\u00f6ngy\u00f6kkel val\u00f3 haszn\u00e1lat sor\u00e1n.<\/p>\n<div>Elem: <strong>Leveg\u0151<\/strong><\/div>\n<div><\/div>\n<div>Csillagjegyek: <strong>Oroszl\u00e1n \u00e9s Kos<\/strong><\/div>\n<h3>Fekete obszidi\u00e1n<\/h3>\n<p><span lang=\"en\" tabindex=\"0\">Az obszidi\u00e1n a term\u00e9szetes \u00fcveg k\u00fcl\u00f6nleges form\u00e1ja, amelyet a forr\u00f3 l\u00e1va gyors leh\u0171l\u00e9se hoz l\u00e9tre a f\u00f6ld felsz\u00edn\u00e9n. Az emberis\u00e9g a k\u0151korszak \u00f3ta haszn\u00e1lja, amikor a vad\u00e1szok a fegyvereik hegy\u00e9t az obszidi\u00e1n \u00e9les lemezeib\u0151l k\u00e9sz\u00edtett\u00e9k. Ez a k\u0151\u00a0<\/span><span lang=\"en\" tabindex=\"0\">az \u0151si azt\u00e9kok k\u00f6r\u00e9ben is k\u00f6zkedvelt volt, akik \u201eIsten k\u00f6v\u00e9nek\u201d nevezt\u00e9k. Ebb\u0151l a k\u0151b\u0151l k\u00e9sz\u00fclt szent t\u0151r\u00fck, amelyet az isteneknek val\u00f3 ember\u00e1ldozat h\u00edrhedt ritu\u00e1l\u00e9j\u00e1hoz haszn\u00e1ltak.<\/span><\/p>\n<p>Elem: <strong>T\u0171z<\/strong><\/p>\n<p>Csillagjegyek:\u00a0<strong>Nyilas, Skorpi\u00f3<\/strong><\/p>\n<div>\n<p><img loading=\"lazy\" decoding=\"async\" class=\"alignnone wp-image-72742 lazyloaded\" src=\"https:\/\/trimakasi.cz\/wp-content\/uploads\/2018\/08\/%C4%8Dakra1.jpg\" alt=\"Z\u00e1kladn\u00ed \u010dakra\" width=\"64\" height=\"70\" data-lazy-src=\"https:\/\/trimakasi.cz\/wp-content\/uploads\/2018\/08\/\u010dakra1.jpg\" data-was-processed=\"true\" \/><img loading=\"lazy\" decoding=\"async\" class=\"alignnone wp-image-72749 lazyloaded\" src=\"https:\/\/trimakasi.cz\/wp-content\/uploads\/2018\/07\/%C4%8Dakra7.jpg\" alt=\"Korunn\u00ed \u010dakra\" width=\"64\" height=\"71\" data-lazy-src=\"https:\/\/trimakasi.cz\/wp-content\/uploads\/2018\/07\/%C4%8Dakra7.jpg\" data-was-processed=\"true\" \/><img loading=\"lazy\" decoding=\"async\" class=\"alignnone wp-image-72746 lazyloaded\" src=\"https:\/\/trimakasi.cz\/wp-content\/uploads\/2018\/07\/%C4%8Dakra4.jpg\" alt=\"Srde\u010dn\u00ed \u010dakra\" width=\"63\" height=\"75\" data-lazy-src=\"https:\/\/trimakasi.cz\/wp-content\/uploads\/2018\/07\/%C4%8Dakra4.jpg\" data-was-processed=\"true\" \/><\/p>\n<p><a href=\"https:\/\/trimakasi.eu\/hu\/videoblog\/\"><u>L\u00e1togassa meg videoblogunkat, hogy felfedezze a dr\u00e1gak\u00f6vek, \u00e1llat\u00f6v jelek, csakr\u00e1k \u00e9s m\u00e9g sok m\u00e1s k\u00f6z\u00f6tti \u00f6sszef\u00fcgg\u00e9seket.<\/u><\/a><\/p>\n<\/div>","protected":false},"excerpt":{"rendered":"<p>K\u00e9t kark\u00f6t\u0151 p\u00e1roknak \u2013 fekete obszidi\u00e1n \u00e9s feh\u00e9r kvarc. Szimboliz\u00e1lja k\u00f6t\u0151d\u00e9s\u00e9t fekete-feh\u00e9r p\u00e1ros kark\u00f6t\u0151inkkel. T\u00f6k\u00e9letesek partnerek sz\u00e1m\u00e1ra, egys\u00e9get \u00e9s kontrasztot testes\u00edtenek meg, t\u00fckr\u00f6zve az \u00d6n egyedi kapcsolat\u00e1t.<\/p>\n<p>Tudjon meg t\u00f6bbet ezeknek a k\u00f6vek tulajdons\u00e1gair\u00f3l al\u00e1bb.<\/p>\n<p>V\u00e1lasszon kark\u00f6t\u0151t a csukl\u00f3 m\u00e9rete szerint.\u00a0<a href=\"https:\/\/trimakasi.eu\/hu\/hogyan-valasszuk-ki-a-karkoto-meretet\/\">A m\u00e9ret helyes meghat\u00e1roz\u00e1s\u00e1nak \u00fatmutat\u00f3ja itt tal\u00e1lhat\u00f3.<\/a><\/p>","protected":false},"featured_media":75851,"comment_status":"open","ping_status":"closed","template":"","meta":{"_acf_changed":false,"_themeisle_gutenberg_block_has_review":false},"product_brand":[],"product_cat":[1152,1064,553],"product_tag":[],"class_list":{"0":"post-75844","1":"product","2":"type-product","3":"status-publish","4":"has-post-thumbnail","6":"product_cat-couples-bracelets","7":"product_cat-mens-jewellery","8":"product_cat-womens-jewellery","10":"first","11":"instock","12":"taxable","13":"shipping-taxable","14":"purchasable","15":"product-type-variable","16":"has-default-attributes"},"acf":[],"_links":{"self":[{"href":"https:\/\/trimakasi.eu\/hu\/wp-json\/wp\/v2\/product\/75844","targetHints":{"allow":["GET"]}}],"collection":[{"href":"https:\/\/trimakasi.eu\/hu\/wp-json\/wp\/v2\/product"}],"about":[{"href":"https:\/\/trimakasi.eu\/hu\/wp-json\/wp\/v2\/types\/product"}],"replies":[{"embeddable":true,"href":"https:\/\/trimakasi.eu\/hu\/wp-json\/wp\/v2\/comments?post=75844"}],"wp:featuredmedia":[{"embeddable":true,"href":"https:\/\/trimakasi.eu\/hu\/wp-json\/wp\/v2\/media\/75851"}],"wp:attachment":[{"href":"https:\/\/trimakasi.eu\/hu\/wp-json\/wp\/v2\/media?parent=75844"}],"wp:term":[{"taxonomy":"product_brand","embeddable":true,"href":"https:\/\/trimakasi.eu\/hu\/wp-json\/wp\/v2\/product_brand?post=75844"},{"taxonomy":"product_cat","embeddable":true,"href":"https:\/\/trimakasi.eu\/hu\/wp-json\/wp\/v2\/product_cat?post=75844"},{"taxonomy":"product_tag","embeddable":true,"href":"https:\/\/trimakasi.eu\/hu\/wp-json\/wp\/v2\/product_tag?post=75844"}],"curies":[{"name":"wp","href":"https:\/\/api.w.org\/{rel}","templated":true}]}}