{"id":75818,"date":"2020-01-04T16:49:39","date_gmt":"2020-01-04T15:49:39","guid":{"rendered":"https:\/\/trimakasi.eu\/?post_type=product&#038;p=75818"},"modified":"2024-03-25T19:01:23","modified_gmt":"2024-03-25T18:01:23","slug":"karkotok-paroknak-fekete-obszidian","status":"publish","type":"product","link":"https:\/\/trimakasi.eu\/hu\/product\/bracelets-for-couples-black-obsidian\/","title":{"rendered":"Kark\u00f6t\u0151k p\u00e1roknak - Fekete Obszidi\u00e1n"},"content":{"rendered":"<h3>Fekete obszidi\u00e1n<\/h3>\n<p><span lang=\"en\" tabindex=\"0\">Az obszidi\u00e1n a term\u00e9szetes \u00fcveg k\u00fcl\u00f6nleges form\u00e1ja, amelyet a forr\u00f3 l\u00e1va gyors leh\u0171l\u00e9se hoz l\u00e9tre a f\u00f6ld felsz\u00edn\u00e9n. Az emberis\u00e9g a k\u0151korszak \u00f3ta haszn\u00e1lja, amikor a vad\u00e1szok a fegyvereik hegy\u00e9t az obszidi\u00e1n \u00e9les lemezeib\u0151l k\u00e9sz\u00edtett\u00e9k. Ez a k\u0151\u00a0<\/span><span lang=\"en\" tabindex=\"0\">az \u0151si azt\u00e9kok k\u00f6r\u00e9ben is k\u00f6zkedvelt volt, akik \u201eIsten k\u00f6v\u00e9nek\u201d nevezt\u00e9k. Ebb\u0151l a k\u0151b\u0151l k\u00e9sz\u00fclt szent t\u0151r\u00fck, amelyet az isteneknek val\u00f3 ember\u00e1ldozat h\u00edrhedt ritu\u00e1l\u00e9j\u00e1hoz haszn\u00e1ltak.<\/span><\/p>\n<p>Elem: <strong>T\u0171z<\/strong><\/p>\n<p>Csillagjegyek:\u00a0<strong>Nyilas, Skorpi\u00f3<\/strong><\/p>\n<p>A kark\u00f6t\u0151 a gy\u00f6k\u00e9rcsakr\u00e1t harmoniz\u00e1lja.<\/p>\n<h3 id=\"tw-target-text\" class=\"tw-data-text tw-ta tw-text-small\" dir=\"ltr\" data-placeholder=\"P\u0159eklad\">L\u00e1vak\u0151<\/h3>\n<p class=\"tw-data-text tw-ta tw-text-small\" dir=\"ltr\" data-placeholder=\"P\u0159eklad\"><span lang=\"en\" tabindex=\"0\">A l\u00e1vak\u0151 beceneve az \u201e\u00dajj\u00e1sz\u00fclet\u00e9s k\u00f6ve\u201d is, ugyanis abban seg\u00edti visel\u0151it, hogy azok megszabaduljanak a sz\u00fcks\u00e9gtelen \u00e9s eg\u00e9szs\u00e9gtelen \u00e9rzelmekt\u0151l. A l\u00e1vak\u0151 ment\u00e1lisan stabiliz\u00e1l, valamint seg\u00edt cs\u00f6kkenteni a haragot. A l\u00e1vak\u0151 f\u00f6ldel\u0151 hat\u00e1s\u00e1t p\u00e9ld\u00e1ul massz\u00e1zsra is haszn\u00e1lj\u00e1k.\u00a0<\/span><\/p>\n<p>Elem: <strong>T\u0171z, F\u00f6ld<\/strong><\/p>\n<p>Csillagjegyek: <strong>Minden csillagjegy sz\u00e1m\u00e1ra hasznos<\/strong><\/p>\n<p>A l\u00e1vak\u0151 harmoniz\u00e1lja a gy\u00f6k\u00e9rcsakr\u00e1t<\/p>\n<h3>Madagaszk\u00e1ri r\u00f3zsakvarc<\/h3>\n<div id=\"tw-ob\" class=\"tw-src-ltr\">\n<div class=\"oSioSc\">\n<div id=\"tw-target\">\n<div id=\"kAz1tf\" class=\"g9WsWb\">\n<div id=\"tw-target-text-container\" class=\"tw-ta-container tw-nfl\">\n<p id=\"tw-target-text\" class=\"tw-data-text tw-ta tw-text-small\" dir=\"ltr\" data-placeholder=\"Translation\"><span lang=\"en\" tabindex=\"0\">Ez a k\u0151 a szeretet, a sz\u00e9ps\u00e9g \u00e9s a j\u00f3 eg\u00e9szs\u00e9g szimb\u00f3luma. \u00d6nszeretetre, valamint t\u00fcrelemre tan\u00edt benn\u00fcnket a probl\u00e9m\u00e1k megold\u00e1s\u00e1ban, ezen fel\u00fcl er\u0151t ad megbocs\u00e1tani azoknak, akik megb\u00e1ntottak minket. \u00d6szt\u00f6nzi a fant\u00e1zi\u00e1t \u00e9s a kreat\u00edv gondolkod\u00e1st.<\/span><\/p>\n<\/div>\n<\/div>\n<\/div>\n<\/div>\n<\/div>\n<p id=\"tw-target-text\" class=\"tw-data-text tw-ta tw-text-small\" dir=\"ltr\" data-placeholder=\"Translation\"><span lang=\"en\" tabindex=\"0\">Elem:<strong> F\u00f6ld<\/strong><\/span><\/p>\n<p class=\"tw-data-text tw-ta tw-text-small\" dir=\"ltr\" data-placeholder=\"Translation\"><span lang=\"en\" tabindex=\"0\">Csillagjegyek: <strong>Oroszl\u00e1n, Skorpi\u00f3, Kos, R\u00e1k, Bika, Bak<\/strong><\/span><\/p>\n<p>A kark\u00f6t\u0151 a sz\u00edvcsakr\u00e1t harmoniz\u00e1lja.<\/p>\n<p><a href=\"https:\/\/trimakasi.eu\/wp-content\/uploads\/\u010dakra1.jpg\"><img loading=\"lazy\" decoding=\"async\" class=\"alignnone size-full wp-image-138513\" src=\"https:\/\/trimakasi.eu\/wp-content\/uploads\/\u010dakra1.jpg\" alt=\"Gy\u00f6k\u00e9rcsakra\" width=\"81\" height=\"88\" srcset=\"https:\/\/trimakasi.eu\/wp-content\/uploads\/\u010dakra1.jpg 81w, https:\/\/trimakasi.eu\/wp-content\/uploads\/\u010dakra1-11x12.jpg 11w\" sizes=\"auto, (max-width: 81px) 100vw, 81px\" \/><\/a><a href=\"https:\/\/trimakasi.eu\/wp-content\/uploads\/2020\/07\/\u010dakra4.jpg\"><img loading=\"lazy\" decoding=\"async\" class=\"alignnone size-full wp-image-83566\" src=\"https:\/\/trimakasi.eu\/wp-content\/uploads\/2020\/07\/\u010dakra4.jpg\" alt=\"Sz\u00edvcsakra\" width=\"79\" height=\"93\" srcset=\"https:\/\/trimakasi.eu\/wp-content\/uploads\/2020\/07\/\u010dakra4.jpg 79w, https:\/\/trimakasi.eu\/wp-content\/uploads\/2020\/07\/\u010dakra4-10x12.jpg 10w\" sizes=\"auto, (max-width: 79px) 100vw, 79px\" \/><\/a><\/p>\n<p><a href=\"https:\/\/trimakasi.eu\/hu\/videoblog\/\"><u>L\u00e1togassa meg videoblogunkat, hogy felfedezze a dr\u00e1gak\u00f6vek, \u00e1llat\u00f6v jelek, csakr\u00e1k \u00e9s m\u00e9g sok m\u00e1s k\u00f6z\u00f6tti \u00f6sszef\u00fcgg\u00e9seket.<\/u><\/a><\/p>","protected":false},"excerpt":{"rendered":"<p>Engedje \u00e1t mag\u00e1t a kifinomults\u00e1gnak Couples Black Obsidian kark\u00f6t\u0151inkkel. Sz\u00e1m\u00e1ra a kark\u00f6t\u0151t a r\u00f3zsakvarc eleganci\u00e1ja jellemzi, finom \u00f6sszetev\u0151kkel p\u00e1ros\u00edtva. Sz\u00e1m\u00e1ra a kark\u00f6t\u0151 a l\u00e1vak\u0151 erej\u00e9vel b\u00fcszk\u00e9lkedhet, amelyet robusztus fekete obszidi\u00e1n eg\u00e9sz\u00edt ki. Egy\u00fctt az egys\u00e9get \u00e9s az er\u0151t szimboliz\u00e1lj\u00e1k, t\u00f6k\u00e9letes a st\u00edlusban harm\u00f3ni\u00e1t keres\u0151 p\u00e1rok sz\u00e1m\u00e1ra. Tudjon meg t\u00f6bbet a k\u0151 tulajdons\u00e1gair\u00f3l al\u00e1bb.<\/p>\n<p>V\u00e1lasszon kark\u00f6t\u0151t a csukl\u00f3 m\u00e9rete szerint.\u00a0<a href=\"https:\/\/trimakasi.eu\/hu\/hogyan-valasszuk-ki-a-karkoto-meretet\/\">A m\u00e9ret helyes meghat\u00e1roz\u00e1s\u00e1nak \u00fatmutat\u00f3ja itt tal\u00e1lhat\u00f3.<\/a><\/p>","protected":false},"featured_media":75825,"comment_status":"open","ping_status":"closed","template":"","meta":{"_acf_changed":false,"_themeisle_gutenberg_block_has_review":false},"product_brand":[],"product_cat":[1152,1064,553],"product_tag":[],"class_list":{"0":"post-75818","1":"product","2":"type-product","3":"status-publish","4":"has-post-thumbnail","6":"product_cat-couples-bracelets","7":"product_cat-mens-jewellery","8":"product_cat-womens-jewellery","10":"first","11":"instock","12":"taxable","13":"shipping-taxable","14":"purchasable","15":"product-type-variable","16":"has-default-attributes"},"acf":[],"_links":{"self":[{"href":"https:\/\/trimakasi.eu\/hu\/wp-json\/wp\/v2\/product\/75818","targetHints":{"allow":["GET"]}}],"collection":[{"href":"https:\/\/trimakasi.eu\/hu\/wp-json\/wp\/v2\/product"}],"about":[{"href":"https:\/\/trimakasi.eu\/hu\/wp-json\/wp\/v2\/types\/product"}],"replies":[{"embeddable":true,"href":"https:\/\/trimakasi.eu\/hu\/wp-json\/wp\/v2\/comments?post=75818"}],"wp:featuredmedia":[{"embeddable":true,"href":"https:\/\/trimakasi.eu\/hu\/wp-json\/wp\/v2\/media\/75825"}],"wp:attachment":[{"href":"https:\/\/trimakasi.eu\/hu\/wp-json\/wp\/v2\/media?parent=75818"}],"wp:term":[{"taxonomy":"product_brand","embeddable":true,"href":"https:\/\/trimakasi.eu\/hu\/wp-json\/wp\/v2\/product_brand?post=75818"},{"taxonomy":"product_cat","embeddable":true,"href":"https:\/\/trimakasi.eu\/hu\/wp-json\/wp\/v2\/product_cat?post=75818"},{"taxonomy":"product_tag","embeddable":true,"href":"https:\/\/trimakasi.eu\/hu\/wp-json\/wp\/v2\/product_tag?post=75818"}],"curies":[{"name":"wp","href":"https:\/\/api.w.org\/{rel}","templated":true}]}}