{"id":75705,"date":"2019-12-15T14:14:49","date_gmt":"2019-12-15T13:14:49","guid":{"rendered":"https:\/\/trimakasi.eu\/?post_type=product&#038;p=75705"},"modified":"2025-06-28T20:24:18","modified_gmt":"2025-06-28T18:24:18","slug":"madagaszkar-rozsa-kvarc","status":"publish","type":"product","link":"https:\/\/trimakasi.eu\/hu\/product\/madagascar-rose-quartz\/","title":{"rendered":"Madagaszk\u00e1ri r\u00f3zsakvarc kark\u00f6t\u0151"},"content":{"rendered":"<h3>Madagaszk\u00e1r r\u00f3zsakvarc \u2013 el\u0151ny\u00f6k<\/h3>\n<p>Ez a k\u0151 a szeretet, a sz\u00e9ps\u00e9g \u00e9s a j\u00f3 eg\u00e9szs\u00e9g szimb\u00f3luma. \u00d6nszeretetre, valamint t\u00fcrelemre tan\u00edt benn\u00fcnket a probl\u00e9m\u00e1k megold\u00e1s\u00e1ban, ezen fel\u00fcl er\u0151t ad megbocs\u00e1tani azoknak, akik megb\u00e1ntottak minket. \u00d6szt\u00f6nzi a fant\u00e1zi\u00e1t \u00e9s a kreat\u00edv gondolkod\u00e1st.<\/p>\n<p>Elem:<strong> F\u00f6ld<\/strong><\/p>\n<p>Csillagjegyek:<strong> Oroszl\u00e1n, Skorpi\u00f3, Kos, R\u00e1k, Bika, Bak<\/strong><\/p>\n<p>A kark\u00f6t\u0151 a sz\u00edvcsakr\u00e1t harmoniz\u00e1lja:<\/p>\n<p><a href=\"https:\/\/trimakasi.eu\/wp-content\/uploads\/2020\/07\/\u010dakra4.jpg\"><img loading=\"lazy\" decoding=\"async\" class=\"alignnone size-full wp-image-83566\" src=\"https:\/\/trimakasi.eu\/wp-content\/uploads\/2020\/07\/\u010dakra4.jpg\" alt=\"Sz\u00edvcsakra\" width=\"79\" height=\"93\" srcset=\"https:\/\/trimakasi.eu\/wp-content\/uploads\/2020\/07\/\u010dakra4.jpg 79w, https:\/\/trimakasi.eu\/wp-content\/uploads\/2020\/07\/\u010dakra4-10x12.jpg 10w\" sizes=\"auto, (max-width: 79px) 100vw, 79px\" \/><\/a><\/p>\n<p><a href=\"https:\/\/trimakasi.eu\/hu\/videoblog\/\"><u>L\u00e1togassa meg videoblogunkat, hogy felfedezze a dr\u00e1gak\u00f6vek, \u00e1llat\u00f6v jelek, csakr\u00e1k \u00e9s m\u00e9g sok m\u00e1s k\u00f6z\u00f6tti \u00f6sszef\u00fcgg\u00e9seket.<\/u><\/a><\/p>","protected":false},"excerpt":{"rendered":"<p>Kifinomult, rugalmas kark\u00f6t\u0151 pr\u00e9mium min\u0151s\u00e9g\u0171 madagaszk\u00e1ri r\u00f3zsakvarcb\u00f3l \u2013 a legjobb el\u00e9rhet\u0151 r\u00f3zsakvarc. L\u00e1gy r\u00f3zsasz\u00edn \u00e1rnyalata \u00e9s term\u00e9szetes ragyog\u00e1sa az \u00f6r\u00f6k szerelem, harm\u00f3nia \u00e9s elegancia szimb\u00f3luma.<\/p>\n<p>V\u00e1lasszon kark\u00f6t\u0151t annak m\u00e9rete \u00e9s az utols\u00f3 gy\u00f6ngy sz\u00edne szerint. <a href=\"https:\/\/trimakasi.eu\/hu\/hogyan-valasszuk-ki-a-karkoto-meretet\/\">A m\u00e9ret helyes meghat\u00e1roz\u00e1s\u00e1nak \u00fatmutat\u00f3ja itt tal\u00e1lhat\u00f3.<\/a><\/p>","protected":false},"featured_media":104871,"comment_status":"open","ping_status":"closed","template":"","meta":{"_acf_changed":false,"_themeisle_gutenberg_block_has_review":false},"product_brand":[],"product_cat":[1687,554,553],"product_tag":[],"class_list":{"0":"post-75705","1":"product","2":"type-product","3":"status-publish","4":"has-post-thumbnail","6":"product_cat-elastic-bracelets","7":"product_cat-natural-gemstone-bracelets","8":"product_cat-womens-jewellery","10":"first","11":"instock","12":"taxable","13":"shipping-taxable","14":"purchasable","15":"product-type-variable","16":"has-default-attributes"},"acf":[],"_links":{"self":[{"href":"https:\/\/trimakasi.eu\/hu\/wp-json\/wp\/v2\/product\/75705","targetHints":{"allow":["GET"]}}],"collection":[{"href":"https:\/\/trimakasi.eu\/hu\/wp-json\/wp\/v2\/product"}],"about":[{"href":"https:\/\/trimakasi.eu\/hu\/wp-json\/wp\/v2\/types\/product"}],"replies":[{"embeddable":true,"href":"https:\/\/trimakasi.eu\/hu\/wp-json\/wp\/v2\/comments?post=75705"}],"wp:featuredmedia":[{"embeddable":true,"href":"https:\/\/trimakasi.eu\/hu\/wp-json\/wp\/v2\/media\/104871"}],"wp:attachment":[{"href":"https:\/\/trimakasi.eu\/hu\/wp-json\/wp\/v2\/media?parent=75705"}],"wp:term":[{"taxonomy":"product_brand","embeddable":true,"href":"https:\/\/trimakasi.eu\/hu\/wp-json\/wp\/v2\/product_brand?post=75705"},{"taxonomy":"product_cat","embeddable":true,"href":"https:\/\/trimakasi.eu\/hu\/wp-json\/wp\/v2\/product_cat?post=75705"},{"taxonomy":"product_tag","embeddable":true,"href":"https:\/\/trimakasi.eu\/hu\/wp-json\/wp\/v2\/product_tag?post=75705"}],"curies":[{"name":"wp","href":"https:\/\/api.w.org\/{rel}","templated":true}]}}