{"id":75669,"date":"2022-12-15T10:32:21","date_gmt":"2022-12-15T09:32:21","guid":{"rendered":"https:\/\/trimakasi.eu\/?post_type=product&#038;p=75669"},"modified":"2025-07-14T22:51:04","modified_gmt":"2025-07-14T20:51:04","slug":"solyomszemu","status":"publish","type":"product","link":"https:\/\/trimakasi.eu\/hu\/product\/hawks-eye\/","title":{"rendered":"S\u00f3lyomszem kark\u00f6t\u0151"},"content":{"rendered":"<h3>S\u00f3lyomszem \u2013 el\u0151ny\u00f6k<\/h3>\n<p>A s\u00f3lyomszem hasonl\u00f3 a tigrisszemhez, azonban ritk\u00e1bb. Seg\u00edts\u00e9g\u00e9re lehet abban, hogy elmer\u00fclj\u00f6n tudatalattija bugyraiba \u00e9s megl\u00e1ssa azt, ami els\u0151 pillant\u00e1sra nem biztos, hogy nyilv\u00e1nval\u00f3.<\/p>\n<p>A s\u00f3lyomszem v\u00e9d a r\u00e9m\u00e1lmokt\u00f3l, a gonosz sz\u00e1nd\u00e9kt\u00f3l \u00e9s mindenekel\u0151tt a f\u00e9lt\u00e9kenys\u00e9gt\u0151l. A s\u00f3lyomszem energi\u00e1ja seg\u00edt a f\u00e1radts\u00e1g megsz\u00fcntet\u00e9s\u00e9ben \u00e9s a depresszi\u00f3 t\u00fcneteinek enyh\u00edt\u00e9s\u00e9ben. Ez a dr\u00e1gak\u0151 arra is \u00f6szt\u00f6n\u00f6zheti \u00d6nt, hogy l\u00e9pjen ki a komfortz\u00f3n\u00e1j\u00e1b\u00f3l \u00e9s felfedezze rejtett k\u00e9pess\u00e9geit vagy adotts\u00e1gait.<\/p>\n<p>Elem: <strong>F\u00f6ld, Leveg\u0151<\/strong><\/p>\n<p>Csillagjegyek: <strong>Bak, Nyilas, Bika<\/strong><\/p>\n<p>A kark\u00f6t\u0151 harmoniz\u00e1lja a torokcsakr\u00e1t \u00e9s a harmadik szem csakr\u00e1t<\/p>\n<p><a href=\"https:\/\/trimakasi.eu\/wp-content\/uploads\/\u010dakra5.jpg\"><img loading=\"lazy\" decoding=\"async\" class=\"alignnone size-full wp-image-138515\" src=\"https:\/\/trimakasi.eu\/wp-content\/uploads\/\u010dakra5.jpg\" alt=\"Torokcsakra\" width=\"81\" height=\"87\" srcset=\"https:\/\/trimakasi.eu\/wp-content\/uploads\/\u010dakra5.jpg 81w, https:\/\/trimakasi.eu\/wp-content\/uploads\/\u010dakra5-11x12.jpg 11w\" sizes=\"auto, (max-width: 81px) 100vw, 81px\" \/><\/a><a href=\"https:\/\/trimakasi.eu\/wp-content\/uploads\/\u010dakra6.jpg\"><img loading=\"lazy\" decoding=\"async\" class=\"alignnone size-full wp-image-138516\" src=\"https:\/\/trimakasi.eu\/wp-content\/uploads\/\u010dakra6.jpg\" alt=\"Harmadik szem csakra:\" width=\"103\" height=\"98\" srcset=\"https:\/\/trimakasi.eu\/wp-content\/uploads\/\u010dakra6.jpg 103w, https:\/\/trimakasi.eu\/wp-content\/uploads\/\u010dakra6-13x12.jpg 13w\" sizes=\"auto, (max-width: 103px) 100vw, 103px\" \/><\/a><\/p>\n<p><a href=\"https:\/\/trimakasi.eu\/hu\/videoblog\/\"><u>L\u00e1togassa meg videoblogunkat, hogy felfedezze a dr\u00e1gak\u00f6vek, \u00e1llat\u00f6v jelek, csakr\u00e1k \u00e9s m\u00e9g sok m\u00e1s k\u00f6z\u00f6tti \u00f6sszef\u00fcgg\u00e9seket.<\/u><\/a><\/p>","protected":false},"excerpt":{"rendered":"<p id=\"tw-target-text\" class=\"tw-data-text tw-text-large tw-ta\" dir=\"ltr\" data-placeholder=\"P\u0159eklad\">Term\u00e9szetes s\u00f3lyomszem dr\u00e1gak\u0151, m\u00e9lyk\u00e9k sz\u00edn\u0171 var\u00e1zslatos visszaver\u0151d\u00e9sekkel. Ide\u00e1lis v\u00e1laszt\u00e1s azok sz\u00e1m\u00e1ra, akik az eredetis\u00e9gre v\u00e1gynak. S\u00f3lyomszem = a Tigrisszem k\u00e9k testv\u00e9re.<\/p>\n<p>V\u00e1lasszon kark\u00f6t\u0151t annak m\u00e9rete \u00e9s az utols\u00f3 gy\u00f6ngy sz\u00edne szerint. <a href=\"https:\/\/trimakasi.eu\/hu\/hogyan-valasszuk-ki-a-karkoto-meretet\/\">A m\u00e9ret helyes meghat\u00e1roz\u00e1s\u00e1nak \u00fatmutat\u00f3ja itt tal\u00e1lhat\u00f3.<\/a><\/p>","protected":false},"featured_media":123929,"comment_status":"open","ping_status":"closed","template":"","meta":{"_acf_changed":false,"_themeisle_gutenberg_block_has_review":false},"product_brand":[],"product_cat":[1687,1064,554,1068,553],"product_tag":[],"class_list":{"0":"post-75669","1":"product","2":"type-product","3":"status-publish","4":"has-post-thumbnail","6":"product_cat-elastic-bracelets","7":"product_cat-mens-jewellery","8":"product_cat-natural-gemstone-bracelets","9":"product_cat-natural-gemstone-bracelets-for-men","10":"product_cat-womens-jewellery","12":"first","13":"instock","14":"taxable","15":"shipping-taxable","16":"purchasable","17":"product-type-variable","18":"has-default-attributes"},"acf":[],"_links":{"self":[{"href":"https:\/\/trimakasi.eu\/hu\/wp-json\/wp\/v2\/product\/75669","targetHints":{"allow":["GET"]}}],"collection":[{"href":"https:\/\/trimakasi.eu\/hu\/wp-json\/wp\/v2\/product"}],"about":[{"href":"https:\/\/trimakasi.eu\/hu\/wp-json\/wp\/v2\/types\/product"}],"replies":[{"embeddable":true,"href":"https:\/\/trimakasi.eu\/hu\/wp-json\/wp\/v2\/comments?post=75669"}],"wp:featuredmedia":[{"embeddable":true,"href":"https:\/\/trimakasi.eu\/hu\/wp-json\/wp\/v2\/media\/123929"}],"wp:attachment":[{"href":"https:\/\/trimakasi.eu\/hu\/wp-json\/wp\/v2\/media?parent=75669"}],"wp:term":[{"taxonomy":"product_brand","embeddable":true,"href":"https:\/\/trimakasi.eu\/hu\/wp-json\/wp\/v2\/product_brand?post=75669"},{"taxonomy":"product_cat","embeddable":true,"href":"https:\/\/trimakasi.eu\/hu\/wp-json\/wp\/v2\/product_cat?post=75669"},{"taxonomy":"product_tag","embeddable":true,"href":"https:\/\/trimakasi.eu\/hu\/wp-json\/wp\/v2\/product_tag?post=75669"}],"curies":[{"name":"wp","href":"https:\/\/api.w.org\/{rel}","templated":true}]}}