{"id":75496,"date":"2023-12-16T23:17:41","date_gmt":"2023-12-16T22:17:41","guid":{"rendered":"https:\/\/trimakasi.eu\/?post_type=product&#038;p=75496"},"modified":"2026-01-15T11:34:59","modified_gmt":"2026-01-15T10:34:59","slug":"meadow-noi-karkoto","status":"publish","type":"product","link":"https:\/\/trimakasi.eu\/hu\/product\/meadow-womens-bracelet\/","title":{"rendered":"N\u0151i kark\u00f6t\u0151 Meadow"},"content":{"rendered":"<h3>Rozsdamentes ac\u00e9l<\/h3>\n<p>Kem\u00e9nys\u00e9ge \u00e9s tart\u00f3ss\u00e1ga miatt a rozsdamentes ac\u00e9l kiv\u00e1l\u00f3 f\u00e9m az \u00e9kszerekhez.<\/p>\n<h3><a href=\"https:\/\/trimakasi.eu\/hu\/product\/madagaszkar-rozsa-kvarc\/\"><u>Madagaszk\u00e1ri r\u00f3zsakvarc<\/u><\/a><\/h3>\n<p>Ez a k\u0151 a szeretet, a sz\u00e9ps\u00e9g \u00e9s a j\u00f3 eg\u00e9szs\u00e9g szimb\u00f3luma. \u00d6nszeretetre, valamint t\u00fcrelemre tan\u00edt benn\u00fcnket a probl\u00e9m\u00e1k megold\u00e1s\u00e1ban, er\u0151t ad megbocs\u00e1tani azoknak, akik megb\u00e1ntottak minket. \u00d6szt\u00f6nzi a fant\u00e1zi\u00e1t \u00e9s a kreat\u00edv gondolkod\u00e1st.<\/p>\n<h3><a href=\"https:\/\/trimakasi.eu\/hu\/product\/citrin\/\"><u>Citrin<\/u><\/a><\/h3>\n<p>A citrin rezon\u00e1l a nap energi\u00e1j\u00e1nak rezg\u00e9s\u00e9vel, \u00e9s seg\u00edti az embereket a depresszi\u00f3, a f\u00e9lelmek \u00e9s a f\u00f3bi\u00e1k lek\u00fczd\u00e9s\u00e9ben. Ez az \u00e1sv\u00e1nyi anyag felmeleg\u00edti a sz\u00edvet, ugyanakkor \u00f6szt\u00f6nzi a kreat\u00edv gondolkod\u00e1st \u00e9s mindenekel\u0151tt az emberi akarater\u0151t. Energi\u00e1t szolg\u00e1ltat az \u00e9let minden szintj\u00e9n.<\/p>\n<h3>Repedt krist\u00e1ly kvarc<\/h3>\n<p>V\u00e9di a l\u00e9lek tisztas\u00e1g\u00e1t, jav\u00edtja a koncentr\u00e1ci\u00f3t, v\u00e9d a negativit\u00e1s ellen, medit\u00e1ci\u00f3ra \u00e9s az \u00e1ltal\u00e1nos ment\u00e1lis er\u0151 n\u00f6vel\u00e9s\u00e9re egyar\u00e1nt alkalmas. H\u0151kezel\u00e9s hat\u00e1s\u00e1ra megrepedt term\u00e9szetes krist\u00e1ly kvarc.<\/p>\n<h3>M\u00e9z sz\u00edn\u0171 j\u00e1de<\/h3>\n<p>Kiegyens\u00falyozza az \u00e9rzelmeket, helyre\u00e1ll\u00edtja a harm\u00f3ni\u00e1t, vonzza a j\u00f3l\u00e9tet \u00e9s eloszlatja a negativit\u00e1st. A primit\u00edv t\u00f6rzsek szent k\u0151k\u00e9nt haszn\u00e1lt\u00e1k, hogy el\u0151seg\u00edts\u00e9k a spiritu\u00e1lis vil\u00e1g el\u00e9r\u00e9s\u00e9t.<\/p>\n<h3><a href=\"https:\/\/trimakasi.eu\/hu\/product\/holdko\/\"><u>Holdk\u0151<\/u><\/a><\/h3>\n<p>A holdk\u0151 harmoniz\u00e1lja az \u00e9rzelmeket az emberi tudatalatti szintj\u00e9n, jelent\u0151sen er\u0151s\u00edti az intu\u00edci\u00f3t \u00e9s seg\u00edt meghallani a bels\u0151 hangot. Az \u00e9rzelmek m\u00e9ly harmoniz\u00e1ci\u00f3ja er\u0151s gy\u00f3gy\u00edt\u00f3 hat\u00e1ssal van az emberi elm\u00e9re \u00e9s testre, mivel ahelyett, hogy elnyomn\u00e1 a tudatalattink szintj\u00e9n elakadt \u00e9rzelmeket, seg\u00edt kifejezni azokat. A holdk\u0151 elnyomja a magas munkak\u00f6telezetts\u00e9ggel j\u00e1r\u00f3 stresszt is.<\/p>\n<p>Elem:<strong> F\u00f6ld, T\u0171z, V\u00edz, Leveg\u0151<\/strong><\/p>\n<p>Csillagjegy: <strong>B\u00e1rmely jelre alkalmas.<\/strong><\/p>\n<p>A kark\u00f6t\u0151 harmoniz\u00e1lja a sz\u00edvcsakr\u00e1t, a torokcsakr\u00e1t, a homlokcsakr\u00e1t \u00e9s a koronacsakr\u00e1t.<\/p>\n<p><img loading=\"lazy\" decoding=\"async\" class=\"alignnone wp-image-72745\" style=\"color: #333333;\" src=\"https:\/\/trimakasi.cz\/wp-content\/uploads\/2018\/07\/\u010dakra3.jpg\" alt=\"Solar plexus \u010dakra\" width=\"70\" height=\"78\" \/><img loading=\"lazy\" decoding=\"async\" class=\"alignnone wp-image-72746\" src=\"https:\/\/trimakasi.cz\/wp-content\/uploads\/2018\/07\/\u010dakra4.jpg\" alt=\"Srde\u010dn\u00ed \u010dakra\" width=\"71\" height=\"84\" \/><a href=\"https:\/\/trimakasi.eu\/wp-content\/uploads\/\u010dakra5.jpg\"><img loading=\"lazy\" decoding=\"async\" class=\"alignnone wp-image-138515\" src=\"https:\/\/trimakasi.eu\/wp-content\/uploads\/\u010dakra5.jpg\" alt=\"Torokcsakra\" width=\"73\" height=\"78\" srcset=\"https:\/\/trimakasi.eu\/wp-content\/uploads\/\u010dakra5.jpg 81w, https:\/\/trimakasi.eu\/wp-content\/uploads\/\u010dakra5-11x12.jpg 11w\" sizes=\"auto, (max-width: 73px) 100vw, 73px\" \/><\/a><img loading=\"lazy\" decoding=\"async\" class=\"alignnone wp-image-72749 lazyloaded\" src=\"https:\/\/trimakasi.cz\/wp-content\/uploads\/2018\/07\/%C4%8Dakra7.jpg\" alt=\"Korunn\u00ed \u010dakra\" width=\"68\" height=\"75\" data-lazy-src=\"https:\/\/trimakasi.cz\/wp-content\/uploads\/2018\/07\/\u010dakra7.jpg\" data-was-processed=\"true\" \/><\/p>\n<p><a href=\"https:\/\/trimakasi.eu\/hu\/videoblog\/\"><u>L\u00e1togassa meg videoblogunkat, hogy felfedezze a dr\u00e1gak\u00f6vek, \u00e1llat\u00f6v jelek, csakr\u00e1k \u00e9s m\u00e9g sok m\u00e1s k\u00f6z\u00f6tti \u00f6sszef\u00fcgg\u00e9seket.<\/u><\/a><\/p>","protected":false},"excerpt":{"rendered":"<p id=\"tw-target-text\" class=\"tw-data-text tw-text-large tw-ta\" dir=\"ltr\" data-placeholder=\"P\u0159eklad\">A vir\u00e1gz\u00f3 vir\u00e1gokkal teli tavaszi r\u00e9tet jelk\u00e9pez\u0151 kark\u00f6t\u0151 energi\u00e1t \u00e9s \u00f6r\u00f6met hoz az \u00e9let\u00e9be. Kiv\u00e1l\u00f3 min\u0151s\u00e9g\u0171 rozsdamentes ac\u00e9l term\u00e9szetes dr\u00e1gak\u00f6vekkel kombin\u00e1lva. .<\/p>\n<p>V\u00e1lasszon kark\u00f6t\u0151t m\u00e9ret szerint.\u00a0<a href=\"https:\/\/trimakasi.eu\/hu\/hogyan-valasszuk-ki-a-karkoto-meretet\/\">A m\u00e9ret helyes meghat\u00e1roz\u00e1s\u00e1nak \u00fatmutat\u00f3ja itt tal\u00e1lhat\u00f3.<\/a>\u00a0F\u00e9ny\u0171z\u0151 fekete d\u00edszdoboz ingyen!<\/p>","protected":false},"featured_media":163053,"comment_status":"open","ping_status":"closed","template":"","meta":{"_acf_changed":false,"_themeisle_gutenberg_block_has_review":false},"product_brand":[],"product_cat":[1687,568,553],"product_tag":[],"class_list":{"0":"post-75496","1":"product","2":"type-product","3":"status-publish","4":"has-post-thumbnail","6":"product_cat-elastic-bracelets","7":"product_cat-premium-bracelets-for-women","8":"product_cat-womens-jewellery","10":"first","11":"instock","12":"taxable","13":"shipping-taxable","14":"purchasable","15":"product-type-variable","16":"has-default-attributes"},"acf":[],"_links":{"self":[{"href":"https:\/\/trimakasi.eu\/hu\/wp-json\/wp\/v2\/product\/75496","targetHints":{"allow":["GET"]}}],"collection":[{"href":"https:\/\/trimakasi.eu\/hu\/wp-json\/wp\/v2\/product"}],"about":[{"href":"https:\/\/trimakasi.eu\/hu\/wp-json\/wp\/v2\/types\/product"}],"replies":[{"embeddable":true,"href":"https:\/\/trimakasi.eu\/hu\/wp-json\/wp\/v2\/comments?post=75496"}],"wp:featuredmedia":[{"embeddable":true,"href":"https:\/\/trimakasi.eu\/hu\/wp-json\/wp\/v2\/media\/163053"}],"wp:attachment":[{"href":"https:\/\/trimakasi.eu\/hu\/wp-json\/wp\/v2\/media?parent=75496"}],"wp:term":[{"taxonomy":"product_brand","embeddable":true,"href":"https:\/\/trimakasi.eu\/hu\/wp-json\/wp\/v2\/product_brand?post=75496"},{"taxonomy":"product_cat","embeddable":true,"href":"https:\/\/trimakasi.eu\/hu\/wp-json\/wp\/v2\/product_cat?post=75496"},{"taxonomy":"product_tag","embeddable":true,"href":"https:\/\/trimakasi.eu\/hu\/wp-json\/wp\/v2\/product_tag?post=75496"}],"curies":[{"name":"wp","href":"https:\/\/api.w.org\/{rel}","templated":true}]}}