{"id":75459,"date":"2019-11-16T11:18:54","date_gmt":"2019-11-16T10:18:54","guid":{"rendered":"https:\/\/trimakasi.eu\/?post_type=product&#038;p=75459"},"modified":"2024-06-28T22:16:48","modified_gmt":"2024-06-28T20:16:48","slug":"sunshine-women-karkoto","status":"publish","type":"product","link":"https:\/\/trimakasi.eu\/hu\/product\/sunshine-womens-bracelet\/","title":{"rendered":"N\u0151i kark\u00f6t\u0151 Sunshine"},"content":{"rendered":"<h3>Rozsdamentes ac\u00e9l val\u00f3di r\u00f3zsaarany PVD bevonattal<\/h3>\n<p>Kem\u00e9nys\u00e9ge \u00e9s tart\u00f3ss\u00e1ga miatt a rozsdamentes ac\u00e9l kiv\u00e1l\u00f3 f\u00e9m az \u00e9kszerekhez.<\/p>\n<p>A PVD bevonat nagyszer\u0171 megold\u00e1s a kark\u00f6t\u0151k sz\u00e1m\u00e1ra, mivel ellen\u00e1ll a kop\u00e1snak, a h\u0151m\u00e9rs\u00e9klet ingadoz\u00e1sainak \u00e9s a korr\u00f3zi\u00f3nak.<\/p>\n<h3>Napk\u0151<\/h3>\n<p>Ennek a f\u00e9ldr\u00e1gak\u0151nek a rezg\u00e9sei hordozz\u00e1k R\u00e9 nev\u0171 egyiptomi napisten er\u0151s \u00e9s kreat\u00edv energi\u00e1j\u00e1t. Ez az er\u0151s energia meg\u00faj\u00edtja az \u00e9let\u00f6r\u00f6m\u00f6t, a j\u00f3 hangulatot \u00e9s a pozitivit\u00e1st az emberekben.<\/p>\n<p>A napk\u0151 a vezet\u0151 szerep, a karizma, a szabads\u00e1g \u00e9s a kit\u00e1gult tudat szimb\u00f3luma. K\u00e9pes f\u00e9nyt hozni \u00e9let\u00fcnk azon ter\u00fcleteire, amelyekre figyelmet kell ford\u00edtanunk. Ez a k\u0151 seg\u00edthet eloszlatni a f\u00e9lelmet, a stresszt \u00e9s az \u00f6sszes negat\u00edv rezg\u00e9st.<\/p>\n<p>Elem: <strong>T\u0171z<\/strong><\/p>\n<p>Csillagjegyek: <strong>Oroszl\u00e1n, Kos, M\u00e9rleg, Bak<\/strong><\/p>\n<p>A napk\u0151 harmoniz\u00e1lja a szakr\u00e1lis csakr\u00e1t \u00e9s a napfonat csakr\u00e1t.<\/p>\n<p><a href=\"https:\/\/trimakasi.eu\/wp-content\/uploads\/\u010dakra2.jpg\"><img loading=\"lazy\" decoding=\"async\" class=\"alignnone size-full wp-image-138514\" src=\"https:\/\/trimakasi.eu\/wp-content\/uploads\/\u010dakra2.jpg\" alt=\"Szakr\u00e1lis csakra\" width=\"76\" height=\"96\" srcset=\"https:\/\/trimakasi.eu\/wp-content\/uploads\/\u010dakra2.jpg 76w, https:\/\/trimakasi.eu\/wp-content\/uploads\/\u010dakra2-10x12.jpg 10w\" sizes=\"auto, (max-width: 76px) 100vw, 76px\" \/><\/a><a href=\"https:\/\/trimakasi.eu\/wp-content\/uploads\/2020\/07\/\u010dakra3.jpg\"><img loading=\"lazy\" decoding=\"async\" class=\"alignnone size-full wp-image-83567\" src=\"https:\/\/trimakasi.eu\/wp-content\/uploads\/2020\/07\/\u010dakra3.jpg\" alt=\"Napplexus csakra\" width=\"77\" height=\"86\" srcset=\"https:\/\/trimakasi.eu\/wp-content\/uploads\/2020\/07\/\u010dakra3.jpg 77w, https:\/\/trimakasi.eu\/wp-content\/uploads\/2020\/07\/\u010dakra3-11x12.jpg 11w\" sizes=\"auto, (max-width: 77px) 100vw, 77px\" \/><\/a><\/p>\n<p><a href=\"https:\/\/trimakasi.eu\/hu\/videoblog\/\"><u>L\u00e1togassa meg videoblogunkat, hogy felfedezze a dr\u00e1gak\u00f6vek, \u00e1llat\u00f6v jelek, csakr\u00e1k \u00e9s m\u00e9g sok m\u00e1s k\u00f6z\u00f6tti \u00f6sszef\u00fcgg\u00e9seket.<\/u><\/a><\/p>","protected":false},"excerpt":{"rendered":"<p id=\"tw-target-text\" class=\"tw-data-text tw-text-large tw-ta\" dir=\"ltr\" data-placeholder=\"P\u0159eklad\">Ez a kark\u00f6t\u0151 napk\u0151b\u0151l, egy olyan dr\u00e1gak\u0151b\u0151l k\u00e9sz\u00fcl, amelyet mindig is a nap energi\u00e1j\u00e1hoz t\u00e1rs\u00edtottak. Kiv\u00e1l\u00f3 min\u0151s\u00e9g\u0171 rozsdamentes ac\u00e9l, nagyon tart\u00f3s val\u00f3di arany PVD bevonattal.<\/p>\n<p>V\u00e1lasszon kark\u00f6t\u0151t m\u00e9ret szerint.\u00a0<a href=\"https:\/\/trimakasi.eu\/hu\/hogyan-valasszuk-ki-a-karkoto-meretet\/\">A m\u00e9ret helyes meghat\u00e1roz\u00e1s\u00e1nak \u00fatmutat\u00f3ja itt tal\u00e1lhat\u00f3.<\/a>\u00a0F\u00e9ny\u0171z\u0151 fekete d\u00edszdoboz ingyen!<\/p>","protected":false},"featured_media":75567,"comment_status":"open","ping_status":"closed","template":"","meta":{"_acf_changed":false,"_themeisle_gutenberg_block_has_review":false},"product_brand":[],"product_cat":[1687,568,553],"product_tag":[],"class_list":{"0":"post-75459","1":"product","2":"type-product","3":"status-publish","4":"has-post-thumbnail","6":"product_cat-elastic-bracelets","7":"product_cat-premium-bracelets-for-women","8":"product_cat-womens-jewellery","10":"first","11":"instock","12":"taxable","13":"shipping-taxable","14":"purchasable","15":"product-type-variable","16":"has-default-attributes"},"acf":[],"_links":{"self":[{"href":"https:\/\/trimakasi.eu\/hu\/wp-json\/wp\/v2\/product\/75459","targetHints":{"allow":["GET"]}}],"collection":[{"href":"https:\/\/trimakasi.eu\/hu\/wp-json\/wp\/v2\/product"}],"about":[{"href":"https:\/\/trimakasi.eu\/hu\/wp-json\/wp\/v2\/types\/product"}],"replies":[{"embeddable":true,"href":"https:\/\/trimakasi.eu\/hu\/wp-json\/wp\/v2\/comments?post=75459"}],"wp:featuredmedia":[{"embeddable":true,"href":"https:\/\/trimakasi.eu\/hu\/wp-json\/wp\/v2\/media\/75567"}],"wp:attachment":[{"href":"https:\/\/trimakasi.eu\/hu\/wp-json\/wp\/v2\/media?parent=75459"}],"wp:term":[{"taxonomy":"product_brand","embeddable":true,"href":"https:\/\/trimakasi.eu\/hu\/wp-json\/wp\/v2\/product_brand?post=75459"},{"taxonomy":"product_cat","embeddable":true,"href":"https:\/\/trimakasi.eu\/hu\/wp-json\/wp\/v2\/product_cat?post=75459"},{"taxonomy":"product_tag","embeddable":true,"href":"https:\/\/trimakasi.eu\/hu\/wp-json\/wp\/v2\/product_tag?post=75459"}],"curies":[{"name":"wp","href":"https:\/\/api.w.org\/{rel}","templated":true}]}}