{"id":75444,"date":"2019-11-16T10:55:20","date_gmt":"2019-11-16T09:55:20","guid":{"rendered":"https:\/\/trimakasi.eu\/?post_type=product&#038;p=75444"},"modified":"2024-12-10T23:45:11","modified_gmt":"2024-12-10T22:45:11","slug":"gris-women-karkoto","status":"publish","type":"product","link":"https:\/\/trimakasi.eu\/hu\/product\/gris-womens-bracelet\/","title":{"rendered":"N\u0151i kark\u00f6t\u0151 Gris"},"content":{"rendered":"<h3>Rozsdamentes ac\u00e9l<\/h3>\n<div>Kem\u00e9nys\u00e9ge \u00e9s tart\u00f3ss\u00e1ga miatt a rozsdamentes ac\u00e9l kiv\u00e1l\u00f3 f\u00e9m az \u00e9kszerekhez.<\/div>\n<h3><span style=\"font-size: 20.16px;\">Ach\u00e1t j\u00e1spis<\/span><\/h3>\n<div>\n<p>Ez a k\u0151 term\u00e9szetes megjelen\u00e9se \u00e9s az ach\u00e1t text\u00far\u00e1ja miatt \u00e9rt\u00e9kelt.<\/p>\n<p>Elem: <strong>F\u00f6ld<\/strong><\/p>\n<p>Csillagjegyek: <strong>Kos \u00e9s Skorpi\u00f3<\/strong><\/p>\n<p>A kark\u00f6t\u0151 a gy\u00f6k\u00e9rcsakr\u00e1t harmoniz\u00e1lja<\/p>\n<p><a href=\"https:\/\/trimakasi.eu\/wp-content\/uploads\/\u010dakra1.jpg\"><img loading=\"lazy\" decoding=\"async\" class=\"alignnone size-full wp-image-138513\" src=\"https:\/\/trimakasi.eu\/wp-content\/uploads\/\u010dakra1.jpg\" alt=\"Gy\u00f6k\u00e9rcsakra\" width=\"81\" height=\"88\" srcset=\"https:\/\/trimakasi.eu\/wp-content\/uploads\/\u010dakra1.jpg 81w, https:\/\/trimakasi.eu\/wp-content\/uploads\/\u010dakra1-11x12.jpg 11w\" sizes=\"auto, (max-width: 81px) 100vw, 81px\" \/><\/a><\/p>\n<p><a href=\"https:\/\/trimakasi.eu\/hu\/videoblog\/\"><u>L\u00e1togassa meg videoblogunkat, hogy felfedezze a dr\u00e1gak\u00f6vek, \u00e1llat\u00f6v jelek, csakr\u00e1k \u00e9s m\u00e9g sok m\u00e1s k\u00f6z\u00f6tti \u00f6sszef\u00fcgg\u00e9seket.<\/u><\/a><\/p>\n<\/div>","protected":false},"excerpt":{"rendered":"<p id=\"tw-target-text\" class=\"tw-data-text tw-text-large tw-ta\" dir=\"ltr\" data-placeholder=\"P\u0159eklad\"><span lang=\"en\" tabindex=\"0\">A sz\u00fcrke a f\u00e9ny \u00e9s a s\u00f6t\u00e9ts\u00e9g kever\u00e9k\u00e9t k\u00e9pezi. A t\u00f6k\u00e9letes semlegess\u00e9g \u00e9s a kompromisszumk\u00e9szs\u00e9g sz\u00edne. Kiv\u00e1l\u00f3 min\u0151s\u00e9g\u0171 rozsdamentes ac\u00e9l r\u00e9szek.<\/span><\/p>\n<p>V\u00e1lasszon kark\u00f6t\u0151t m\u00e9ret szerint.\u00a0<a href=\"https:\/\/trimakasi.eu\/hu\/hogyan-valasszuk-ki-a-karkoto-meretet\/\">A m\u00e9ret helyes meghat\u00e1roz\u00e1s\u00e1nak \u00fatmutat\u00f3ja itt tal\u00e1lhat\u00f3.<\/a>\u00a0F\u00e9ny\u0171z\u0151 fekete d\u00edszdoboz ingyen!<\/p>","protected":false},"featured_media":75557,"comment_status":"open","ping_status":"closed","template":"","meta":{"_acf_changed":false,"_themeisle_gutenberg_block_has_review":false},"product_brand":[],"product_cat":[1687,568,553],"product_tag":[],"class_list":{"0":"post-75444","1":"product","2":"type-product","3":"status-publish","4":"has-post-thumbnail","6":"product_cat-elastic-bracelets","7":"product_cat-premium-bracelets-for-women","8":"product_cat-womens-jewellery","10":"first","11":"outofstock","12":"taxable","13":"shipping-taxable","14":"purchasable","15":"product-type-variable","16":"has-default-attributes"},"acf":[],"_links":{"self":[{"href":"https:\/\/trimakasi.eu\/hu\/wp-json\/wp\/v2\/product\/75444","targetHints":{"allow":["GET"]}}],"collection":[{"href":"https:\/\/trimakasi.eu\/hu\/wp-json\/wp\/v2\/product"}],"about":[{"href":"https:\/\/trimakasi.eu\/hu\/wp-json\/wp\/v2\/types\/product"}],"replies":[{"embeddable":true,"href":"https:\/\/trimakasi.eu\/hu\/wp-json\/wp\/v2\/comments?post=75444"}],"wp:featuredmedia":[{"embeddable":true,"href":"https:\/\/trimakasi.eu\/hu\/wp-json\/wp\/v2\/media\/75557"}],"wp:attachment":[{"href":"https:\/\/trimakasi.eu\/hu\/wp-json\/wp\/v2\/media?parent=75444"}],"wp:term":[{"taxonomy":"product_brand","embeddable":true,"href":"https:\/\/trimakasi.eu\/hu\/wp-json\/wp\/v2\/product_brand?post=75444"},{"taxonomy":"product_cat","embeddable":true,"href":"https:\/\/trimakasi.eu\/hu\/wp-json\/wp\/v2\/product_cat?post=75444"},{"taxonomy":"product_tag","embeddable":true,"href":"https:\/\/trimakasi.eu\/hu\/wp-json\/wp\/v2\/product_tag?post=75444"}],"curies":[{"name":"wp","href":"https:\/\/api.w.org\/{rel}","templated":true}]}}