{"id":75434,"date":"2021-02-10T23:12:19","date_gmt":"2021-02-10T22:12:19","guid":{"rendered":"https:\/\/trimakasi.eu\/?post_type=product&#038;p=75434"},"modified":"2025-12-24T22:15:23","modified_gmt":"2025-12-24T21:15:23","slug":"nyaklanc-ferfi-szodalit","status":"publish","type":"product","link":"https:\/\/trimakasi.eu\/hu\/product\/necklace-for-men-sodalite\/","title":{"rendered":"F\u00e9rfi krist\u00e1ly nyakl\u00e1nc \u2013 Sodalite"},"content":{"rendered":"<div class=\"video video-fit mb\" style=\"padding-top:56.25%;\"><p><iframe loading=\"lazy\" title=\"Krist\u00e1ly nyakl\u00e1ncok f\u00e9rfiaknak Trimakasi \/ N\u00e1hrdeln\u00edky pro mu\u017ee Trimakasi\" width=\"1020\" height=\"574\" src=\"https:\/\/www.youtube.com\/embed\/z70WqxmBk1E?feature=oembed\" frameborder=\"0\" allow=\"accelerometer; autoplay; clipboard-write; encrypted-media; gyroscope; picture-in-picture\" allowfullscreen><\/iframe><\/p>\n<\/div>\n<h3 id=\"tw-target-text\" class=\"tw-data-text tw-text-large tw-ta\" dir=\"ltr\" data-placeholder=\"P\u0159eklad\"><span lang=\"en\" tabindex=\"0\">Szodalit <\/span><\/h3>\n<p class=\"tw-data-text tw-text-large tw-ta\" dir=\"ltr\" data-placeholder=\"P\u0159eklad\"><span lang=\"en\" tabindex=\"0\">A szodalit b\u00e9k\u00e9t, rendet \u00e9s \u00e9rzelmi egyens\u00falyt hoz az elm\u00e9nkbe. El\u0151seg\u00edti a racion\u00e1lis gondolkod\u00e1st, az objektivit\u00e1st, az intu\u00edci\u00f3t, ugyanakkor n\u00f6veli az \u00f6nbizalmat. Ez a k\u0151 lehet\u0151v\u00e9 teszi sz\u00e1munkra, hogy objekt\u00edven belen\u00e9zz\u00fcnk a lelk\u00fcnkbe, \u00e9rt\u00e9kelj\u00fck er\u0151ss\u00e9geinket \u00e9s gyenges\u00e9geinket, \u00e9s mindenekel\u0151tt megtal\u00e1ljuk motiv\u00e1ci\u00f3nk forr\u00e1s\u00e1t. <\/span><\/p>\n<p class=\"tw-data-text tw-text-large tw-ta\" dir=\"ltr\" data-placeholder=\"P\u0159eklad\"><span lang=\"en\" tabindex=\"0\">A szodalit seg\u00edt megel\u0151zni a p\u00e1nikot \u00e9s a k\u00e9ts\u00e9gbees\u00e9st. A szodalit megv\u00e9d minket a konfliktusokt\u00f3l \u00e9s seg\u00edt kompromisszumokat k\u00f6tni. Ha ez a k\u0151 jelen van a csapatmunka sor\u00e1n, \u00f6sszhangot, szolidarit\u00e1st \u00e9s tudatoss\u00e1got hoz a k\u00f6z\u00f6s c\u00e9l ir\u00e1nt.<\/span><\/p>\n<p class=\"tw-data-text tw-text-large tw-ta\" dir=\"ltr\" data-placeholder=\"P\u0159eklad\"><span lang=\"en\" tabindex=\"0\">Elem: <\/span><strong><span lang=\"en\" tabindex=\"0\">V\u00edz, leveg\u0151 <\/span><\/strong><\/p>\n<p class=\"tw-data-text tw-text-large tw-ta\" dir=\"ltr\" data-placeholder=\"P\u0159eklad\"><span lang=\"en\" tabindex=\"0\">Csillagjegyek:<strong> Nyilas, Skorpi\u00f3, Sz\u0171z<\/strong><\/span><\/p>\n<p dir=\"ltr\" data-placeholder=\"P\u0159eklad\">A kark\u00f6t\u0151 harmoniz\u00e1lja a torokcsakr\u00e1t \u00e9s a harmadik szem csakr\u00e1t<\/p>\n<p dir=\"ltr\" data-placeholder=\"P\u0159eklad\"><img loading=\"lazy\" decoding=\"async\" class=\"alignnone wp-image-72747\" src=\"https:\/\/trimakasi.cz\/wp-content\/uploads\/2018\/07\/\u010dakra5.jpg\" alt=\"Hrdeln\u00ed \u010dakra\" width=\"65\" height=\"70\" \/><img loading=\"lazy\" decoding=\"async\" class=\"alignnone wp-image-72748\" src=\"https:\/\/trimakasi.cz\/wp-content\/uploads\/2018\/07\/\u010dakra6.jpg\" alt=\"\u010cakra t\u0159et\u00edho oka\" width=\"77\" height=\"73\" \/><\/p>\n<p dir=\"ltr\" data-placeholder=\"P\u0159eklad\"><a href=\"https:\/\/trimakasi.eu\/hu\/videoblog\/\"><u>L\u00e1togassa meg videoblogunkat, hogy felfedezze a dr\u00e1gak\u00f6vek, \u00e1llat\u00f6v jelek, csakr\u00e1k \u00e9s m\u00e9g sok m\u00e1s k\u00f6z\u00f6tti \u00f6sszef\u00fcgg\u00e9seket.<\/u><\/a><\/p>","protected":false},"excerpt":{"rendered":"<p id=\"tw-target-text\" class=\"tw-data-text tw-text-large tw-ta\" dir=\"ltr\" data-placeholder=\"P\u0159eklad\"><span lang=\"en\" tabindex=\"0\">F\u00e9rfi l\u00e1ncos nyakl\u00e1nc hatsz\u00f6glet\u0171 med\u00e1llal, term\u00e9szetes dr\u00e1gak\u0151b\u0151l, Sodaliteb\u00f3l. Ez a dr\u00e1gak\u0151 konzerv megnyugtatja az elm\u00e9t \u00e9s n\u00f6veli az \u00f6nbizalmunkat, amelyre a mai kaotikus id\u0151kben egyre nagyobb sz\u00fcks\u00e9g van a karrier siker\u00e9hez. Tudjon meg t\u00f6bbet a k\u0151 tulajdons\u00e1gair\u00f3l al\u00e1bb. <\/span><\/p>\n<p class=\"tw-data-text tw-text-large tw-ta\" dir=\"ltr\" data-placeholder=\"P\u0159eklad\"><span lang=\"en\" tabindex=\"0\">L\u00e1nc hossza: 69 cm vagy 80 cm<\/span><\/p>\n<p class=\"tw-data-text tw-text-large tw-ta\" dir=\"ltr\" data-placeholder=\"P\u0159eklad\"><span lang=\"en\" tabindex=\"0\">A l\u00e1nc sz\u00edne \u00e9s anyaga: Rozsdamentes ac\u00e9l PVD fekete bevonattal\u00a0 <\/span><\/p>\n<p class=\"tw-data-text tw-text-large tw-ta\" dir=\"ltr\" data-placeholder=\"P\u0159eklad\"><span lang=\"en\" tabindex=\"0\">K\u0151 m\u00e9retei: kb. 3,5 cm x 1 cm<\/span><\/p>","protected":false},"featured_media":163068,"comment_status":"open","ping_status":"closed","template":"","meta":{"_acf_changed":false,"_themeisle_gutenberg_block_has_review":false},"product_brand":[],"product_cat":[1064,1150,1690],"product_tag":[],"class_list":{"0":"post-75434","1":"product","2":"type-product","3":"status-publish","4":"has-post-thumbnail","6":"product_cat-mens-jewellery","7":"product_cat-necklaces-for-men","8":"product_cat-necklaces","10":"first","11":"instock","12":"taxable","13":"shipping-taxable","14":"purchasable","15":"product-type-variable","16":"has-default-attributes"},"acf":[],"_links":{"self":[{"href":"https:\/\/trimakasi.eu\/hu\/wp-json\/wp\/v2\/product\/75434","targetHints":{"allow":["GET"]}}],"collection":[{"href":"https:\/\/trimakasi.eu\/hu\/wp-json\/wp\/v2\/product"}],"about":[{"href":"https:\/\/trimakasi.eu\/hu\/wp-json\/wp\/v2\/types\/product"}],"replies":[{"embeddable":true,"href":"https:\/\/trimakasi.eu\/hu\/wp-json\/wp\/v2\/comments?post=75434"}],"wp:featuredmedia":[{"embeddable":true,"href":"https:\/\/trimakasi.eu\/hu\/wp-json\/wp\/v2\/media\/163068"}],"wp:attachment":[{"href":"https:\/\/trimakasi.eu\/hu\/wp-json\/wp\/v2\/media?parent=75434"}],"wp:term":[{"taxonomy":"product_brand","embeddable":true,"href":"https:\/\/trimakasi.eu\/hu\/wp-json\/wp\/v2\/product_brand?post=75434"},{"taxonomy":"product_cat","embeddable":true,"href":"https:\/\/trimakasi.eu\/hu\/wp-json\/wp\/v2\/product_cat?post=75434"},{"taxonomy":"product_tag","embeddable":true,"href":"https:\/\/trimakasi.eu\/hu\/wp-json\/wp\/v2\/product_tag?post=75434"}],"curies":[{"name":"wp","href":"https:\/\/api.w.org\/{rel}","templated":true}]}}