{"id":75412,"date":"2023-02-10T14:59:53","date_gmt":"2023-02-10T13:59:53","guid":{"rendered":"https:\/\/trimakasi.eu\/?post_type=product&#038;p=75412"},"modified":"2025-06-28T20:43:07","modified_gmt":"2025-06-28T18:43:07","slug":"infinity-noi-karkoto","status":"publish","type":"product","link":"https:\/\/trimakasi.eu\/hu\/product\/infinity-womens-bracelet\/","title":{"rendered":"N\u0151i kark\u00f6t\u0151 Infinity"},"content":{"rendered":"<h3>Rozsdamentes ac\u00e9l val\u00f3di arany PVD bevonattal<\/h3>\n<p>Kem\u00e9nys\u00e9ge \u00e9s tart\u00f3ss\u00e1ga miatt a rozsdamentes ac\u00e9l kiv\u00e1l\u00f3 f\u00e9m az \u00e9kszerekhez.<\/p>\n<div>\n<p>A PVD bevonat nagyszer\u0171 megold\u00e1s a kark\u00f6t\u0151k sz\u00e1m\u00e1ra, mivel ellen\u00e1ll a kop\u00e1snak, a h\u0151m\u00e9rs\u00e9klet ingadoz\u00e1sainak \u00e9s a korr\u00f3zi\u00f3nak.<\/p>\n<h3><a href=\"https:\/\/trimakasi.eu\/hu\/product\/fekete-obszidian\/\">Fekete obszidi\u00e1n<\/a><\/h3>\n<p><span lang=\"en\" tabindex=\"0\">Az obszidi\u00e1n a term\u00e9szetes \u00fcveg k\u00fcl\u00f6nleges form\u00e1ja, amelyet a forr\u00f3 l\u00e1va gyors leh\u0171l\u00e9se hoz l\u00e9tre a f\u00f6ld felsz\u00edn\u00e9n. Az emberis\u00e9g a k\u0151korszak \u00f3ta haszn\u00e1lja, amikor a vad\u00e1szok a fegyvereik hegy\u00e9t az obszidi\u00e1n \u00e9les lemezeib\u0151l k\u00e9sz\u00edtett\u00e9k.<\/span><\/p>\n<h3><a href=\"https:\/\/trimakasi.eu\/hu\/product\/black-matte-agate\/\">Fekete matt \u00f3nix<\/a><\/h3>\n<p>A fekete \u00f3nix k\u00e9pes n\u00f6velni tulajdonosa akaraterej\u00e9t, \u00e9s seg\u00edt neki b\u00e1tran szemben\u00e9zni a probl\u00e9m\u00e1kkal. Seg\u00edt megold\u00e1sokat tal\u00e1lni ahelyett, hogy a probl\u00e9m\u00e1kra f\u00f3kusz\u00e1ln\u00e1nk, valamint a felad\u00e1s gondolat\u00e1t is el\u0171zi.<\/p>\n<p>Elem:<strong> T\u0171z<\/strong><\/p>\n<p>Csillagjegyek: <strong>Nyilas, Sz\u0171z, Ikrek, Skorpi\u00f3, Halak, V\u00edz\u00f6nt\u0151, Bak, R\u00e1k, Bika, Kos<\/strong><\/p>\n<p>Ez a kark\u00f6t\u0151 harmoniz\u00e1lja a gy\u00f6k\u00e9rcsakr\u00e1t.<br \/>\n<img loading=\"lazy\" decoding=\"async\" class=\"alignnone size-full wp-image-72742 lazyloaded\" src=\"https:\/\/trimakasi.cz\/wp-content\/uploads\/2018\/08\/%C4%8Dakra1.jpg\" alt=\"Z\u00e1kladn\u00ed \u010dakra\" width=\"81\" height=\"88\" data-lazy-src=\"https:\/\/trimakasi.cz\/wp-content\/uploads\/2018\/08\/\u010dakra1.jpg\" data-was-processed=\"true\" \/><\/p>\n<p><a href=\"https:\/\/trimakasi.eu\/hu\/videoblog\/\"><u>L\u00e1togassa meg videoblogunkat, hogy felfedezze a dr\u00e1gak\u00f6vek, \u00e1llat\u00f6v jelek, csakr\u00e1k \u00e9s m\u00e9g sok m\u00e1s k\u00f6z\u00f6tti \u00f6sszef\u00fcgg\u00e9seket.<\/u><\/a><\/p>\n<\/div>","protected":false},"excerpt":{"rendered":"<p id=\"tw-target-text\" class=\"tw-data-text tw-text-large tw-ta\" dir=\"ltr\" data-placeholder=\"P\u0159eklad\">A j\u00f3l\u00e9t f\u00e9ny\u0171z\u0151 kark\u00f6t\u0151je matt fekete \u00f3nixb\u00f3l \u00e9s fekete obszidi\u00e1nb\u00f3l. Kiv\u00e1l\u00f3 min\u0151s\u00e9g\u0171 rozsdamentes ac\u00e9l nagyon tart\u00f3s val\u00f3di arany PVD bevonattal.<\/p>\n<p>V\u00e1lasszon kark\u00f6t\u0151t m\u00e9ret szerint.\u00a0<a href=\"https:\/\/trimakasi.eu\/hu\/hogyan-valasszuk-ki-a-karkoto-meretet\/\">A m\u00e9ret helyes meghat\u00e1roz\u00e1s\u00e1nak \u00fatmutat\u00f3ja itt tal\u00e1lhat\u00f3.<\/a>\u00a0F\u00e9ny\u0171z\u0151 fekete d\u00edszdoboz ingyen!<\/p>","protected":false},"featured_media":75564,"comment_status":"open","ping_status":"closed","template":"","meta":{"_acf_changed":false,"_themeisle_gutenberg_block_has_review":false},"product_brand":[],"product_cat":[1714,1687,568,553],"product_tag":[],"class_list":{"0":"post-75412","1":"product","2":"type-product","3":"status-publish","4":"has-post-thumbnail","6":"product_cat-jewellery-discounts","7":"product_cat-elastic-bracelets","8":"product_cat-premium-bracelets-for-women","9":"product_cat-womens-jewellery","11":"first","12":"instock","13":"sale","14":"taxable","15":"shipping-taxable","16":"purchasable","17":"product-type-variable","18":"has-default-attributes"},"acf":[],"_links":{"self":[{"href":"https:\/\/trimakasi.eu\/hu\/wp-json\/wp\/v2\/product\/75412","targetHints":{"allow":["GET"]}}],"collection":[{"href":"https:\/\/trimakasi.eu\/hu\/wp-json\/wp\/v2\/product"}],"about":[{"href":"https:\/\/trimakasi.eu\/hu\/wp-json\/wp\/v2\/types\/product"}],"replies":[{"embeddable":true,"href":"https:\/\/trimakasi.eu\/hu\/wp-json\/wp\/v2\/comments?post=75412"}],"wp:featuredmedia":[{"embeddable":true,"href":"https:\/\/trimakasi.eu\/hu\/wp-json\/wp\/v2\/media\/75564"}],"wp:attachment":[{"href":"https:\/\/trimakasi.eu\/hu\/wp-json\/wp\/v2\/media?parent=75412"}],"wp:term":[{"taxonomy":"product_brand","embeddable":true,"href":"https:\/\/trimakasi.eu\/hu\/wp-json\/wp\/v2\/product_brand?post=75412"},{"taxonomy":"product_cat","embeddable":true,"href":"https:\/\/trimakasi.eu\/hu\/wp-json\/wp\/v2\/product_cat?post=75412"},{"taxonomy":"product_tag","embeddable":true,"href":"https:\/\/trimakasi.eu\/hu\/wp-json\/wp\/v2\/product_tag?post=75412"}],"curies":[{"name":"wp","href":"https:\/\/api.w.org\/{rel}","templated":true}]}}