{"id":75082,"date":"2020-09-06T14:07:22","date_gmt":"2020-09-06T12:07:22","guid":{"rendered":"https:\/\/trimakasi.eu\/?post_type=product&#038;p=75082"},"modified":"2025-04-09T12:55:46","modified_gmt":"2025-04-09T10:55:46","slug":"inferno-men-karkoto","status":"publish","type":"product","link":"https:\/\/trimakasi.eu\/hu\/product\/inferno-mens-bracelet\/","title":{"rendered":"F\u00e9rfi kark\u00f6t\u0151 Inferno"},"content":{"rendered":"<h3>Arannyal bevont PVD rozsdamentes ac\u00e9l<\/h3>\n<div>Kem\u00e9nys\u00e9ge \u00e9s tart\u00f3ss\u00e1ga miatt a rozsdamentes ac\u00e9l kiv\u00e1l\u00f3 f\u00e9m az \u00e9kszerekhez.<\/div>\n<div>A PVD bevonat nagyszer\u0171 megold\u00e1s a kark\u00f6t\u0151k sz\u00e1m\u00e1ra, mivel ellen\u00e1ll a kop\u00e1snak, a h\u0151m\u00e9rs\u00e9klet ingadoz\u00e1sainak \u00e9s a korr\u00f3zi\u00f3nak.<\/div>\n<h3 id=\"tw-target-text\" class=\"tw-data-text tw-ta tw-text-small\" dir=\"ltr\" data-placeholder=\"P\u0159eklad\">L\u00e1vak\u0151<\/h3>\n<p id=\"tw-target-text\" class=\"tw-data-text tw-ta tw-text-small\" dir=\"ltr\" data-placeholder=\"P\u0159eklad\"><span lang=\"en\" tabindex=\"0\">A n\u00e9ha Vulkanit nev\u0171 k\u00f6vek term\u00e9szetes por\u00f3zus szerkezet\u00e9nek k\u00f6sz\u00f6nhet\u0151en soha nem tal\u00e1l k\u00e9t azonos gy\u00f6ngy\u00f6t. A l\u00e1va k\u00f6zvetlen\u00fcl a f\u00f6ld magj\u00e1b\u00f3l sz\u00e1rmazik, \u00e9s lelki jelent\u0151s\u00e9ge a f\u00f6lddel \u00e9s a term\u00e9szettel val\u00f3 kapcsolatr\u00f3l sz\u00f3l. Az \u0151slakos amerikaiak egy darab l\u00e1vak\u00f6vet viseltek a csat\u00e1kban, mert \u00fagy gondolt\u00e1k, hogy ennek ereje b\u00e1tors\u00e1ggal \u00e9s er\u0151vel l\u00e1tja el \u0151ket. <\/span><\/p>\n<p class=\"tw-data-text tw-ta tw-text-small\" dir=\"ltr\" data-placeholder=\"P\u0159eklad\"><span lang=\"en\" tabindex=\"0\">A l\u00e1vak\u0151 beceneve az \u201e\u00dajj\u00e1sz\u00fclet\u00e9s k\u00f6ve\u201d is, ugyanis abban seg\u00edti visel\u0151it, hogy azok megszabaduljanak a sz\u00fcks\u00e9gtelen \u00e9s eg\u00e9szs\u00e9gtelen \u00e9rzelmekt\u0151l. A l\u00e1vak\u0151 ment\u00e1lisan stabiliz\u00e1l, valamint seg\u00edt cs\u00f6kkenteni a haragot. A l\u00e1vak\u0151 f\u00f6ldel\u0151 hat\u00e1s\u00e1t p\u00e9ld\u00e1ul massz\u00e1zsra is haszn\u00e1lj\u00e1k.\u00a0<\/span><\/p>\n<p>Elem: <strong>T\u0171z, F\u00f6ld<\/strong><\/p>\n<p>Zodi\u00e1kus jel: B.<strong>minden \u00e1llat\u00f6vi jelre n\u00e9zve elengedhetetlen<\/strong><\/p>\n<p>A l\u00e1vak\u0151 harmoniz\u00e1lja a gy\u00f6k\u00e9rcsakr\u00e1t<\/p>\n<p><a href=\"https:\/\/trimakasi.eu\/wp-content\/uploads\/\u010dakra1.jpg\"><img loading=\"lazy\" decoding=\"async\" class=\"alignnone size-full wp-image-138513\" src=\"https:\/\/trimakasi.eu\/wp-content\/uploads\/\u010dakra1.jpg\" alt=\"Gy\u00f6k\u00e9rcsakra\" width=\"81\" height=\"88\" srcset=\"https:\/\/trimakasi.eu\/wp-content\/uploads\/\u010dakra1.jpg 81w, https:\/\/trimakasi.eu\/wp-content\/uploads\/\u010dakra1-11x12.jpg 11w\" sizes=\"auto, (max-width: 81px) 100vw, 81px\" \/><\/a><\/p>\n<p><a href=\"https:\/\/trimakasi.eu\/hu\/videoblog\/\"><u>L\u00e1togassa meg videoblogunkat, hogy felfedezze a dr\u00e1gak\u00f6vek, \u00e1llat\u00f6v jelek, csakr\u00e1k \u00e9s m\u00e9g sok m\u00e1s k\u00f6z\u00f6tti \u00f6sszef\u00fcgg\u00e9seket.<\/u><\/a><\/p>","protected":false},"excerpt":{"rendered":"<p>Ez a st\u00edlusos kark\u00f6t\u0151 l\u00e1vak\u0151b\u0151l k\u00e9sz\u00fclt, egy \u00e1sv\u00e1nyb\u00f3l, amely a megalapozotts\u00e1g \u00e9s az \u00fajj\u00e1sz\u00fclet\u00e9s szimb\u00f3luma. Kiv\u00e1l\u00f3 min\u0151s\u00e9g\u0171 rozsdamentes ac\u00e9l nagyon tart\u00f3s PVD bevonattal.<br \/>\nV\u00e1lasszon kark\u00f6t\u0151t a f\u00e9m elemek m\u00e9rete \u00e9s sz\u00edne szerint.\u00a0<a href=\"https:\/\/trimakasi.eu\/hu\/hogyan-valasszuk-ki-a-karkoto-meretet\/\">A m\u00e9ret helyes meghat\u00e1roz\u00e1s\u00e1nak \u00fatmutat\u00f3ja itt tal\u00e1lhat\u00f3.<\/a>\u00a0F\u00e9ny\u0171z\u0151 fekete d\u00edszdoboz ingyen!<\/p>","protected":false},"featured_media":75293,"comment_status":"open","ping_status":"closed","template":"","meta":{"_acf_changed":false,"_themeisle_gutenberg_block_has_review":false},"product_brand":[],"product_cat":[1687,1064,1067],"product_tag":[],"class_list":{"0":"post-75082","1":"product","2":"type-product","3":"status-publish","4":"has-post-thumbnail","6":"product_cat-elastic-bracelets","7":"product_cat-mens-jewellery","8":"product_cat-premium-bracelets-for-men","10":"first","11":"instock","12":"taxable","13":"shipping-taxable","14":"purchasable","15":"product-type-variable","16":"has-default-attributes"},"acf":[],"_links":{"self":[{"href":"https:\/\/trimakasi.eu\/hu\/wp-json\/wp\/v2\/product\/75082","targetHints":{"allow":["GET"]}}],"collection":[{"href":"https:\/\/trimakasi.eu\/hu\/wp-json\/wp\/v2\/product"}],"about":[{"href":"https:\/\/trimakasi.eu\/hu\/wp-json\/wp\/v2\/types\/product"}],"replies":[{"embeddable":true,"href":"https:\/\/trimakasi.eu\/hu\/wp-json\/wp\/v2\/comments?post=75082"}],"wp:featuredmedia":[{"embeddable":true,"href":"https:\/\/trimakasi.eu\/hu\/wp-json\/wp\/v2\/media\/75293"}],"wp:attachment":[{"href":"https:\/\/trimakasi.eu\/hu\/wp-json\/wp\/v2\/media?parent=75082"}],"wp:term":[{"taxonomy":"product_brand","embeddable":true,"href":"https:\/\/trimakasi.eu\/hu\/wp-json\/wp\/v2\/product_brand?post=75082"},{"taxonomy":"product_cat","embeddable":true,"href":"https:\/\/trimakasi.eu\/hu\/wp-json\/wp\/v2\/product_cat?post=75082"},{"taxonomy":"product_tag","embeddable":true,"href":"https:\/\/trimakasi.eu\/hu\/wp-json\/wp\/v2\/product_tag?post=75082"}],"curies":[{"name":"wp","href":"https:\/\/api.w.org\/{rel}","templated":true}]}}