{"id":75044,"date":"2019-11-05T20:00:34","date_gmt":"2019-11-05T19:00:34","guid":{"rendered":"https:\/\/trimakasi.eu\/?post_type=product&#038;p=75044"},"modified":"2025-02-25T18:21:52","modified_gmt":"2025-02-25T17:21:52","slug":"szerpentinit","status":"publish","type":"product","link":"https:\/\/trimakasi.eu\/hu\/product\/serpentinite\/","title":{"rendered":"Szerpentin kark\u00f6t\u0151"},"content":{"rendered":"<h3>Szerpentinit \u2013 el\u0151ny\u00f6k<\/h3>\n<p>A szerpentinit \u00e1sv\u00e1nyt a k\u00edgy\u00f3b\u0151rh\u00f6z val\u00f3 hasonl\u00f3s\u00e1g\u00e1r\u00f3l nevezt\u00e9k el, amely a z\u00f6ld pikkelyekre eml\u00e9keztet. Amerika \u0151si civiliz\u00e1ci\u00f3i \u00fagy v\u00e9lt\u00e9k, hogy a szerpentinit az emberi l\u00e9tenergia, valamint a l\u00e9lek \u0151rz\u0151je a l\u00e1thatatlan er\u0151kkel szemben. Az \u00f3kori r\u00f3maiak a m\u00e1gia elleni v\u00e9delemre haszn\u00e1lt\u00e1k.<\/p>\n<p>A k\u00f6z\u00e9pkorban ezt az \u00e1sv\u00e1nyt a \u201eGy\u00f3gy\u00edt\u00f3k k\u00f6v\u00e9nek\u201d nevezt\u00e9k. K\u00fcl\u00f6nb\u00f6z\u0151 t\u00e1lak \u00e9s tokok k\u00e9sz\u00edt\u00e9s\u00e9re haszn\u00e1lt\u00e1k fel, amelyekben gy\u00f3gyszereket (p\u00e9ld\u00e1ul gy\u00f3gyn\u00f6v\u00e9nykever\u00e9keket) t\u00e1roltak abban az id\u0151ben, abban a hitben, hogy ez a k\u0151 rezg\u00e9sei r\u00e9v\u00e9n feler\u0151s\u00edti gy\u00f3gyhat\u00e1sukat. Ez az \u00e1sv\u00e1nyi anyag a k\u00edgy\u00f3mar\u00e1sok ellen is v\u00e9delmet ny\u00fajtott, \u00e9s \u00fagy v\u00e9lt\u00e9k, hogy seg\u00edthet a m\u00e9rgez\u00e9sek gy\u00f3gy\u00edt\u00e1s\u00e1ban.<\/p>\n<p>A szerpentinit term\u00e9szetes nyugtat\u00f3 rezg\u00e9st bocs\u00e1t ki, amely seg\u00edthet fel\u00e9breszteni a Kundalinit, egy alapvet\u0151 energi\u00e1t, amelyet m\u00e1s n\u00e9ven \u201eK\u00edgy\u00f3 Er\u0151nek\u201d, \u201eCsinek\u201d vagy \u201ePr\u00e1n\u00e1nak\u201d is neveznek, amely az emberi gerinc ment\u00e9n \u00e1ramlik. Az \u00e1sv\u00e1nyi anyag seg\u00edt megnyitni az utat a Kundalini el\u0151tt, \u00e9s a testre \u00e9s a tudatra is pozit\u00edv hat\u00e1ssal b\u00edr, hogy azok megszokj\u00e1k a k\u0151 energi\u00e1t. Ez a k\u0151 seg\u00edt a boldogs\u00e1g el\u00e9r\u00e9sben, valamint az emberek m\u00fcnka\u00fcgyi \u00e9s szem\u00e9lyes c\u00e9ljai el\u00e9r\u00e9s\u00e9hez is hozz\u00e1j\u00e1rul.<\/p>\n<p>Elem: <strong>F\u00f6ld<\/strong><\/p>\n<p>Csillagjegyek: <strong>Ikrek, Skorpi\u00f3, M\u00e9rleg<\/strong><\/p>\n<p>A kark\u00f6t\u0151 harmoniz\u00e1lja a gy\u00f6k\u00e9rcsakr\u00e1t \u00e9s a sz\u00edvcsakr\u00e1t<\/p>\n<p><a href=\"https:\/\/trimakasi.eu\/wp-content\/uploads\/\u010dakra1.jpg\"><img loading=\"lazy\" decoding=\"async\" class=\"alignnone size-full wp-image-138513\" src=\"https:\/\/trimakasi.eu\/wp-content\/uploads\/\u010dakra1.jpg\" alt=\"Gy\u00f6k\u00e9rcsakra\" width=\"81\" height=\"88\" srcset=\"https:\/\/trimakasi.eu\/wp-content\/uploads\/\u010dakra1.jpg 81w, https:\/\/trimakasi.eu\/wp-content\/uploads\/\u010dakra1-11x12.jpg 11w\" sizes=\"auto, (max-width: 81px) 100vw, 81px\" \/><\/a><a href=\"https:\/\/trimakasi.eu\/wp-content\/uploads\/2020\/07\/\u010dakra4.jpg\"><img loading=\"lazy\" decoding=\"async\" class=\"alignnone size-full wp-image-83566\" src=\"https:\/\/trimakasi.eu\/wp-content\/uploads\/2020\/07\/\u010dakra4.jpg\" alt=\"Sz\u00edvcsakra\" width=\"79\" height=\"93\" srcset=\"https:\/\/trimakasi.eu\/wp-content\/uploads\/2020\/07\/\u010dakra4.jpg 79w, https:\/\/trimakasi.eu\/wp-content\/uploads\/2020\/07\/\u010dakra4-10x12.jpg 10w\" sizes=\"auto, (max-width: 79px) 100vw, 79px\" \/><\/a><\/p>\n<p><a href=\"https:\/\/trimakasi.eu\/hu\/videoblog\/\"><u>L\u00e1togassa meg videoblogunkat, hogy felfedezze a dr\u00e1gak\u00f6vek, \u00e1llat\u00f6v jelek, csakr\u00e1k \u00e9s m\u00e9g sok m\u00e1s k\u00f6z\u00f6tti \u00f6sszef\u00fcgg\u00e9seket.<\/u><\/a><\/p>","protected":false},"excerpt":{"rendered":"<p id=\"tw-target-text\" class=\"tw-data-text tw-text-large tw-ta\" dir=\"ltr\" data-placeholder=\"P\u0159eklad\"><span lang=\"en\" tabindex=\"0\">Ez a kark\u00f6t\u0151 szerpentinitb\u0151l k\u00e9sz\u00fclt, egy gy\u00f3gy\u00edt\u00f3 \u00e1sv\u00e1nyb\u00f3l, amely megjelen\u00e9s\u00e9ben a k\u00edgy\u00f3pikkelyekre eml\u00e9keztet.\u00a0<\/span>A hossz\u00fa le\u00edr\u00e1sb\u00f3l t\u00f6bbet is megtudhat a dr\u00e1gak\u0151 tulajdons\u00e1gair\u00f3l.<\/p>\n<p>V\u00e1lasszon kark\u00f6t\u0151t annak m\u00e9rete \u00e9s az utols\u00f3 gy\u00f6ngy sz\u00edne szerint.\u00a0<a href=\"https:\/\/trimakasi.eu\/hu\/hogyan-valasszuk-ki-a-karkoto-meretet\/\">A m\u00e9ret helyes meghat\u00e1roz\u00e1s\u00e1nak \u00fatmutat\u00f3ja itt tal\u00e1lhat\u00f3.<\/a><\/p>","protected":false},"featured_media":104948,"comment_status":"open","ping_status":"closed","template":"","meta":{"_acf_changed":false,"_themeisle_gutenberg_block_has_review":false},"product_brand":[],"product_cat":[1687,1064,554,1068,553],"product_tag":[],"class_list":{"0":"post-75044","1":"product","2":"type-product","3":"status-publish","4":"has-post-thumbnail","6":"product_cat-elastic-bracelets","7":"product_cat-mens-jewellery","8":"product_cat-natural-gemstone-bracelets","9":"product_cat-natural-gemstone-bracelets-for-men","10":"product_cat-womens-jewellery","12":"first","13":"instock","14":"taxable","15":"shipping-taxable","16":"purchasable","17":"product-type-variable","18":"has-default-attributes"},"acf":[],"_links":{"self":[{"href":"https:\/\/trimakasi.eu\/hu\/wp-json\/wp\/v2\/product\/75044","targetHints":{"allow":["GET"]}}],"collection":[{"href":"https:\/\/trimakasi.eu\/hu\/wp-json\/wp\/v2\/product"}],"about":[{"href":"https:\/\/trimakasi.eu\/hu\/wp-json\/wp\/v2\/types\/product"}],"replies":[{"embeddable":true,"href":"https:\/\/trimakasi.eu\/hu\/wp-json\/wp\/v2\/comments?post=75044"}],"wp:featuredmedia":[{"embeddable":true,"href":"https:\/\/trimakasi.eu\/hu\/wp-json\/wp\/v2\/media\/104948"}],"wp:attachment":[{"href":"https:\/\/trimakasi.eu\/hu\/wp-json\/wp\/v2\/media?parent=75044"}],"wp:term":[{"taxonomy":"product_brand","embeddable":true,"href":"https:\/\/trimakasi.eu\/hu\/wp-json\/wp\/v2\/product_brand?post=75044"},{"taxonomy":"product_cat","embeddable":true,"href":"https:\/\/trimakasi.eu\/hu\/wp-json\/wp\/v2\/product_cat?post=75044"},{"taxonomy":"product_tag","embeddable":true,"href":"https:\/\/trimakasi.eu\/hu\/wp-json\/wp\/v2\/product_tag?post=75044"}],"curies":[{"name":"wp","href":"https:\/\/api.w.org\/{rel}","templated":true}]}}