{"id":75021,"date":"2019-11-05T18:05:39","date_gmt":"2019-11-05T17:05:39","guid":{"rendered":"https:\/\/trimakasi.eu\/?post_type=product&#038;p=75021"},"modified":"2025-07-27T13:27:59","modified_gmt":"2025-07-27T11:27:59","slug":"primal-os-tuz-karkoto","status":"publish","type":"product","link":"https:\/\/trimakasi.eu\/hu\/product\/primal-fire-bracelet\/","title":{"rendered":"Primal T\u0171z kark\u00f6t\u0151"},"content":{"rendered":"<h3>\u0150si T\u0171z<\/h3>\n<div>A t\u0171z eleme serkenti az emberek \u00e9letkedv\u00e9t, ezen fel\u00fcl energiaforr\u00e1s a fant\u00e1zia \u00e9s az \u00e1lmok sz\u00e1m\u00e1ra. A t\u0171z elem fel\u00e9geti a rossz szok\u00e1sokat \u00e9s teret enged a pozit\u00edvoknak.<\/div>\n<h3 class=\"product-title entry-title\"><a href=\"https:\/\/trimakasi.eu\/hu\/product\/botswana-agat-matt\/\">Botswana ach\u00e1t<\/a><\/h3>\n<p>A Botswana ach\u00e1t manaps\u00e1g az\u00e9rt \u00e9rt\u00e9kes, mert \u00fagy v\u00e9lik, k\u00e9pes seg\u00edts\u00e9get ny\u00fajtani az alapvet\u0151 v\u00e1ltoz\u00e1sok el\u00e9r\u00e9s\u00e9ben az \u00e9let\u00fcnkben, valamint seg\u00edt abban, hogy a probl\u00e9m\u00e1k helyett ink\u00e1bb a megold\u00e1sokra f\u00f3kusz\u00e1ljunk. Az ach\u00e1tok \u00e1ltal\u00e1ban el\u0151seg\u00edtik a bels\u0151 stabilit\u00e1st, a nyugalmat \u00e9s az \u00e9retts\u00e9get.<\/p>\n<h3><a href=\"https:\/\/trimakasi.eu\/hu\/product\/black-matte-agate\/\">Fekete matt \u00f3nix<\/a><\/h3>\n<p>Az \u00f3nix \u00e1ltal\u00e1ban el\u0151seg\u00edti a bels\u0151 stabilit\u00e1st, a nyugalmat \u00e9s a szellemi \u00e9retts\u00e9get. Kellemes rezg\u00e9sei v\u00e9d\u0151 tulajdons\u00e1gokkal b\u00edrnak, n\u00f6velik az \u00f6nbizalmat \u00e9s egyben biztons\u00e1g\u00e9rzetet is adnak.<\/p>\n<h3><a href=\"https:\/\/trimakasi.eu\/hu\/product\/lavako\/\">L\u00e1vak\u0151<\/a><\/h3>\n<p>A l\u00e1va k\u00f6zvetlen\u00fcl a f\u00f6ld magj\u00e1b\u00f3l sz\u00e1rmazik, \u00e9s lelki jelent\u0151s\u00e9ge a f\u00f6lddel \u00e9s a term\u00e9szettel val\u00f3 kapcsolatr\u00f3l sz\u00f3l.<\/p>\n<p id=\"tw-target-text\" class=\"tw-data-text tw-text-large tw-ta\" dir=\"ltr\" data-placeholder=\"P\u0159eklad\"><strong><span lang=\"en\" tabindex=\"0\">\u0150si elem <\/span><\/strong><\/p>\n<p class=\"tw-data-text tw-text-large tw-ta\" dir=\"ltr\" data-placeholder=\"P\u0159eklad\"><span lang=\"en\" tabindex=\"0\">A kark\u00f6t\u0151k ezen v\u00e1ltozat\u00e1t n\u00e9gy alapvet\u0151 elem ihlette, amelyek fenntartj\u00e1k a bolyg\u00f3n l\u00e9v\u0151 egyens\u00falyt: T\u0171z, V\u00edz, F\u00f6ld \u00e9s Leveg\u0151. A l\u00e1vak\u0151 haszn\u00e1lata, amely ebben a v\u00e1ltozatban az \u00f6sszes kark\u00f6t\u0151ben megtal\u00e1lhat\u00f3, az egyes elemek leger\u0151sebb l\u00e9nyeg\u00e9hez val\u00f3 visszat\u00e9r\u00e9st szimboliz\u00e1lja. Ezen elemek els\u0151dleges l\u00e9nyege a F\u00f6ld bolyg\u00f3 n\u00e9gy evol\u00faci\u00f3s szakasz\u00e1nak egyik\u00e9b\u0151l fakad: <\/span><\/p>\n<p class=\"tw-data-text tw-text-large tw-ta\" dir=\"ltr\" data-placeholder=\"P\u0159eklad\"><span lang=\"en\" tabindex=\"0\"><a href=\"https:\/\/trimakasi.eu\/hu\/product\/primal-os-tuz-karkoto\/\"><strong>\u0150si T\u0171z<\/strong>:<\/a> A F\u00f6ld\u00f6n kezdetben k\u00e1osz uralkodott, a t\u00fczes pokol volt jellemz\u0151, amely megolvasztotta a F\u00f6ld magj\u00e1t. Ez biztos\u00edtotta a F\u00f6ld sz\u00e1m\u00e1ra a gravit\u00e1ci\u00f3t, \u00e9s a gravit\u00e1ci\u00f3nak k\u00f6sz\u00f6nhet\u0151en siker\u00fclt l\u00e9trehozni \u00e9s k\u00e9s\u0151bb fenntartani a F\u00f6ld l\u00e9gk\u00f6r\u00e9t. A t\u0171z elem a k\u00e1oszt, a rombol\u00e1st \u00e9s az \u00faj kezdeteket szimboliz\u00e1lja.<\/span><\/p>\n<p id=\"tw-target-text\" class=\"tw-data-text tw-text-large tw-ta\" dir=\"ltr\" data-placeholder=\"P\u0159eklad\"><span lang=\"en\" tabindex=\"0\"><a href=\"https:\/\/trimakasi.eu\/hu\/product\/primal-egy-viz-karkotot\/\"><strong>\u0150si V\u00edz<\/strong><\/a>: Miut\u00e1n a F\u00f6ld felsz\u00edne leh\u0171lt, az \u00fcst\u00f6k\u00f6s\u00f6kb\u0151l p\u00e1rolg\u00f3 v\u00edzb\u0151l kialakultak az els\u0151 felh\u0151k \u00e9s az es\u0151, amely fokozatosan megt\u00f6lt\u00f6tte a vil\u00e1gon l\u00e9v\u0151 \u00f3ce\u00e1nokat v\u00edzzel. A v\u00edz a F\u00f6ld szinte teljes fel\u00fclet\u00e9t elfoglalta \u00e9s uralta a bolyg\u00f3t. A m\u00e9lys\u00e9g\u00e9ben l\u00e9v\u0151 v\u00edz biztos\u00edtja a b\u00e9k\u00e9t, ezen fel\u00fcl a kitart\u00e1s szimb\u00f3luma is, ugyanis a v\u00edz \u00e1raml\u00e1sa mindig utat tal\u00e1l a rendeltet\u00e9si hely\u00e9re. <\/span><\/p>\n<p class=\"tw-data-text tw-text-large tw-ta\" dir=\"ltr\" data-placeholder=\"P\u0159eklad\"><span lang=\"en\" tabindex=\"0\"><a href=\"https:\/\/trimakasi.eu\/hu\/product\/primal-osfoldi-karkoto\/\"><strong>\u0150si F\u00f6ld<\/strong><\/a>: A v\u00edznek k\u00f6sz\u00f6nhet\u0151en az \u00e9let els\u0151 magja kics\u00edr\u00e1zhatott a F\u00f6ld\u00f6n, \u00e9s a bolyg\u00f3 \u00e9letre kelt \u00e9s z\u00f6ldellt. A f\u00f6ld eleme az \u00e9let gy\u00f3gy\u00edt\u00f3 l\u00e9nyeg\u00e9t hordozza mag\u00e1ban, amely fel\u00e9leszti az emberi test l\u00e9tfontoss\u00e1g\u00fa energi\u00e1j\u00e1t. <\/span><\/p>\n<p class=\"tw-data-text tw-text-large tw-ta\" dir=\"ltr\" data-placeholder=\"P\u0159eklad\"><span lang=\"en\" tabindex=\"0\"><a href=\"https:\/\/trimakasi.eu\/hu\/product\/primal-leve-karkoto\/\"><strong>\u0150si Leveg\u0151<\/strong>:<\/a> A korai n\u00f6v\u00e9nyek \u00e9s alg\u00e1k fotoszint\u00e9zise atmoszf\u00e9r\u00e1t teremtett - l\u00e9legz\u0151 leveg\u0151t, amilyet ma ismer\u00fcnk. A leveg\u0151 eleme a mozg\u00e1st \u00e9s a v\u00e1ltoz\u00e1st szimboliz\u00e1lja, energi\u00e1ja j\u00f3t\u00e9kony hat\u00e1ssal van az emberi elm\u00e9re.<\/span><\/p>\n<p>Csillagjegyek: <strong>Minden csillagjegynek alkalmas<\/strong><\/p>\n<p>Elem: <strong>T\u0171z<\/strong><\/p>\n<p>A kark\u00f6t\u0151 harmoniz\u00e1lja a gy\u00f6k\u00e9rcsakr\u00e1t, a szakr\u00e1lis csakr\u00e1t \u00e9s a napfonat csakr\u00e1t:<\/p>\n<p><a href=\"https:\/\/trimakasi.eu\/wp-content\/uploads\/\u010dakra1.jpg\"><img loading=\"lazy\" decoding=\"async\" class=\"alignnone size-full wp-image-138513\" src=\"https:\/\/trimakasi.eu\/wp-content\/uploads\/\u010dakra1.jpg\" alt=\"Gy\u00f6k\u00e9rcsakra\" width=\"81\" height=\"88\" srcset=\"https:\/\/trimakasi.eu\/wp-content\/uploads\/\u010dakra1.jpg 81w, https:\/\/trimakasi.eu\/wp-content\/uploads\/\u010dakra1-11x12.jpg 11w\" sizes=\"auto, (max-width: 81px) 100vw, 81px\" \/><\/a><a href=\"https:\/\/trimakasi.eu\/wp-content\/uploads\/\u010dakra2.jpg\"><img loading=\"lazy\" decoding=\"async\" class=\"alignnone size-full wp-image-138514\" src=\"https:\/\/trimakasi.eu\/wp-content\/uploads\/\u010dakra2.jpg\" alt=\"Szakr\u00e1lis csakra\" width=\"76\" height=\"96\" srcset=\"https:\/\/trimakasi.eu\/wp-content\/uploads\/\u010dakra2.jpg 76w, https:\/\/trimakasi.eu\/wp-content\/uploads\/\u010dakra2-10x12.jpg 10w\" sizes=\"auto, (max-width: 76px) 100vw, 76px\" \/><\/a><a href=\"https:\/\/trimakasi.eu\/wp-content\/uploads\/2020\/07\/\u010dakra3.jpg\"><img loading=\"lazy\" decoding=\"async\" class=\"alignnone size-full wp-image-83567\" src=\"https:\/\/trimakasi.eu\/wp-content\/uploads\/2020\/07\/\u010dakra3.jpg\" alt=\"Napplexus csakra\" width=\"77\" height=\"86\" srcset=\"https:\/\/trimakasi.eu\/wp-content\/uploads\/2020\/07\/\u010dakra3.jpg 77w, https:\/\/trimakasi.eu\/wp-content\/uploads\/2020\/07\/\u010dakra3-11x12.jpg 11w\" sizes=\"auto, (max-width: 77px) 100vw, 77px\" \/><\/a><\/p>\n<p><a href=\"https:\/\/trimakasi.eu\/hu\/videoblog\/\"><u>L\u00e1togassa meg videoblogunkat, hogy felfedezze a dr\u00e1gak\u00f6vek, \u00e1llat\u00f6v jelek, csakr\u00e1k \u00e9s m\u00e9g sok m\u00e1s k\u00f6z\u00f6tti \u00f6sszef\u00fcgg\u00e9seket.<\/u><\/a><\/p>","protected":false},"excerpt":{"rendered":"<p>Ez a kark\u00f6t\u0151 \u00f6sszek\u00f6ti \u00d6nt a T\u0171z elem\u00e9vel, amely\u00a0<span lang=\"en\" tabindex=\"0\">serkenti a szenved\u00e9lyt \u00e9s seg\u00edt abban, hogy utat tal\u00e1ljon c\u00e9ljaihoz \u00e9s v\u00e1gyaihoz. A t\u0171z elem mindent fel\u00e9get \u00e9s seg\u00edt az \u00fajrakezd\u00e9sben.<\/span>A hossz\u00fa le\u00edr\u00e1sb\u00f3l t\u00f6bbet is megtudhat a kark\u00f6t\u0151 tulajdons\u00e1gair\u00f3l.<\/p>\n<p>V\u00e1lasszon kark\u00f6t\u0151t az utols\u00f3 gy\u00f6ngy m\u00e9rete \u00e9s sz\u00edne szerint.\u00a0<a href=\"https:\/\/trimakasi.eu\/hu\/hogyan-valasszuk-ki-a-karkoto-meretet\/\">A m\u00e9ret helyes meghat\u00e1roz\u00e1s\u00e1nak \u00fatmutat\u00f3ja itt tal\u00e1lhat\u00f3.<\/a><\/p>","protected":false},"featured_media":75072,"comment_status":"open","ping_status":"closed","template":"","meta":{"_acf_changed":false,"_themeisle_gutenberg_block_has_review":false},"product_brand":[],"product_cat":[1687,1151,1064,1068,554,553],"product_tag":[],"class_list":{"0":"post-75021","1":"product","2":"type-product","3":"status-publish","4":"has-post-thumbnail","6":"product_cat-elastic-bracelets","7":"product_cat-element-edition-bracelets","8":"product_cat-mens-jewellery","9":"product_cat-natural-gemstone-bracelets-for-men","10":"product_cat-natural-gemstone-bracelets","11":"product_cat-womens-jewellery","13":"first","14":"instock","15":"taxable","16":"shipping-taxable","17":"purchasable","18":"product-type-variable","19":"has-default-attributes"},"acf":[],"_links":{"self":[{"href":"https:\/\/trimakasi.eu\/hu\/wp-json\/wp\/v2\/product\/75021","targetHints":{"allow":["GET"]}}],"collection":[{"href":"https:\/\/trimakasi.eu\/hu\/wp-json\/wp\/v2\/product"}],"about":[{"href":"https:\/\/trimakasi.eu\/hu\/wp-json\/wp\/v2\/types\/product"}],"replies":[{"embeddable":true,"href":"https:\/\/trimakasi.eu\/hu\/wp-json\/wp\/v2\/comments?post=75021"}],"wp:featuredmedia":[{"embeddable":true,"href":"https:\/\/trimakasi.eu\/hu\/wp-json\/wp\/v2\/media\/75072"}],"wp:attachment":[{"href":"https:\/\/trimakasi.eu\/hu\/wp-json\/wp\/v2\/media?parent=75021"}],"wp:term":[{"taxonomy":"product_brand","embeddable":true,"href":"https:\/\/trimakasi.eu\/hu\/wp-json\/wp\/v2\/product_brand?post=75021"},{"taxonomy":"product_cat","embeddable":true,"href":"https:\/\/trimakasi.eu\/hu\/wp-json\/wp\/v2\/product_cat?post=75021"},{"taxonomy":"product_tag","embeddable":true,"href":"https:\/\/trimakasi.eu\/hu\/wp-json\/wp\/v2\/product_tag?post=75021"}],"curies":[{"name":"wp","href":"https:\/\/api.w.org\/{rel}","templated":true}]}}