{"id":74593,"date":"2024-03-23T13:44:46","date_gmt":"2024-03-23T12:44:46","guid":{"rendered":"https:\/\/trimakasi.eu\/product\/cerny-obsidian-naramek\/"},"modified":"2026-02-05T04:21:09","modified_gmt":"2026-02-05T03:21:09","slug":"fekete-obszidian","status":"publish","type":"product","link":"https:\/\/trimakasi.eu\/hu\/product\/black-obsidian\/","title":{"rendered":"Fekete obszidi\u00e1n kark\u00f6t\u0151"},"content":{"rendered":"<h3>Obszidi\u00e1n \u2013 el\u0151ny\u00f6k<\/h3>\n<p><span lang=\"en\" tabindex=\"0\">Az obszidi\u00e1n a term\u00e9szetes \u00fcveg k\u00fcl\u00f6nleges form\u00e1ja, amelyet a forr\u00f3 l\u00e1va gyors leh\u0171l\u00e9se hoz l\u00e9tre a f\u00f6ld felsz\u00edn\u00e9n. Az emberis\u00e9g a k\u0151korszak \u00f3ta haszn\u00e1lja, amikor a vad\u00e1szok a fegyvereik hegy\u00e9t az obszidi\u00e1n \u00e9les lemezeib\u0151l k\u00e9sz\u00edtett\u00e9k. Ez a k\u0151\u00a0<\/span><span lang=\"en\" tabindex=\"0\">az \u0151si azt\u00e9kok k\u00f6r\u00e9ben is k\u00f6zkedvelt volt, akik \u201eIsten k\u00f6v\u00e9nek\u201d nevezt\u00e9k. Ebb\u0151l a k\u0151b\u0151l k\u00e9sz\u00fclt szent t\u0151r\u00fck, amelyet az isteneknek val\u00f3 ember\u00e1ldozat h\u00edrhedt ritu\u00e1l\u00e9j\u00e1hoz haszn\u00e1ltak.<\/span><\/p>\n<p><span lang=\"en\" tabindex=\"0\">A fekete \u00f3nix, a fekete turmalin \u00e9s a fekete obszidi\u00e1n s\u00f6t\u00e9t sz\u00edn\u00fck miatt hagyom\u00e1nyos v\u00e9d\u0151k\u00f6veknek sz\u00e1m\u00edtanak. Olyan v\u00e9d\u0151 l\u00e9gk\u00f6rrel vehetik k\u00f6r\u00fcl, amely minden negat\u00edvumot elnyel a k\u00f6rnyezet\u00e9b\u0151l. Mindenekel\u0151tt azon negat\u00edv gondolkod\u00e1si mint\u00e1k legy\u0151z\u00e9s\u00e9ben seg\u00edtenek, amelyek a leggyeng\u00edt\u0151bb \u00e9s legm\u00e9rgez\u0151bb \u00e9rzelemb\u0151l, a f\u00e9lelemb\u0151l fakadnak.<\/span><\/p>\n<p>Elem: <strong>T\u0171z<\/strong><\/p>\n<p>Csillagjegyek:\u00a0<strong>Nyilas, Skorpi\u00f3<\/strong><\/p>\n<p>A kark\u00f6t\u0151 a gy\u00f6k\u00e9rcsakr\u00e1t harmoniz\u00e1lja.<\/p>\n<p><a href=\"https:\/\/trimakasi.eu\/wp-content\/uploads\/\u010dakra1.jpg\"><img loading=\"lazy\" decoding=\"async\" class=\"alignnone size-full wp-image-138513\" src=\"https:\/\/trimakasi.eu\/wp-content\/uploads\/\u010dakra1.jpg\" alt=\"Gy\u00f6k\u00e9rcsakra\" width=\"81\" height=\"88\" srcset=\"https:\/\/trimakasi.eu\/wp-content\/uploads\/\u010dakra1.jpg 81w, https:\/\/trimakasi.eu\/wp-content\/uploads\/\u010dakra1-11x12.jpg 11w\" sizes=\"auto, (max-width: 81px) 100vw, 81px\" \/><\/a><\/p>\n<p><a href=\"https:\/\/trimakasi.eu\/hu\/videoblog\/\"><u>L\u00e1togassa meg videoblogunkat, hogy felfedezze a dr\u00e1gak\u00f6vek, \u00e1llat\u00f6v jelek, csakr\u00e1k \u00e9s m\u00e9g sok m\u00e1s k\u00f6z\u00f6tti \u00f6sszef\u00fcgg\u00e9seket.<\/u><\/a><\/p>","protected":false},"excerpt":{"rendered":"<p>\u00d6leld \u00e1t Fekete Obszidi\u00e1n kark\u00f6t\u0151nk v\u00e9d\u0151 energi\u00e1j\u00e1t. Ez a val\u00f3di fekete obszidi\u00e1nb\u00f3l k\u00e9sz\u00fclt kark\u00f6t\u0151 er\u0151teljes pajzsk\u00e9nt szolg\u00e1l a negativit\u00e1s ellen, seg\u00edt meg\u0151rizni a talajt \u00e9s v\u00e9delmet ny\u00fajtani mindennapi er\u0151fesz\u00edt\u00e9sei sor\u00e1n. Tudjon meg t\u00f6bbet a k\u0151 tulajdons\u00e1gair\u00f3l al\u00e1bb.<\/p>\n<p>V\u00e1lasszon kark\u00f6t\u0151t annak m\u00e9rete \u00e9s az utols\u00f3 gy\u00f6ngy sz\u00edne szerint.\u00a0<a href=\"https:\/\/trimakasi.eu\/hu\/hogyan-valasszuk-ki-a-karkoto-meretet\/\">A m\u00e9ret helyes meghat\u00e1roz\u00e1s\u00e1nak \u00fatmutat\u00f3ja itt tal\u00e1lhat\u00f3.<\/a><\/p>","protected":false},"featured_media":105151,"comment_status":"open","ping_status":"closed","template":"","meta":{"_acf_changed":false,"_themeisle_gutenberg_block_has_review":false},"product_brand":[],"product_cat":[1687,1064,554,1068,553],"product_tag":[],"class_list":{"0":"post-74593","1":"product","2":"type-product","3":"status-publish","4":"has-post-thumbnail","6":"product_cat-elastic-bracelets","7":"product_cat-mens-jewellery","8":"product_cat-natural-gemstone-bracelets","9":"product_cat-natural-gemstone-bracelets-for-men","10":"product_cat-womens-jewellery","12":"first","13":"instock","14":"taxable","15":"shipping-taxable","16":"purchasable","17":"product-type-variable","18":"has-default-attributes"},"acf":[],"_links":{"self":[{"href":"https:\/\/trimakasi.eu\/hu\/wp-json\/wp\/v2\/product\/74593","targetHints":{"allow":["GET"]}}],"collection":[{"href":"https:\/\/trimakasi.eu\/hu\/wp-json\/wp\/v2\/product"}],"about":[{"href":"https:\/\/trimakasi.eu\/hu\/wp-json\/wp\/v2\/types\/product"}],"replies":[{"embeddable":true,"href":"https:\/\/trimakasi.eu\/hu\/wp-json\/wp\/v2\/comments?post=74593"}],"wp:featuredmedia":[{"embeddable":true,"href":"https:\/\/trimakasi.eu\/hu\/wp-json\/wp\/v2\/media\/105151"}],"wp:attachment":[{"href":"https:\/\/trimakasi.eu\/hu\/wp-json\/wp\/v2\/media?parent=74593"}],"wp:term":[{"taxonomy":"product_brand","embeddable":true,"href":"https:\/\/trimakasi.eu\/hu\/wp-json\/wp\/v2\/product_brand?post=74593"},{"taxonomy":"product_cat","embeddable":true,"href":"https:\/\/trimakasi.eu\/hu\/wp-json\/wp\/v2\/product_cat?post=74593"},{"taxonomy":"product_tag","embeddable":true,"href":"https:\/\/trimakasi.eu\/hu\/wp-json\/wp\/v2\/product_tag?post=74593"}],"curies":[{"name":"wp","href":"https:\/\/api.w.org\/{rel}","templated":true}]}}