{"id":74575,"date":"2019-05-23T13:44:26","date_gmt":"2019-05-23T11:44:26","guid":{"rendered":"https:\/\/trimakasi.eu\/product\/howlit-naramek\/"},"modified":"2024-04-04T23:18:33","modified_gmt":"2024-04-04T21:18:33","slug":"howlit","status":"publish","type":"product","link":"https:\/\/trimakasi.eu\/hu\/product\/howlite\/","title":{"rendered":"Howlit kark\u00f6t\u0151"},"content":{"rendered":"<h3>Howlit \u2013 el\u0151ny\u00f6k<\/h3>\n<p>Ez a feh\u00e9r k\u0151 m\u00e9ly b\u00e9k\u00e9t, kikapcsol\u00f3d\u00e1st, harm\u00f3ni\u00e1t ny\u00fajt, nyugtat\u00f3 hat\u00e1ssal b\u00edr az \u00e9rzelmekre, ellen\u00e1ll\u00f3bb\u00e1 tesz benn\u00fcnket a stresszel szemben. A Howlit L\u00e1pis Howlit, Feh\u00e9r T\u00fcrkiz \u00e9s Kaolinite n\u00e9ven is ismert. Az \u00e9rzelmek csillap\u00edt\u00e1s\u00e1val ez a k\u0151 lelass\u00edthatja a hiperakt\u00edv elm\u00e9t, \u00e9s el\u0151seg\u00edtheti a m\u00e9ly \u00e9s b\u00e9k\u00e9s alv\u00e1st. Az\u00e1ltal, hogy megnyugtatja tudatalattinkat, seg\u00edthet a megrekedt \u00e9rzelmek felszabad\u00edt\u00e1s\u00e1ban, valamint seg\u00edts\u00e9get ny\u00fajthat a f\u00e1jdalom, a stressz vagy a harag megsz\u00fcntet\u00e9s\u00e9ben.<\/p>\n<p>Elem: <strong>Leveg\u0151<\/strong><\/p>\n<p id=\"tw-target-text\" class=\"tw-data-text tw-ta tw-text-small\" dir=\"ltr\" data-placeholder=\"P\u0159eklad\"><span lang=\"en\" tabindex=\"0\">Csillagjegyek: <strong>Nyilas, Oroszl\u00e1n, Sz\u0171z<\/strong><\/span><\/p>\n<p>A kark\u00f6t\u0151 a sz\u00edvcsakr\u00e1t harmoniz\u00e1lja:<\/p>\n<p><a href=\"https:\/\/trimakasi.eu\/wp-content\/uploads\/2020\/07\/\u010dakra4.jpg\"><img loading=\"lazy\" decoding=\"async\" class=\"alignnone size-full wp-image-83566\" src=\"https:\/\/trimakasi.eu\/wp-content\/uploads\/2020\/07\/\u010dakra4.jpg\" alt=\"Sz\u00edvcsakra\" width=\"79\" height=\"93\" srcset=\"https:\/\/trimakasi.eu\/wp-content\/uploads\/2020\/07\/\u010dakra4.jpg 79w, https:\/\/trimakasi.eu\/wp-content\/uploads\/2020\/07\/\u010dakra4-10x12.jpg 10w\" sizes=\"auto, (max-width: 79px) 100vw, 79px\" \/><\/a><\/p>\n<p><a href=\"https:\/\/trimakasi.eu\/hu\/videoblog\/\"><u>L\u00e1togassa meg videoblogunkat, hogy felfedezze a dr\u00e1gak\u00f6vek, \u00e1llat\u00f6v jelek, csakr\u00e1k \u00e9s m\u00e9g sok m\u00e1s k\u00f6z\u00f6tti \u00f6sszef\u00fcgg\u00e9seket.<\/u><\/a><\/p>","protected":false},"excerpt":{"rendered":"<p id=\"tw-target-text\" class=\"tw-data-text tw-ta tw-text-small\" dir=\"ltr\" data-placeholder=\"P\u0159eklad\"><span lang=\"en\" tabindex=\"0\">Ez a st\u00edlusos kark\u00f6t\u0151 howlitb\u00f3l k\u00e9sz\u00fclt, egy \u00e1sv\u00e1nyb\u00f3l, amely \u00fagy n\u00e9z ki, mint a luxus m\u00e1rv\u00e1ny.\u00a0<\/span>A hossz\u00fa le\u00edr\u00e1sb\u00f3l t\u00f6bbet is megtudhat a dr\u00e1gak\u0151 tulajdons\u00e1gair\u00f3l.<\/p>\n<p>V\u00e1lasszon kark\u00f6t\u0151t annak m\u00e9rete \u00e9s az utols\u00f3 gy\u00f6ngy sz\u00edne szerint.\u00a0<a href=\"https:\/\/trimakasi.eu\/hu\/hogyan-valasszuk-ki-a-karkoto-meretet\/\">A m\u00e9ret helyes meghat\u00e1roz\u00e1s\u00e1nak \u00fatmutat\u00f3ja itt tal\u00e1lhat\u00f3.<\/a><\/p>","protected":false},"featured_media":104813,"comment_status":"open","ping_status":"closed","template":"","meta":{"_acf_changed":false,"_themeisle_gutenberg_block_has_review":false},"product_brand":[],"product_cat":[1687,1064,1068,554,553],"product_tag":[],"class_list":{"0":"post-74575","1":"product","2":"type-product","3":"status-publish","4":"has-post-thumbnail","6":"product_cat-elastic-bracelets","7":"product_cat-mens-jewellery","8":"product_cat-natural-gemstone-bracelets-for-men","9":"product_cat-natural-gemstone-bracelets","10":"product_cat-womens-jewellery","12":"first","13":"outofstock","14":"taxable","15":"shipping-taxable","16":"purchasable","17":"product-type-variable","18":"has-default-attributes"},"acf":[],"_links":{"self":[{"href":"https:\/\/trimakasi.eu\/hu\/wp-json\/wp\/v2\/product\/74575","targetHints":{"allow":["GET"]}}],"collection":[{"href":"https:\/\/trimakasi.eu\/hu\/wp-json\/wp\/v2\/product"}],"about":[{"href":"https:\/\/trimakasi.eu\/hu\/wp-json\/wp\/v2\/types\/product"}],"replies":[{"embeddable":true,"href":"https:\/\/trimakasi.eu\/hu\/wp-json\/wp\/v2\/comments?post=74575"}],"wp:featuredmedia":[{"embeddable":true,"href":"https:\/\/trimakasi.eu\/hu\/wp-json\/wp\/v2\/media\/104813"}],"wp:attachment":[{"href":"https:\/\/trimakasi.eu\/hu\/wp-json\/wp\/v2\/media?parent=74575"}],"wp:term":[{"taxonomy":"product_brand","embeddable":true,"href":"https:\/\/trimakasi.eu\/hu\/wp-json\/wp\/v2\/product_brand?post=74575"},{"taxonomy":"product_cat","embeddable":true,"href":"https:\/\/trimakasi.eu\/hu\/wp-json\/wp\/v2\/product_cat?post=74575"},{"taxonomy":"product_tag","embeddable":true,"href":"https:\/\/trimakasi.eu\/hu\/wp-json\/wp\/v2\/product_tag?post=74575"}],"curies":[{"name":"wp","href":"https:\/\/api.w.org\/{rel}","templated":true}]}}