{"id":74321,"date":"2019-05-23T13:39:00","date_gmt":"2019-05-23T11:39:00","guid":{"rendered":"https:\/\/trimakasi.eu\/product\/mechovy-achat-naramek\/"},"modified":"2025-12-13T13:12:23","modified_gmt":"2025-12-13T12:12:23","slug":"moha-akat","status":"publish","type":"product","link":"https:\/\/trimakasi.eu\/hu\/product\/moss-agate\/","title":{"rendered":"Mohaach\u00e1t kark\u00f6t\u0151"},"content":{"rendered":"<h3>Moha ach\u00e1t \u2013 el\u0151ny\u00f6k<\/h3>\n<p id=\"tw-target-text\" class=\"tw-data-text tw-ta tw-text-small\" dir=\"ltr\" data-placeholder=\"P\u0159eklad\"><span lang=\"en\" tabindex=\"0\">A mohaach\u00e1t \u00e1ttetsz\u0151 vagy tejfeh\u00e9r \u00e1sv\u00e1ny, mang\u00e1n vagy vas dendritikus z\u00e1rv\u00e1nyaival, amelyek moha- vagy zuzm\u00f3szer\u0171ek. A s\u00e1m\u00e1nok, druid\u00e1k \u00e9s gy\u00f3gy\u00edt\u00f3k var\u00e1zslatos \u00e9s gy\u00f3gy\u00edt\u00f3 k\u00f6vek\u00e9nt tartj\u00e1k sz\u00e1mon. Ez a dr\u00e1gak\u0151 b\u00e9k\u00e9t \u00e9s stabilit\u00e1st ny\u00fajt test\u00fcnknek \u00e9s lelk\u00fcnknek, ami k\u00fcl\u00f6n\u00f6sen hasznos azok sz\u00e1m\u00e1ra, akik sz\u00e9ls\u0151s\u00e9ges hangulatingadoz\u00e1sokat tapasztalnak, \u00e9s akiket \u00e9rzelmi traum\u00e1k \u00e9rtek. \u00c1ll\u00edt\u00f3lag a jin \u00e9s jang energi\u00e1k harmoniz\u00e1l\u00e1s\u00e1ra, valamint h\u00e1rom k\u00fcl\u00f6nb\u00f6z\u0151 alapvet\u0151 energia - \u00e9rzelmi, fizikai \u00e9s intellektu\u00e1lis - kiegyens\u00falyoz\u00e1s\u00e1ra haszn\u00e1lhat\u00f3.<\/span><\/p>\n<p>A f\u00f6ldi energi\u00e1val val\u00f3 szoros kapcsolat \u00e9s f\u00f6ldel\u0151 hat\u00e1sa miatt ezt a k\u00f6vet az \u0151si harcosok stabilit\u00e1st \u00e9s er\u0151t hoz\u00f3 talizm\u00e1nk\u00e9nt tartott\u00e1k sz\u00e1mon. Ez a dr\u00e1gak\u0151 kapcsol\u00f3dik Gaia g\u00f6r\u00f6g istenn\u0151h\u00f6z, m\u00e1s n\u00e9ven a F\u00f6ld Anyj\u00e1hoz, aki a legenda szerint teremt\u0151 erej\u00e9vel vil\u00e1gszerte harm\u00f3ni\u00e1t tart fenn. L\u00e9tezik egy olyan elismert Gaia tudom\u00e1nyos elm\u00e9let, amely a F\u00f6ld bolyg\u00f3t \u00e9s annak bioszf\u00e9r\u00e1j\u00e1t olyan \u00e1tfog\u00f3 szuperorganizmusk\u00e9nt tartja sz\u00e1mon, amely szab\u00e1lyozza saj\u00e1t l\u00e9tez\u00e9s\u00e9nek felt\u00e9teleit.<\/p>\n<p>Elem:<strong> F\u00f6ld<\/strong><\/p>\n<p>Csillagjegyek:<strong> M\u00e9rleg, Sz\u0171z, Ikrek, Bika, Halak \u00e9s V\u00edz\u00f6nt\u0151<\/strong><\/p>\n<p>A kark\u00f6t\u0151 harmoniz\u00e1lja a sz\u00edvcsakr\u00e1t:<\/p>\n<p><img loading=\"lazy\" decoding=\"async\" class=\"alignnone size-full wp-image-72746\" src=\"https:\/\/trimakasi.cz\/wp-content\/uploads\/2018\/07\/\u010dakra4.jpg\" alt=\"Srde\u010dn\u00ed \u010dakra\" width=\"79\" height=\"93\" \/><\/p>\n<p><a href=\"https:\/\/trimakasi.eu\/hu\/videoblog\/\"><u>L\u00e1togassa meg videoblogunkat, hogy felfedezze a dr\u00e1gak\u00f6vek, \u00e1llat\u00f6v jelek, csakr\u00e1k \u00e9s m\u00e9g sok m\u00e1s k\u00f6z\u00f6tti \u00f6sszef\u00fcgg\u00e9seket.<\/u><\/a><\/p>","protected":false},"excerpt":{"rendered":"<p>A term\u00e9szetes mohaach\u00e1t a s\u00e1m\u00e1nok, druid\u00e1k \u00e9s hagyom\u00e1nyos gy\u00f3gy\u00edt\u00f3k m\u00e1gikus gy\u00f3gy\u00edt\u00f3 k\u00f6ve, amely er\u0151sen kapcsol\u00f3dik Az anyaf\u00f6ld energi\u00e1j\u00e1hoz. Tudjon meg t\u00f6bbet a dr\u00e1gak\u0151 tulajdons\u00e1gair\u00f3l a hossz\u00fa le\u00edr\u00e1sb\u00f3l.<\/p>\n<p>V\u00e1lasszon kark\u00f6t\u0151t annak m\u00e9rete \u00e9s az utols\u00f3 gy\u00f6ngy sz\u00edne szerint.\u00a0<a href=\"https:\/\/trimakasi.eu\/hu\/hogyan-valasszuk-ki-a-karkoto-meretet\/\">A m\u00e9ret helyes meghat\u00e1roz\u00e1s\u00e1nak \u00fatmutat\u00f3ja itt tal\u00e1lhat\u00f3.<\/a><\/p>","protected":false},"featured_media":105137,"comment_status":"open","ping_status":"closed","template":"","meta":{"_acf_changed":false,"_themeisle_gutenberg_block_has_review":false},"product_brand":[],"product_cat":[1687,1064,554,1068,553],"product_tag":[],"class_list":{"0":"post-74321","1":"product","2":"type-product","3":"status-publish","4":"has-post-thumbnail","6":"product_cat-elastic-bracelets","7":"product_cat-mens-jewellery","8":"product_cat-natural-gemstone-bracelets","9":"product_cat-natural-gemstone-bracelets-for-men","10":"product_cat-womens-jewellery","12":"first","13":"instock","14":"taxable","15":"shipping-taxable","16":"purchasable","17":"product-type-variable","18":"has-default-attributes"},"acf":[],"_links":{"self":[{"href":"https:\/\/trimakasi.eu\/hu\/wp-json\/wp\/v2\/product\/74321","targetHints":{"allow":["GET"]}}],"collection":[{"href":"https:\/\/trimakasi.eu\/hu\/wp-json\/wp\/v2\/product"}],"about":[{"href":"https:\/\/trimakasi.eu\/hu\/wp-json\/wp\/v2\/types\/product"}],"replies":[{"embeddable":true,"href":"https:\/\/trimakasi.eu\/hu\/wp-json\/wp\/v2\/comments?post=74321"}],"wp:featuredmedia":[{"embeddable":true,"href":"https:\/\/trimakasi.eu\/hu\/wp-json\/wp\/v2\/media\/105137"}],"wp:attachment":[{"href":"https:\/\/trimakasi.eu\/hu\/wp-json\/wp\/v2\/media?parent=74321"}],"wp:term":[{"taxonomy":"product_brand","embeddable":true,"href":"https:\/\/trimakasi.eu\/hu\/wp-json\/wp\/v2\/product_brand?post=74321"},{"taxonomy":"product_cat","embeddable":true,"href":"https:\/\/trimakasi.eu\/hu\/wp-json\/wp\/v2\/product_cat?post=74321"},{"taxonomy":"product_tag","embeddable":true,"href":"https:\/\/trimakasi.eu\/hu\/wp-json\/wp\/v2\/product_tag?post=74321"}],"curies":[{"name":"wp","href":"https:\/\/api.w.org\/{rel}","templated":true}]}}