{"id":74305,"date":"2019-05-23T13:38:41","date_gmt":"2019-05-23T11:38:41","guid":{"rendered":"https:\/\/trimakasi.eu\/product\/zeleny-jadeit-naramek\/"},"modified":"2025-07-28T14:41:24","modified_gmt":"2025-07-28T12:41:24","slug":"zold-jade","status":"publish","type":"product","link":"https:\/\/trimakasi.eu\/hu\/product\/green-jade\/","title":{"rendered":"Z\u00f6ld j\u00e1de kark\u00f6t\u0151"},"content":{"rendered":"<h3>Z\u00f6ld j\u00e1de \u2013 el\u0151ny\u00f6k<\/h3>\n<p>A z\u00f6ld j\u00e1de egy nagyon er\u0151s tiszt\u00edt\u00f3 k\u0151, amely eloszlatja a negat\u00edv gondolatokat \u00e9s az ingerl\u00e9kenys\u00e9get. A j\u00e1de mint talizm\u00e1n visel\u00e9se v\u00e9delmet ny\u00fajt a kudarcokkal \u00e9s a szerencs\u00e9tlens\u00e9gekkel szemben. A z\u00f6ld j\u00e1de egyetemesen v\u00e9d a betegs\u00e9gekkel szemben az\u00e1ltal, hogy fokozza az emberi test \u00e9leterej\u00e9t. Fiatal\u00edt\u00f3 hat\u00e1sa miatt \u00c1zsi\u00e1ban \u201eAz \u00f6r\u00f6k fiatals\u00e1g k\u00f6ve\u201d becen\u00e9ven ismert.<\/p>\n<p id=\"tw-target-text\" class=\"tw-data-text tw-ta tw-text-small\" dir=\"ltr\" data-placeholder=\"Translation\"><span lang=\"en\" tabindex=\"0\">\u00c1zsi\u00e1ban a j\u00e1de-t mindig nemes k\u0151k\u00e9nt im\u00e1dt\u00e1k, ugyanis a k\u00ednaiak \u00fagy v\u00e9lt\u00e9k, hogy a j\u00e1de minden betegs\u00e9gre gy\u00f3gy\u00edr, ez\u00e9rt ez a k\u0151 a k\u00ednai orvosl\u00e1s sarokk\u00f6ve. K\u00fcl\u00f6nf\u00e9le amulettekbe \u00e9s szobrokba is faragtak j\u00e1de-t, ezek k\u00f6z\u00fcl a legh\u00edresebbek a k\u00ednai cs\u00e1sz\u00e1r palot\u00e1j\u00e1t d\u00edsz\u00edt\u0151 s\u00e1rk\u00e1nyszobrok.<\/span><\/p>\n<p>Elem: <strong>F\u00f6ld<\/strong><\/p>\n<p>Csillagjegyek: <strong>Sz\u0171z, Kos, Bika \u00e9s M\u00e9rleg<\/strong><\/p>\n<p>A kark\u00f6t\u0151 a sz\u00edvcsakr\u00e1t harmoniz\u00e1lja:<\/p>\n<p><img loading=\"lazy\" decoding=\"async\" class=\"alignnone wp-image-72746\" src=\"https:\/\/trimakasi.cz\/wp-content\/uploads\/2018\/07\/\u010dakra4.jpg\" alt=\"Srde\u010dn\u00ed \u010dakra\" width=\"74\" height=\"87\" \/><u><\/u><\/p>\n<p><a href=\"https:\/\/trimakasi.eu\/hu\/videoblog\/\"><u>L\u00e1togassa meg videoblogunkat, hogy felfedezze a dr\u00e1gak\u00f6vek, \u00e1llat\u00f6v jelek, csakr\u00e1k \u00e9s m\u00e9g sok m\u00e1s k\u00f6z\u00f6tti \u00f6sszef\u00fcgg\u00e9seket.<\/u><\/a><\/p>","protected":false},"excerpt":{"rendered":"<p>A z\u00f6ld j\u00e1de hagyom\u00e1nyosan az egyik legnemesebb gy\u00f3gyk\u0151nek sz\u00e1m\u00edt, \u00c1zsi\u00e1ban \u201eAz \u00f6r\u00f6k fiatals\u00e1g k\u00f6ve\u201d \u00e1ln\u00e9ven ismerik. A z\u00f6ld j\u00e1de exkluz\u00edv matt fel\u00fclet\u0171. Tudjon meg t\u00f6bbet a k\u0151 tulajdons\u00e1gair\u00f3l a hossz\u00fa le\u00edr\u00e1sb\u00f3l.<\/p>\n<p>V\u00e1lasszon kark\u00f6t\u0151t annak m\u00e9rete \u00e9s az utols\u00f3 gy\u00f6ngy sz\u00edne szerint.\u00a0<a href=\"https:\/\/trimakasi.eu\/hu\/hogyan-valasszuk-ki-a-karkoto-meretet\/\">A m\u00e9ret helyes meghat\u00e1roz\u00e1s\u00e1nak \u00fatmutat\u00f3ja itt tal\u00e1lhat\u00f3.<\/a><\/p>","protected":false},"featured_media":105008,"comment_status":"open","ping_status":"closed","template":"","meta":{"_acf_changed":false,"_themeisle_gutenberg_block_has_review":false},"product_brand":[],"product_cat":[1687,1064,554,1068,553],"product_tag":[],"class_list":{"0":"post-74305","1":"product","2":"type-product","3":"status-publish","4":"has-post-thumbnail","6":"product_cat-elastic-bracelets","7":"product_cat-mens-jewellery","8":"product_cat-natural-gemstone-bracelets","9":"product_cat-natural-gemstone-bracelets-for-men","10":"product_cat-womens-jewellery","12":"first","13":"instock","14":"taxable","15":"shipping-taxable","16":"purchasable","17":"product-type-variable","18":"has-default-attributes"},"acf":[],"_links":{"self":[{"href":"https:\/\/trimakasi.eu\/hu\/wp-json\/wp\/v2\/product\/74305","targetHints":{"allow":["GET"]}}],"collection":[{"href":"https:\/\/trimakasi.eu\/hu\/wp-json\/wp\/v2\/product"}],"about":[{"href":"https:\/\/trimakasi.eu\/hu\/wp-json\/wp\/v2\/types\/product"}],"replies":[{"embeddable":true,"href":"https:\/\/trimakasi.eu\/hu\/wp-json\/wp\/v2\/comments?post=74305"}],"wp:featuredmedia":[{"embeddable":true,"href":"https:\/\/trimakasi.eu\/hu\/wp-json\/wp\/v2\/media\/105008"}],"wp:attachment":[{"href":"https:\/\/trimakasi.eu\/hu\/wp-json\/wp\/v2\/media?parent=74305"}],"wp:term":[{"taxonomy":"product_brand","embeddable":true,"href":"https:\/\/trimakasi.eu\/hu\/wp-json\/wp\/v2\/product_brand?post=74305"},{"taxonomy":"product_cat","embeddable":true,"href":"https:\/\/trimakasi.eu\/hu\/wp-json\/wp\/v2\/product_cat?post=74305"},{"taxonomy":"product_tag","embeddable":true,"href":"https:\/\/trimakasi.eu\/hu\/wp-json\/wp\/v2\/product_tag?post=74305"}],"curies":[{"name":"wp","href":"https:\/\/api.w.org\/{rel}","templated":true}]}}