{"id":74297,"date":"2019-05-23T13:38:32","date_gmt":"2019-05-23T11:38:32","guid":{"rendered":"https:\/\/trimakasi.eu\/product\/kyanit-naramek\/"},"modified":"2025-08-20T12:52:37","modified_gmt":"2025-08-20T10:52:37","slug":"kianit","status":"publish","type":"product","link":"https:\/\/trimakasi.eu\/hu\/product\/kyanite\/","title":{"rendered":"Kianit kark\u00f6t\u0151"},"content":{"rendered":"<h3>Kianit \u2013 el\u0151ny\u00f6k<\/h3>\n<p>Ennek az \u00e1sv\u00e1nynak a neve a g\u00f6r\u00f6g \u201ekyanos\u201d sz\u00f3b\u00f3l sz\u00e1rmazik, amely a ford\u00edt\u00e1sban \u201em\u00e9lyk\u00e9ket\u201d jelent. Azon kapcsolat rendk\u00edv\u00fcli krist\u00e1lya, amely megnyitja az elmek\u00f6zpontokat, fokozza a telepatikus \u00e9s pszich\u00e9s k\u00e9pess\u00e9geket, \u00e1thidalja a kommunik\u00e1ci\u00f3s er\u0151fesz\u00edt\u00e9seket, \u00e9s kapcsolatot biztos\u00edt a gy\u00f3gy\u00edt\u00f3 energia tov\u00e1bb\u00edt\u00e1s\u00e1hoz vagy fogad\u00e1s\u00e1hoz.<\/p>\n<p>A kianit h\u0171s\u00e9get, tisztess\u00e9get sugall \u00e9s seg\u00edt megtal\u00e1lni a vit\u00e1k kompromisszumos megold\u00e1s\u00e1t. Seg\u00edthet megtal\u00e1lni a harm\u00f3ni\u00e1t \u00e9s a k\u00f6z\u00f6s nyelvet a teljesen m\u00e1s emberek k\u00f6z\u00f6tt. Energi\u00e1ja rezon\u00e1l az emberi kommunik\u00e1ci\u00f3s k\u00e9pess\u00e9ggel, egy k\u00f6z\u00f6s frekvenci\u00e1ba egyes\u00edti a kommunik\u00e1ci\u00f3 rezg\u00e9s\u00e9t, \u00edgy abban seg\u00edti az embereket, hogy meg\u00e9rts\u00e9k egym\u00e1st. \u00dczleti tal\u00e1lkoz\u00f3k vagy diplom\u00e1ciai k\u00e9pviseletek sz\u00e1m\u00e1ra is nagyszer\u0171 k\u0151.<\/p>\n<p>Sz\u00e1rmaz\u00e1si orsz\u00e1g: <strong>Braz\u00edlia<\/strong><\/p>\n<p>Elem: <strong>V\u00edz<\/strong><\/p>\n<p>Csillagjegyek:<strong> Bika, M\u00e9rleg, Kos, Ikrek<\/strong><\/p>\n<p>A kark\u00f6t\u0151 a torokcsakr\u00e1t harmoniz\u00e1lja:<\/p>\n<p><a href=\"https:\/\/trimakasi.eu\/wp-content\/uploads\/\u010dakra5.jpg\"><img loading=\"lazy\" decoding=\"async\" class=\"alignnone size-full wp-image-138515\" src=\"https:\/\/trimakasi.eu\/wp-content\/uploads\/\u010dakra5.jpg\" alt=\"Torokcsakra\" width=\"81\" height=\"87\" srcset=\"https:\/\/trimakasi.eu\/wp-content\/uploads\/\u010dakra5.jpg 81w, https:\/\/trimakasi.eu\/wp-content\/uploads\/\u010dakra5-11x12.jpg 11w\" sizes=\"auto, (max-width: 81px) 100vw, 81px\" \/><\/a><\/p>\n<p><a href=\"https:\/\/trimakasi.eu\/hu\/videoblog\/\"><u>L\u00e1togassa meg videoblogunkat, hogy felfedezze a dr\u00e1gak\u00f6vek, \u00e1llat\u00f6v jelek, csakr\u00e1k \u00e9s m\u00e9g sok m\u00e1s k\u00f6z\u00f6tti \u00f6sszef\u00fcgg\u00e9seket.<\/u><\/a><\/p>","protected":false},"excerpt":{"rendered":"<p>Ez a gy\u00f6ny\u00f6r\u0171 \u00e9s ritka dr\u00e1gak\u0151 s\u00f6t\u00e9tk\u00e9k sz\u00edn\u00e9vel \u00e9s titokzatos t\u00fckr\u00f6z\u0151d\u00e9seivel fogja leny\u0171g\u00f6zni. Tudjon meg t\u00f6bbet err\u0151l a kark\u00f6t\u0151r\u0151l a hossz\u00fa le\u00edr\u00e1sb\u00f3l.<\/p>\n<p>V\u00e1lasszon kark\u00f6t\u0151t annak m\u00e9rete \u00e9s az utols\u00f3 gy\u00f6ngy sz\u00edne szerint.\u00a0<a href=\"https:\/\/trimakasi.eu\/hu\/hogyan-valasszuk-ki-a-karkoto-meretet\/\">A m\u00e9ret helyes meghat\u00e1roz\u00e1s\u00e1nak \u00fatmutat\u00f3ja itt tal\u00e1lhat\u00f3.<\/a><\/p>","protected":false},"featured_media":105098,"comment_status":"open","ping_status":"closed","template":"","meta":{"_acf_changed":false,"_themeisle_gutenberg_block_has_review":false},"product_brand":[],"product_cat":[1687,1064,1068,554,1316,553],"product_tag":[],"class_list":{"0":"post-74297","1":"product","2":"type-product","3":"status-publish","4":"has-post-thumbnail","6":"product_cat-elastic-bracelets","7":"product_cat-mens-jewellery","8":"product_cat-natural-gemstone-bracelets-for-men","9":"product_cat-natural-gemstone-bracelets","10":"product_cat-rare-gemstone-bracelets","11":"product_cat-womens-jewellery","13":"first","14":"instock","15":"taxable","16":"shipping-taxable","17":"purchasable","18":"product-type-variable","19":"has-default-attributes"},"acf":[],"_links":{"self":[{"href":"https:\/\/trimakasi.eu\/hu\/wp-json\/wp\/v2\/product\/74297","targetHints":{"allow":["GET"]}}],"collection":[{"href":"https:\/\/trimakasi.eu\/hu\/wp-json\/wp\/v2\/product"}],"about":[{"href":"https:\/\/trimakasi.eu\/hu\/wp-json\/wp\/v2\/types\/product"}],"replies":[{"embeddable":true,"href":"https:\/\/trimakasi.eu\/hu\/wp-json\/wp\/v2\/comments?post=74297"}],"wp:featuredmedia":[{"embeddable":true,"href":"https:\/\/trimakasi.eu\/hu\/wp-json\/wp\/v2\/media\/105098"}],"wp:attachment":[{"href":"https:\/\/trimakasi.eu\/hu\/wp-json\/wp\/v2\/media?parent=74297"}],"wp:term":[{"taxonomy":"product_brand","embeddable":true,"href":"https:\/\/trimakasi.eu\/hu\/wp-json\/wp\/v2\/product_brand?post=74297"},{"taxonomy":"product_cat","embeddable":true,"href":"https:\/\/trimakasi.eu\/hu\/wp-json\/wp\/v2\/product_cat?post=74297"},{"taxonomy":"product_tag","embeddable":true,"href":"https:\/\/trimakasi.eu\/hu\/wp-json\/wp\/v2\/product_tag?post=74297"}],"curies":[{"name":"wp","href":"https:\/\/api.w.org\/{rel}","templated":true}]}}