{"id":74281,"date":"2019-05-23T13:38:07","date_gmt":"2019-05-23T11:38:07","guid":{"rendered":"https:\/\/trimakasi.eu\/product\/pyrop-granat-naramek\/"},"modified":"2025-02-26T19:00:16","modified_gmt":"2025-02-26T18:00:16","slug":"granat-hezonit","status":"publish","type":"product","link":"https:\/\/trimakasi.eu\/hu\/product\/garnet-hesonite\/","title":{"rendered":"Hesszonit gr\u00e1n\u00e1t kark\u00f6t\u0151"},"content":{"rendered":"<h3>Hezonit \u2013 el\u0151ny\u00f6k<\/h3>\n<p id=\"tw-target-text\" class=\"tw-data-text tw-ta tw-text-small\" dir=\"ltr\" data-placeholder=\"P\u0159eklad\"><span lang=\"en\" tabindex=\"0\">A hesszonit a gr\u00e1n\u00e1t tiszta fajt\u00e1ja, amely n\u00f6veli a b\u00e1tors\u00e1got, er\u0151s\u00edti a karizm\u00e1t \u00e9s a vitalit\u00e1st, \u00e9s abban is seg\u00edt, hogy megtal\u00e1lja a m\u00e9lyen \u00d6nben rejl\u0151 kreat\u00edv er\u0151t. A gr\u00e1n\u00e1t mint az eg\u00e9szs\u00e9g v\u00e9d\u0151k\u00f6ve fokozza az \u00e9leter\u0151t \u00e9s az alapvet\u0151 t\u00fal\u00e9l\u00e9si \u00f6szt\u00f6n\u00f6ket. \u00c1ll\u00edt\u00f3lag seg\u00edt a term\u00e9kenys\u00e9gben \u00e9s a libid\u00f3ra is pozit\u00edv hat\u00e1ssal van. A gr\u00e1n\u00e1tot kor\u00e1bban m\u00e9regv\u00e9delemk\u00e9nt is viselt\u00e9k, \u00e9s \u00fagy gondolt\u00e1k, hogy k\u00e9pes semleges\u00edteni a m\u00e9rgeket. <\/span><\/p>\n<p class=\"tw-data-text tw-ta tw-text-small\" dir=\"ltr\" data-placeholder=\"P\u0159eklad\"><span lang=\"en\" tabindex=\"0\">Ment\u00e1lis szinten a gr\u00e1n\u00e1t elt\u00e1vol\u00edtja a negativit\u00e1st, enyh\u00edti a melankolikus \u00e9s depresszi\u00f3s \u00e1llapotokat. Kritikus pillanatokban b\u00e1tors\u00e1got \u00e9s rem\u00e9nyt ny\u00fajt. A mediv\u00e1lis keresztesek a v\u00e9delem \u00e9s a b\u00e1tors\u00e1g meger\u0151s\u00edt\u00e9se \u00e9rdek\u00e9ben gr\u00e1n\u00e1tot viseltek a szentf\u00f6ldi exped\u00edci\u00f3ik sor\u00e1n, \u00e9s ma ugyanezen c\u00e9lb\u00f3l az \u00fczletemberek is ezt az \u00e1sv\u00e1nyt viselik fontos t\u00e1rgyal\u00e1sok sor\u00e1n.<\/span><\/p>\n<p class=\"tw-data-text tw-ta tw-text-small\" dir=\"ltr\" data-placeholder=\"P\u0159eklad\"><span lang=\"en\" tabindex=\"0\">Elem: <strong>T\u0171z, F\u00f6ld <\/strong><\/span><\/p>\n<p class=\"tw-data-text tw-ta tw-text-small\" dir=\"ltr\" data-placeholder=\"P\u0159eklad\"><span lang=\"en\" tabindex=\"0\">Csillagjegyek: <strong>Bak, V\u00edz\u00f6nt\u0151, Skorpi\u00f3, Oroszl\u00e1n<\/strong><\/span><\/p>\n<p><span lang=\"en\" tabindex=\"0\">A gr\u00e1n\u00e1t ritka kapcsolatot hoz l\u00e9tre a gy\u00f6k\u00e9rcsakra \u00e9s a koronacsakra k\u00f6z\u00f6tt, el\u0151seg\u00edtve a ment\u00e1lis energia bejuttat\u00e1s\u00e1t \u00e9s annak megtart\u00e1s\u00e1t a fizikai testben.<\/span><\/p>\n<p><img loading=\"lazy\" decoding=\"async\" class=\"alignnone wp-image-72742\" src=\"https:\/\/trimakasi.cz\/wp-content\/uploads\/2018\/08\/\u010dakra1.jpg\" alt=\"Z\u00e1kladn\u00ed \u010dakra\" width=\"57\" height=\"62\" \/><img loading=\"lazy\" decoding=\"async\" class=\"alignnone wp-image-72749\" src=\"https:\/\/trimakasi.cz\/wp-content\/uploads\/2018\/07\/\u010dakra7.jpg\" alt=\"Korunn\u00ed \u010dakra\" width=\"59\" height=\"65\" \/><\/p>\n<p><a href=\"https:\/\/trimakasi.eu\/hu\/videoblog\/\"><u>L\u00e1togassa meg videoblogunkat, hogy felfedezze a dr\u00e1gak\u00f6vek, \u00e1llat\u00f6v jelek, csakr\u00e1k \u00e9s m\u00e9g sok m\u00e1s k\u00f6z\u00f6tti \u00f6sszef\u00fcgg\u00e9seket.<\/u><\/a><\/p>","protected":false},"excerpt":{"rendered":"<p>Sz\u00edn\u00e9nek k\u00f6sz\u00f6nhet\u0151en a gr\u00e1n\u00e1t elnyerte az \u201e\u00c9l\u0151 t\u0171z\u201d \u00e1lnevet. A nappali f\u00e9ny megvil\u00e1g\u00edthatja ennek az \u00e9rt\u00e9kes dr\u00e1gak\u0151nek a leny\u0171g\u00f6z\u0151 skarl\u00e1t bels\u0151 l\u00e1ngj\u00e1t. A hossz\u00fa le\u00edr\u00e1sb\u00f3l t\u00f6bbet is megtudhat a k\u0151 tulajdons\u00e1gair\u00f3l.<\/p>\n<p>V\u00e1lasszon kark\u00f6t\u0151t az utols\u00f3 gy\u00f6ngy m\u00e9rete \u00e9s sz\u00edne szerint.\u00a0<a href=\"https:\/\/trimakasi.eu\/hu\/hogyan-valasszuk-ki-a-karkoto-meretet\/\">A m\u00e9ret helyes meghat\u00e1roz\u00e1s\u00e1nak \u00fatmutat\u00f3ja itt tal\u00e1lhat\u00f3.<\/a><\/p>","protected":false},"featured_media":125000,"comment_status":"open","ping_status":"closed","template":"","meta":{"_acf_changed":false,"_themeisle_gutenberg_block_has_review":false},"product_brand":[],"product_cat":[1687,554,1316,553],"product_tag":[],"class_list":{"0":"post-74281","1":"product","2":"type-product","3":"status-publish","4":"has-post-thumbnail","6":"product_cat-elastic-bracelets","7":"product_cat-natural-gemstone-bracelets","8":"product_cat-rare-gemstone-bracelets","9":"product_cat-womens-jewellery","11":"first","12":"instock","13":"taxable","14":"shipping-taxable","15":"purchasable","16":"product-type-variable","17":"has-default-attributes"},"acf":[],"_links":{"self":[{"href":"https:\/\/trimakasi.eu\/hu\/wp-json\/wp\/v2\/product\/74281","targetHints":{"allow":["GET"]}}],"collection":[{"href":"https:\/\/trimakasi.eu\/hu\/wp-json\/wp\/v2\/product"}],"about":[{"href":"https:\/\/trimakasi.eu\/hu\/wp-json\/wp\/v2\/types\/product"}],"replies":[{"embeddable":true,"href":"https:\/\/trimakasi.eu\/hu\/wp-json\/wp\/v2\/comments?post=74281"}],"wp:featuredmedia":[{"embeddable":true,"href":"https:\/\/trimakasi.eu\/hu\/wp-json\/wp\/v2\/media\/125000"}],"wp:attachment":[{"href":"https:\/\/trimakasi.eu\/hu\/wp-json\/wp\/v2\/media?parent=74281"}],"wp:term":[{"taxonomy":"product_brand","embeddable":true,"href":"https:\/\/trimakasi.eu\/hu\/wp-json\/wp\/v2\/product_brand?post=74281"},{"taxonomy":"product_cat","embeddable":true,"href":"https:\/\/trimakasi.eu\/hu\/wp-json\/wp\/v2\/product_cat?post=74281"},{"taxonomy":"product_tag","embeddable":true,"href":"https:\/\/trimakasi.eu\/hu\/wp-json\/wp\/v2\/product_tag?post=74281"}],"curies":[{"name":"wp","href":"https:\/\/api.w.org\/{rel}","templated":true}]}}