{"id":74254,"date":"2019-05-23T13:37:39","date_gmt":"2019-05-23T11:37:39","guid":{"rendered":"https:\/\/trimakasi.eu\/product\/bily-kalcit-naramek\/"},"modified":"2024-11-02T23:03:08","modified_gmt":"2024-11-02T22:03:08","slug":"szelenit","status":"publish","type":"product","link":"https:\/\/trimakasi.eu\/hu\/product\/selenite\/","title":{"rendered":"Szelenit kark\u00f6t\u0151"},"content":{"rendered":"<h3 id=\"tw-target-text\" class=\"tw-data-text tw-text-large XcVN5d tw-ta\" dir=\"ltr\" data-placeholder=\"P\u0159eklad\"><span class=\"Y2IQFc\" lang=\"en\">Szelenit \u2013 el\u0151ny\u00f6k<\/span><\/h3>\n<p id=\"tw-target-text\" class=\"tw-data-text tw-ta tw-text-small\" dir=\"ltr\" data-placeholder=\"P\u0159eklad\"><span lang=\"en\" tabindex=\"0\">A feh\u00e9r szelenit tisztas\u00e1g\u00e1val hat a ment\u00e1lis fejl\u0151d\u00e9s\u00fcnkre. Megtiszt\u00edtja \u00e9s megnyugtatja az elm\u00e9t, cs\u00f6kkenti a stresszt, jav\u00edtja a mem\u00f3ri\u00e1t \u00e9s er\u0151s\u00edti az intu\u00edci\u00f3t. Ezenk\u00edv\u00fcl megtiszt\u00edt a negat\u00edv energi\u00e1t\u00f3l, n\u00f6veli a pozit\u00edv rezg\u00e9sek jelenl\u00e9t\u00e9t \u00e9s seg\u00edt a lustas\u00e1g elleni k\u00fczdelemben. A szelenit elnyeli az energi\u00e1t, \u00e9s transzmut\u00e1lva \u00e9s feler\u0151s\u00edtve adja azt vissza. Az \u00f3kori egyiptomiak a testben l\u00e9v\u0151 energiablokkok felsz\u00e1mol\u00e1s\u00e1ra haszn\u00e1lt\u00e1k.<\/span><\/p>\n<p dir=\"ltr\" data-placeholder=\"P\u0159eklad\">Sz\u00e1rmaz\u00e1si hely: <strong>Marokk\u00f3<\/strong><\/p>\n<p id=\"tw-target-text\" class=\"tw-data-text tw-ta tw-text-medium\" dir=\"ltr\" data-placeholder=\"P\u0159eklad\"><span lang=\"en\" tabindex=\"0\">Elem: <strong>F\u00f6ld, T\u0171z, V\u00edz, Leveg\u0151<\/strong><\/span><\/p>\n<p>Csillagjegyek: <strong>R\u00e1k, M\u00e9rleg, Oroszl\u00e1n<\/strong><\/p>\n<p>A kark\u00f6t\u0151 az \u00f6sszes csakr\u00e1t harmoniz\u00e1lja, legf\u0151k\u00e9ppen a sz\u00edvcsakr\u00e1ra \u00e9s a koronacsakr\u00e1ra van hat\u00e1ssal:<\/p>\n<p><img loading=\"lazy\" decoding=\"async\" class=\"alignnone wp-image-72746\" src=\"https:\/\/trimakasi.cz\/wp-content\/uploads\/2018\/07\/\u010dakra4.jpg\" alt=\"Srde\u010dn\u00ed \u010dakra\" width=\"68\" height=\"80\" \/><img loading=\"lazy\" decoding=\"async\" class=\"alignnone wp-image-72749\" src=\"https:\/\/trimakasi.cz\/wp-content\/uploads\/2018\/07\/\u010dakra7.jpg\" alt=\"Korunn\u00ed \u010dakra\" width=\"68\" height=\"75\" \/><\/p>\n<p><a href=\"https:\/\/trimakasi.eu\/hu\/videoblog\/\"><u>L\u00e1togassa meg videoblogunkat, hogy felfedezze a dr\u00e1gak\u00f6vek, \u00e1llat\u00f6v jelek, csakr\u00e1k \u00e9s m\u00e9g sok m\u00e1s k\u00f6z\u00f6tti \u00f6sszef\u00fcgg\u00e9seket.<\/u><\/a><\/p>","protected":false},"excerpt":{"rendered":"<p id=\"tw-target-text\" class=\"tw-data-text tw-ta tw-text-small\" dir=\"ltr\" data-placeholder=\"P\u0159eklad\"><span lang=\"en\" tabindex=\"0\">A tiszta feh\u00e9r szelenit megsemmis\u00edti a negat\u00edv energi\u00e1t, \u00e9s f\u00e9nyt, b\u00e9k\u00e9t \u00e9s harm\u00f3ni\u00e1t hozhat az \u00e9let\u00fcnkbe. FIGYELEM: A szelenit egy nagyon puha term\u00e9szetes dr\u00e1gak\u0151, amelyet gondatlan haszn\u00e1lat vagy bizonyos folyad\u00e9koknak val\u00f3 kitetts\u00e9g k\u00f6nnyen megs\u00e9rthet! Tudjon meg t\u00f6bbet err\u0151l a dr\u00e1gak\u0151r\u0151l a hossz\u00fa le\u00edr\u00e1sb\u00f3l.<\/span><\/p>\n<p>V\u00e1lasszon kark\u00f6t\u0151t annak m\u00e9rete \u00e9s az utols\u00f3 gy\u00f6ngy sz\u00edne szerint.\u00a0<a href=\"https:\/\/trimakasi.eu\/hu\/hogyan-valasszuk-ki-a-karkoto-meretet\/\">A m\u00e9ret helyes meghat\u00e1roz\u00e1s\u00e1nak \u00fatmutat\u00f3ja itt tal\u00e1lhat\u00f3.<\/a><\/p>","protected":false},"featured_media":74859,"comment_status":"open","ping_status":"closed","template":"","meta":{"_acf_changed":false,"_themeisle_gutenberg_block_has_review":false},"product_brand":[],"product_cat":[1687,554,553],"product_tag":[],"class_list":{"0":"post-74254","1":"product","2":"type-product","3":"status-publish","4":"has-post-thumbnail","6":"product_cat-elastic-bracelets","7":"product_cat-natural-gemstone-bracelets","8":"product_cat-womens-jewellery","10":"first","11":"instock","12":"taxable","13":"shipping-taxable","14":"purchasable","15":"product-type-variable","16":"has-default-attributes"},"acf":[],"_links":{"self":[{"href":"https:\/\/trimakasi.eu\/hu\/wp-json\/wp\/v2\/product\/74254","targetHints":{"allow":["GET"]}}],"collection":[{"href":"https:\/\/trimakasi.eu\/hu\/wp-json\/wp\/v2\/product"}],"about":[{"href":"https:\/\/trimakasi.eu\/hu\/wp-json\/wp\/v2\/types\/product"}],"replies":[{"embeddable":true,"href":"https:\/\/trimakasi.eu\/hu\/wp-json\/wp\/v2\/comments?post=74254"}],"wp:featuredmedia":[{"embeddable":true,"href":"https:\/\/trimakasi.eu\/hu\/wp-json\/wp\/v2\/media\/74859"}],"wp:attachment":[{"href":"https:\/\/trimakasi.eu\/hu\/wp-json\/wp\/v2\/media?parent=74254"}],"wp:term":[{"taxonomy":"product_brand","embeddable":true,"href":"https:\/\/trimakasi.eu\/hu\/wp-json\/wp\/v2\/product_brand?post=74254"},{"taxonomy":"product_cat","embeddable":true,"href":"https:\/\/trimakasi.eu\/hu\/wp-json\/wp\/v2\/product_cat?post=74254"},{"taxonomy":"product_tag","embeddable":true,"href":"https:\/\/trimakasi.eu\/hu\/wp-json\/wp\/v2\/product_tag?post=74254"}],"curies":[{"name":"wp","href":"https:\/\/api.w.org\/{rel}","templated":true}]}}