{"id":73990,"date":"2022-05-23T13:16:36","date_gmt":"2022-05-23T11:16:36","guid":{"rendered":"https:\/\/trimakasi.eu\/product\/modry-apatit-naramek\/"},"modified":"2025-09-09T20:41:36","modified_gmt":"2025-09-09T18:41:36","slug":"kek-apatit","status":"publish","type":"product","link":"https:\/\/trimakasi.eu\/hu\/product\/blue-apatite\/","title":{"rendered":"K\u00e9k apatit kark\u00f6t\u0151"},"content":{"rendered":"<h3>K\u00e9k apatit \u2013 el\u0151ny\u00f6k<\/h3>\n<p class=\"tw-data-text tw-ta tw-text-small\" dir=\"ltr\" data-placeholder=\"P\u0159eklad\">Az Apatit a \u201eMegval\u00f3s\u00edt\u00e1s k\u00f6ve\u201d n\u00e9ven ismert, amely a tudat \u00e9s az anyag \u00f6sszekapcsol\u00e1s\u00e1val seg\u00edtheti megval\u00f3s\u00edtani gondolatait. Ez a k\u0151 seg\u00edti, hogy az energia az elm\u00e9be jusson az\u00e1ltal, hogy megsz\u00fcnteti a zavarts\u00e1got, az ap\u00e1ti\u00e1t \u00e9s a negativit\u00e1st. \u00c9ppen ellenkez\u0151leg, \u00f6szt\u00f6nzi az elm\u00e9t az ismeretek b\u0151v\u00edt\u00e9s\u00e9re, ami seg\u00edti a szem\u00e9lyes n\u00f6veked\u00e9st. Ez a dr\u00e1gak\u0151 megtiszt\u00edthatja az elm\u00e9t \u00e9s seg\u00edthet az igazs\u00e1g felt\u00e1r\u00e1s\u00e1ban.<\/p>\n<p id=\"tw-target-text\" class=\"tw-data-text tw-ta tw-text-small\" dir=\"ltr\" data-placeholder=\"P\u0159eklad\">A k\u00e9k apatit egyben motiv\u00e1ci\u00f3s k\u0151 is, amely el\u0151seg\u00edti a f\u00fcggetlens\u00e9get \u00e9s az amb\u00edci\u00f3kat. Ez\u00e9rt k\u00fcl\u00f6n\u00f6sen alkalmas \u00e9rt\u00e9kes\u00edt\u00e9si k\u00e9pvisel\u0151k \u00e9s vezet\u0151k sz\u00e1m\u00e1ra.<\/p>\n<p class=\"tw-data-text tw-ta tw-text-small\" dir=\"ltr\" data-placeholder=\"P\u0159eklad\">Ez az \u00daj Kor k\u00f6ve, ugyanis csup\u00e1n nemr\u00e9giben, a 19. sz\u00e1zadban fedezt\u00e9k fel \u00e9s jellemezt\u00e9k. Ennek az \u00e1sv\u00e1nynak a n\u00e9pszer\u0171s\u00e9ge az ut\u00f3bbi \u00e9vekben gyorsan n\u00f6vekedett. Miut\u00e1n r\u00e9szletesen megvizsg\u00e1lta az \u00e1sv\u00e1nyi anyag sz\u00edn\u00e9t \u00e9s szerkezet\u00e9t, meg fogja \u00e9rteni, mi\u00e9rt.<\/p>\n<p>Elem: <strong>V\u00edz<\/strong><\/p>\n<p>Csillagjegyek: <strong>Ikrek, M\u00e9rleg, V\u00edz\u00f6nt\u0151, Kos, Oroszl\u00e1n<\/strong><\/p>\n<p>Ez a kark\u00f6t\u0151 harmoniz\u00e1lja a torokcsakr\u00e1t, a harmadik szem csakr\u00e1t \u00e9s a koronacsakr\u00e1t:<\/p>\n<p><img loading=\"lazy\" decoding=\"async\" class=\"alignnone wp-image-72747\" src=\"https:\/\/trimakasi.cz\/wp-content\/uploads\/2018\/07\/\u010dakra5.jpg\" alt=\"Hrdeln\u00ed \u010dakra\" width=\"68\" height=\"73\" \/><img loading=\"lazy\" decoding=\"async\" class=\"alignnone wp-image-72748\" style=\"color: #333333; font-size: 14.4px;\" src=\"https:\/\/trimakasi.cz\/wp-content\/uploads\/2018\/07\/\u010dakra6.jpg\" alt=\"\" width=\"70\" height=\"67\" \/>\u00a0<img loading=\"lazy\" decoding=\"async\" class=\"alignnone wp-image-74571\" src=\"https:\/\/trimakasi.eu\/wp-content\/uploads\/2019\/05\/akra7.jpg\" alt=\"\" width=\"77\" height=\"85\" srcset=\"https:\/\/trimakasi.eu\/wp-content\/uploads\/2019\/05\/akra7.jpg 92w, https:\/\/trimakasi.eu\/wp-content\/uploads\/2019\/05\/akra7-11x12.jpg 11w\" sizes=\"auto, (max-width: 77px) 100vw, 77px\" \/><\/p>\n<p><a href=\"https:\/\/trimakasi.eu\/hu\/videoblog\/\"><u>L\u00e1togassa meg videoblogunkat, hogy felfedezze a dr\u00e1gak\u00f6vek, \u00e1llat\u00f6v jelek, csakr\u00e1k \u00e9s m\u00e9g sok m\u00e1s k\u00f6z\u00f6tti \u00f6sszef\u00fcgg\u00e9seket.<\/u><\/a><\/p>","protected":false},"excerpt":{"rendered":"<p id=\"tw-target-text\" class=\"tw-data-text tw-ta tw-text-small\" dir=\"ltr\" data-placeholder=\"P\u0159eklad\"><span lang=\"en\" tabindex=\"0\">Friss k\u00e9k <\/span><span lang=\"en\" tabindex=\"0\">\u00a0sz\u00edne sim\u00e1n beillik a t\u00fcrkiz \u00e1rnyalatok k\u00f6z\u00e9, pozit\u00edv energi\u00e1t \u00e1raszt a l\u00e9lekbe \u00e9s a testbe, \u00e9s seg\u00edt lek\u00fczdeni a probl\u00e9m\u00e1kat az \u00e9let neh\u00e9z szakaszaiban.\u00a0<\/span>A hossz\u00fa le\u00edr\u00e1sb\u00f3l t\u00f6bbet is megtudhat a dr\u00e1gak\u0151 tulajdons\u00e1gair\u00f3l.<\/p>\n<p>V\u00e1lasszon kark\u00f6t\u0151t annak m\u00e9rete \u00e9s az utols\u00f3 gy\u00f6ngy sz\u00edne szerint.\u00a0<a href=\"https:\/\/trimakasi.eu\/hu\/hogyan-valasszuk-ki-a-karkoto-meretet\/\">A m\u00e9ret helyes meghat\u00e1roz\u00e1s\u00e1nak \u00fatmutat\u00f3ja itt tal\u00e1lhat\u00f3.<\/a><\/p>","protected":false},"featured_media":105028,"comment_status":"open","ping_status":"closed","template":"","meta":{"_acf_changed":false,"_themeisle_gutenberg_block_has_review":false},"product_brand":[],"product_cat":[1687,1064,1068,554,553],"product_tag":[],"class_list":{"0":"post-73990","1":"product","2":"type-product","3":"status-publish","4":"has-post-thumbnail","6":"product_cat-elastic-bracelets","7":"product_cat-mens-jewellery","8":"product_cat-natural-gemstone-bracelets-for-men","9":"product_cat-natural-gemstone-bracelets","10":"product_cat-womens-jewellery","12":"first","13":"instock","14":"taxable","15":"shipping-taxable","16":"purchasable","17":"product-type-variable","18":"has-default-attributes"},"acf":[],"_links":{"self":[{"href":"https:\/\/trimakasi.eu\/hu\/wp-json\/wp\/v2\/product\/73990","targetHints":{"allow":["GET"]}}],"collection":[{"href":"https:\/\/trimakasi.eu\/hu\/wp-json\/wp\/v2\/product"}],"about":[{"href":"https:\/\/trimakasi.eu\/hu\/wp-json\/wp\/v2\/types\/product"}],"replies":[{"embeddable":true,"href":"https:\/\/trimakasi.eu\/hu\/wp-json\/wp\/v2\/comments?post=73990"}],"wp:featuredmedia":[{"embeddable":true,"href":"https:\/\/trimakasi.eu\/hu\/wp-json\/wp\/v2\/media\/105028"}],"wp:attachment":[{"href":"https:\/\/trimakasi.eu\/hu\/wp-json\/wp\/v2\/media?parent=73990"}],"wp:term":[{"taxonomy":"product_brand","embeddable":true,"href":"https:\/\/trimakasi.eu\/hu\/wp-json\/wp\/v2\/product_brand?post=73990"},{"taxonomy":"product_cat","embeddable":true,"href":"https:\/\/trimakasi.eu\/hu\/wp-json\/wp\/v2\/product_cat?post=73990"},{"taxonomy":"product_tag","embeddable":true,"href":"https:\/\/trimakasi.eu\/hu\/wp-json\/wp\/v2\/product_tag?post=73990"}],"curies":[{"name":"wp","href":"https:\/\/api.w.org\/{rel}","templated":true}]}}