{"id":73975,"date":"2019-05-23T13:16:10","date_gmt":"2019-05-23T11:16:10","guid":{"rendered":"https:\/\/trimakasi.eu\/product\/iolit-naramek\/"},"modified":"2025-07-12T10:22:02","modified_gmt":"2025-07-12T08:22:02","slug":"iolit","status":"publish","type":"product","link":"https:\/\/trimakasi.eu\/hu\/product\/iolite\/","title":{"rendered":"Iolit kark\u00f6t\u0151"},"content":{"rendered":"<h3>Iolit \u2013 el\u0151ny\u00f6k<\/h3>\n<p>Ez a dr\u00e1gak\u0151 a viking navig\u00e1torokhoz kapcsol\u00f3dik, akik a legenda szerint ir\u00e1nyt\u0171k\u00e9nt szolg\u00e1ltak a tengeren t\u00f6rt\u00e9n\u0151 t\u00e1j\u00e9koz\u00f3d\u00e1s sor\u00e1n. Amikor olyan volt a helyzet, hogy a vastag felh\u0151r\u00e9teg m\u00f6g\u00fcl nem lehetett l\u00e1tni a napot, a vikingek elvesztek a tengeren. A nap \u00e1ll\u00e1sa n\u00e9lk\u00fcl nem tudt\u00e1k meghat\u00e1rozni a hely\u00fcket \u00e9s a k\u00f6vetkez\u0151 \u00fat ir\u00e1ny\u00e1t. Ezt azonban az iolit dr\u00e1gak\u0151, egy term\u00e9szetes \u00e1sv\u00e1nyi anyag megv\u00e1ltoztatta, ugyanis nagyon er\u0151sen k\u00e9pes reag\u00e1lni a napf\u00e9nyre \u00e9s k\u00e9pes megv\u00e1ltoztatni a sz\u00edn\u00e9t, amikor a napsugarak a fel\u00fclet\u00e9re hatnak. Teh\u00e1t a vikingeknek a fej\u00fck f\u00f6l\u00e9 kellett emelni\u00fck a krist\u00e1lyt, \u00e9s k\u00f6rbe kellett k\u00f6r\u00f6zni\u00fck a felh\u0151s \u00e9gen. Abban a pillanatban, amikor a krist\u00e1ly vil\u00e1goss\u00e1 v\u00e1lt, pontosan tudt\u00e1k, mely ir\u00e1nyban tal\u00e1lhat\u00f3 a nap.<\/p>\n<p>A legend\u00e1k szerint Leif Eriksson \u00e9s m\u00e1s viking felfedez\u0151k is messze mer\u00e9szkedtek az Atlanti-\u00f3ce\u00e1n partj\u00e1t\u00f3l, ebben titkos fegyver\u00fck, az iolit krist\u00e1ly volt seg\u00edts\u00e9g\u00fckre. Ennek a dr\u00e1gak\u0151nek k\u00f6sz\u00f6nhet\u0151en meg tudt\u00e1k hat\u00e1rozni a nap pontos hely\u00e9t, \u00e9s \u00edgy biztons\u00e1gosan el\u00e9rt\u00e9k az amerikai kontinenst, majd vissza is tal\u00e1ltak onnan. Kor\u00e1bban egyesek az iolitot \u201ev\u00edzi zaf\u00edrnak\u201d nevezt\u00e9k, mert egy bizonyos sz\u00f6gben val\u00f3ban hasonl\u00edthat az \u00e9rt\u00e9kes zaf\u00edr dr\u00e1gak\u0151re.<\/p>\n<p>Az iolit s\u00f6t\u00e9tlila \u00e1rnyalata k\u00f6zvetlen\u00fcl az alkonyat energi\u00e1j\u00e1val rezon\u00e1l, ide\u00e1lis \u00e1lmodoz\u00f3knak \u00e9s l\u00e1tnokoknak. T\u00f6k\u00e9letes k\u0151 a vezet\u0151k sz\u00e1m\u00e1ra, akik fant\u00e1zi\u00e1j\u00e1nak kreat\u00edvnak kell lennie. Seg\u00edti \u0151ket a helyes \u00fat megtal\u00e1l\u00e1s\u00e1ban az \u00e9letben, \u00e9s az intu\u00edci\u00f3juk meger\u0151s\u00edt\u00e9s\u00e9vel el\u0151seg\u00edti az eredeti \u00f6tleteket. V\u00e9d\u0151k\u0151k\u00e9nt is szolg\u00e1l a zar\u00e1ndokok \u00e9s az utaz\u00f3k sz\u00e1m\u00e1ra, hogy hazat\u00e9rjenek. A bels\u0151 kincs k\u00f6v\u00e9nek is bec\u00e9zik, mert \u00e1ll\u00edt\u00f3lag k\u00e9pes felszabad\u00edtani az emberekben rejl\u0151 rejtett lehet\u0151s\u00e9geket, amelyekr\u0151l kor\u00e1bban fogalmuk sem volt.<\/p>\n<div>Elem: <strong>V\u00edz<\/strong><\/div>\n<div><\/div>\n<div>Csillagjegyek: <strong>Halak, R\u00e1k, Skorpi\u00f3, M\u00e9rleg, Kos<\/strong><\/div>\n<div><\/div>\n<div>A kark\u00f6t\u0151 harmoniz\u00e1lja a torokcsakr\u00e1t \u00e9s a harmadik szem csakr\u00e1t<\/div>\n<div><a href=\"https:\/\/trimakasi.eu\/wp-content\/uploads\/\u010dakra5.jpg\"><img loading=\"lazy\" decoding=\"async\" class=\"alignnone size-full wp-image-138515\" src=\"https:\/\/trimakasi.eu\/wp-content\/uploads\/\u010dakra5.jpg\" alt=\"Torokcsakra\" width=\"81\" height=\"87\" srcset=\"https:\/\/trimakasi.eu\/wp-content\/uploads\/\u010dakra5.jpg 81w, https:\/\/trimakasi.eu\/wp-content\/uploads\/\u010dakra5-11x12.jpg 11w\" sizes=\"auto, (max-width: 81px) 100vw, 81px\" \/><\/a><a href=\"https:\/\/trimakasi.eu\/wp-content\/uploads\/\u010dakra6.jpg\"><img loading=\"lazy\" decoding=\"async\" class=\"alignnone size-full wp-image-138516\" src=\"https:\/\/trimakasi.eu\/wp-content\/uploads\/\u010dakra6.jpg\" alt=\"Harmadik szem csakra:\" width=\"103\" height=\"98\" srcset=\"https:\/\/trimakasi.eu\/wp-content\/uploads\/\u010dakra6.jpg 103w, https:\/\/trimakasi.eu\/wp-content\/uploads\/\u010dakra6-13x12.jpg 13w\" sizes=\"auto, (max-width: 103px) 100vw, 103px\" \/><\/a><\/div>\n<div><a href=\"https:\/\/trimakasi.eu\/hu\/videoblog\/\"><u>L\u00e1togassa meg videoblogunkat, hogy felfedezze a dr\u00e1gak\u00f6vek, \u00e1llat\u00f6v jelek, csakr\u00e1k \u00e9s m\u00e9g sok m\u00e1s k\u00f6z\u00f6tti \u00f6sszef\u00fcgg\u00e9seket.<\/u><\/a><\/div>","protected":false},"excerpt":{"rendered":"<p>Az iolit a sz\u00fcrke, valamint az indig\u00f3k\u00e9kt\u0151l eg\u00e9szen lil\u00e1ig terjed\u0151 sz\u00ednei a s\u00f6t\u00e9t t\u00e9li \u00e9gre eml\u00e9keztetnek. Az utaz\u00f3k k\u00f6ve, \u00e9s a legenda szerint a \u201eVikingek k\u00f6ve\u201d n\u00e9ven ismert. A hossz\u00fa le\u00edr\u00e1sb\u00f3l t\u00f6bbet is megtudhat a k\u0151 tulajdons\u00e1gair\u00f3l.<\/p>\n<p>V\u00e1lasszon kark\u00f6t\u0151t annak m\u00e9rete \u00e9s az utols\u00f3 gy\u00f6ngy sz\u00edne szerint.\u00a0<a href=\"https:\/\/trimakasi.eu\/hu\/hogyan-valasszuk-ki-a-karkoto-meretet\/\"><u>A m\u00e9ret helyes meghat\u00e1roz\u00e1s\u00e1nak \u00fatmutat\u00f3ja itt tal\u00e1lhat\u00f3.<\/u><\/a><\/p>","protected":false},"featured_media":105081,"comment_status":"open","ping_status":"closed","template":"","meta":{"_acf_changed":false,"_themeisle_gutenberg_block_has_review":false},"product_brand":[],"product_cat":[1687,1064,1068,554,1316,553],"product_tag":[],"class_list":{"0":"post-73975","1":"product","2":"type-product","3":"status-publish","4":"has-post-thumbnail","6":"product_cat-elastic-bracelets","7":"product_cat-mens-jewellery","8":"product_cat-natural-gemstone-bracelets-for-men","9":"product_cat-natural-gemstone-bracelets","10":"product_cat-rare-gemstone-bracelets","11":"product_cat-womens-jewellery","13":"first","14":"instock","15":"taxable","16":"shipping-taxable","17":"purchasable","18":"product-type-variable","19":"has-default-attributes"},"acf":[],"_links":{"self":[{"href":"https:\/\/trimakasi.eu\/hu\/wp-json\/wp\/v2\/product\/73975","targetHints":{"allow":["GET"]}}],"collection":[{"href":"https:\/\/trimakasi.eu\/hu\/wp-json\/wp\/v2\/product"}],"about":[{"href":"https:\/\/trimakasi.eu\/hu\/wp-json\/wp\/v2\/types\/product"}],"replies":[{"embeddable":true,"href":"https:\/\/trimakasi.eu\/hu\/wp-json\/wp\/v2\/comments?post=73975"}],"wp:featuredmedia":[{"embeddable":true,"href":"https:\/\/trimakasi.eu\/hu\/wp-json\/wp\/v2\/media\/105081"}],"wp:attachment":[{"href":"https:\/\/trimakasi.eu\/hu\/wp-json\/wp\/v2\/media?parent=73975"}],"wp:term":[{"taxonomy":"product_brand","embeddable":true,"href":"https:\/\/trimakasi.eu\/hu\/wp-json\/wp\/v2\/product_brand?post=73975"},{"taxonomy":"product_cat","embeddable":true,"href":"https:\/\/trimakasi.eu\/hu\/wp-json\/wp\/v2\/product_cat?post=73975"},{"taxonomy":"product_tag","embeddable":true,"href":"https:\/\/trimakasi.eu\/hu\/wp-json\/wp\/v2\/product_tag?post=73975"}],"curies":[{"name":"wp","href":"https:\/\/api.w.org\/{rel}","templated":true}]}}