{"id":73964,"date":"2020-05-23T13:16:10","date_gmt":"2020-05-23T11:16:10","guid":{"rendered":"https:\/\/trimakasi.eu\/product\/charoit-naramek\/"},"modified":"2025-10-20T13:59:16","modified_gmt":"2025-10-20T11:59:16","slug":"csaroit","status":"publish","type":"product","link":"https:\/\/trimakasi.eu\/hu\/product\/charoite\/","title":{"rendered":"Csaroit kark\u00f6t\u0151"},"content":{"rendered":"<h3>Charoite \u2013 el\u0151ny\u00f6k<\/h3>\n<p>A csaroit egy viszonylag \u00faj geol\u00f3giai felfedez\u00e9s - el\u0151sz\u00f6r 1940-ben fedezt\u00e9k fel Oroszorsz\u00e1gban, a Chara foly\u00f3 k\u00f6zel\u00e9ben. A \u201echary\u201d orosz sz\u00f3 jelent\u00e9se var\u00e1zslat \u00e9s var\u00e1zslatok. Ez egy \u00faj k\u0151, amely tulajdons\u00e1gair\u00f3l m\u00e9g nem sok inform\u00e1ci\u00f3t publik\u00e1ltak.<\/p>\n<p>A csaroit m\u00e1s n\u00e9ven \u201eaz \u00e1talakul\u00e1s k\u00f6ve\u201d, ugyanis ez egy er\u0151sen spiritu\u00e1lis k\u0151, amely seg\u00edt megtiszt\u00edtani az elm\u00e9t a f\u00e9lelemt\u0151l \u00e9s a negativit\u00e1st\u00f3l.<\/p>\n<p>Elem: <strong>Leveg\u0151<\/strong><\/p>\n<p>Csillagjegyek: <strong>Skorpi\u00f3, Nyilas, Sz\u0171z<\/strong><\/p>\n<p>A k\u0151 a koronacsakra \u00e9s a sz\u00edvcsakra k\u00f6z\u00f6tti egyed\u00fcl\u00e1ll\u00f3 szint\u00e9zist testes\u00edti meg, ami magas szellemi energi\u00e1t \u00e9s felt\u00e9tel n\u00e9lk\u00fcli szeretetet testes\u00edt meg. A harmadik szem csakr\u00e1t is harmoniz\u00e1lja.<\/p>\n<p><a href=\"https:\/\/trimakasi.eu\/wp-content\/uploads\/2020\/07\/\u010dakra4.jpg\"><img loading=\"lazy\" decoding=\"async\" class=\"alignnone size-full wp-image-83566\" src=\"https:\/\/trimakasi.eu\/wp-content\/uploads\/2020\/07\/\u010dakra4.jpg\" alt=\"Sz\u00edvcsakra\" width=\"79\" height=\"93\" srcset=\"https:\/\/trimakasi.eu\/wp-content\/uploads\/2020\/07\/\u010dakra4.jpg 79w, https:\/\/trimakasi.eu\/wp-content\/uploads\/2020\/07\/\u010dakra4-10x12.jpg 10w\" sizes=\"auto, (max-width: 79px) 100vw, 79px\" \/><\/a><a href=\"https:\/\/trimakasi.eu\/wp-content\/uploads\/\u010dakra6.jpg\"><img loading=\"lazy\" decoding=\"async\" class=\"alignnone size-full wp-image-138516\" src=\"https:\/\/trimakasi.eu\/wp-content\/uploads\/\u010dakra6.jpg\" alt=\"Harmadik szem csakra:\" width=\"103\" height=\"98\" srcset=\"https:\/\/trimakasi.eu\/wp-content\/uploads\/\u010dakra6.jpg 103w, https:\/\/trimakasi.eu\/wp-content\/uploads\/\u010dakra6-13x12.jpg 13w\" sizes=\"auto, (max-width: 103px) 100vw, 103px\" \/><\/a><a href=\"https:\/\/trimakasi.eu\/wp-content\/uploads\/crown-chakra.jpg\"><img loading=\"lazy\" decoding=\"async\" class=\"alignnone size-full wp-image-132743\" src=\"https:\/\/trimakasi.eu\/wp-content\/uploads\/crown-chakra.jpg\" alt=\"\" width=\"92\" height=\"102\" srcset=\"https:\/\/trimakasi.eu\/wp-content\/uploads\/crown-chakra.jpg 92w, https:\/\/trimakasi.eu\/wp-content\/uploads\/crown-chakra-11x12.jpg 11w\" sizes=\"auto, (max-width: 92px) 100vw, 92px\" \/><\/a><\/p>\n<p><a href=\"https:\/\/trimakasi.eu\/hu\/videoblog\/\"><u>L\u00e1togassa meg videoblogunkat, hogy felfedezze a dr\u00e1gak\u00f6vek, \u00e1llat\u00f6v jelek, csakr\u00e1k \u00e9s m\u00e9g sok m\u00e1s k\u00f6z\u00f6tti \u00f6sszef\u00fcgg\u00e9seket.<\/u><\/a><\/p>","protected":false},"excerpt":{"rendered":"<p>A charoite egy var\u00e1zslatos term\u00e9szetes k\u0151, amely a megk\u00f6vesedett \u00f6rv\u00e9nyl\u0151 energi\u00e1hoz hasonl\u00edt. Ez egy rendk\u00edv\u00fcl spiritu\u00e1lis k\u0151, egyedi rezg\u00e9sekkel. Hagyja, hogy ez az \u201e\u00c1ltalakul\u00e1s K\u00f6ve\u201d vezessen el t\u00e9ged a b\u00e9k\u00e9hez \u00e9s a szem\u00e9lyes fejl\u0151d\u00e9shez, \u00edgy minden pillanat egy l\u00e9p\u00e9s egy megvil\u00e1gosodottabb \u00e9n fel\u00e9. Tudjon meg t\u00f6bbet a k\u0151 tulajdons\u00e1gair\u00f3l al\u00e1bb.<\/p>\n<p>V\u00e1lasszon kark\u00f6t\u0151t annak m\u00e9rete \u00e9s az utols\u00f3 gy\u00f6ngy sz\u00edne szerint.\u00a0<a href=\"https:\/\/trimakasi.eu\/hu\/hogyan-valasszuk-ki-a-karkoto-meretet\/\">A m\u00e9ret helyes meghat\u00e1roz\u00e1s\u00e1nak \u00fatmutat\u00f3ja itt tal\u00e1lhat\u00f3.<\/a><\/p>","protected":false},"featured_media":105289,"comment_status":"open","ping_status":"closed","template":"","meta":{"_acf_changed":false,"_themeisle_gutenberg_block_has_review":false},"product_brand":[],"product_cat":[1687,554,1316,553],"product_tag":[],"class_list":{"0":"post-73964","1":"product","2":"type-product","3":"status-publish","4":"has-post-thumbnail","6":"product_cat-elastic-bracelets","7":"product_cat-natural-gemstone-bracelets","8":"product_cat-rare-gemstone-bracelets","9":"product_cat-womens-jewellery","11":"first","12":"instock","13":"taxable","14":"shipping-taxable","15":"purchasable","16":"product-type-variable","17":"has-default-attributes"},"acf":[],"_links":{"self":[{"href":"https:\/\/trimakasi.eu\/hu\/wp-json\/wp\/v2\/product\/73964","targetHints":{"allow":["GET"]}}],"collection":[{"href":"https:\/\/trimakasi.eu\/hu\/wp-json\/wp\/v2\/product"}],"about":[{"href":"https:\/\/trimakasi.eu\/hu\/wp-json\/wp\/v2\/types\/product"}],"replies":[{"embeddable":true,"href":"https:\/\/trimakasi.eu\/hu\/wp-json\/wp\/v2\/comments?post=73964"}],"wp:featuredmedia":[{"embeddable":true,"href":"https:\/\/trimakasi.eu\/hu\/wp-json\/wp\/v2\/media\/105289"}],"wp:attachment":[{"href":"https:\/\/trimakasi.eu\/hu\/wp-json\/wp\/v2\/media?parent=73964"}],"wp:term":[{"taxonomy":"product_brand","embeddable":true,"href":"https:\/\/trimakasi.eu\/hu\/wp-json\/wp\/v2\/product_brand?post=73964"},{"taxonomy":"product_cat","embeddable":true,"href":"https:\/\/trimakasi.eu\/hu\/wp-json\/wp\/v2\/product_cat?post=73964"},{"taxonomy":"product_tag","embeddable":true,"href":"https:\/\/trimakasi.eu\/hu\/wp-json\/wp\/v2\/product_tag?post=73964"}],"curies":[{"name":"wp","href":"https:\/\/api.w.org\/{rel}","templated":true}]}}