{"id":73384,"date":"2024-04-23T22:43:08","date_gmt":"2024-04-23T20:43:08","guid":{"rendered":"https:\/\/trimakasi.eu\/product\/import-placeholder-for-73254\/"},"modified":"2026-01-20T19:05:37","modified_gmt":"2026-01-20T18:05:37","slug":"almandin-granat","status":"publish","type":"product","link":"https:\/\/trimakasi.eu\/hu\/product\/almandine-garnet\/","title":{"rendered":"Almandin gr\u00e1n\u00e1t kark\u00f6t\u0151"},"content":{"rendered":"<h3>Almandin gr\u00e1n\u00e1t \u2013 el\u0151ny\u00f6k<\/h3>\n<p>A gr\u00e1n\u00e1t, mint v\u00e9d\u0151k\u0151, er\u0151s\u00edti a vitalit\u00e1st \u00e9s az alapvet\u0151 t\u00fal\u00e9l\u00e9si \u00f6szt\u00f6n\u00f6ket. \u00c1ll\u00edt\u00f3lag a term\u00e9kenys\u00e9gre \u00e9s a libid\u00f3ra is pozit\u00edv hat\u00e1ssal van. A gr\u00e1n\u00e1tot a k\u00f6z\u00e9pkorban a m\u00e9rgez\u00e9s elleni v\u00e9d\u0151k\u0151k\u00e9nt viselt\u00e9k (\u00fagy v\u00e9lt\u00e9k, k\u00e9pes megsemmis\u00edteni a testbe ker\u00fcl\u0151 m\u00e9rgeket).<\/p>\n<p>Az almandin ment\u00e1lis szinten t\u00e1vol\u00edtja el a negativit\u00e1st, enyh\u00edti a melankolikus \u00e9s depresszi\u00f3s \u00e1llapotokat. Kritikus pillanatokban b\u00e1tors\u00e1got \u00e9s rem\u00e9nyt ny\u00fajt. A mediv\u00e1lis keresztesek a v\u00e9delem \u00e9s a b\u00e1tors\u00e1g meger\u0151s\u00edt\u00e9se \u00e9rdek\u00e9ben gr\u00e1n\u00e1tot viseltek a szentf\u00f6ldi exped\u00edci\u00f3ik sor\u00e1n, \u00e9s ma ugyanezen c\u00e9lb\u00f3l az \u00fczletemberek is ezt az \u00e1sv\u00e1nyt viselik fontos t\u00e1rgyal\u00e1sok sor\u00e1n.<\/p>\n<p>\u00c9rdekes t\u00e9ny, hogy a gr\u00e1n\u00e1tot az \u00e1zsiai \u00e9s az indiai t\u00f6rzsek egy r\u00e9sze nyilak hegyek\u00e9nt haszn\u00e1lta. Miut\u00e1n a hegy az emberi testbe ker\u00fclt, annak s\u00f6t\u00e9tv\u00f6r\u00f6s sz\u00edne miatt nehezebb volt elt\u00e1vol\u00edtani a k\u0151t\u00f6red\u00e9keket. Az \u00f3kori Egyiptomban a gr\u00e1n\u00e1tot a h\u00e1bor\u00fa istenn\u0151j\u00e9vel, Szahmet-tel kapcsolatban im\u00e1dt\u00e1k, az istenn\u0151t \u00e1ltal\u00e1ban oroszl\u00e1nfejjel \u00e9s gy\u00f6ny\u00f6r\u0171 n\u0151i testtel \u00e1br\u00e1zolt\u00e1k.<\/p>\n<p>A fizikai szeretet k\u00f6vek\u00e9nt seg\u00edt meg\u00e9rteni a kapcsolatban a szerelmesek k\u00f6z\u00f6tti k\u00f6lcs\u00f6n\u00f6s ig\u00e9nyeket \u00e9s t\u00f6rekv\u00e9seket.<\/p>\n<p>A gr\u00e1n\u00e1t ritka kapcsolatot hoz l\u00e9tre a gy\u00f6k\u00e9rcsakra \u00e9s a koronacsakra k\u00f6z\u00f6tt, el\u0151seg\u00edtve a ment\u00e1lis energia bejuttat\u00e1s\u00e1t \u00e9s annak megtart\u00e1s\u00e1t a fizikai testben.<\/p>\n<p>Csillagjegyek: <strong>V\u00edz\u00f6nt\u0151, Bak, Skorpi\u00f3, Oroszl\u00e1n<\/strong><\/p>\n<p>Elem:<strong> T\u0171z, F\u00f6ld<\/strong><\/p>\n<p>A kark\u00f6t\u0151 harmoniz\u00e1lja a gy\u00f6k\u00e9rcsakr\u00e1t \u00e9s a koronacsakr\u00e1t<\/p>\n<p><img loading=\"lazy\" decoding=\"async\" class=\"alignnone wp-image-72742\" src=\"https:\/\/trimakasi.cz\/wp-content\/uploads\/2018\/08\/\u010dakra1.jpg\" alt=\"Z\u00e1kladn\u00ed \u010dakra\" width=\"71\" height=\"77\" \/><img loading=\"lazy\" decoding=\"async\" class=\"alignnone wp-image-72749\" src=\"https:\/\/trimakasi.cz\/wp-content\/uploads\/2018\/07\/\u010dakra7.jpg\" alt=\"Korunn\u00ed \u010dakra\" width=\"73\" height=\"81\" \/><\/p>\n<p><a href=\"https:\/\/trimakasi.eu\/hu\/videoblog\/\"><u>L\u00e1togassa meg videoblogunkat, hogy felfedezze a dr\u00e1gak\u00f6vek, \u00e1llat\u00f6v jelek, csakr\u00e1k \u00e9s m\u00e9g sok m\u00e1s k\u00f6z\u00f6tti \u00f6sszef\u00fcgg\u00e9seket.<\/u><\/a><\/p>","protected":false},"excerpt":{"rendered":"<p>A gr\u00e1n\u00e1t az eg\u00e9szs\u00e9g, a testi szeretet \u00e9s az igazs\u00e1g v\u00e9d\u0151k\u00f6vek\u00e9nt ismert. Gazdag t\u00f6rt\u00e9nelemmel \u00e9s jelent\u00e9ssel b\u00edr\u00f3 egyedi dr\u00e1gak\u0151. A hossz\u00fa le\u00edr\u00e1sb\u00f3l t\u00f6bbet is megtudhat a k\u0151 tulajdons\u00e1gair\u00f3l.<\/p>\n<p>V\u00e1lasszon kark\u00f6t\u0151t annak m\u00e9rete \u00e9s az utols\u00f3 gy\u00f6ngy sz\u00edne szerint.\u00a0<a href=\"https:\/\/trimakasi.eu\/hu\/hogyan-valasszuk-ki-a-karkoto-meretet\/\">A m\u00e9ret helyes meghat\u00e1roz\u00e1s\u00e1nak \u00fatmutat\u00f3ja itt tal\u00e1lhat\u00f3.<\/a><\/p>","protected":false},"featured_media":105016,"comment_status":"open","ping_status":"closed","template":"","meta":{"_acf_changed":false,"_themeisle_gutenberg_block_has_review":false},"product_brand":[],"product_cat":[1687,1064,1068,554,553],"product_tag":[],"class_list":{"0":"post-73384","1":"product","2":"type-product","3":"status-publish","4":"has-post-thumbnail","6":"product_cat-elastic-bracelets","7":"product_cat-mens-jewellery","8":"product_cat-natural-gemstone-bracelets-for-men","9":"product_cat-natural-gemstone-bracelets","10":"product_cat-womens-jewellery","12":"first","13":"instock","14":"taxable","15":"shipping-taxable","16":"purchasable","17":"product-type-variable","18":"has-default-attributes"},"acf":[],"_links":{"self":[{"href":"https:\/\/trimakasi.eu\/hu\/wp-json\/wp\/v2\/product\/73384","targetHints":{"allow":["GET"]}}],"collection":[{"href":"https:\/\/trimakasi.eu\/hu\/wp-json\/wp\/v2\/product"}],"about":[{"href":"https:\/\/trimakasi.eu\/hu\/wp-json\/wp\/v2\/types\/product"}],"replies":[{"embeddable":true,"href":"https:\/\/trimakasi.eu\/hu\/wp-json\/wp\/v2\/comments?post=73384"}],"wp:featuredmedia":[{"embeddable":true,"href":"https:\/\/trimakasi.eu\/hu\/wp-json\/wp\/v2\/media\/105016"}],"wp:attachment":[{"href":"https:\/\/trimakasi.eu\/hu\/wp-json\/wp\/v2\/media?parent=73384"}],"wp:term":[{"taxonomy":"product_brand","embeddable":true,"href":"https:\/\/trimakasi.eu\/hu\/wp-json\/wp\/v2\/product_brand?post=73384"},{"taxonomy":"product_cat","embeddable":true,"href":"https:\/\/trimakasi.eu\/hu\/wp-json\/wp\/v2\/product_cat?post=73384"},{"taxonomy":"product_tag","embeddable":true,"href":"https:\/\/trimakasi.eu\/hu\/wp-json\/wp\/v2\/product_tag?post=73384"}],"curies":[{"name":"wp","href":"https:\/\/api.w.org\/{rel}","templated":true}]}}