{"id":174640,"date":"2018-12-02T23:14:20","date_gmt":"2018-12-02T22:14:20","guid":{"rendered":"https:\/\/trimakasi.eu\/?post_type=product&#038;p=174640"},"modified":"2025-11-20T15:41:55","modified_gmt":"2025-11-20T14:41:55","slug":"rejtely-karkoto","status":"publish","type":"product","link":"https:\/\/trimakasi.eu\/hu\/product\/mystery-bracelet\/","title":{"rendered":"&quot;Rejt\u00e9lyes kark\u00f6t\u0151&quot;"},"content":{"rendered":"","protected":false},"excerpt":{"rendered":"<p>Fedezze fel Mystery kark\u00f6t\u0151nk var\u00e1zs\u00e1t! Rendelje meg egyedi, term\u00e9szetes k\u00f6vekb\u0151l k\u00e9sz\u00fclt kark\u00f6t\u0151t nagyszer\u0171 \u00e1ron. Pontos st\u00edlus \u00e9s diz\u00e1jn? Ez a vid\u00e1m meglepet\u00e9s v\u00e1r r\u00e1d!<\/p>","protected":false},"featured_media":0,"comment_status":"closed","ping_status":"closed","template":"","meta":{"_acf_changed":false,"_themeisle_gutenberg_block_has_review":false},"product_brand":[],"product_cat":[1064,553],"product_tag":[],"class_list":{"0":"post-174640","1":"product","2":"type-product","3":"status-publish","5":"product_cat-mens-jewellery","6":"product_cat-womens-jewellery","8":"first","9":"instock","10":"taxable","11":"shipping-taxable","12":"purchasable","13":"product-type-simple"},"acf":[],"_links":{"self":[{"href":"https:\/\/trimakasi.eu\/hu\/wp-json\/wp\/v2\/product\/174640","targetHints":{"allow":["GET"]}}],"collection":[{"href":"https:\/\/trimakasi.eu\/hu\/wp-json\/wp\/v2\/product"}],"about":[{"href":"https:\/\/trimakasi.eu\/hu\/wp-json\/wp\/v2\/types\/product"}],"replies":[{"embeddable":true,"href":"https:\/\/trimakasi.eu\/hu\/wp-json\/wp\/v2\/comments?post=174640"}],"wp:attachment":[{"href":"https:\/\/trimakasi.eu\/hu\/wp-json\/wp\/v2\/media?parent=174640"}],"wp:term":[{"taxonomy":"product_brand","embeddable":true,"href":"https:\/\/trimakasi.eu\/hu\/wp-json\/wp\/v2\/product_brand?post=174640"},{"taxonomy":"product_cat","embeddable":true,"href":"https:\/\/trimakasi.eu\/hu\/wp-json\/wp\/v2\/product_cat?post=174640"},{"taxonomy":"product_tag","embeddable":true,"href":"https:\/\/trimakasi.eu\/hu\/wp-json\/wp\/v2\/product_tag?post=174640"}],"curies":[{"name":"wp","href":"https:\/\/api.w.org\/{rel}","templated":true}]}}