{"id":174503,"date":"2023-02-03T23:00:08","date_gmt":"2023-02-03T22:00:08","guid":{"rendered":"https:\/\/trimakasi.eu\/?post_type=product&#038;p=174503"},"modified":"2024-11-09T19:21:07","modified_gmt":"2024-11-09T18:21:07","slug":"kambaba-jaszpisz-rondel-karkoto","status":"publish","type":"product","link":"https:\/\/trimakasi.eu\/hu\/product\/kambaba-jasper-rondelle-bracelet\/","title":{"rendered":"Kambaba Jasper Rondelle kark\u00f6t\u0151"},"content":{"rendered":"<h3>Kambaba jasper<\/h3>\n<div class=\"group\/conversation-turn relative flex w-full min-w-0 flex-col agent-turn\">\n<div class=\"flex-col gap-1 md:gap-3\">\n<div class=\"flex max-w-full flex-col flex-grow\">\n<div class=\"min-h-8 text-message flex w-full flex-col items-end gap-2 whitespace-normal break-words [.text-message+&amp;]:mt-5\" dir=\"auto\" data-message-author-role=\"assistant\" data-message-id=\"cf5a3a21-8ccd-43e7-bce2-c0fa682d58cd\">\n<div class=\"flex w-full flex-col gap-1 empty:hidden first:pt-[3px]\">\n<div class=\"markdown prose w-full break-words dark:prose-invert light\">\n<div class=\"flex-shrink-0 flex flex-col relative items-end\">\n<div>\n<div class=\"pt-0\">\n<div class=\"gizmo-bot-avatar flex h-8 w-8 items-center justify-center overflow-hidden rounded-full\">\n<div class=\"relative p-1 rounded-sm flex items-center justify-center bg-token-main-surface-primary text-token-text-primary h-8 w-8\">Kambaba Jasper, also known as the stone of ancient energies, is a mineral with a rich history, captivating with its dark green and black patterns. According to traditional lore, this stone was considered a protector of mental peace and stability. Ancient tribes believed that Kambaba Jasper formed from fossilized algae, carrying the power of both Earth and ocean. It was often used as a talisman for grounding and bringing peace during times of chaos. Legend has it that those who wear Kambaba Jasper find it easier to connect with the wisdom of nature, achieve inner harmony, and are better protected from negative influences.<\/div>\n<\/div>\n<\/div>\n<\/div>\n<\/div>\n<div class=\"group\/conversation-turn relative flex w-full min-w-0 flex-col agent-turn\">\n<div class=\"flex-col gap-1 md:gap-3\">\n<div class=\"flex max-w-full flex-col flex-grow\">\n<div class=\"min-h-8 text-message flex w-full flex-col items-end gap-2 whitespace-normal break-words [.text-message+&amp;]:mt-5\" dir=\"auto\" data-message-author-role=\"assistant\" data-message-id=\"4ab86cb7-fb1c-44f1-881e-3255305b0b4c\">\n<div class=\"flex w-full flex-col gap-1 empty:hidden first:pt-[3px]\">\n<div class=\"markdown prose w-full break-words dark:prose-invert light\">\n<p>Element: <strong>Earth<\/strong><\/p>\n<p>Zodiac Signs: <strong>Virgo, Taurus, Capricorn, and Cancer<\/strong><\/p>\n<\/div>\n<\/div>\n<\/div>\n<\/div>\n<\/div>\n<\/div>\n<\/div>\n<\/div>\n<\/div>\n<\/div>\n<\/div>\n<\/div>\n<div><\/div>\n<div>Bracelet harmonizes the Root chakra, Sacral chakra, Solar plexus chakra<\/div>\n<div><\/div>\n<div><a href=\"https:\/\/trimakasi.eu\/wp-content\/uploads\/\u010dakra1.jpg\"><img loading=\"lazy\" decoding=\"async\" class=\"alignnone size-full wp-image-138513\" src=\"https:\/\/trimakasi.eu\/wp-content\/uploads\/\u010dakra1.jpg\" alt=\"Root chakra\" width=\"81\" height=\"88\" srcset=\"https:\/\/trimakasi.eu\/wp-content\/uploads\/\u010dakra1.jpg 81w, https:\/\/trimakasi.eu\/wp-content\/uploads\/\u010dakra1-11x12.jpg 11w\" sizes=\"auto, (max-width: 81px) 100vw, 81px\" \/><\/a><a href=\"https:\/\/trimakasi.eu\/wp-content\/uploads\/2020\/07\/\u010dakra4.jpg\"><img loading=\"lazy\" decoding=\"async\" class=\"alignnone size-full wp-image-83566\" src=\"https:\/\/trimakasi.eu\/wp-content\/uploads\/2020\/07\/\u010dakra4.jpg\" alt=\"Heart chakra\" width=\"79\" height=\"93\" srcset=\"https:\/\/trimakasi.eu\/wp-content\/uploads\/2020\/07\/\u010dakra4.jpg 79w, https:\/\/trimakasi.eu\/wp-content\/uploads\/2020\/07\/\u010dakra4-10x12.jpg 10w\" sizes=\"auto, (max-width: 79px) 100vw, 79px\" \/><\/a><\/div>\n<div><a href=\"https:\/\/trimakasi.eu\/vlog\/\"><u>Visit our video blog to discover the connections between gemstones, zodiac signs, chakras, and much more.<\/u><\/a><\/div>\n<div><\/div>\n","protected":false},"excerpt":{"rendered":"<p>K\u00e9zzel k\u00e9sz\u00edtett kark\u00f6t\u0151 a ritka Kambaba j\u00e1spisb\u00f3l, m\u00e9lyz\u00f6ld \u00e9s fekete t\u00f3nusaival megbabon\u00e1zva. Rejt\u00e9lyes mint\u00e1i az \u0151si k\u00f6r alak\u00fa k\u00e9pz\u0151dm\u00e9nyeket id\u00e9zik, minden darabnak igaz\u00e1n egyedi \u00e9s misztikus cs\u00e1b\u00edt\u00e1st adva.<\/p>\n<p>Ez a minimalista kark\u00f6t\u0151 k\u00e9t m\u00e9retben kaphat\u00f3 n\u0151knek \u00e9s f\u00e9rfiaknak egyar\u00e1nt, \u00edgy mindenki sz\u00e1m\u00e1ra t\u00f6k\u00e9letes illeszked\u00e9st biztos\u00edt. A 18K aranyozott rozsdamentes ac\u00e9l alkatr\u00e9szek hosszan tart\u00f3 tart\u00f3ss\u00e1got \u00e9s kifinomult megjelen\u00e9st garant\u00e1lnak.<\/p>","protected":false},"featured_media":174475,"comment_status":"open","ping_status":"closed","template":"","meta":{"_acf_changed":false,"_themeisle_gutenberg_block_has_review":false},"product_brand":[],"product_cat":[1069,1064,569,1718,1689,553],"product_tag":[],"class_list":{"0":"post-174503","1":"product","2":"type-product","3":"status-publish","4":"has-post-thumbnail","6":"product_cat-braided-bracelets-for-men","7":"product_cat-mens-jewellery","8":"product_cat-minimalist-jewellery-for-women","9":"product_cat-minimalist-jewellery-for-men","10":"product_cat-simple-bracelets","11":"product_cat-womens-jewellery","13":"first","14":"instock","15":"taxable","16":"shipping-taxable","17":"purchasable","18":"product-type-variable","19":"has-default-attributes"},"acf":[],"_links":{"self":[{"href":"https:\/\/trimakasi.eu\/hu\/wp-json\/wp\/v2\/product\/174503","targetHints":{"allow":["GET"]}}],"collection":[{"href":"https:\/\/trimakasi.eu\/hu\/wp-json\/wp\/v2\/product"}],"about":[{"href":"https:\/\/trimakasi.eu\/hu\/wp-json\/wp\/v2\/types\/product"}],"replies":[{"embeddable":true,"href":"https:\/\/trimakasi.eu\/hu\/wp-json\/wp\/v2\/comments?post=174503"}],"wp:featuredmedia":[{"embeddable":true,"href":"https:\/\/trimakasi.eu\/hu\/wp-json\/wp\/v2\/media\/174475"}],"wp:attachment":[{"href":"https:\/\/trimakasi.eu\/hu\/wp-json\/wp\/v2\/media?parent=174503"}],"wp:term":[{"taxonomy":"product_brand","embeddable":true,"href":"https:\/\/trimakasi.eu\/hu\/wp-json\/wp\/v2\/product_brand?post=174503"},{"taxonomy":"product_cat","embeddable":true,"href":"https:\/\/trimakasi.eu\/hu\/wp-json\/wp\/v2\/product_cat?post=174503"},{"taxonomy":"product_tag","embeddable":true,"href":"https:\/\/trimakasi.eu\/hu\/wp-json\/wp\/v2\/product_tag?post=174503"}],"curies":[{"name":"wp","href":"https:\/\/api.w.org\/{rel}","templated":true}]}}