{"id":174185,"date":"2024-01-10T22:54:43","date_gmt":"2024-01-10T21:54:43","guid":{"rendered":"https:\/\/trimakasi.eu\/?post_type=product&#038;p=174185"},"modified":"2025-06-06T19:22:17","modified_gmt":"2025-06-06T17:22:17","slug":"ferfi-nyers-fekete-turmalin-karkoto","status":"publish","type":"product","link":"https:\/\/trimakasi.eu\/hu\/product\/mens-raw-black-tourmaline-bracelet\/","title":{"rendered":"F\u00e9rfi fekete turmalin makram\u00e9 kark\u00f6t\u0151"},"content":{"rendered":"<h3>Fekete turmalin<\/h3>\n<p>A turmalin egy tipikus \u00e1sv\u00e1nyi anyag, amely a f\u00f6ld magj\u00e1nak magas h\u0151m\u00e9rs\u00e9klete \u00e9s nyom\u00e1sa \u00e1ltal j\u00f6tt l\u00e9tre, \u00e9s vulk\u00e1ni tev\u00e9kenys\u00e9g r\u00e9v\u00e9n jut a felsz\u00ednre. Egy \u00f3kori egyiptomi legenda eml\u00edti, hogy a turmalinnak mennyi ideig kellett utaznia a f\u00f6ld magj\u00e1b\u00f3l, hogy el\u00e9rje annak felsz\u00edn\u00e9t. Ebben a legend\u00e1ban az is meg van \u00edrva, hogy a turmalin \u00e1thaladt a sziv\u00e1rv\u00e1nyon, \u00e9s \u00edgy sok sz\u00ednben pomp\u00e1zik. Ez egy\u00e1ltal\u00e1n nem \u00e1ll t\u00e1vol az igazs\u00e1gt\u00f3l, mert ez a dr\u00e1gak\u0151 rengeteg sz\u00ednben \u00e9s \u00e1rnyalatban is el\u0151fordulhat.<\/p>\n<p><span lang=\"en\" tabindex=\"0\">A fekete \u00f3nix, a fekete turmalin \u00e9s a fekete obszidi\u00e1n s\u00f6t\u00e9t sz\u00edn\u00fck miatt hagyom\u00e1nyos v\u00e9d\u0151k\u00f6veknek sz\u00e1m\u00edtanak. Olyan v\u00e9d\u0151 l\u00e9gk\u00f6rrel vehetik k\u00f6r\u00fcl, amely minden negat\u00edvumot elnyel a k\u00f6rnyezet\u00e9b\u0151l. Mindenekel\u0151tt azon negat\u00edv gondolkod\u00e1si mint\u00e1k legy\u0151z\u00e9s\u00e9ben seg\u00edtenek, amelyek a leggyeng\u00edt\u0151bb \u00e9s legm\u00e9rgez\u0151bb \u00e9rzelemb\u0151l, a f\u00e9lelemb\u0151l fakadnak.<\/span><\/p>\n<p>A legend\u00e1k szerint a fekete turmalin \u201etiszt\u00edt\u00f3k\u0151\u201d n\u00e9ven ismert, mivel a testet \u00e9s a lelket is k\u00e9pes megtiszt\u00edtani a negativit\u00e1st\u00f3l. A k\u00fcl\u00f6nf\u00e9le s\u00e1m\u00e1nok \u00e9s druid\u00e1k szerte a vil\u00e1gon a mai napig haszn\u00e1lj\u00e1k, k\u00fcl\u00f6n\u00f6sen az afrikai \u00e9s amerikai \u0151shonos t\u00f6rzsekben, mint ment\u00e1lis \u00e9s fizikai betegs\u00e9gek elleni gy\u00f3gy\u00edt\u00f3 ritu\u00e1l\u00e9ik alapk\u00f6v\u00e9t.<\/p>\n<p>Elem: <strong>V\u00edz<\/strong><\/p>\n<p>Csillagjegyek: <strong>Bak, Ikrek, Skorpi\u00f3 \u00e9s M\u00e9rleg<\/strong><\/p>\n<p>Ez a kark\u00f6t\u0151 harmoniz\u00e1lja a gy\u00f6k\u00e9rcsakr\u00e1t.<\/p>\n<p><img loading=\"lazy\" decoding=\"async\" class=\"alignnone wp-image-72742\" src=\"https:\/\/trimakasi.cz\/wp-content\/uploads\/2018\/08\/\u010dakra1.jpg\" alt=\"Z\u00e1kladn\u00ed \u010dakra\" width=\"66\" height=\"72\" \/><\/p>\n<p><a href=\"https:\/\/trimakasi.eu\/hu\/videoblog\/\"><u>L\u00e1togassa meg videoblogunkat, hogy felfedezze a dr\u00e1gak\u00f6vek, \u00e1llat\u00f6v jelek, csakr\u00e1k \u00e9s m\u00e9g sok m\u00e1s k\u00f6z\u00f6tti \u00f6sszef\u00fcgg\u00e9seket.<\/u><\/a><\/p>","protected":false},"excerpt":{"rendered":"<p>\u00d6leld \u00e1t a f\u00e9rfi fekete turmalin makram\u00e9 kark\u00f6t\u0151nk v\u00e9d\u0151 energi\u00e1j\u00e1t, amely tart\u00f3s \u00e9s k\u00e9nyelmes kieg\u00e9sz\u00edt\u0151, amelyet soha nem akarsz elt\u00e1vol\u00edtani!<\/p>\n<p>Minden kark\u00f6t\u0151 szak\u00e9rtelemmel k\u00e9sz\u00fclt kiv\u00e1l\u00f3 min\u0151s\u00e9g\u0171 fekete nylon zsin\u00f3rb\u00f3l, amely nyers dr\u00e1gak\u0151 fekete turmalint tartalmaz. Mivel minden krist\u00e1ly term\u00e9szetes eredet\u0171, minden darab egyedi!<\/p>\n<p>M\u00e9rete \u00e1ll\u00edthat\u00f3, ez\u00e9rt mindenkinek megfelel.<\/p>\n<p>Tudjon meg t\u00f6bbet a fekete turmalin egyedi tulajdons\u00e1gair\u00f3l al\u00e1bb!<\/p>","protected":false},"featured_media":174190,"comment_status":"open","ping_status":"closed","template":"","meta":{"_acf_changed":false,"_themeisle_gutenberg_block_has_review":false},"product_brand":[],"product_cat":[1688,1069,1064,1718],"product_tag":[],"class_list":{"0":"post-174185","1":"product","2":"type-product","3":"status-publish","4":"has-post-thumbnail","6":"product_cat-braided-bracelets","7":"product_cat-braided-bracelets-for-men","8":"product_cat-mens-jewellery","9":"product_cat-minimalist-jewellery-for-men","11":"first","12":"instock","13":"taxable","14":"shipping-taxable","15":"purchasable","16":"product-type-simple"},"acf":[],"_links":{"self":[{"href":"https:\/\/trimakasi.eu\/hu\/wp-json\/wp\/v2\/product\/174185","targetHints":{"allow":["GET"]}}],"collection":[{"href":"https:\/\/trimakasi.eu\/hu\/wp-json\/wp\/v2\/product"}],"about":[{"href":"https:\/\/trimakasi.eu\/hu\/wp-json\/wp\/v2\/types\/product"}],"replies":[{"embeddable":true,"href":"https:\/\/trimakasi.eu\/hu\/wp-json\/wp\/v2\/comments?post=174185"}],"wp:featuredmedia":[{"embeddable":true,"href":"https:\/\/trimakasi.eu\/hu\/wp-json\/wp\/v2\/media\/174190"}],"wp:attachment":[{"href":"https:\/\/trimakasi.eu\/hu\/wp-json\/wp\/v2\/media?parent=174185"}],"wp:term":[{"taxonomy":"product_brand","embeddable":true,"href":"https:\/\/trimakasi.eu\/hu\/wp-json\/wp\/v2\/product_brand?post=174185"},{"taxonomy":"product_cat","embeddable":true,"href":"https:\/\/trimakasi.eu\/hu\/wp-json\/wp\/v2\/product_cat?post=174185"},{"taxonomy":"product_tag","embeddable":true,"href":"https:\/\/trimakasi.eu\/hu\/wp-json\/wp\/v2\/product_tag?post=174185"}],"curies":[{"name":"wp","href":"https:\/\/api.w.org\/{rel}","templated":true}]}}