{"id":173915,"date":"2023-01-25T19:46:50","date_gmt":"2023-01-25T18:46:50","guid":{"rendered":"https:\/\/trimakasi.eu\/?post_type=product&#038;p=173915"},"modified":"2025-09-11T09:05:54","modified_gmt":"2025-09-11T07:05:54","slug":"rozsakvarc-nyaklanc-szerelem-csepp","status":"publish","type":"product","link":"https:\/\/trimakasi.eu\/hu\/product\/rose-quartz-necklace-drop-of-love\/","title":{"rendered":"R\u00f3zsakvarc nyakl\u00e1nc \u2013 Szerelemcsepp"},"content":{"rendered":"<h3>R\u00f3zsakvarc<\/h3>\n<p>Ez a k\u0151 a szeretet, a sz\u00e9ps\u00e9g \u00e9s a j\u00f3 eg\u00e9szs\u00e9g szimb\u00f3luma. \u00d6nszeretetre, valamint t\u00fcrelemre tan\u00edt benn\u00fcnket a probl\u00e9m\u00e1k megold\u00e1s\u00e1ban, ezen fel\u00fcl er\u0151t ad megbocs\u00e1tani azoknak, akik megb\u00e1ntottak minket. \u00d6szt\u00f6nzi a fant\u00e1zi\u00e1t \u00e9s a kreat\u00edv gondolkod\u00e1st.<\/p>\n<p id=\"tw-target-text\" class=\"tw-data-text tw-ta tw-text-small\" dir=\"ltr\" data-placeholder=\"Translation\"><span lang=\"en\" tabindex=\"0\">Elem:\u00a0<strong>F\u00f6ld<\/strong><\/span><\/p>\n<p class=\"tw-data-text tw-ta tw-text-small\" dir=\"ltr\" data-placeholder=\"Translation\"><span lang=\"en\" tabindex=\"0\">Csillagjegyek:\u00a0<strong>Oroszl\u00e1n, Skorpi\u00f3, Kos, R\u00e1k, Bika, Bak<\/strong><\/span><\/p>\n<p>A kark\u00f6t\u0151 a sz\u00edvcsakr\u00e1t harmoniz\u00e1lja.<\/p>\n<p><img loading=\"lazy\" decoding=\"async\" class=\"alignnone size-full wp-image-83566\" src=\"https:\/\/trimakasi.eu\/wp-content\/uploads\/2020\/07\/\u010dakra4.jpg\" alt=\"\" width=\"79\" height=\"93\" srcset=\"https:\/\/trimakasi.eu\/wp-content\/uploads\/2020\/07\/\u010dakra4.jpg 79w, https:\/\/trimakasi.eu\/wp-content\/uploads\/2020\/07\/\u010dakra4-10x12.jpg 10w\" sizes=\"auto, (max-width: 79px) 100vw, 79px\" \/><\/p>\n<p><a href=\"https:\/\/trimakasi.eu\/hu\/videoblog\/\"><u>L\u00e1togassa meg videoblogunkat, hogy felfedezze a dr\u00e1gak\u00f6vek, \u00e1llat\u00f6v jelek, csakr\u00e1k \u00e9s m\u00e9g sok m\u00e1s k\u00f6z\u00f6tti \u00f6sszef\u00fcgg\u00e9seket.<\/u><\/a><\/p>","protected":false},"excerpt":{"rendered":"<p>A \u201eSzerelem cseppje\u201d R\u00f3zsakvarc Nyakl\u00e1nc az elegancia \u00e9s a finoms\u00e1g szimb\u00f3luma minden modern n\u0151 sz\u00e1m\u00e1ra. A cseppforma \u00e9s a prec\u00edz fazett\u00e1s olyan \u00e9kszerr\u00e9 teszi, amely biztosan elvar\u00e1zsol egyedi sz\u00e9ps\u00e9g\u00e9vel.<\/p>\n<p>Ezek az apr\u00f3 gesztusok, a szeretet apr\u00f3 cseppjei azok, amelyek a h\u00e9tk\u00f6znapi pillanatokat felejthetetlen \u00e9lm\u00e9nny\u00e9 var\u00e1zsolj\u00e1k, \u00e9s k\u00f6lcs\u00f6n\u00f6s meg\u00e9rt\u00e9ssel \u00e9s emp\u00e1ti\u00e1val teli er\u0151s kapcsolatok alapj\u00e1t k\u00e9pezik.<\/p>\n<p>A l\u00e1nc 46-52 cm k\u00f6z\u00f6tt \u00e1ll\u00edthat\u00f3, rozsdamentes ac\u00e9lb\u00f3l k\u00e9sz\u00fclt, \u00e9s PVD m\u00f3dszerrel val\u00f3di 18k arannyal van bevonva a tart\u00f3s tart\u00f3ss\u00e1g \u00e9rdek\u00e9ben. A minimalista k\u0151 m\u00e9rete k\u00f6r\u00fclbel\u00fcl 0,6 x 1,2 cm. A nyakl\u00e1nc luxus r\u00f3zsasz\u00edn dobozban \u00e9rkezik, Trimakasi log\u00f3val, \u00edgy t\u00f6k\u00e9letes aj\u00e1nd\u00e9k.<\/p>","protected":false},"featured_media":173879,"comment_status":"open","ping_status":"closed","template":"","meta":{"_acf_changed":false,"_themeisle_gutenberg_block_has_review":false},"product_brand":[],"product_cat":[569,1149,1690,553],"product_tag":[],"class_list":{"0":"post-173915","1":"product","2":"type-product","3":"status-publish","4":"has-post-thumbnail","6":"product_cat-minimalist-jewellery-for-women","7":"product_cat-necklaces-for-women","8":"product_cat-necklaces","9":"product_cat-womens-jewellery","11":"first","12":"outofstock","13":"taxable","14":"shipping-taxable","15":"purchasable","16":"product-type-variable","17":"has-default-attributes"},"acf":[],"_links":{"self":[{"href":"https:\/\/trimakasi.eu\/hu\/wp-json\/wp\/v2\/product\/173915","targetHints":{"allow":["GET"]}}],"collection":[{"href":"https:\/\/trimakasi.eu\/hu\/wp-json\/wp\/v2\/product"}],"about":[{"href":"https:\/\/trimakasi.eu\/hu\/wp-json\/wp\/v2\/types\/product"}],"replies":[{"embeddable":true,"href":"https:\/\/trimakasi.eu\/hu\/wp-json\/wp\/v2\/comments?post=173915"}],"wp:featuredmedia":[{"embeddable":true,"href":"https:\/\/trimakasi.eu\/hu\/wp-json\/wp\/v2\/media\/173879"}],"wp:attachment":[{"href":"https:\/\/trimakasi.eu\/hu\/wp-json\/wp\/v2\/media?parent=173915"}],"wp:term":[{"taxonomy":"product_brand","embeddable":true,"href":"https:\/\/trimakasi.eu\/hu\/wp-json\/wp\/v2\/product_brand?post=173915"},{"taxonomy":"product_cat","embeddable":true,"href":"https:\/\/trimakasi.eu\/hu\/wp-json\/wp\/v2\/product_cat?post=173915"},{"taxonomy":"product_tag","embeddable":true,"href":"https:\/\/trimakasi.eu\/hu\/wp-json\/wp\/v2\/product_tag?post=173915"}],"curies":[{"name":"wp","href":"https:\/\/api.w.org\/{rel}","templated":true}]}}