{"id":173907,"date":"2022-05-25T18:01:29","date_gmt":"2022-05-25T16:01:29","guid":{"rendered":"https:\/\/trimakasi.eu\/?post_type=product&#038;p=173907"},"modified":"2026-01-03T13:06:12","modified_gmt":"2026-01-03T12:06:12","slug":"nyers-karneol-nyaklanc-noknek","status":"publish","type":"product","link":"https:\/\/trimakasi.eu\/hu\/product\/raw-carnelian-necklace-for-women\/","title":{"rendered":"Nyers karneol n\u0151i nyakl\u00e1nc"},"content":{"rendered":"<h3>Karneol<\/h3>\n<p>A karneol a Nap k\u00f6ve, amely elnyelte annak energi\u00e1j\u00e1t \u00e9s elnyerte meleg, ragyog\u00f3 sz\u00edn\u00e9t. A motiv\u00e1ci\u00f3, a kitart\u00e1s, a vezet\u00e9s \u00e9s a b\u00e1tors\u00e1g k\u00f6vek\u00e9nt ismert, a karneol v\u00e9dte \u00e9s inspir\u00e1lta az emberis\u00e9get a t\u00f6rt\u00e9nelem sor\u00e1n. Az \u00f3kori harcosok karneolt viseltek a nyakukban, hogy az b\u00e1tors\u00e1ggal \u00e9s fizikai er\u0151vel l\u00e1ssa el \u0151ket ellens\u00e9geik legy\u0151z\u00e9se sor\u00e1n. A karneol b\u00e1tors\u00e1got ny\u00fajt a neh\u00e9zs\u00e9gek lek\u00fczd\u00e9s\u00e9hez, \u00e9s t\u00e1mogatja az idealizmust, a pragmatizmust \u00e9s az \u00e9letben t\u00f6rt\u00e9n\u0151 pozit\u00edv v\u00e1ltoz\u00e1sokat.<\/p>\n<p>Egyes legend\u00e1k szerint a karneol megv\u00e9di visel\u0151j\u00e9t a lees\u0151 t\u00e1rgyakt\u00f3l \u00e9s a munkahelyi balesetek okozta s\u00e9r\u00fcl\u00e9st\u0151l. Egyesek \u00fagy v\u00e9lik, hogy a karneol vonzza a j\u00f3l\u00e9tet \u00e9s a boldogs\u00e1got. A karneol t\u00e1mogatja az \u00e9letciklus elfogad\u00e1s\u00e1t \u00e9s seg\u00edt megsz\u00fcntetni a hal\u00e1lf\u00e9lelmet. \u0150si k\u0151k\u00e9nt sokszor haszn\u00e1lt\u00e1k a t\u00falvil\u00e1g fel\u00e9 halad\u00f3 halottak v\u00e9delm\u00e9re. \u00dagy v\u00e9lt\u00e9k, hogy ez a k\u0151 hozz\u00e1j\u00e1rulhat a l\u00e9tfontoss\u00e1g\u00fa szervek v\u00e9rkering\u00e9s\u00e9nek jav\u00edt\u00e1s\u00e1hoz.<\/p>\n<p>Elem: <strong>T\u0171z<\/strong><\/p>\n<p>Csillagjegyek: <strong>Bak, Sz\u0171z, R\u00e1k<\/strong><\/p>\n<p>Ez a kark\u00f6t\u0151 harmoniz\u00e1lja a gy\u00f6k\u00e9rcsakr\u00e1t \u00e9s a szakr\u00e1lis csakr\u00e1t.<\/p>\n<p><a href=\"https:\/\/trimakasi.eu\/wp-content\/uploads\/\u010dakra1.jpg\"><img loading=\"lazy\" decoding=\"async\" class=\"alignnone size-full wp-image-138513\" src=\"https:\/\/trimakasi.eu\/wp-content\/uploads\/\u010dakra1.jpg\" alt=\"Gy\u00f6k\u00e9rcsakra\" width=\"81\" height=\"88\" srcset=\"https:\/\/trimakasi.eu\/wp-content\/uploads\/\u010dakra1.jpg 81w, https:\/\/trimakasi.eu\/wp-content\/uploads\/\u010dakra1-11x12.jpg 11w\" sizes=\"auto, (max-width: 81px) 100vw, 81px\" \/><\/a><a href=\"https:\/\/trimakasi.eu\/wp-content\/uploads\/\u010dakra2.jpg\"><img loading=\"lazy\" decoding=\"async\" class=\"alignnone size-full wp-image-138514\" src=\"https:\/\/trimakasi.eu\/wp-content\/uploads\/\u010dakra2.jpg\" alt=\"Szakr\u00e1lis csakra\" width=\"76\" height=\"96\" srcset=\"https:\/\/trimakasi.eu\/wp-content\/uploads\/\u010dakra2.jpg 76w, https:\/\/trimakasi.eu\/wp-content\/uploads\/\u010dakra2-10x12.jpg 10w\" sizes=\"auto, (max-width: 76px) 100vw, 76px\" \/><\/a><\/p>\n<p><a href=\"https:\/\/trimakasi.eu\/hu\/videoblog\/\"><u>L\u00e1togassa meg videoblogunkat, hogy felfedezze a dr\u00e1gak\u00f6vek, \u00e1llat\u00f6v jelek, csakr\u00e1k \u00e9s m\u00e9g sok m\u00e1s k\u00f6z\u00f6tti \u00f6sszef\u00fcgg\u00e9seket.<\/u><\/a><\/p>","protected":false},"excerpt":{"rendered":"<p>Fokozza st\u00edlus\u00e1t k\u00e9zzel k\u00e9sz\u00edtett minimalista n\u0151i nyakl\u00e1ncunkkal, amely egy nyers karneol med\u00e1lt mutat be. Ez a remek darab melegs\u00e9get, \u00e9l\u00e9nk energi\u00e1t \u00e9s egy csipetnyi eleganci\u00e1t k\u00edn\u00e1l.<\/p>\n<p>A karneolt energiz\u00e1l\u00f3 \u00e9s motiv\u00e1l\u00f3 tulajdons\u00e1gai miatt \u00e9rt\u00e9kelik. Minden darab egyedi! G\u00f6rgessen le, hogy megismerje a k\u00f6vek tulajdons\u00e1gait.<\/p>\n<p>A l\u00e1nc 46-52 cm k\u00f6z\u00f6tt \u00e1ll\u00edthat\u00f3, rozsdamentes ac\u00e9lb\u00f3l k\u00e9sz\u00fclt, \u00e9s PVD m\u00f3dszerrel val\u00f3di 18k arannyal van bevonva a tart\u00f3s tart\u00f3ss\u00e1g \u00e9rdek\u00e9ben. A minimalista k\u0151 m\u00e9rete k\u00f6r\u00fclbel\u00fcl 0,6 x 1,2 cm. A nyakl\u00e1nc luxus r\u00f3zsasz\u00edn dobozban \u00e9rkezik, Trimakasi log\u00f3val, \u00edgy t\u00f6k\u00e9letes aj\u00e1nd\u00e9k.<\/p>","protected":false},"featured_media":173871,"comment_status":"open","ping_status":"closed","template":"","meta":{"_acf_changed":false,"_themeisle_gutenberg_block_has_review":false},"product_brand":[],"product_cat":[569,1690,1149,553],"product_tag":[],"class_list":{"0":"post-173907","1":"product","2":"type-product","3":"status-publish","4":"has-post-thumbnail","6":"product_cat-minimalist-jewellery-for-women","7":"product_cat-necklaces","8":"product_cat-necklaces-for-women","9":"product_cat-womens-jewellery","11":"first","12":"instock","13":"taxable","14":"shipping-taxable","15":"purchasable","16":"product-type-variable","17":"has-default-attributes"},"acf":[],"_links":{"self":[{"href":"https:\/\/trimakasi.eu\/hu\/wp-json\/wp\/v2\/product\/173907","targetHints":{"allow":["GET"]}}],"collection":[{"href":"https:\/\/trimakasi.eu\/hu\/wp-json\/wp\/v2\/product"}],"about":[{"href":"https:\/\/trimakasi.eu\/hu\/wp-json\/wp\/v2\/types\/product"}],"replies":[{"embeddable":true,"href":"https:\/\/trimakasi.eu\/hu\/wp-json\/wp\/v2\/comments?post=173907"}],"wp:featuredmedia":[{"embeddable":true,"href":"https:\/\/trimakasi.eu\/hu\/wp-json\/wp\/v2\/media\/173871"}],"wp:attachment":[{"href":"https:\/\/trimakasi.eu\/hu\/wp-json\/wp\/v2\/media?parent=173907"}],"wp:term":[{"taxonomy":"product_brand","embeddable":true,"href":"https:\/\/trimakasi.eu\/hu\/wp-json\/wp\/v2\/product_brand?post=173907"},{"taxonomy":"product_cat","embeddable":true,"href":"https:\/\/trimakasi.eu\/hu\/wp-json\/wp\/v2\/product_cat?post=173907"},{"taxonomy":"product_tag","embeddable":true,"href":"https:\/\/trimakasi.eu\/hu\/wp-json\/wp\/v2\/product_tag?post=173907"}],"curies":[{"name":"wp","href":"https:\/\/api.w.org\/{rel}","templated":true}]}}