{"id":166012,"date":"2022-11-12T13:55:02","date_gmt":"2022-11-12T12:55:02","guid":{"rendered":"https:\/\/trimakasi.eu\/?post_type=product&#038;p=166012"},"modified":"2025-01-13T10:46:41","modified_gmt":"2025-01-13T09:46:41","slug":"medusa-nyaklanc-ferfiaknak","status":"publish","type":"product","link":"https:\/\/trimakasi.eu\/hu\/product\/medusa-necklace-for-men\/","title":{"rendered":"Medusa nyakl\u00e1nc f\u00e9rfiaknak"},"content":{"rendered":"<h3>Medusa nyakl\u00e1nc<\/h3>\n<p>Med\u00faza az \u00f3kori g\u00f6r\u00f6g mitol\u00f3gia egyik legh\u00edresebb \u00e9s legrettegettebb alakja. T\u00f6rt\u00e9nete trag\u00e9dia, \u00e1tok \u00e9s megtorl\u00e1s kever\u00e9ke. Eredetileg egy gy\u00f6ny\u00f6r\u0171 nimfa volt, akit leny\u0171g\u00f6z\u0151 sz\u00e9ps\u00e9g\u00e9r\u0151l ismertek, de el\u00e1tkozt\u00e1k, \u00e9s a Gorgon n\u00e9ven ismert sz\u00f6rnyetegg\u00e9 v\u00e1ltoztatta, miut\u00e1n megb\u00e1ntotta Ath\u00e9n\u00e9 istenn\u0151t. \u00daj megjelen\u00e9se \u00e9s hal\u00e1los k\u00e9pess\u00e9gei nemcsak rettegett \u00e1llapotot hoztak neki, hanem a vil\u00e1gt\u00f3l val\u00f3 elszigetel\u0151d\u00e9st is. Med\u00faza v\u00e9g\u00e9t a h\u0151s Perszeusz keze \u00e9rte, aki legy\u0151zte \u0151t, \u00e9s a fej\u00e9t fegyverk\u00e9nt haszn\u00e1lta. B\u00e1r t\u00f6rt\u00e9nete Perseusszal \u00e9rt v\u00e9get, Med\u00faza \u00f6r\u00f6ks\u00e9ge \u00e9vsz\u00e1zadokon \u00e1t fennmaradt, eml\u00e9keztetve az \u0151si istenek erej\u00e9re \u00e9s az emberi l\u00e9t \u00f6sszetett term\u00e9szet\u00e9re.<\/p>","protected":false},"excerpt":{"rendered":"<p>\u00d3kori g\u00f6r\u00f6g legend\u00e1k \u00e1ltal ihletett \u00e9rme med\u00e1l f\u00e9rfiaknak, Med\u00faz\u00e1t, a g\u00f6r\u00f6g mitol\u00f3gia egyik legh\u00edresebb szerepl\u0151j\u00e9t \u00e1br\u00e1zolja.<\/p>\n<p>A med\u00faza, amelyet k\u00edgy\u00f3z\u00f3 hajjal \u00e9s olyan er\u0151teljes tekintettel \u00e1br\u00e1zolnak, hogy a b\u00e1m\u00e9szkod\u00f3kat k\u0151v\u00e9 var\u00e1zsolja, mindig is a v\u00e9gtelen hatalom \u00e9s befoly\u00e1s szimb\u00f3luma volt.<\/p>\n<p>Ez a darab rozsdamentes ac\u00e9lb\u00f3l k\u00e9sz\u00fclt, \u00e9s val\u00f3di 18K arannyal van bevonva PVD technol\u00f3gi\u00e1val, \u00edgy biztos\u00edtva a tart\u00f3s tart\u00f3ss\u00e1got.<\/p>\n<p>A l\u00e1nc hossza 61-66cm k\u00f6z\u00f6tt \u00e1ll\u00edthat\u00f3, a nyakl\u00e1ncot pedig Trimakasi log\u00f3val ell\u00e1tott vel\u00far v\u00e9d\u0151t\u00e1sk\u00e1ban sz\u00e1ll\u00edtjuk.<\/p>","protected":false},"featured_media":165858,"comment_status":"closed","ping_status":"closed","template":"","meta":{"_acf_changed":false,"_themeisle_gutenberg_block_has_review":false},"product_brand":[],"product_cat":[1064,1150,1690],"product_tag":[],"class_list":{"0":"post-166012","1":"product","2":"type-product","3":"status-publish","4":"has-post-thumbnail","6":"product_cat-mens-jewellery","7":"product_cat-necklaces-for-men","8":"product_cat-necklaces","10":"first","11":"outofstock","12":"taxable","13":"shipping-taxable","14":"purchasable","15":"product-type-simple"},"acf":[],"_links":{"self":[{"href":"https:\/\/trimakasi.eu\/hu\/wp-json\/wp\/v2\/product\/166012","targetHints":{"allow":["GET"]}}],"collection":[{"href":"https:\/\/trimakasi.eu\/hu\/wp-json\/wp\/v2\/product"}],"about":[{"href":"https:\/\/trimakasi.eu\/hu\/wp-json\/wp\/v2\/types\/product"}],"replies":[{"embeddable":true,"href":"https:\/\/trimakasi.eu\/hu\/wp-json\/wp\/v2\/comments?post=166012"}],"wp:featuredmedia":[{"embeddable":true,"href":"https:\/\/trimakasi.eu\/hu\/wp-json\/wp\/v2\/media\/165858"}],"wp:attachment":[{"href":"https:\/\/trimakasi.eu\/hu\/wp-json\/wp\/v2\/media?parent=166012"}],"wp:term":[{"taxonomy":"product_brand","embeddable":true,"href":"https:\/\/trimakasi.eu\/hu\/wp-json\/wp\/v2\/product_brand?post=166012"},{"taxonomy":"product_cat","embeddable":true,"href":"https:\/\/trimakasi.eu\/hu\/wp-json\/wp\/v2\/product_cat?post=166012"},{"taxonomy":"product_tag","embeddable":true,"href":"https:\/\/trimakasi.eu\/hu\/wp-json\/wp\/v2\/product_tag?post=166012"}],"curies":[{"name":"wp","href":"https:\/\/api.w.org\/{rel}","templated":true}]}}