{"id":165992,"date":"2023-05-09T19:15:12","date_gmt":"2023-05-09T17:15:12","guid":{"rendered":"https:\/\/trimakasi.eu\/?post_type=product&#038;p=165992"},"modified":"2024-03-25T18:14:19","modified_gmt":"2024-03-25T17:14:19","slug":"fekete-onix-nyaklanc-ferfi","status":"publish","type":"product","link":"https:\/\/trimakasi.eu\/hu\/product\/black-onyx-necklace-for-men\/","title":{"rendered":"Fekete \u00f3nix f\u00e9rfi nyakl\u00e1nc"},"content":{"rendered":"<h3>Fekete \u00f3nix<\/h3>\n<p>Az \u00f3nix \u00e1ltal\u00e1ban el\u0151seg\u00edti a bels\u0151 stabilit\u00e1st, a nyugalmat \u00e9s a szellemi \u00e9retts\u00e9get. Kellemes rezg\u00e9sei v\u00e9d\u0151 tulajdons\u00e1gokkal b\u00edrnak, n\u00f6velik az \u00f6nbizalmat \u00e9s egyben biztons\u00e1g\u00e9rzetet is adnak.<\/p>\n<p>A fekete \u00f3nix k\u00e9pes n\u00f6velni tulajdonosa akaraterej\u00e9t, \u00e9s seg\u00edt neki b\u00e1tran szemben\u00e9zni a probl\u00e9m\u00e1kkal. Seg\u00edt megold\u00e1sokat tal\u00e1lni ahelyett, hogy a probl\u00e9m\u00e1kra f\u00f3kusz\u00e1ln\u00e1nk, valamint a felad\u00e1s gondolat\u00e1t is el\u0171zi. A fekete \u00f3nix egy univerz\u00e1lis k\u0151, amely szinte minden csillagjegyhez alkalmas.<\/p>\n<p>Elem: <strong>T\u0171z<\/strong><\/p>\n<p>Csillagjegyek: <strong>Sz\u0171z, Ikrek, Skorpi\u00f3, Halak, V\u00edz\u00f6nt\u0151, Bak, R\u00e1k, Bika, Kos<\/strong><\/p>\n<p>A kark\u00f6t\u0151 a gy\u00f6k\u00e9rcsakr\u00e1t harmoniz\u00e1lja<\/p>\n<p><a href=\"https:\/\/trimakasi.eu\/wp-content\/uploads\/\u010dakra1.jpg\"><img loading=\"lazy\" decoding=\"async\" class=\"alignnone size-full wp-image-138513\" src=\"https:\/\/trimakasi.eu\/wp-content\/uploads\/\u010dakra1.jpg\" alt=\"Gy\u00f6k\u00e9rcsakra\" width=\"81\" height=\"88\" srcset=\"https:\/\/trimakasi.eu\/wp-content\/uploads\/\u010dakra1.jpg 81w, https:\/\/trimakasi.eu\/wp-content\/uploads\/\u010dakra1-11x12.jpg 11w\" sizes=\"auto, (max-width: 81px) 100vw, 81px\" \/><\/a><\/p>\n<p><a href=\"https:\/\/trimakasi.eu\/hu\/videoblog\/\"><u>L\u00e1togassa meg videoblogunkat, hogy felfedezze a dr\u00e1gak\u00f6vek, \u00e1llat\u00f6v jelek, csakr\u00e1k \u00e9s m\u00e9g sok m\u00e1s k\u00f6z\u00f6tti \u00f6sszef\u00fcgg\u00e9seket.<\/u><\/a><\/p>","protected":false},"excerpt":{"rendered":"<p>Ez a nyakl\u00e1nc egy kifinomult, n\u00e9gyzet alak\u00fa \u00f3nix lapos med\u00e1l, arany l\u00e1ncon. A minimalizmust \u00e9s a r\u00e9szletekre val\u00f3 odafigyel\u00e9st testes\u00edti meg, t\u00fckr\u00f6zve visel\u0151je szem\u00e9lyis\u00e9g\u00e9t \u00e9s \u00edzl\u00e9s\u00e9t.<\/p>\n<p>A 18K arany PVD bevonat tart\u00f3ss\u00e1got biztos\u00edt a kop\u00e1s, izzads\u00e1g \u00e9s v\u00edz ellen. A 66 cm-es l\u00e1nc egyszerre st\u00edlusos \u00e9s k\u00e9nyelmes. Ez a vel\u00far Trimakasi log\u00f3s tasakban bemutatott nyakl\u00e1nc az elegancia \u00e9s a min\u0151s\u00e9g jelk\u00e9pe.<\/p>","protected":false},"featured_media":165861,"comment_status":"open","ping_status":"closed","template":"","meta":{"_acf_changed":false,"_themeisle_gutenberg_block_has_review":false},"product_brand":[],"product_cat":[1064,1150,1690],"product_tag":[],"class_list":{"0":"post-165992","1":"product","2":"type-product","3":"status-publish","4":"has-post-thumbnail","6":"product_cat-mens-jewellery","7":"product_cat-necklaces-for-men","8":"product_cat-necklaces","10":"first","11":"instock","12":"taxable","13":"shipping-taxable","14":"purchasable","15":"product-type-simple"},"acf":[],"_links":{"self":[{"href":"https:\/\/trimakasi.eu\/hu\/wp-json\/wp\/v2\/product\/165992","targetHints":{"allow":["GET"]}}],"collection":[{"href":"https:\/\/trimakasi.eu\/hu\/wp-json\/wp\/v2\/product"}],"about":[{"href":"https:\/\/trimakasi.eu\/hu\/wp-json\/wp\/v2\/types\/product"}],"replies":[{"embeddable":true,"href":"https:\/\/trimakasi.eu\/hu\/wp-json\/wp\/v2\/comments?post=165992"}],"wp:featuredmedia":[{"embeddable":true,"href":"https:\/\/trimakasi.eu\/hu\/wp-json\/wp\/v2\/media\/165861"}],"wp:attachment":[{"href":"https:\/\/trimakasi.eu\/hu\/wp-json\/wp\/v2\/media?parent=165992"}],"wp:term":[{"taxonomy":"product_brand","embeddable":true,"href":"https:\/\/trimakasi.eu\/hu\/wp-json\/wp\/v2\/product_brand?post=165992"},{"taxonomy":"product_cat","embeddable":true,"href":"https:\/\/trimakasi.eu\/hu\/wp-json\/wp\/v2\/product_cat?post=165992"},{"taxonomy":"product_tag","embeddable":true,"href":"https:\/\/trimakasi.eu\/hu\/wp-json\/wp\/v2\/product_tag?post=165992"}],"curies":[{"name":"wp","href":"https:\/\/api.w.org\/{rel}","templated":true}]}}