{"id":165954,"date":"2022-01-06T17:24:59","date_gmt":"2022-01-06T16:24:59","guid":{"rendered":"https:\/\/trimakasi.eu\/?post_type=product&#038;p=165954"},"modified":"2025-08-20T12:52:37","modified_gmt":"2025-08-20T10:52:37","slug":"szodalit-karkoto","status":"publish","type":"product","link":"https:\/\/trimakasi.eu\/hu\/product\/sodalite-bracelet\/","title":{"rendered":"Szodalit kark\u00f6t\u0151"},"content":{"rendered":"<h3 id=\"tw-target-text\" class=\"tw-data-text tw-text-large tw-ta\" dir=\"ltr\" data-placeholder=\"P\u0159eklad\"><span lang=\"en\" tabindex=\"0\">Szodalit \u2013 el\u0151ny\u00f6k<\/span><\/h3>\n<p>A szodalit b\u00e9k\u00e9t, rendet \u00e9s \u00e9rzelmi egyens\u00falyt hoz az elm\u00e9nkbe. El\u0151seg\u00edti a racion\u00e1lis gondolkod\u00e1st, az objektivit\u00e1st, az intu\u00edci\u00f3t, ugyanakkor n\u00f6veli az \u00f6nbizalmat. Ez a k\u0151 lehet\u0151v\u00e9 teszi sz\u00e1munkra, hogy objekt\u00edven belen\u00e9zz\u00fcnk a lelk\u00fcnkbe, \u00e9rt\u00e9kelj\u00fck er\u0151ss\u00e9geinket \u00e9s gyenges\u00e9geinket, \u00e9s mindenekel\u0151tt megtal\u00e1ljuk motiv\u00e1ci\u00f3nk forr\u00e1s\u00e1t.<\/p>\n<p>A szodalit seg\u00edt megel\u0151zni a p\u00e1nikot \u00e9s a k\u00e9ts\u00e9gbees\u00e9st. A szodalit megv\u00e9d minket a konfliktusokt\u00f3l \u00e9s seg\u00edt kompromisszumokat k\u00f6tni. Ha ez a k\u0151 jelen van a csapatmunka sor\u00e1n, \u00f6sszhangot, szolidarit\u00e1st \u00e9s tudatoss\u00e1got hoz a k\u00f6z\u00f6s c\u00e9l ir\u00e1nt.<\/p>\n<p>Elem: <strong>V\u00edz, leveg\u0151<\/strong><\/p>\n<p>Csillagjegyek: <strong>Nyilas, Skorpi\u00f3, Sz\u0171z<\/strong><\/p>\n<p>A kark\u00f6t\u0151 harmoniz\u00e1lja a torokcsakr\u00e1t \u00e9s a harmadik szem csakr\u00e1t:<br \/>\n<img loading=\"lazy\" decoding=\"async\" class=\"alignnone wp-image-72747\" src=\"https:\/\/trimakasi.cz\/wp-content\/uploads\/2018\/07\/%C4%8Dakra5.jpg\" alt=\"Hrdeln\u00ed \u010dakra\" width=\"65\" height=\"70\" \/><img loading=\"lazy\" decoding=\"async\" class=\"alignnone wp-image-72748\" src=\"https:\/\/trimakasi.cz\/wp-content\/uploads\/2018\/07\/%C4%8Dakra6.jpg\" alt=\"\u010cakra t\u0159et\u00edho oka\" width=\"77\" height=\"73\" \/><\/p>\n<p dir=\"ltr\" data-placeholder=\"P\u0159eklad\"><a href=\"https:\/\/trimakasi.eu\/hu\/videoblog\/\"><u>L\u00e1togassa meg videoblogunkat, hogy felfedezze a dr\u00e1gak\u00f6vek, \u00e1llat\u00f6v jelek, csakr\u00e1k \u00e9s m\u00e9g sok m\u00e1s k\u00f6z\u00f6tti \u00f6sszef\u00fcgg\u00e9seket.<\/u><\/a><\/p>","protected":false},"excerpt":{"rendered":"<p>Term\u00e9szetes szodalit gy\u00f6ngy\u00f6kb\u0151l k\u00e9sz\u00fclt kark\u00f6t\u0151. Ezt a dr\u00e1gak\u00f6vet m\u00e9lyk\u00e9k sz\u00edne jellemzi, feh\u00e9r \u00e9s fekete mint\u00e1kkal \u00e1tsz\u0151ve. Tudjon meg t\u00f6bbet a k\u0151 tulajdons\u00e1gair\u00f3l al\u00e1bb.<\/p>\n<p>V\u00e1lasszon kark\u00f6t\u0151t annak m\u00e9rete \u00e9s az utols\u00f3 gy\u00f6ngy sz\u00edne szerint.\u00a0<a href=\"https:\/\/trimakasi.eu\/hu\/hogyan-valasszuk-ki-a-karkoto-meretet\/\">A m\u00e9ret helyes meghat\u00e1roz\u00e1s\u00e1nak \u00fatmutat\u00f3ja itt tal\u00e1lhat\u00f3.<\/a><\/p>","protected":false},"featured_media":165812,"comment_status":"open","ping_status":"closed","template":"","meta":{"_acf_changed":false,"_themeisle_gutenberg_block_has_review":false},"product_brand":[],"product_cat":[1687,1064,554,1068,553],"product_tag":[],"class_list":{"0":"post-165954","1":"product","2":"type-product","3":"status-publish","4":"has-post-thumbnail","6":"product_cat-elastic-bracelets","7":"product_cat-mens-jewellery","8":"product_cat-natural-gemstone-bracelets","9":"product_cat-natural-gemstone-bracelets-for-men","10":"product_cat-womens-jewellery","12":"first","13":"instock","14":"taxable","15":"shipping-taxable","16":"purchasable","17":"product-type-variable","18":"has-default-attributes"},"acf":[],"_links":{"self":[{"href":"https:\/\/trimakasi.eu\/hu\/wp-json\/wp\/v2\/product\/165954","targetHints":{"allow":["GET"]}}],"collection":[{"href":"https:\/\/trimakasi.eu\/hu\/wp-json\/wp\/v2\/product"}],"about":[{"href":"https:\/\/trimakasi.eu\/hu\/wp-json\/wp\/v2\/types\/product"}],"replies":[{"embeddable":true,"href":"https:\/\/trimakasi.eu\/hu\/wp-json\/wp\/v2\/comments?post=165954"}],"wp:featuredmedia":[{"embeddable":true,"href":"https:\/\/trimakasi.eu\/hu\/wp-json\/wp\/v2\/media\/165812"}],"wp:attachment":[{"href":"https:\/\/trimakasi.eu\/hu\/wp-json\/wp\/v2\/media?parent=165954"}],"wp:term":[{"taxonomy":"product_brand","embeddable":true,"href":"https:\/\/trimakasi.eu\/hu\/wp-json\/wp\/v2\/product_brand?post=165954"},{"taxonomy":"product_cat","embeddable":true,"href":"https:\/\/trimakasi.eu\/hu\/wp-json\/wp\/v2\/product_cat?post=165954"},{"taxonomy":"product_tag","embeddable":true,"href":"https:\/\/trimakasi.eu\/hu\/wp-json\/wp\/v2\/product_tag?post=165954"}],"curies":[{"name":"wp","href":"https:\/\/api.w.org\/{rel}","templated":true}]}}