{"id":165942,"date":"2023-01-05T19:11:49","date_gmt":"2023-01-05T18:11:49","guid":{"rendered":"https:\/\/trimakasi.eu\/?post_type=product&#038;p=165942"},"modified":"2025-07-12T12:48:18","modified_gmt":"2025-07-12T10:48:18","slug":"napko-nyaklanc-remenycsepp","status":"publish","type":"product","link":"https:\/\/trimakasi.eu\/hu\/product\/sunstone-necklace-drop-of-hope\/","title":{"rendered":"Napk\u0151 nyakl\u00e1nc \u2013 Rem\u00e9nycsepp"},"content":{"rendered":"<h3>Napk\u0151<\/h3>\n<p>Ennek a f\u00e9ldr\u00e1gak\u0151nek a rezg\u00e9sei hordozz\u00e1k R\u00e9 nev\u0171 egyiptomi napisten er\u0151s \u00e9s kreat\u00edv energi\u00e1j\u00e1t. Ez az er\u0151s energia meg\u00faj\u00edtja az \u00e9let\u00f6r\u00f6m\u00f6t, a j\u00f3 hangulatot \u00e9s a pozitivit\u00e1st az emberekben.<\/p>\n<p>A napk\u0151 a vezet\u0151 szerep, a karizma, a szabads\u00e1g \u00e9s a kit\u00e1gult tudat szimb\u00f3luma. K\u00e9pes f\u00e9nyt hozni \u00e9let\u00fcnk azon ter\u00fcleteire, amelyekre figyelmet kell ford\u00edtanunk. Ez a k\u0151 seg\u00edthet eloszlatni a f\u00e9lelmet, a stresszt \u00e9s az \u00f6sszes negat\u00edv rezg\u00e9st.<\/p>\n<p>Elem: <strong>T\u0171z<\/strong><\/p>\n<p>Csillagjegyek: <strong>Oroszl\u00e1n, Kos, M\u00e9rleg, Bak<\/strong><\/p>\n<p>A napk\u0151 harmoniz\u00e1lja a szakr\u00e1lis csakr\u00e1t \u00e9s a napfonat csakr\u00e1t.<\/p>\n<p><a href=\"https:\/\/trimakasi.eu\/wp-content\/uploads\/\u010dakra2.jpg\"><img loading=\"lazy\" decoding=\"async\" class=\"alignnone size-full wp-image-138514\" src=\"https:\/\/trimakasi.eu\/wp-content\/uploads\/\u010dakra2.jpg\" alt=\"Szakr\u00e1lis csakra\" width=\"76\" height=\"96\" srcset=\"https:\/\/trimakasi.eu\/wp-content\/uploads\/\u010dakra2.jpg 76w, https:\/\/trimakasi.eu\/wp-content\/uploads\/\u010dakra2-10x12.jpg 10w\" sizes=\"auto, (max-width: 76px) 100vw, 76px\" \/><\/a><a href=\"https:\/\/trimakasi.eu\/wp-content\/uploads\/2020\/07\/\u010dakra3.jpg\"><img loading=\"lazy\" decoding=\"async\" class=\"alignnone size-full wp-image-83567\" src=\"https:\/\/trimakasi.eu\/wp-content\/uploads\/2020\/07\/\u010dakra3.jpg\" alt=\"Napplexus csakra\" width=\"77\" height=\"86\" srcset=\"https:\/\/trimakasi.eu\/wp-content\/uploads\/2020\/07\/\u010dakra3.jpg 77w, https:\/\/trimakasi.eu\/wp-content\/uploads\/2020\/07\/\u010dakra3-11x12.jpg 11w\" sizes=\"auto, (max-width: 77px) 100vw, 77px\" \/><\/a><\/p>\n<p><a href=\"https:\/\/trimakasi.eu\/hu\/videoblog\/\"><u>L\u00e1togassa meg videoblogunkat, hogy felfedezze a dr\u00e1gak\u00f6vek, \u00e1llat\u00f6v jelek, csakr\u00e1k \u00e9s m\u00e9g sok m\u00e1s k\u00f6z\u00f6tti \u00f6sszef\u00fcgg\u00e9seket.<\/u><\/a><\/p>","protected":false},"excerpt":{"rendered":"<p>N\u0151i nyakl\u00e1nc val\u00f3di napk\u0151vel, t\u00f6k\u00e9letesen csiszolt, eleg\u00e1ns csepp form\u00e1j\u00fa, a csillog\u00f3 temperamentum kifejez\u00e9se.<\/p>\n<p>A napk\u0151 vibr\u00e1l\u00f3 energi\u00e1j\u00e1t \u00e9s pozitivit\u00e1s\u00e1t t\u00fckr\u00f6z\u0151 nyakl\u00e1nc egy csepp optimizmust \u00e9s vitalit\u00e1st hoz az \u00e9letedbe.<\/p>\n<p>A l\u00e1nc 46-52 cm k\u00f6z\u00f6tt \u00e1ll\u00edthat\u00f3 hossz\u00fas\u00e1g\u00fa, rozsdamentes ac\u00e9lb\u00f3l k\u00e9sz\u00fclt \u00e9s PVD m\u00f3dszerrel val\u00f3di 18k arannyal van bevonva a tart\u00f3s tart\u00f3ss\u00e1g \u00e9rdek\u00e9ben. A minimalista med\u00e1l m\u00e9rete kb. 0,6 x 1,2 cm. A nyakl\u00e1nc luxus r\u00f3zsasz\u00edn dobozban \u00e9rkezik, Trimakasi log\u00f3val, \u00edgy t\u00f6k\u00e9letes aj\u00e1nd\u00e9k.<\/p>","protected":false},"featured_media":165878,"comment_status":"open","ping_status":"closed","template":"","meta":{"_acf_changed":false,"_themeisle_gutenberg_block_has_review":false},"product_brand":[],"product_cat":[569,1149,1690,553],"product_tag":[],"class_list":{"0":"post-165942","1":"product","2":"type-product","3":"status-publish","4":"has-post-thumbnail","6":"product_cat-minimalist-jewellery-for-women","7":"product_cat-necklaces-for-women","8":"product_cat-necklaces","9":"product_cat-womens-jewellery","11":"first","12":"outofstock","13":"taxable","14":"shipping-taxable","15":"purchasable","16":"product-type-variable","17":"has-default-attributes"},"acf":[],"_links":{"self":[{"href":"https:\/\/trimakasi.eu\/hu\/wp-json\/wp\/v2\/product\/165942","targetHints":{"allow":["GET"]}}],"collection":[{"href":"https:\/\/trimakasi.eu\/hu\/wp-json\/wp\/v2\/product"}],"about":[{"href":"https:\/\/trimakasi.eu\/hu\/wp-json\/wp\/v2\/types\/product"}],"replies":[{"embeddable":true,"href":"https:\/\/trimakasi.eu\/hu\/wp-json\/wp\/v2\/comments?post=165942"}],"wp:featuredmedia":[{"embeddable":true,"href":"https:\/\/trimakasi.eu\/hu\/wp-json\/wp\/v2\/media\/165878"}],"wp:attachment":[{"href":"https:\/\/trimakasi.eu\/hu\/wp-json\/wp\/v2\/media?parent=165942"}],"wp:term":[{"taxonomy":"product_brand","embeddable":true,"href":"https:\/\/trimakasi.eu\/hu\/wp-json\/wp\/v2\/product_brand?post=165942"},{"taxonomy":"product_cat","embeddable":true,"href":"https:\/\/trimakasi.eu\/hu\/wp-json\/wp\/v2\/product_cat?post=165942"},{"taxonomy":"product_tag","embeddable":true,"href":"https:\/\/trimakasi.eu\/hu\/wp-json\/wp\/v2\/product_tag?post=165942"}],"curies":[{"name":"wp","href":"https:\/\/api.w.org\/{rel}","templated":true}]}}