{"id":165104,"date":"2025-02-07T20:34:28","date_gmt":"2025-02-07T19:34:28","guid":{"rendered":"https:\/\/trimakasi.eu\/?post_type=product&#038;p=165104"},"modified":"2025-08-24T13:51:23","modified_gmt":"2025-08-24T11:51:23","slug":"gyongy-nyaklanc-holdko-medallal","status":"publish","type":"product","link":"https:\/\/trimakasi.eu\/hu\/product\/pearl-necklace-with-moonstone-pendant\/","title":{"rendered":"Gy\u00f6ngy nyakl\u00e1nc holdk\u0151 med\u00e1llal"},"content":{"rendered":"<h3>Holdk\u0151<\/h3>\n<p>A holdk\u0151 harmoniz\u00e1lja az \u00e9rzelmeket az emberi tudatalatti szintj\u00e9n, jelent\u0151sen er\u0151s\u00edti az intu\u00edci\u00f3t \u00e9s seg\u00edt meghallani a bels\u0151 hangot. Az \u00e9rzelmek m\u00e9ly harmoniz\u00e1ci\u00f3ja er\u0151s gy\u00f3gy\u00edt\u00f3 hat\u00e1ssal van az emberi elm\u00e9re \u00e9s testre, mivel ahelyett, hogy elnyomn\u00e1 a tudatalattink szintj\u00e9n elakadt \u00e9rzelmeket, seg\u00edt kifejezni azokat. A holdk\u0151 elnyomja a magas munkak\u00f6telezetts\u00e9ggel j\u00e1r\u00f3 stresszt is.<\/p>\n<p>Az Indi\u00e1ban \u201eChandra Kant Mani\u201d n\u00e9ven ismert holdk\u0151 az indi\u00e1nok szent k\u00f6ve, akik sz\u00e1m\u00e1ra a rem\u00e9nyt, a lelki tisztas\u00e1got fejezi ki, \u00e9s az egotagad\u00e1s szimb\u00f3luma. Az indi\u00e1nok szerint ez a k\u0151 seg\u00edt a materializmus elleni k\u00fczdelemben \u00e9s er\u0151s\u00edti a h\u00edv\u0151k hit\u00e9t minden vall\u00e1sban. A hindu mitol\u00f3gi\u00e1ban p\u00e9ld\u00e1ul \u00fagy tartj\u00e1k, hogy a holdk\u0151 a hold sugarainak megk\u00f6vesed\u00e9s\u00e9vel keletkezett.<\/p>\n<p>Kiv\u00e1l\u00f3 aj\u00e1nd\u00e9k n\u0151k sz\u00e1m\u00e1ra, amely a szeretetet jelk\u00e9pezi, a t\u00f6bbi \u00e9rzelem harmoniz\u00e1l\u00e1sa mellett a szeretetet is fel\u00e9breszti. Ez a dr\u00e1gak\u0151 seg\u00edt harmoniz\u00e1lni az emberi test biol\u00f3giai ritmus\u00e1t, \u00e9s hat\u00e1ssal van a n\u0151i reprodukt\u00edv rendszerre: n\u00f6veli a term\u00e9kenys\u00e9get, seg\u00edt a menstru\u00e1ci\u00f3s probl\u00e9m\u00e1k kezel\u00e9s\u00e9ben, kiegyens\u00falyozza a hormonrendszert \u00e9s kik\u00fcsz\u00f6b\u00f6li a folyad\u00e9kretenci\u00f3t.<\/p>\n<h3>\u00c9desv\u00edzi rizsgy\u00f6ngy<\/h3>\n<p>A rizsgy\u00f6ngy jellegzetes alakja \u00e9s m\u00e9rete hasonl\u00f3 a rizsszemekhez. Finom \u00e9s hossz\u00fak\u00e1s form\u00e1juk szokatlan megjelen\u00e9st \u00e9s eleganci\u00e1t ad nekik.<br \/>\nHagyom\u00e1nyosan a finoms\u00e1g, a n\u0151iess\u00e9g \u00e9s a t\u00f6k\u00e9letess\u00e9g szimb\u00f3luma \u00c1zsi\u00e1ban. A tisztas\u00e1ggal \u00e9s a harm\u00f3ni\u00e1val kapcsolatosak, \u00e9s gyakran a szerencse \u00e9s a v\u00e9delem talizm\u00e1njak\u00e9nt ismerik fel.<\/p>\n<p>A term\u00e9szetes gy\u00f6ngy egy id\u0151tlen divatos kieg\u00e9sz\u00edt\u0151, amely garant\u00e1ltan felkelti a figyelmet! Eleg\u00e1ns temperamentumot sug\u00e1roznak, \u00e9s az eg\u00e9szs\u00e9g, a tisztas\u00e1g, a j\u00f3l\u00e9t \u00e9s a szerencse szimb\u00f3lumai. Minden gy\u00f6ngy egy hossz\u00fa t\u00e1v\u00fa term\u00e9szeti folyamat eredm\u00e9nye, \u00e9s egyedi t\u00f6rt\u00e9netet hordoz, amely a r\u00e9tegeiben r\u00f6gz\u00fcl.<\/p>\n<p>\u00c9desv\u00edzi (folyami) gy\u00f6ngyb\u0151l k\u00e9sz\u00fclt \u00e9kszer v\u00e1s\u00e1rl\u00e1s\u00e1val etikusan is v\u00e1laszt. A tengeri gy\u00f6ngy\u00f6kt\u0151l elt\u00e9r\u0151en, amelyek begy\u0171jt\u00e9se k\u00e1ros lehet a tengeri \u00f6kosziszt\u00e9m\u00e1ra, az \u00e9desv\u00edzi gy\u00f6ngy\u00f6t foly\u00f3kban \u00e9s tavakban termesztik, ami k\u00f6rnyezetbar\u00e1tabb. Az \u00e9desv\u00edzi gy\u00f6ngyb\u0151l k\u00e9sz\u00fclt \u00e9kszerekbe val\u00f3 befektet\u00e9s befektet\u00e9s a tart\u00f3s sz\u00e9ps\u00e9gbe. Id\u0151vel f\u00e9ny\u00fck nem cs\u00f6kken, hanem n\u00f6vekszik, \u00edgy m\u00e9lyebb \u00e9s gazdagabb jelent\u00e9st kapnak.<\/p>\n<p>A term\u00e9szetes gy\u00f6ngy id\u0151t\u00e1ll\u00f3 divatos kieg\u00e9sz\u00edt\u0151, az eg\u00e9szs\u00e9g, a tisztas\u00e1g, a j\u00f3l\u00e9t \u00e9s a boldogs\u00e1g szimb\u00f3luma.<\/p>\n<p>Mindegyik gy\u00f6ngy eredeti sz\u00edn\u0171, form\u00e1j\u00fa \u00e9s m\u00e9ret\u0171.<\/p>\n<p>A gy\u00f6ngy\u00f6k seg\u00edthetnek az egyens\u00faly \u00e9s a test term\u00e9szetes ritmus\u00e1nak teljes helyre\u00e1ll\u00edt\u00e1s\u00e1ban.<\/p>\n<p>Elem: <strong>V\u00edz<\/strong><\/p>\n<p>Csillagjegyek: <strong>Ikrek, R\u00e1k, M\u00e9rleg, Bak, Halak \u00e9s Skorpi\u00f3<\/strong><\/p>\n<p>A nyakl\u00e1nc minden csakr\u00e1t harmoniz\u00e1l, de f\u0151leg a torok-, sz\u00edv- \u00e9s koronacsakr\u00e1t:<\/p>\n<p><a href=\"https:\/\/trimakasi.eu\/wp-content\/uploads\/\u010dakra5.jpg\"><img loading=\"lazy\" decoding=\"async\" class=\"alignnone size-full wp-image-138515\" src=\"https:\/\/trimakasi.eu\/wp-content\/uploads\/\u010dakra5.jpg\" alt=\"Torokcsakra\" width=\"81\" height=\"87\" srcset=\"https:\/\/trimakasi.eu\/wp-content\/uploads\/\u010dakra5.jpg 81w, https:\/\/trimakasi.eu\/wp-content\/uploads\/\u010dakra5-11x12.jpg 11w\" sizes=\"auto, (max-width: 81px) 100vw, 81px\" \/><\/a><a href=\"https:\/\/trimakasi.eu\/wp-content\/uploads\/2020\/07\/\u010dakra4.jpg\"><img loading=\"lazy\" decoding=\"async\" class=\"alignnone size-full wp-image-83566\" src=\"https:\/\/trimakasi.eu\/wp-content\/uploads\/2020\/07\/\u010dakra4.jpg\" alt=\"Sz\u00edvcsakra\" width=\"79\" height=\"93\" srcset=\"https:\/\/trimakasi.eu\/wp-content\/uploads\/2020\/07\/\u010dakra4.jpg 79w, https:\/\/trimakasi.eu\/wp-content\/uploads\/2020\/07\/\u010dakra4-10x12.jpg 10w\" sizes=\"auto, (max-width: 79px) 100vw, 79px\" \/><\/a><img loading=\"lazy\" decoding=\"async\" class=\"alignnone wp-image-74571\" src=\"https:\/\/trimakasi.eu\/wp-content\/uploads\/2019\/05\/akra7.jpg\" alt=\"\" width=\"78\" height=\"86\" srcset=\"https:\/\/trimakasi.eu\/wp-content\/uploads\/2019\/05\/akra7.jpg 92w, https:\/\/trimakasi.eu\/wp-content\/uploads\/2019\/05\/akra7-11x12.jpg 11w\" sizes=\"auto, (max-width: 78px) 100vw, 78px\" \/><\/p>\n<p><a href=\"https:\/\/trimakasi.eu\/hu\/videoblog\/\"><u>L\u00e1togassa meg videoblogunkat, hogy felfedezze a dr\u00e1gak\u00f6vek, \u00e1llat\u00f6v jelek, csakr\u00e1k \u00e9s m\u00e9g sok m\u00e1s k\u00f6z\u00f6tti \u00f6sszef\u00fcgg\u00e9seket.<\/u><\/a><\/p>","protected":false},"excerpt":{"rendered":"<p>Ez a holdk\u0151vel d\u00edsz\u00edtett leny\u0171g\u00f6z\u0151 gy\u00f6ngy nyakl\u00e1nc a k\u00e9zm\u0171ves mesters\u00e9g gy\u00f6ngyszeme. Egyed\u00fcl\u00e1ll\u00f3 diz\u00e1jnja, ahol a rizsgy\u00f6ngy \u00e9s a k\u00f6zponti k\u00f6nny alak\u00fa holdk\u0151 ragyog, nem csak nagyszer\u0171 kieg\u00e9sz\u00edt\u0151v\u00e9 teszi ezt a nyakl\u00e1ncot, hanem az eredetis\u00e9g \u00e9s az exkluzivit\u00e1s megnyilatkoz\u00e1s\u00e1t is.<\/p>\n<p>Minden f\u00e9m alkatr\u00e9sz val\u00f3di 18k arannyal bevont rozsdamentes ac\u00e9lb\u00f3l k\u00e9sz\u00fclt, az ez\u00fcst v\u00e1ltozatban sterling ez\u00fcst gy\u00f6ngy\u00f6k tal\u00e1lhat\u00f3k.<\/p>\n<p>Ez a minimalista gy\u00f6ngy nyakl\u00e1nc igazi ritkas\u00e1g, k\u00f6sz\u00f6nhet\u0151en a v\u00e1logatott rizs alak\u00fa gy\u00f6ngy\u00f6k \u00e9s az AAA min\u0151s\u00e9g\u0171 holdk\u0151 kombin\u00e1ci\u00f3j\u00e1nak, k\u00e9k t\u00fckr\u00f6z\u0151d\u00e9sekkel.<\/p>\n<p>A nyakl\u00e1nc hossza 36-42 cm k\u00f6z\u00f6tt \u00e1ll\u00edthat\u00f3, \u00edgy minden n\u0151 sz\u00e1m\u00e1ra t\u00f6k\u00e9letes.<\/p>\n<p>Tudjon meg t\u00f6bbet a gy\u00f6ngy\u00f6kr\u0151l \u00e9s a holdk\u0151r\u0151l al\u00e1bb.<\/p>","protected":false},"featured_media":175576,"comment_status":"open","ping_status":"closed","template":"","meta":{"_acf_changed":false,"_themeisle_gutenberg_block_has_review":false},"product_brand":[],"product_cat":[569,1690,1149,1717,553],"product_tag":[],"class_list":{"0":"post-165104","1":"product","2":"type-product","3":"status-publish","4":"has-post-thumbnail","6":"product_cat-minimalist-jewellery-for-women","7":"product_cat-necklaces","8":"product_cat-necklaces-for-women","9":"product_cat-pearl-jewellery","10":"product_cat-womens-jewellery","12":"first","13":"instock","14":"taxable","15":"shipping-taxable","16":"purchasable","17":"product-type-variable","18":"has-default-attributes"},"acf":[],"_links":{"self":[{"href":"https:\/\/trimakasi.eu\/hu\/wp-json\/wp\/v2\/product\/165104","targetHints":{"allow":["GET"]}}],"collection":[{"href":"https:\/\/trimakasi.eu\/hu\/wp-json\/wp\/v2\/product"}],"about":[{"href":"https:\/\/trimakasi.eu\/hu\/wp-json\/wp\/v2\/types\/product"}],"replies":[{"embeddable":true,"href":"https:\/\/trimakasi.eu\/hu\/wp-json\/wp\/v2\/comments?post=165104"}],"wp:featuredmedia":[{"embeddable":true,"href":"https:\/\/trimakasi.eu\/hu\/wp-json\/wp\/v2\/media\/175576"}],"wp:attachment":[{"href":"https:\/\/trimakasi.eu\/hu\/wp-json\/wp\/v2\/media?parent=165104"}],"wp:term":[{"taxonomy":"product_brand","embeddable":true,"href":"https:\/\/trimakasi.eu\/hu\/wp-json\/wp\/v2\/product_brand?post=165104"},{"taxonomy":"product_cat","embeddable":true,"href":"https:\/\/trimakasi.eu\/hu\/wp-json\/wp\/v2\/product_cat?post=165104"},{"taxonomy":"product_tag","embeddable":true,"href":"https:\/\/trimakasi.eu\/hu\/wp-json\/wp\/v2\/product_tag?post=165104"}],"curies":[{"name":"wp","href":"https:\/\/api.w.org\/{rel}","templated":true}]}}