{"id":165077,"date":"2024-03-31T11:11:32","date_gmt":"2024-03-31T09:11:32","guid":{"rendered":"https:\/\/trimakasi.eu\/?post_type=product&#038;p=165077"},"modified":"2025-08-24T13:39:28","modified_gmt":"2025-08-24T11:39:28","slug":"gyongy-nyaklanc-aranyozott","status":"publish","type":"product","link":"https:\/\/trimakasi.eu\/hu\/product\/pearl-necklace-gold-plated\/","title":{"rendered":"Gy\u00f6ngy nyakl\u00e1nc \u2013 aranyozott"},"content":{"rendered":"<h3>\u00c9desv\u00edzi rizsgy\u00f6ngy<\/h3>\n<p>A rizsgy\u00f6ngy jellegzetes alakja \u00e9s m\u00e9rete hasonl\u00f3 a rizsszemekhez. Finom \u00e9s hossz\u00fak\u00e1s form\u00e1juk szokatlan megjelen\u00e9st \u00e9s eleganci\u00e1t ad nekik.<br \/>\nHagyom\u00e1nyosan a finoms\u00e1g, a n\u0151iess\u00e9g \u00e9s a t\u00f6k\u00e9letess\u00e9g szimb\u00f3luma \u00c1zsi\u00e1ban. A tisztas\u00e1ggal \u00e9s a harm\u00f3ni\u00e1val kapcsolatosak, \u00e9s gyakran a szerencse \u00e9s a v\u00e9delem talizm\u00e1njak\u00e9nt ismerik fel.<\/p>\n<p>A term\u00e9szetes gy\u00f6ngy egy id\u0151tlen divatos kieg\u00e9sz\u00edt\u0151, amely garant\u00e1ltan felkelti a figyelmet! Eleg\u00e1ns temperamentumot sug\u00e1roznak, \u00e9s az eg\u00e9szs\u00e9g, a tisztas\u00e1g, a j\u00f3l\u00e9t \u00e9s a szerencse szimb\u00f3lumai. Minden gy\u00f6ngy egy hossz\u00fa t\u00e1v\u00fa term\u00e9szeti folyamat eredm\u00e9nye, \u00e9s egyedi t\u00f6rt\u00e9netet hordoz, amely a r\u00e9tegeiben r\u00f6gz\u00fcl.<\/p>\n<p>\u00c9desv\u00edzi (folyami) gy\u00f6ngyb\u0151l k\u00e9sz\u00fclt \u00e9kszer v\u00e1s\u00e1rl\u00e1s\u00e1val etikusan is v\u00e1laszt. A tengeri gy\u00f6ngy\u00f6kt\u0151l elt\u00e9r\u0151en, amelyek begy\u0171jt\u00e9se k\u00e1ros lehet a tengeri \u00f6kosziszt\u00e9m\u00e1ra, az \u00e9desv\u00edzi gy\u00f6ngy\u00f6t foly\u00f3kban \u00e9s tavakban termesztik, ami k\u00f6rnyezetbar\u00e1tabb. Az \u00e9desv\u00edzi gy\u00f6ngyb\u0151l k\u00e9sz\u00fclt \u00e9kszerekbe val\u00f3 befektet\u00e9s befektet\u00e9s a tart\u00f3s sz\u00e9ps\u00e9gbe. Id\u0151vel f\u00e9ny\u00fck nem cs\u00f6kken, hanem n\u00f6vekszik, \u00edgy m\u00e9lyebb \u00e9s gazdagabb jelent\u00e9st kapnak.<\/p>\n<p>A term\u00e9szetes gy\u00f6ngy id\u0151t\u00e1ll\u00f3 divatos kieg\u00e9sz\u00edt\u0151, az eg\u00e9szs\u00e9g, a tisztas\u00e1g, a j\u00f3l\u00e9t \u00e9s a boldogs\u00e1g szimb\u00f3luma.<\/p>\n<p>Mindegyik gy\u00f6ngy eredeti sz\u00edn\u0171, form\u00e1j\u00fa \u00e9s m\u00e9ret\u0171.<\/p>\n<p>A gy\u00f6ngy\u00f6k seg\u00edthetnek az egyens\u00faly \u00e9s a test term\u00e9szetes ritmus\u00e1nak teljes helyre\u00e1ll\u00edt\u00e1s\u00e1ban.<\/p>\n<p>Elem: <strong>V\u00edz<\/strong><\/p>\n<p>Csillagjegyek: <strong>Ikrek, R\u00e1k, M\u00e9rleg, Bak \u00e9s Halak<\/strong><\/p>\n<p>A nyakl\u00e1nc minden csakr\u00e1t harmoniz\u00e1l, de f\u0151leg a sz\u00edv- \u00e9s koronacsakr\u00e1t:<\/p>\n<p><a href=\"https:\/\/trimakasi.eu\/wp-content\/uploads\/2020\/07\/\u010dakra4.jpg\"><img loading=\"lazy\" decoding=\"async\" class=\"alignnone size-full wp-image-83566\" src=\"https:\/\/trimakasi.eu\/wp-content\/uploads\/2020\/07\/\u010dakra4.jpg\" alt=\"Sz\u00edvcsakra\" width=\"79\" height=\"93\" srcset=\"https:\/\/trimakasi.eu\/wp-content\/uploads\/2020\/07\/\u010dakra4.jpg 79w, https:\/\/trimakasi.eu\/wp-content\/uploads\/2020\/07\/\u010dakra4-10x12.jpg 10w\" sizes=\"auto, (max-width: 79px) 100vw, 79px\" \/><\/a><img loading=\"lazy\" decoding=\"async\" class=\"alignnone wp-image-74571\" src=\"https:\/\/trimakasi.eu\/wp-content\/uploads\/2019\/05\/akra7.jpg\" alt=\"\" width=\"78\" height=\"86\" srcset=\"https:\/\/trimakasi.eu\/wp-content\/uploads\/2019\/05\/akra7.jpg 92w, https:\/\/trimakasi.eu\/wp-content\/uploads\/2019\/05\/akra7-11x12.jpg 11w\" sizes=\"auto, (max-width: 78px) 100vw, 78px\" \/><\/p>\n<p><a href=\"https:\/\/trimakasi.eu\/hu\/videoblog\/\"><u>L\u00e1togassa meg videoblogunkat, hogy felfedezze a dr\u00e1gak\u00f6vek, \u00e1llat\u00f6v jelek, csakr\u00e1k \u00e9s m\u00e9g sok m\u00e1s k\u00f6z\u00f6tti \u00f6sszef\u00fcgg\u00e9seket.<\/u><\/a><\/p>","protected":false},"excerpt":{"rendered":"<p>Nyakl\u00e1nc rizsgy\u00f6ngy\u00f6kkel, ahol minden gy\u00f6ngy a term\u00e9szet egyedi kincseit k\u00e9pviseli. Ez az \u00e9kszer a gy\u00f6ngy\u00f6k \u00e9s a 18 kar\u00e1tos arany mesteri kombin\u00e1ci\u00f3ja \u2013 az elegancia \u00e9s a luxus k\u00e9t szimb\u00f3luma.<\/p>\n<p>Gy\u00f6ngy \u00e9s arany \u2013 k\u00e9t szimb\u00f3lum, amely az \u00f6r\u00f6k eleganci\u00e1t \u00e9s az exkluzivit\u00e1st \u00f6tv\u00f6zi. A divat v\u00e1ltozik, de a gy\u00f6ngy \u00e9s az arany var\u00e1zsa megmarad.<\/p>\n<p>Ezt a kit\u0171n\u0151 \u00e9kszert rozsdamentes ac\u00e9lb\u00f3l k\u00e9sz\u00fclt, cs\u00facsmin\u0151s\u00e9g\u0171 f\u00e9melemek teszik ki, amelyek val\u00f3di 18k arannyal vannak bevonva, fejlett PVD technol\u00f3gi\u00e1val a maxim\u00e1lis tart\u00f3ss\u00e1g \u00e9rdek\u00e9ben.<\/p>\n<p>Ez a nyakl\u00e1nc 36-42 cm k\u00f6z\u00f6tt \u00e1ll\u00edthat\u00f3. Egyszer\u0171, de okos, minden n\u0151nek megfelel.<\/p>\n<p>Tudjon meg t\u00f6bbet a gy\u00f6ngy\u00f6kr\u0151l al\u00e1bb.<\/p>","protected":false},"featured_media":175577,"comment_status":"open","ping_status":"closed","template":"","meta":{"_acf_changed":false,"_themeisle_gutenberg_block_has_review":false},"product_brand":[],"product_cat":[569,1149,1690,1717,553],"product_tag":[],"class_list":{"0":"post-165077","1":"product","2":"type-product","3":"status-publish","4":"has-post-thumbnail","6":"product_cat-minimalist-jewellery-for-women","7":"product_cat-necklaces-for-women","8":"product_cat-necklaces","9":"product_cat-pearl-jewellery","10":"product_cat-womens-jewellery","12":"first","13":"instock","14":"taxable","15":"shipping-taxable","16":"purchasable","17":"product-type-simple"},"acf":[],"_links":{"self":[{"href":"https:\/\/trimakasi.eu\/hu\/wp-json\/wp\/v2\/product\/165077","targetHints":{"allow":["GET"]}}],"collection":[{"href":"https:\/\/trimakasi.eu\/hu\/wp-json\/wp\/v2\/product"}],"about":[{"href":"https:\/\/trimakasi.eu\/hu\/wp-json\/wp\/v2\/types\/product"}],"replies":[{"embeddable":true,"href":"https:\/\/trimakasi.eu\/hu\/wp-json\/wp\/v2\/comments?post=165077"}],"wp:featuredmedia":[{"embeddable":true,"href":"https:\/\/trimakasi.eu\/hu\/wp-json\/wp\/v2\/media\/175577"}],"wp:attachment":[{"href":"https:\/\/trimakasi.eu\/hu\/wp-json\/wp\/v2\/media?parent=165077"}],"wp:term":[{"taxonomy":"product_brand","embeddable":true,"href":"https:\/\/trimakasi.eu\/hu\/wp-json\/wp\/v2\/product_brand?post=165077"},{"taxonomy":"product_cat","embeddable":true,"href":"https:\/\/trimakasi.eu\/hu\/wp-json\/wp\/v2\/product_cat?post=165077"},{"taxonomy":"product_tag","embeddable":true,"href":"https:\/\/trimakasi.eu\/hu\/wp-json\/wp\/v2\/product_tag?post=165077"}],"curies":[{"name":"wp","href":"https:\/\/api.w.org\/{rel}","templated":true}]}}