{"id":165065,"date":"2022-07-30T21:45:01","date_gmt":"2022-07-30T19:45:01","guid":{"rendered":"https:\/\/trimakasi.eu\/?post_type=product&#038;p=165065"},"modified":"2024-09-22T11:12:01","modified_gmt":"2024-09-22T09:12:01","slug":"tigrisszem-nyilhegy-nyaklanc-ferfiaknak","status":"publish","type":"product","link":"https:\/\/trimakasi.eu\/hu\/product\/tigers-eye-arrowhead-necklace-for-men\/","title":{"rendered":"Tigrisszem ny\u00edlhegy \u2013 f\u00e9rfi nyakl\u00e1nc"},"content":{"rendered":"<h3 class=\"LC20lb\">Tigrisszem<\/h3>\n<p>Ez az \u00e1sv\u00e1ny, mint talizm\u00e1n, az \u00f3kort\u00f3l k\u00eds\u00e9ri az emberis\u00e9get. Az egyiptomi birodalom fellend\u00fcl\u00e9se idej\u00e9n az egyiptomi istenek szobrai szem\u00e9ben haszn\u00e1lt\u00e1k, innen kapta a k\u0151 a \u201emindentud\u00f3 \u00e9s mindentud\u00f3 szem\u201d becenevet. A tigrisszem az \u00f3kori Egyiptomban az istenis\u00e9get \u00e9s a v\u00e9delmet fejezte ki a f\u00f6ld \u00e9s a nap erej\u00e9nek kombin\u00e1ci\u00f3j\u00e1n kereszt\u00fcl (R\u00e9, a napisten \u00e9s Geb, a f\u00f6ld istene \u00e9s az \u00f6sszes isten atyja).<\/p>\n<p>A r\u00f3mai katon\u00e1k tigrisszemet viseltek a csat\u00e1kban abban a hitben, hogy ez b\u00e1tors\u00e1got ad nekik. Ez azzal a t\u00e9nnyel is \u00f6sszef\u00fcgg, hogy ezt a k\u00f6vet tov\u00e1bbra is olyan f\u00e9rfi \u00e9kszernek tekintik, amely a b\u00e1tor harcosok l\u00e9ny\u00e9t k\u00f6lcs\u00f6nzi a f\u00e9rfiaknak. Szint\u00e9n \u00e9rdekes, hogy a 16. sz\u00e1zadban az afrikai t\u00f6rzsek nagyobbra \u00e9rt\u00e9kelt\u00e9k ezt a k\u00f6vet az aranyn\u00e1l.<\/p>\n<p>A k\u0151 k\u00e9pes eloszlatni a negativit\u00e1st, arany sz\u00edne vonzza a j\u00f3l\u00e9tet, a gazdags\u00e1got \u00e9s a jelent\u0151s t\u00e1rsadalmi st\u00e1tuszt. A napot, valamint a hozz\u00e1 kapcsol\u00f3d\u00f3 \u201ea figyelem k\u00f6z\u00e9ppontj\u00e1ban lenni\u201d hajlamot k\u00e9pviseli. E k\u0151 er\u0151s, megalapoz\u00f3 \u00e9s pozit\u00edv rezg\u00e9sei alkalmasak a medit\u00e1ci\u00f3 m\u00e9ly \u00e1llapot\u00e1nak el\u00e9r\u00e9s\u00e9re!<\/p>\n<p>Elem: <strong>F\u00f6ld, T\u0171z<\/strong><\/p>\n<p>Csillagjegy: <strong>Bak, M\u00e9rleg, Sz\u0171z, Oroszl\u00e1n, Ikrek, Kos<\/strong><\/p>\n<p>A kark\u00f6t\u0151 harmoniz\u00e1lja a napfonat csakr\u00e1t \u00e9s a gy\u00f6k\u00e9rcsakr\u00e1t<\/p>\n<p><img loading=\"lazy\" decoding=\"async\" class=\"alignnone size-full wp-image-72745\" src=\"https:\/\/trimakasi.cz\/wp-content\/uploads\/2018\/07\/%C4%8Dakra3.jpg\" alt=\"\" width=\"77\" height=\"86\" \/><img loading=\"lazy\" decoding=\"async\" class=\"alignnone size-full wp-image-72742\" src=\"https:\/\/trimakasi.cz\/wp-content\/uploads\/2018\/08\/%C4%8Dakra1.jpg\" alt=\"Z\u00e1kladn\u00ed \u010dakra\" width=\"81\" height=\"88\" \/><\/p>\n<p><a href=\"https:\/\/trimakasi.eu\/hu\/videoblog\/\"><u>L\u00e1togassa meg videoblogunkat, hogy felfedezze a dr\u00e1gak\u00f6vek, \u00e1llat\u00f6v jelek, csakr\u00e1k \u00e9s m\u00e9g sok m\u00e1s k\u00f6z\u00f6tti \u00f6sszef\u00fcgg\u00e9seket.<\/u><\/a><\/p>","protected":false},"excerpt":{"rendered":"<p>\u00c9bressze fel sikerszellem\u00e9t a k\u00e9zzel k\u00e9sz\u00edtett Tiger&#039;s Eye Arrowhead nyakl\u00e1ncunkkal. A term\u00e9szetes Tigrisszemb\u0151l k\u00e9sz\u00fclt dr\u00e1gak\u0151, amelyet hagyom\u00e1nyosan a j\u00f3l\u00e9t vonz\u00e1s\u00e1ra \u00e9s v\u00e9d\u0151 amulettk\u00e9nt hordtak, ez a nyakl\u00e1nc nem csak kieg\u00e9sz\u00edt\u0151 \u2013 a b\u00e1tors\u00e1g, a kitart\u00e1s \u00e9s a siker er\u0151teljes talizm\u00e1nja.<\/p>\n<p>Egyed\u00fcl\u00e1ll\u00f3 ny\u00edlhegy form\u00e1j\u00e1val ez a nyakl\u00e1nc a hajthatatlan szellemed \u00e9s a c\u00e9ljaid hajszol\u00e1s\u00e1hoz val\u00f3 b\u00e1tors\u00e1god szimb\u00f3lum\u00e1v\u00e1 v\u00e1lik. Engedd, hogy a Tigrisszem gazdag, arany \u00e1rnyalatai gazdags\u00e1got \u00e9s v\u00e9delmet inspir\u00e1ljanak utaz\u00e1sod sor\u00e1n.<br \/>\nL\u00e1nc hossza: 69 cm vagy 80 cm<\/p>\n<p>L\u00e1nc sz\u00edne\/anyaga: fekete \/ PVD bevonat\u00fa rozsdamentes ac\u00e9l<\/p>\n<p>K\u0151 m\u00e9retei: kb. 5cm x 2cm<\/p>","protected":false},"featured_media":165060,"comment_status":"open","ping_status":"closed","template":"","meta":{"_acf_changed":false,"_themeisle_gutenberg_block_has_review":false},"product_brand":[],"product_cat":[1064,1150,1690],"product_tag":[],"class_list":{"0":"post-165065","1":"product","2":"type-product","3":"status-publish","4":"has-post-thumbnail","6":"product_cat-mens-jewellery","7":"product_cat-necklaces-for-men","8":"product_cat-necklaces","10":"first","11":"instock","12":"taxable","13":"shipping-taxable","14":"purchasable","15":"product-type-variable","16":"has-default-attributes"},"acf":[],"_links":{"self":[{"href":"https:\/\/trimakasi.eu\/hu\/wp-json\/wp\/v2\/product\/165065","targetHints":{"allow":["GET"]}}],"collection":[{"href":"https:\/\/trimakasi.eu\/hu\/wp-json\/wp\/v2\/product"}],"about":[{"href":"https:\/\/trimakasi.eu\/hu\/wp-json\/wp\/v2\/types\/product"}],"replies":[{"embeddable":true,"href":"https:\/\/trimakasi.eu\/hu\/wp-json\/wp\/v2\/comments?post=165065"}],"wp:featuredmedia":[{"embeddable":true,"href":"https:\/\/trimakasi.eu\/hu\/wp-json\/wp\/v2\/media\/165060"}],"wp:attachment":[{"href":"https:\/\/trimakasi.eu\/hu\/wp-json\/wp\/v2\/media?parent=165065"}],"wp:term":[{"taxonomy":"product_brand","embeddable":true,"href":"https:\/\/trimakasi.eu\/hu\/wp-json\/wp\/v2\/product_brand?post=165065"},{"taxonomy":"product_cat","embeddable":true,"href":"https:\/\/trimakasi.eu\/hu\/wp-json\/wp\/v2\/product_cat?post=165065"},{"taxonomy":"product_tag","embeddable":true,"href":"https:\/\/trimakasi.eu\/hu\/wp-json\/wp\/v2\/product_tag?post=165065"}],"curies":[{"name":"wp","href":"https:\/\/api.w.org\/{rel}","templated":true}]}}