{"id":164508,"date":"2021-02-28T13:58:37","date_gmt":"2021-02-28T12:58:37","guid":{"rendered":"https:\/\/trimakasi.eu\/?post_type=product&#038;p=164508"},"modified":"2026-03-10T16:44:39","modified_gmt":"2026-03-10T15:44:39","slug":"nyers-epidot-nyaklanc-noi-fuggoleges-kristaly","status":"publish","type":"product","link":"https:\/\/trimakasi.eu\/hu\/product\/raw-epidote-necklace-for-women-vertical-crystal\/","title":{"rendered":"Nyers epidotus nyakl\u00e1nc n\u0151knek (f\u00fcgg\u0151leges krist\u00e1ly)"},"content":{"rendered":"<h3>Epid\u00f3ta<\/h3>\n<p>Az Epidote a vil\u00e1g minden t\u00e1j\u00e1n megtal\u00e1lhat\u00f3, de csak kev\u00e9s helyen tal\u00e1lhat\u00f3 ez a dr\u00e1gak\u0151 kiv\u00e1l\u00f3 min\u0151s\u00e9g\u0171 krist\u00e1lyos form\u00e1ja. \u00c9kszereinkben a legfinomabb epidotkrist\u00e1lyokat haszn\u00e1ljuk, k\u00fcl\u00f6n\u00f6sen a d\u00e9lnyugat-pakiszt\u00e1ni Kharan k\u00f6rzetb\u0151l. Ezt a dr\u00e1gak\u00f6vet viszonylag nemr\u00e9g fedezt\u00e9k fel, \u00edgy a term\u00e9szetes k\u00f6vek gy\u00f3gy\u00edt\u00f3 tulajdons\u00e1gait le\u00edr\u00f3 r\u00e9gi sz\u00f6vegekben nem szerepel. A 19. sz\u00e1zadig az Epidote a turmalin z\u00f6ld fajt\u00e1jak\u00e9nt volt besorolva, vagy \u00f6sszekevert\u00e9k az aktinolittal.<\/p>\n<p>Az Epidote egy v\u00e9d\u0151 dr\u00e1gak\u0151. Harmoniz\u00e1lja \u00e9s stabiliz\u00e1lja a test energia\u00e1raml\u00e1s\u00e1t \u00e9s helyre\u00e1ll\u00edtja a teljes egyens\u00faly \u00e1llapot\u00e1t. Az epid\u00f3ta megszabad\u00edtja az elm\u00e9t a harag, az irigys\u00e9g, a kapzsis\u00e1g \u00e9s a gy\u0171l\u00f6let negat\u00edv energi\u00e1it\u00f3l. A test \u00e9s l\u00e9lek harmoniz\u00e1l\u00e1sa mellett az epidot fokozza m\u00e1s dr\u00e1gak\u00f6vek erej\u00e9t. A legjobb kombin\u00e1ci\u00f3 az epidote + <a href=\"https:\/\/trimakasi.eu\/hu\/product\/szerafinit-karkoto\/\"><u>szerafinit.<\/u><\/a><\/p>\n<p id=\"tw-target-text\" class=\"tw-data-text tw-text-large tw-ta\" dir=\"ltr\" data-placeholder=\"P\u0159eklad\"><span class=\"Y2IQFc\" lang=\"en\">Sz\u00e1rmaz\u00e1si orsz\u00e1g: <strong>Pakiszt\u00e1n<\/strong><\/span><\/p>\n<p class=\"tw-data-text tw-text-large tw-ta\" dir=\"ltr\" data-placeholder=\"P\u0159eklad\"><span class=\"Y2IQFc\" lang=\"en\"> Elem: <strong>F\u00f6ld, V\u00edz <\/strong><\/span><\/p>\n<p class=\"tw-data-text tw-text-large tw-ta\" dir=\"ltr\" data-placeholder=\"P\u0159eklad\"><span class=\"Y2IQFc\" lang=\"en\">Csillagjegyek: <strong>Ikrek, M\u00e9rleg <\/strong><\/span><\/p>\n<p class=\"tw-data-text tw-text-large tw-ta\" dir=\"ltr\" data-placeholder=\"P\u0159eklad\"><span class=\"Y2IQFc\" lang=\"en\">A nyakl\u00e1nc harmoniz\u00e1lja a gy\u00f6k\u00e9r- \u00e9s sz\u00edvcsakr\u00e1t.<\/span><\/p>\n<p><a href=\"https:\/\/trimakasi.eu\/wp-content\/uploads\/\u010dakra1.jpg\"><img loading=\"lazy\" decoding=\"async\" class=\"alignnone wp-image-138513\" src=\"https:\/\/trimakasi.eu\/wp-content\/uploads\/\u010dakra1.jpg\" alt=\"Gy\u00f6k\u00e9rcsakra\" width=\"69\" height=\"75\" srcset=\"https:\/\/trimakasi.eu\/wp-content\/uploads\/\u010dakra1.jpg 81w, https:\/\/trimakasi.eu\/wp-content\/uploads\/\u010dakra1-11x12.jpg 11w\" sizes=\"auto, (max-width: 69px) 100vw, 69px\" \/><\/a><a href=\"https:\/\/trimakasi.eu\/wp-content\/uploads\/2020\/07\/\u010dakra4.jpg\"><img loading=\"lazy\" decoding=\"async\" class=\"alignnone wp-image-83566\" src=\"https:\/\/trimakasi.eu\/wp-content\/uploads\/2020\/07\/\u010dakra4.jpg\" alt=\"Sz\u00edvcsakra\" width=\"66\" height=\"77\" srcset=\"https:\/\/trimakasi.eu\/wp-content\/uploads\/2020\/07\/\u010dakra4.jpg 79w, https:\/\/trimakasi.eu\/wp-content\/uploads\/2020\/07\/\u010dakra4-10x12.jpg 10w\" sizes=\"auto, (max-width: 66px) 100vw, 66px\" \/><\/a><\/p>\n<p><a href=\"https:\/\/trimakasi.eu\/hu\/videoblog\/\"><u>L\u00e1togassa meg videoblogunkat, hogy felfedezze a dr\u00e1gak\u00f6vek, \u00e1llat\u00f6v jelek, csakr\u00e1k \u00e9s m\u00e9g sok m\u00e1s k\u00f6z\u00f6tti \u00f6sszef\u00fcgg\u00e9seket.<\/u><\/a><\/p>","protected":false},"excerpt":{"rendered":"<p>N\u0151i l\u00e1nc nyakl\u00e1nc z\u00f6ld epidot nyers f\u00fcgg\u0151leges krist\u00e1ly\u00e1val. Tudjon meg t\u00f6bbet a k\u0151 tulajdons\u00e1gair\u00f3l al\u00e1bb.<\/p>\n<p>Eleg\u00e1ns, 46 cm-es minimalista l\u00e1nc, pol\u00edrozott rozsdamentes ac\u00e9lb\u00f3l k\u00e9sz\u00fclt, tart\u00f3s 18 kar\u00e1tos arany bevonattal, 0,4 cm x 2,5 cm-es d\u00edsz\u00edt\u00e9ssel. term\u00e9szetes epidot krist\u00e1ly.<\/p>\n<p>A nyakl\u00e1nc luxus r\u00f3zsasz\u00edn dobozban \u00e9rkezik, Trimakasi log\u00f3val, \u00edgy t\u00f6k\u00e9letes aj\u00e1nd\u00e9k.<\/p>\n<p>Minden darab eredeti!<\/p>","protected":false},"featured_media":164514,"comment_status":"open","ping_status":"closed","template":"","meta":{"_acf_changed":false,"_themeisle_gutenberg_block_has_review":false},"product_brand":[],"product_cat":[569,1690,1149,553],"product_tag":[],"class_list":{"0":"post-164508","1":"product","2":"type-product","3":"status-publish","4":"has-post-thumbnail","6":"product_cat-minimalist-jewellery-for-women","7":"product_cat-necklaces","8":"product_cat-necklaces-for-women","9":"product_cat-womens-jewellery","11":"first","12":"instock","13":"sale","14":"taxable","15":"shipping-taxable","16":"purchasable","17":"product-type-variable","18":"has-default-attributes"},"acf":[],"_links":{"self":[{"href":"https:\/\/trimakasi.eu\/hu\/wp-json\/wp\/v2\/product\/164508","targetHints":{"allow":["GET"]}}],"collection":[{"href":"https:\/\/trimakasi.eu\/hu\/wp-json\/wp\/v2\/product"}],"about":[{"href":"https:\/\/trimakasi.eu\/hu\/wp-json\/wp\/v2\/types\/product"}],"replies":[{"embeddable":true,"href":"https:\/\/trimakasi.eu\/hu\/wp-json\/wp\/v2\/comments?post=164508"}],"wp:featuredmedia":[{"embeddable":true,"href":"https:\/\/trimakasi.eu\/hu\/wp-json\/wp\/v2\/media\/164514"}],"wp:attachment":[{"href":"https:\/\/trimakasi.eu\/hu\/wp-json\/wp\/v2\/media?parent=164508"}],"wp:term":[{"taxonomy":"product_brand","embeddable":true,"href":"https:\/\/trimakasi.eu\/hu\/wp-json\/wp\/v2\/product_brand?post=164508"},{"taxonomy":"product_cat","embeddable":true,"href":"https:\/\/trimakasi.eu\/hu\/wp-json\/wp\/v2\/product_cat?post=164508"},{"taxonomy":"product_tag","embeddable":true,"href":"https:\/\/trimakasi.eu\/hu\/wp-json\/wp\/v2\/product_tag?post=164508"}],"curies":[{"name":"wp","href":"https:\/\/api.w.org\/{rel}","templated":true}]}}