{"id":164400,"date":"2023-01-29T13:41:43","date_gmt":"2023-01-29T12:41:43","guid":{"rendered":"https:\/\/trimakasi.eu\/?post_type=product&#038;p=164400"},"modified":"2025-09-11T09:06:07","modified_gmt":"2025-09-11T07:06:07","slug":"nyers-fekete-turmalin-nyaklanc-noi-fuggoleges-kristaly","status":"publish","type":"product","link":"https:\/\/trimakasi.eu\/hu\/product\/tourmaline-necklace-drop-of-protection\/","title":{"rendered":"Turmalin nyakl\u00e1nc \u2013 Drop of Protection"},"content":{"rendered":"<h3>Fekete turmalin<\/h3>\n<p>A turmalin egy tipikus \u00e1sv\u00e1nyi anyag, amely magas h\u0151m\u00e9rs\u00e9klet \u00e9s nyom\u00e1s k\u00f6vetkezt\u00e9ben j\u00f6n l\u00e9tre a f\u00f6ldmagban, \u00e9s vulk\u00e1ni tev\u00e9kenys\u00e9g r\u00e9v\u00e9n jut felsz\u00ednre. Egy \u00f3kori egyiptomi legenda megeml\u00edti, hogy a turmalinnak mennyi ideig kellett utaznia a f\u00f6ld magj\u00e1b\u00f3l, hogy a felsz\u00ednre jusson. Ebben a legend\u00e1ban az is meg van \u00edrva, hogy a turmalin \u00e1tment a sziv\u00e1rv\u00e1nyon, \u00e9s \u00edgy sok sz\u00ednben jelenik meg. Ez egy\u00e1ltal\u00e1n nem \u00e1ll t\u00e1vol az igazs\u00e1gt\u00f3l, mert ez a dr\u00e1gak\u0151 rengeteg sz\u00ednben \u00e9s \u00e1rnyalatban el\u0151fordulhat.<\/p>\n<p><span lang=\"en\" tabindex=\"0\">A fekete \u00f3nix, a fekete turmalin \u00e9s a fekete obszidi\u00e1n s\u00f6t\u00e9t sz\u00edn\u00fck miatt hagyom\u00e1nyos v\u00e9d\u0151k\u00f6veknek sz\u00e1m\u00edtanak. Olyan v\u00e9d\u0151 l\u00e9gk\u00f6rrel vehetik k\u00f6r\u00fcl, amely minden negat\u00edvumot elnyel a k\u00f6rnyezet\u00e9b\u0151l. Mindenekel\u0151tt azon negat\u00edv gondolkod\u00e1si mint\u00e1k legy\u0151z\u00e9s\u00e9ben seg\u00edtenek, amelyek a leggyeng\u00edt\u0151bb \u00e9s legm\u00e9rgez\u0151bb \u00e9rzelemb\u0151l, a f\u00e9lelemb\u0151l fakadnak.<\/span><\/p>\n<p>A legend\u00e1k szerint a fekete turmalin \u201etiszt\u00edt\u00f3 k\u0151\u201d n\u00e9ven ismert, mivel k\u00e9pes megtiszt\u00edtani a testet \u00e9s a lelket is a negativit\u00e1st\u00f3l. A vil\u00e1gon tov\u00e1bbra is k\u00fcl\u00f6nf\u00e9le s\u00e1m\u00e1nok \u00e9s druid\u00e1k haszn\u00e1lj\u00e1k, k\u00fcl\u00f6n\u00f6sen afrikai \u00e9s amerikai bennsz\u00fcl\u00f6tt t\u00f6rzsekben, mint ment\u00e1lis \u00e9s fizikai betegs\u00e9gek elleni gy\u00f3gy\u00edt\u00f3 ritu\u00e1l\u00e9ik sarokk\u00f6v\u00e9t.<\/p>\n<p>Elem: <strong>V\u00edz<\/strong><\/p>\n<p>Csillagjegyek: <strong>Bak, Ikrek, Skorpi\u00f3 \u00e9s M\u00e9rleg<\/strong><\/p>\n<p>Ez a kark\u00f6t\u0151 harmoniz\u00e1lja a gy\u00f6k\u00e9rcsakr\u00e1t.<\/p>\n<p><img loading=\"lazy\" decoding=\"async\" class=\"alignnone wp-image-72742\" src=\"https:\/\/trimakasi.cz\/wp-content\/uploads\/2018\/08\/%C4%8Dakra1.jpg\" alt=\"Z\u00e1kladn\u00ed \u010dakra\" width=\"66\" height=\"72\" \/><\/p>\n<p><a href=\"https:\/\/trimakasi.eu\/hu\/videoblog\/\"><u>L\u00e1togassa meg videoblogunkat, hogy felfedezze a dr\u00e1gak\u00f6vek, \u00e1llat\u00f6v jelek, csakr\u00e1k \u00e9s m\u00e9g sok m\u00e1s k\u00f6z\u00f6tti \u00f6sszef\u00fcgg\u00e9seket.<\/u><\/a><\/p>","protected":false},"excerpt":{"rendered":"<p>Bemutatjuk a \u201eDrop of Protection\u201d nyakl\u00e1ncot, amely val\u00f3di fekete turmalint tartalmaz, eleg\u00e1ns csepp form\u00e1ra csiszolva, amely egyszerre szimboliz\u00e1lja az eleganci\u00e1t \u00e9s a v\u00e9delmet. A fekete turmalin v\u00e9d\u0151 tulajdons\u00e1gair\u00f3l h\u00edres, seg\u00edt el\u0171zni a negat\u00edv energi\u00e1kat.<\/p>\n<p>Ezzel a k\u0151vel a sz\u00edvedhez k\u00f6zel helyezve a t\u00fck\u00f6rbe vetett minden pillant\u00e1s eml\u00e9keztetni fogja a bels\u0151 b\u00e9k\u00e9d \u00e9s egyens\u00falyod v\u00e9delm\u00e9nek fontoss\u00e1g\u00e1ra, amelyek elengedhetetlenek a napi helyes d\u00f6nt\u00e9sek meghozatal\u00e1hoz.<\/p>\n<p>Turmalin med\u00e1l n\u0151knek: A l\u00e1nc 46-52 cm k\u00f6z\u00f6tt \u00e1ll\u00edthat\u00f3 hossz\u00fas\u00e1g\u00fa, rozsdamentes ac\u00e9lb\u00f3l k\u00e9sz\u00fclt \u00e9s PVD m\u00f3dszerrel val\u00f3di 18K arannyal van bevonva a tart\u00f3s tart\u00f3ss\u00e1g \u00e9rdek\u00e9ben. A minimalista csepp m\u00e9rete kb. 0,6 x 1,2 cm. A nyakl\u00e1nc luxus r\u00f3zsasz\u00edn dobozban \u00e9rkezik, Trimakasi log\u00f3val, \u00edgy t\u00f6k\u00e9letes aj\u00e1nd\u00e9k.<\/p>","protected":false},"featured_media":173758,"comment_status":"open","ping_status":"closed","template":"","meta":{"_acf_changed":false,"_themeisle_gutenberg_block_has_review":false},"product_brand":[],"product_cat":[569,1149,1690,553],"product_tag":[],"class_list":{"0":"post-164400","1":"product","2":"type-product","3":"status-publish","4":"has-post-thumbnail","6":"product_cat-minimalist-jewellery-for-women","7":"product_cat-necklaces-for-women","8":"product_cat-necklaces","9":"product_cat-womens-jewellery","11":"first","12":"outofstock","13":"taxable","14":"shipping-taxable","15":"purchasable","16":"product-type-variable","17":"has-default-attributes"},"acf":[],"_links":{"self":[{"href":"https:\/\/trimakasi.eu\/hu\/wp-json\/wp\/v2\/product\/164400","targetHints":{"allow":["GET"]}}],"collection":[{"href":"https:\/\/trimakasi.eu\/hu\/wp-json\/wp\/v2\/product"}],"about":[{"href":"https:\/\/trimakasi.eu\/hu\/wp-json\/wp\/v2\/types\/product"}],"replies":[{"embeddable":true,"href":"https:\/\/trimakasi.eu\/hu\/wp-json\/wp\/v2\/comments?post=164400"}],"wp:featuredmedia":[{"embeddable":true,"href":"https:\/\/trimakasi.eu\/hu\/wp-json\/wp\/v2\/media\/173758"}],"wp:attachment":[{"href":"https:\/\/trimakasi.eu\/hu\/wp-json\/wp\/v2\/media?parent=164400"}],"wp:term":[{"taxonomy":"product_brand","embeddable":true,"href":"https:\/\/trimakasi.eu\/hu\/wp-json\/wp\/v2\/product_brand?post=164400"},{"taxonomy":"product_cat","embeddable":true,"href":"https:\/\/trimakasi.eu\/hu\/wp-json\/wp\/v2\/product_cat?post=164400"},{"taxonomy":"product_tag","embeddable":true,"href":"https:\/\/trimakasi.eu\/hu\/wp-json\/wp\/v2\/product_tag?post=164400"}],"curies":[{"name":"wp","href":"https:\/\/api.w.org\/{rel}","templated":true}]}}