{"id":163398,"date":"2023-09-12T11:12:31","date_gmt":"2023-09-12T09:12:31","guid":{"rendered":"https:\/\/trimakasi.eu\/?post_type=product&#038;p=163398"},"modified":"2025-11-11T20:00:01","modified_gmt":"2025-11-11T19:00:01","slug":"buddha-karkoto-noi","status":"publish","type":"product","link":"https:\/\/trimakasi.eu\/hu\/product\/buddha-bracelet-for-women\/","title":{"rendered":"Buddha kark\u00f6t\u0151 n\u0151knek"},"content":{"rendered":"<h3>Holdk\u0151<\/h3>\n<p>A holdk\u0151 harmoniz\u00e1lja az \u00e9rzelmeket az emberi tudatalatti szintj\u00e9n, jelent\u0151sen er\u0151s\u00edti az intu\u00edci\u00f3t \u00e9s seg\u00edt meghallani a bels\u0151 hangot. Az \u00e9rzelmek m\u00e9ly harmoniz\u00e1ci\u00f3ja er\u0151s gy\u00f3gy\u00edt\u00f3 hat\u00e1ssal van az emberi elm\u00e9re \u00e9s testre, mivel ahelyett, hogy elnyomn\u00e1 a tudatalattink szintj\u00e9n elakadt \u00e9rzelmeket, seg\u00edt kifejezni azokat. A holdk\u0151 elnyomja a magas munkak\u00f6telezetts\u00e9ggel j\u00e1r\u00f3 stresszt is.<\/p>\n<p>Kiv\u00e1l\u00f3 aj\u00e1nd\u00e9k n\u0151k sz\u00e1m\u00e1ra, amely a szeretetet jelk\u00e9pezi, a t\u00f6bbi \u00e9rzelem harmoniz\u00e1l\u00e1sa mellett a szeretetet is fel\u00e9breszti. Ez a dr\u00e1gak\u0151 seg\u00edt harmoniz\u00e1lni az emberi test biol\u00f3giai ritmus\u00e1t, \u00e9s hat\u00e1ssal van a n\u0151i reprodukt\u00edv rendszerre: n\u00f6veli a term\u00e9kenys\u00e9get, seg\u00edt a menstru\u00e1ci\u00f3s probl\u00e9m\u00e1k kezel\u00e9s\u00e9ben, kiegyens\u00falyozza a hormonrendszert \u00e9s kik\u00fcsz\u00f6b\u00f6li a folyad\u00e9kretenci\u00f3t.<\/p>\n<h3 dir=\"ltr\" data-placeholder=\"P\u0159eklad\">Feh\u00e9r kvarc<\/h3>\n<p dir=\"ltr\" data-placeholder=\"P\u0159eklad\">A kvarc igen b\u0151s\u00e9ges \u00e1sv\u00e1ny, amely leggyakrabban vil\u00e1gossz\u00fcrke vagy feh\u00e9r sz\u00ednben jelenik meg, \u00e9s a f\u00f6ldp\u00e1tokkal egy\u00fctt a legelterjedtebb \u00e1sv\u00e1ny a f\u00f6ldk\u00e9regben. \u0150szint\u00e9n jelentj\u00fck, hogy az \u00e1ltalunk haszn\u00e1lt kvarc \u00e9l\u00e9nk feh\u00e9r sz\u00edn\u0171 a tov\u00e1bbi sz\u00ednez\u00e9snek k\u00f6sz\u00f6nhet\u0151en, amely gy\u00f6ny\u00f6r\u0171 kontrasztot teremt a t\u00f6bbi gy\u00f6ngyh\u00f6z k\u00e9pest.<\/p>\n<div><\/div>\n<p>Elem:\u00a0<strong>V\u00edz, leveg\u0151<\/strong><\/p>\n<p>Csillagjegyek:\u00a0<strong>R\u00e1k, Ikrek, Halak, Skorpi\u00f3, Oroszl\u00e1n \u00e9s Kos<\/strong><\/p>\n<p>Ez a kark\u00f6t\u0151 harmoniz\u00e1lja a torokcsakr\u00e1t \u00e9s a koronacsakr\u00e1t<\/p>\n<p><a href=\"https:\/\/trimakasi.eu\/wp-content\/uploads\/2020\/07\/\u010dakra4.jpg\"><img loading=\"lazy\" decoding=\"async\" class=\"alignnone size-full wp-image-83566\" src=\"https:\/\/trimakasi.eu\/wp-content\/uploads\/2020\/07\/\u010dakra4.jpg\" alt=\"Sz\u00edvcsakra\" width=\"79\" height=\"93\" srcset=\"https:\/\/trimakasi.eu\/wp-content\/uploads\/2020\/07\/\u010dakra4.jpg 79w, https:\/\/trimakasi.eu\/wp-content\/uploads\/2020\/07\/\u010dakra4-10x12.jpg 10w\" sizes=\"auto, (max-width: 79px) 100vw, 79px\" \/><\/a><\/p>\n<p><a href=\"https:\/\/trimakasi.eu\/hu\/videoblog\/\"><u>L\u00e1togassa meg videoblogunkat, hogy felfedezze a dr\u00e1gak\u00f6vek, \u00e1llat\u00f6v jelek, csakr\u00e1k \u00e9s m\u00e9g sok m\u00e1s k\u00f6z\u00f6tti \u00f6sszef\u00fcgg\u00e9seket.<\/u><\/a><\/p>","protected":false},"excerpt":{"rendered":"<p>Term\u00e9szetes dr\u00e1gak\u00f6vekb\u0151l k\u00e9sz\u00fclt buddhista kark\u00f6t\u0151 n\u0151knek. A Buddha a b\u00f6lcsess\u00e9g, az elsz\u00e1nts\u00e1g \u00e9s a b\u00e1tors\u00e1g szimb\u00f3luma. Tudjon meg t\u00f6bbet a kark\u00f6t\u0151 tulajdons\u00e1gair\u00f3l al\u00e1bb.<\/p>\n<p>V\u00e1lasszon kark\u00f6t\u0151t annak m\u00e9rete \u00e9s az utols\u00f3 gy\u00f6ngy sz\u00edne szerint. <a href=\"https:\/\/trimakasi.eu\/hu\/hogyan-valasszuk-ki-a-karkoto-meretet\/\"><u>A m\u00e9ret helyes meghat\u00e1roz\u00e1s\u00e1nak \u00fatmutat\u00f3ja itt tal\u00e1lhat\u00f3.<\/u><\/a><\/p>","protected":false},"featured_media":163420,"comment_status":"open","ping_status":"closed","template":"","meta":{"_acf_changed":false,"_themeisle_gutenberg_block_has_review":false},"product_brand":[],"product_cat":[1687,568,553],"product_tag":[],"class_list":{"0":"post-163398","1":"product","2":"type-product","3":"status-publish","4":"has-post-thumbnail","6":"product_cat-elastic-bracelets","7":"product_cat-premium-bracelets-for-women","8":"product_cat-womens-jewellery","10":"first","11":"instock","12":"taxable","13":"shipping-taxable","14":"purchasable","15":"product-type-variable","16":"has-default-attributes"},"acf":[],"_links":{"self":[{"href":"https:\/\/trimakasi.eu\/hu\/wp-json\/wp\/v2\/product\/163398","targetHints":{"allow":["GET"]}}],"collection":[{"href":"https:\/\/trimakasi.eu\/hu\/wp-json\/wp\/v2\/product"}],"about":[{"href":"https:\/\/trimakasi.eu\/hu\/wp-json\/wp\/v2\/types\/product"}],"replies":[{"embeddable":true,"href":"https:\/\/trimakasi.eu\/hu\/wp-json\/wp\/v2\/comments?post=163398"}],"wp:featuredmedia":[{"embeddable":true,"href":"https:\/\/trimakasi.eu\/hu\/wp-json\/wp\/v2\/media\/163420"}],"wp:attachment":[{"href":"https:\/\/trimakasi.eu\/hu\/wp-json\/wp\/v2\/media?parent=163398"}],"wp:term":[{"taxonomy":"product_brand","embeddable":true,"href":"https:\/\/trimakasi.eu\/hu\/wp-json\/wp\/v2\/product_brand?post=163398"},{"taxonomy":"product_cat","embeddable":true,"href":"https:\/\/trimakasi.eu\/hu\/wp-json\/wp\/v2\/product_cat?post=163398"},{"taxonomy":"product_tag","embeddable":true,"href":"https:\/\/trimakasi.eu\/hu\/wp-json\/wp\/v2\/product_tag?post=163398"}],"curies":[{"name":"wp","href":"https:\/\/api.w.org\/{rel}","templated":true}]}}