{"id":163386,"date":"2023-03-11T21:50:25","date_gmt":"2023-03-11T20:50:25","guid":{"rendered":"https:\/\/trimakasi.eu\/?post_type=product&#038;p=163386"},"modified":"2026-03-08T16:19:13","modified_gmt":"2026-03-08T15:19:13","slug":"buddha-karkoto-ferfi","status":"publish","type":"product","link":"https:\/\/trimakasi.eu\/hu\/product\/buddha-bracelet-for-men\/","title":{"rendered":"Buddha f\u00e9rfi kark\u00f6t\u0151"},"content":{"rendered":"<p><strong>Ennek a kark\u00f6t\u0151nek minden mint\u00e1ja k\u00fcl\u00f6nb\u00f6z\u0151 dr\u00e1gak\u00f6veket tartalmaz. Az \u00f6sszes minta alapk\u0151je a fekete obszidi\u00e1n:<\/strong><\/p>\n<h3>Obszidi\u00e1n<\/h3>\n<p>Az obszidi\u00e1n a term\u00e9szetes \u00fcveg k\u00fcl\u00f6nleges form\u00e1ja, amely a f\u00f6ldfelsz\u00ednen l\u00e9v\u0151 forr\u00f3 l\u00e1va gyors leh\u0171l\u00e9s\u00e9vel j\u00f6n l\u00e9tre. Az emberis\u00e9g a k\u0151korszak \u00f3ta haszn\u00e1lja, amikor a vad\u00e1szok \u00e9les forg\u00e1csaib\u00f3l k\u00e9sz\u00edtett\u00e9k el fegyvereik hegy\u00e9t. Nagyra tartott\u00e1k az \u00f3kori azt\u00e9kok k\u00f6r\u00e9ben, akik \u201eIsten k\u00f6v\u00e9nek\u201d nevezt\u00e9k. Ebb\u0151l a k\u0151b\u0151l k\u00e9sz\u00fclt a szent t\u0151r\u00fck, amelyet az isteneknek val\u00f3 ember\u00e1ldozatok h\u00edrhedt ritu\u00e1l\u00e9j\u00e1hoz terveztek.<br \/>\nA fekete \u00f3nix, a fekete turmalin \u00e9s a fekete obszidi\u00e1n s\u00f6t\u00e9t sz\u00edn\u00fck miatt hagyom\u00e1nyos v\u00e9d\u0151k\u00f6veknek sz\u00e1m\u00edtanak. Olyan v\u00e9d\u0151 l\u00e9gk\u00f6rrel vehetik k\u00f6r\u00fcl, amely minden negat\u00edvumot elnyel a k\u00f6rnyezet\u00e9b\u0151l. Mindenekel\u0151tt azon negat\u00edv gondolkod\u00e1si mint\u00e1k legy\u0151z\u00e9s\u00e9ben seg\u00edtenek, amelyek a leggyeng\u00edt\u0151bb \u00e9s legm\u00e9rgez\u0151bb \u00e9rzelemb\u0151l, a f\u00e9lelemb\u0151l fakadnak.<\/p>\n<h3>F\u00fcstkvarc (arany design)<\/h3>\n<p>Ezt a k\u00f6vet amulettk\u00e9nt viselt\u00e9k, meger\u0151s\u00edti a t\u00fal\u00e9l\u00e9s alapvet\u0151 \u00f6szt\u00f6n\u00e9t, seg\u00edti a szem\u00e9lyes \u00e9s \u00fczleti c\u00e9lok el\u00e9r\u00e9s\u00e9t, \u00e9s hozz\u00e1j\u00e1rul az \u00faj \u00f6tletek megval\u00f3s\u00edt\u00e1s\u00e1hoz. T\u00e1mogatja az agy racion\u00e1lis \u00e9s pragmatikus folyamatait, jav\u00edtja az elme m\u0171k\u00f6d\u00e9s\u00e9t, a koncentr\u00e1ci\u00f3t \u00e9s az elsz\u00e1nts\u00e1got.<\/p>\n<h3>Labradorit (ez\u00fcst design)<\/h3>\n<p>A labradorit az emberek spiritu\u00e1lis \u00fatj\u00e1nak minden szintj\u00e9n nagyon n\u00e9pszer\u0171 k\u0151v\u00e9 v\u00e1lt szerte a vil\u00e1gon. S\u00e1m\u00e1nok, druid\u00e1k, gy\u00f3gy\u00edt\u00f3k \u00e9s mindazok k\u00f6ve, akik e vil\u00e1g m\u00e9lyebb meg\u00e9rt\u00e9s\u00e9t keresik \u00e9s m\u00e9lyebb spiritu\u00e1lis tud\u00e1sra v\u00e1gynak. A labradorit meggy\u00fajtja a kreat\u00edv k\u00e9pzelet t\u00fcz\u00e9t, \u00e9s megszabad\u00edtja az elm\u00e9t a f\u00e9lelemt\u0151l \u00e9s a szorong\u00e1st\u00f3l.<\/p>\n<h3>L\u00e1vak\u0151 (fekete kivitel)<\/h3>\n<p>A n\u00e9ha Vulkanit nev\u0171 k\u00f6vek term\u00e9szetes por\u00f3zus szerkezet\u00e9nek k\u00f6sz\u00f6nhet\u0151en soha nem tal\u00e1l k\u00e9t azonos gy\u00f6ngy\u00f6t. A l\u00e1va k\u00f6zvetlen\u00fcl a f\u00f6ld magj\u00e1b\u00f3l sz\u00e1rmazik, \u00e9s lelki jelent\u0151s\u00e9ge a f\u00f6lddel \u00e9s a term\u00e9szettel val\u00f3 kapcsolatr\u00f3l sz\u00f3l. Az \u0151slakos amerikaiak egy darab l\u00e1vak\u00f6vet viseltek a csat\u00e1kban, mert \u00fagy gondolt\u00e1k, hogy ennek ereje b\u00e1tors\u00e1ggal \u00e9s er\u0151vel l\u00e1tja el \u0151ket.<\/p>\n<p>Elem: <strong>Minden elemhez alkalmas<\/strong><\/p>\n<p>Csillagjegyek: <strong>Minden \u00e1llat\u00f6vre alkalmas<\/strong><\/p>\n<p>A kark\u00f6t\u0151 minden csakr\u00e1t harmoniz\u00e1l medit\u00e1ci\u00f3 k\u00f6zben.<\/p>\n<p><a href=\"https:\/\/trimakasi.eu\/hu\/videoblog\/\"><u>L\u00e1togassa meg videoblogunkat, hogy felfedezze a dr\u00e1gak\u00f6vek, \u00e1llat\u00f6v jelek, csakr\u00e1k \u00e9s m\u00e9g sok m\u00e1s k\u00f6z\u00f6tti \u00f6sszef\u00fcgg\u00e9seket.<\/u><\/a><\/p>\n<p>&nbsp;<\/p>","protected":false},"excerpt":{"rendered":"<p class=\"tw-data-text tw-ta tw-text-small\" dir=\"ltr\" data-placeholder=\"P\u0159eklad\">Term\u00e9szetes dr\u00e1gak\u00f6vekb\u0151l k\u00e9sz\u00fclt buddhista kark\u00f6t\u0151. A Buddha a b\u00f6lcsess\u00e9g, az elsz\u00e1nts\u00e1g \u00e9s a b\u00e1tors\u00e1g szimb\u00f3luma. Tudjon meg t\u00f6bbet a kark\u00f6t\u0151 tulajdons\u00e1gair\u00f3l al\u00e1bb.<\/p>\n<p>V\u00e1lassza ki kark\u00f6t\u0151j\u00e9t a f\u00e9m sz\u00ednek \u00e9s dr\u00e1gak\u00f6vek 3 k\u00fcl\u00f6nb\u00f6z\u0151 v\u00e1ltozata k\u00f6z\u00fcl. <a href=\"https:\/\/trimakasi.eu\/hu\/hogyan-valasszuk-ki-a-karkoto-meretet\/\"><u>A m\u00e9ret helyes meghat\u00e1roz\u00e1s\u00e1nak \u00fatmutat\u00f3ja itt tal\u00e1lhat\u00f3.<\/u><\/a><\/p>","protected":false},"featured_media":163422,"comment_status":"open","ping_status":"closed","template":"","meta":{"_acf_changed":false,"_themeisle_gutenberg_block_has_review":false},"product_brand":[],"product_cat":[1687,1064,1067],"product_tag":[],"class_list":{"0":"post-163386","1":"product","2":"type-product","3":"status-publish","4":"has-post-thumbnail","6":"product_cat-elastic-bracelets","7":"product_cat-mens-jewellery","8":"product_cat-premium-bracelets-for-men","10":"first","11":"instock","12":"taxable","13":"shipping-taxable","14":"purchasable","15":"product-type-variable","16":"has-default-attributes"},"acf":[],"_links":{"self":[{"href":"https:\/\/trimakasi.eu\/hu\/wp-json\/wp\/v2\/product\/163386","targetHints":{"allow":["GET"]}}],"collection":[{"href":"https:\/\/trimakasi.eu\/hu\/wp-json\/wp\/v2\/product"}],"about":[{"href":"https:\/\/trimakasi.eu\/hu\/wp-json\/wp\/v2\/types\/product"}],"replies":[{"embeddable":true,"href":"https:\/\/trimakasi.eu\/hu\/wp-json\/wp\/v2\/comments?post=163386"}],"wp:featuredmedia":[{"embeddable":true,"href":"https:\/\/trimakasi.eu\/hu\/wp-json\/wp\/v2\/media\/163422"}],"wp:attachment":[{"href":"https:\/\/trimakasi.eu\/hu\/wp-json\/wp\/v2\/media?parent=163386"}],"wp:term":[{"taxonomy":"product_brand","embeddable":true,"href":"https:\/\/trimakasi.eu\/hu\/wp-json\/wp\/v2\/product_brand?post=163386"},{"taxonomy":"product_cat","embeddable":true,"href":"https:\/\/trimakasi.eu\/hu\/wp-json\/wp\/v2\/product_cat?post=163386"},{"taxonomy":"product_tag","embeddable":true,"href":"https:\/\/trimakasi.eu\/hu\/wp-json\/wp\/v2\/product_tag?post=163386"}],"curies":[{"name":"wp","href":"https:\/\/api.w.org\/{rel}","templated":true}]}}