{"id":162237,"date":"2022-08-07T20:40:56","date_gmt":"2022-08-07T18:40:56","guid":{"rendered":"https:\/\/trimakasi.eu\/?post_type=product&#038;p=162237"},"modified":"2024-03-25T18:18:23","modified_gmt":"2024-03-25T17:18:23","slug":"gyongy-egyszeru-karkoto","status":"publish","type":"product","link":"https:\/\/trimakasi.eu\/hu\/product\/pearl-simple-bracelet\/","title":{"rendered":"Egyszer\u0171 gy\u00f6ngy kark\u00f6t\u0151"},"content":{"rendered":"<h3>Gy\u00f6ngy<\/h3>\n<p>A term\u00e9szetes gy\u00f6ngy id\u0151t\u00e1ll\u00f3 divatos kieg\u00e9sz\u00edt\u0151, az eg\u00e9szs\u00e9g, a tisztas\u00e1g, a j\u00f3l\u00e9t \u00e9s a boldogs\u00e1g szimb\u00f3luma.<\/p>\n<p>Mindegyik gy\u00f6ngy eredeti sz\u00edn\u0171, form\u00e1j\u00fa \u00e9s m\u00e9ret\u0171.<\/p>\n<p>A gy\u00f6ngy\u00f6k seg\u00edthetnek az egyens\u00faly \u00e9s a test term\u00e9szetes ritmus\u00e1nak teljes helyre\u00e1ll\u00edt\u00e1s\u00e1ban.<\/p>\n<p>Elem: <strong>V\u00edz<\/strong><\/p>\n<p>Csillagjegyek: <strong>Ikrek, R\u00e1k, M\u00e9rleg, Bak \u00e9s Halak<\/strong><\/p>\n<p>A kark\u00f6t\u0151 az \u00f6sszes csakr\u00e1t harmoniz\u00e1lja, legf\u0151k\u00e9ppen a sz\u00edvcsakr\u00e1ra \u00e9s a koronacsakr\u00e1ra van hat\u00e1ssal:<\/p>\n<p><a href=\"https:\/\/trimakasi.eu\/wp-content\/uploads\/2020\/07\/\u010dakra4.jpg\"><img loading=\"lazy\" decoding=\"async\" class=\"alignnone size-full wp-image-83566\" src=\"https:\/\/trimakasi.eu\/wp-content\/uploads\/2020\/07\/\u010dakra4.jpg\" alt=\"Sz\u00edvcsakra\" width=\"79\" height=\"93\" srcset=\"https:\/\/trimakasi.eu\/wp-content\/uploads\/2020\/07\/\u010dakra4.jpg 79w, https:\/\/trimakasi.eu\/wp-content\/uploads\/2020\/07\/\u010dakra4-10x12.jpg 10w\" sizes=\"auto, (max-width: 79px) 100vw, 79px\" \/><\/a><img loading=\"lazy\" decoding=\"async\" class=\"alignnone wp-image-74571\" src=\"https:\/\/trimakasi.eu\/wp-content\/uploads\/2019\/05\/akra7.jpg\" alt=\"\" width=\"78\" height=\"86\" srcset=\"https:\/\/trimakasi.eu\/wp-content\/uploads\/2019\/05\/akra7.jpg 92w, https:\/\/trimakasi.eu\/wp-content\/uploads\/2019\/05\/akra7-11x12.jpg 11w\" sizes=\"auto, (max-width: 78px) 100vw, 78px\" \/><\/p>\n<p><a href=\"https:\/\/trimakasi.eu\/hu\/videoblog\/\"><u>L\u00e1togassa meg videoblogunkat, hogy felfedezze a dr\u00e1gak\u00f6vek, \u00e1llat\u00f6v jelek, csakr\u00e1k \u00e9s m\u00e9g sok m\u00e1s k\u00f6z\u00f6tti \u00f6sszef\u00fcgg\u00e9seket.<\/u><\/a><\/p>","protected":false},"excerpt":{"rendered":"<p>A gy\u00f6ngy kark\u00f6t\u0151 egy luxus \u00e9kszer, amely kiemeli a n\u0151ies sz\u00e9ps\u00e9get, eleganci\u00e1t \u00e9s egyben k\u00fcl\u00f6nleges var\u00e1zst ad. A divat v\u00e1ltozik, de a gy\u00f6ngy\u00f6k megmaradnak!<\/p>\n<p>\u00c1ll\u00edthat\u00f3 m\u00e9ret\u0171, ez\u00e9rt minden n\u0151nek megfelel.<\/p>\n<p>Tudjon meg t\u00f6bbet a gy\u00f6ngy\u00f6kr\u0151l a hossz\u00fa le\u00edr\u00e1sb\u00f3l.<\/p>","protected":false},"featured_media":162241,"comment_status":"open","ping_status":"closed","template":"","meta":{"_acf_changed":false,"_themeisle_gutenberg_block_has_review":false},"product_brand":[],"product_cat":[569,1717,1689,553],"product_tag":[],"class_list":{"0":"post-162237","1":"product","2":"type-product","3":"status-publish","4":"has-post-thumbnail","6":"product_cat-minimalist-jewellery-for-women","7":"product_cat-pearl-jewellery","8":"product_cat-simple-bracelets","9":"product_cat-womens-jewellery","11":"first","12":"instock","13":"taxable","14":"shipping-taxable","15":"purchasable","16":"product-type-variable","17":"has-default-attributes"},"acf":[],"_links":{"self":[{"href":"https:\/\/trimakasi.eu\/hu\/wp-json\/wp\/v2\/product\/162237","targetHints":{"allow":["GET"]}}],"collection":[{"href":"https:\/\/trimakasi.eu\/hu\/wp-json\/wp\/v2\/product"}],"about":[{"href":"https:\/\/trimakasi.eu\/hu\/wp-json\/wp\/v2\/types\/product"}],"replies":[{"embeddable":true,"href":"https:\/\/trimakasi.eu\/hu\/wp-json\/wp\/v2\/comments?post=162237"}],"wp:featuredmedia":[{"embeddable":true,"href":"https:\/\/trimakasi.eu\/hu\/wp-json\/wp\/v2\/media\/162241"}],"wp:attachment":[{"href":"https:\/\/trimakasi.eu\/hu\/wp-json\/wp\/v2\/media?parent=162237"}],"wp:term":[{"taxonomy":"product_brand","embeddable":true,"href":"https:\/\/trimakasi.eu\/hu\/wp-json\/wp\/v2\/product_brand?post=162237"},{"taxonomy":"product_cat","embeddable":true,"href":"https:\/\/trimakasi.eu\/hu\/wp-json\/wp\/v2\/product_cat?post=162237"},{"taxonomy":"product_tag","embeddable":true,"href":"https:\/\/trimakasi.eu\/hu\/wp-json\/wp\/v2\/product_tag?post=162237"}],"curies":[{"name":"wp","href":"https:\/\/api.w.org\/{rel}","templated":true}]}}