{"id":162208,"date":"2021-08-07T18:55:21","date_gmt":"2021-08-07T16:55:21","guid":{"rendered":"https:\/\/trimakasi.eu\/?post_type=product&#038;p=162208"},"modified":"2025-10-11T20:28:54","modified_gmt":"2025-10-11T18:28:54","slug":"sziv-zold-aventurin-karkoto","status":"publish","type":"product","link":"https:\/\/trimakasi.eu\/hu\/product\/heart-green-aventurine-bracelet\/","title":{"rendered":"Sz\u00edv kark\u00f6t\u0151 Green Aventurin"},"content":{"rendered":"<h3>Z\u00f6ld aventurin<\/h3>\n<p>A z\u00f6ld aventurint er\u0151s kapcsolata jellemzi a F\u00f6ldh\u00f6z. Rezg\u00e9sei megnyugtatj\u00e1k a testet \u00e9s az elm\u00e9t is, seg\u00edtik az emberi lelket a term\u00e9szettel val\u00f3 kapcsolatteremt\u00e9sben \u00e9s annak \u00e9letenergi\u00e1j\u00e1ban. \u0150sid\u0151k \u00f3ta a term\u00e9kenys\u00e9g \u00e9s a meg\u00fajul\u00e1s k\u00f6vek\u00e9nt ismert, ezt a gy\u00f6ny\u00f6r\u0171 z\u00f6ld \u00e1sv\u00e1nyt sz\u00e1mos kult\u00far\u00e1ban haszn\u00e1lt\u00e1k a term\u00e9kenys\u00e9gre \u00e9s eg\u00e9szs\u00e9gre gyakorolt pozit\u00edv hat\u00e1sai miatt. Az \u00f3kori K\u00edn\u00e1ban a z\u00f6ld aventurinr\u00f3l azt hitt\u00e9k, hogy b\u0151s\u00e9get \u00e9s sikert hoz, \u00e9s a n\u0151k gyakran hordt\u00e1k term\u00e9kenys\u00e9g\u00fck fokoz\u00e1sa \u00e9s a sz\u00fcl\u00e9s megk\u00f6nny\u00edt\u00e9se \u00e9rdek\u00e9ben.<\/p>\n<p>Az aventurin n\u00e9v az olasz \u201eA ventura\u201d kifejez\u00e9sb\u0151l sz\u00e1rmazik, ami \u201ev\u00e9letlen\u201d-t jelent. A \u201elehet\u0151s\u00e9gek k\u00f6v\u00e9nek\u201d is nevezik, \u00e9vsz\u00e1zadok \u00f3ta \u00fagy tartj\u00e1k, hogy n\u00f6veli a szerencs\u00e9t a versenyeken \u00e9s a szerencsej\u00e1t\u00e9kokon. A k\u0151 \u00e1ll\u00edt\u00f3lag megsz\u00fcnteti a r\u00e9gi gondolkod\u00e1si mint\u00e1kat \u00e9s szok\u00e1sokat, elker\u00fclhetetlenn\u00e9 t\u00e9ve az \u00faj lehet\u0151s\u00e9geket. K\u00f6ztudott, hogy el\u0151seg\u00edti a j\u00f3l\u00e9t \u00e9rz\u00e9s\u00e9t \u00e9s pozit\u00edv \u00e9letszeml\u00e9letet biztos\u00edt. Az aventurin a nyugalmat, a t\u00fcrelmet \u00e9s a kreativit\u00e1st is szimboliz\u00e1lja.<\/p>\n<p>A geol\u00f3gia tudom\u00e1nyos vil\u00e1g\u00e1ban az aventurin egy olyan kvarcfajta, amely egy kalandv\u00e1gynak nevezett jelens\u00e9get mutat. Ezt az optikai hat\u00e1st az \u00e1sv\u00e1nyi v\u00e9rlemezk\u00e9k bevon\u00e1sa okozza, amelyek csillog\u00f3 vagy csillog\u00f3 hat\u00e1st hoznak l\u00e9tre, amelyet jellemz\u0151en szennyez\u0151d\u00e9sek, p\u00e9ld\u00e1ul ebben az esetben a hematit okoznak.<\/p>\n<p>Sz\u00e1rmaz\u00e1si orsz\u00e1g:\u00a0<strong>Burma<\/strong><\/p>\n<p>Elem: <strong>F\u00f6ld<\/strong><\/p>\n<p>Csillagjegyek:<strong> V\u00edz\u00f6nt\u0151, Bika, Sz\u0171z<\/strong><\/p>\n<p>A kark\u00f6t\u0151 a sz\u00edvcsakr\u00e1t harmoniz\u00e1lja.<\/p>\n<p><img loading=\"lazy\" decoding=\"async\" class=\"alignnone size-full wp-image-83566\" src=\"https:\/\/trimakasi.eu\/wp-content\/uploads\/2020\/07\/\u010dakra4.jpg\" alt=\"\" width=\"79\" height=\"93\" srcset=\"https:\/\/trimakasi.eu\/wp-content\/uploads\/2020\/07\/\u010dakra4.jpg 79w, https:\/\/trimakasi.eu\/wp-content\/uploads\/2020\/07\/\u010dakra4-10x12.jpg 10w\" sizes=\"auto, (max-width: 79px) 100vw, 79px\" \/><\/p>\n<p><a href=\"https:\/\/trimakasi.eu\/hu\/videoblog\/\"><u>L\u00e1togassa meg videoblogunkat, hogy felfedezze a dr\u00e1gak\u00f6vek, \u00e1llat\u00f6v jelek, csakr\u00e1k \u00e9s m\u00e9g sok m\u00e1s k\u00f6z\u00f6tti \u00f6sszef\u00fcgg\u00e9seket.<\/u><\/a><\/p>","protected":false},"excerpt":{"rendered":"<p>Decens \u00e9s k\u00e9nyelmes kark\u00f6t\u0151, amelyet nem akar majd levenni!<\/p>\n<p>Kiv\u00e1l\u00f3 min\u0151s\u00e9g\u0171 term\u00e9szetes selyemfonalb\u00f3l \u00e9s z\u00f6ld sz\u00edn\u0171, sz\u00edv alak\u00fa aventurin dr\u00e1gak\u0151b\u0151l k\u00e9sz\u00fclt.<\/p>\n<p>\u00c1ll\u00edthat\u00f3 m\u00e9ret\u0171, ez\u00e9rt minden n\u0151nek megfelel.<\/p>\n<p>Kiv\u00e1l\u00f3 \u00e9kszer a sz\u00edvcsakra harmoniz\u00e1l\u00e1s\u00e1ra!<\/p>\n<p>Tudjon meg t\u00f6bbet a z\u00f6ld aventurin dr\u00e1gak\u0151r\u0151l a hossz\u00fa le\u00edr\u00e1sb\u00f3l.<\/p>","protected":false},"featured_media":162215,"comment_status":"open","ping_status":"closed","template":"","meta":{"_acf_changed":false,"_themeisle_gutenberg_block_has_review":false},"product_brand":[],"product_cat":[1714,569,1689,553],"product_tag":[],"class_list":{"0":"post-162208","1":"product","2":"type-product","3":"status-publish","4":"has-post-thumbnail","6":"product_cat-jewellery-discounts","7":"product_cat-minimalist-jewellery-for-women","8":"product_cat-simple-bracelets","9":"product_cat-womens-jewellery","11":"first","12":"instock","13":"sale","14":"taxable","15":"shipping-taxable","16":"purchasable","17":"product-type-simple"},"acf":[],"_links":{"self":[{"href":"https:\/\/trimakasi.eu\/hu\/wp-json\/wp\/v2\/product\/162208","targetHints":{"allow":["GET"]}}],"collection":[{"href":"https:\/\/trimakasi.eu\/hu\/wp-json\/wp\/v2\/product"}],"about":[{"href":"https:\/\/trimakasi.eu\/hu\/wp-json\/wp\/v2\/types\/product"}],"replies":[{"embeddable":true,"href":"https:\/\/trimakasi.eu\/hu\/wp-json\/wp\/v2\/comments?post=162208"}],"wp:featuredmedia":[{"embeddable":true,"href":"https:\/\/trimakasi.eu\/hu\/wp-json\/wp\/v2\/media\/162215"}],"wp:attachment":[{"href":"https:\/\/trimakasi.eu\/hu\/wp-json\/wp\/v2\/media?parent=162208"}],"wp:term":[{"taxonomy":"product_brand","embeddable":true,"href":"https:\/\/trimakasi.eu\/hu\/wp-json\/wp\/v2\/product_brand?post=162208"},{"taxonomy":"product_cat","embeddable":true,"href":"https:\/\/trimakasi.eu\/hu\/wp-json\/wp\/v2\/product_cat?post=162208"},{"taxonomy":"product_tag","embeddable":true,"href":"https:\/\/trimakasi.eu\/hu\/wp-json\/wp\/v2\/product_tag?post=162208"}],"curies":[{"name":"wp","href":"https:\/\/api.w.org\/{rel}","templated":true}]}}