{"id":162127,"date":"2022-12-07T10:47:21","date_gmt":"2022-12-07T09:47:21","guid":{"rendered":"https:\/\/trimakasi.eu\/?post_type=product&#038;p=162127"},"modified":"2025-06-28T20:21:26","modified_gmt":"2025-06-28T18:21:26","slug":"nyers-ametiszt-karkoto","status":"publish","type":"product","link":"https:\/\/trimakasi.eu\/hu\/product\/raw-amethyst-bracelet\/","title":{"rendered":"N\u0151i nyers ametiszt kark\u00f6t\u0151"},"content":{"rendered":"<h3>Ametiszt<\/h3>\n<p>Ez a lila krist\u00e1lyos\u00edtott kvarc mindaddig nagy \u00e9rt\u00e9k\u0171 dr\u00e1gak\u0151 volt, am\u00edg Latin-Amerik\u00e1ban nagy mennyis\u00e9get nem tal\u00e1ltak bel\u0151le. A lila sz\u00ednt mindig is a kir\u00e1lyi st\u00e1tusszimb\u00f3lumok egyik\u00e9nek tekintett\u00e9k, \u00edgy az ametiszt sz\u00e1mos koron\u00e1z\u00e1si \u00e9kszer r\u00e9sz\u00e9v\u00e9 v\u00e1lt. Visszatekintve a t\u00f6rt\u00e9nelembe, megtudhatjuk, hogy m\u00edg az \u00f3kori egyiptomiak az ametisztet a csat\u00e1kba vitt\u00e9k magukkal a b\u00e1tors\u00e1g fokoz\u00e1sa \u00e9rdek\u00e9ben, a k\u00f6z\u00e9pkorban kir\u00e1lyok \u00e9s p\u00fcsp\u00f6k\u00f6k viselt\u00e9k a fens\u00e9g jelk\u00e9pek\u00e9nt.<\/p>\n<p>Az ametiszt sz\u00e1mos olyan pozit\u00edv tulajdons\u00e1g szimb\u00f3luma, mint p\u00e9ld\u00e1ul a j\u00f3l\u00e9t, a b\u00e1tors\u00e1g, a ment\u00e1lis tisztas\u00e1g \u00e9s a bar\u00e1ts\u00e1g. Leonardo Da Vinci p\u00e9ld\u00e1ul \u00fagy v\u00e9lte, hogy ez a k\u0151 seg\u00edt ellen\u0151rz\u00e9s alatt tartani a gonosz gondolatokat, er\u0151s\u00edti az intelligenci\u00e1t, felgyors\u00edtja a gondolkod\u00e1st \u00e9s seg\u00edt az embereknek abban, hogy pozit\u00edv eredm\u00e9nyt \u00e9rjenek el az \u00fczleti t\u00e1rgyal\u00e1sok sor\u00e1n! A h\u00e9ber ametiszt \u201eaklamah\u201d sz\u00f3 jelent\u00e9se \u201e\u00e1lom\u201d, amely kifejezi e k\u0151 k\u00e9pess\u00e9g\u00e9t arra, hogy konkr\u00e9t \u00e1lmokat \u00e9s l\u00e1tom\u00e1sokat sz\u00edtson.<\/p>\n<p>Csillagjegyek:\u00a0<strong>V\u00edz\u00f6nt\u0151, valamint a Sz\u0171z, Nyilas, Bak, Halak sz\u00e1m\u00e1ra is alkalmas<\/strong><\/p>\n<p>Elem: <strong>V\u00edz, Leveg\u0151, \u00c9ter<\/strong><\/p>\n<p>A kark\u00f6t\u0151 harmoniz\u00e1lja a harmadik szem csakr\u00e1t \u00e9s a koronacsakr\u00e1t<\/p>\n<p><img loading=\"lazy\" decoding=\"async\" class=\"alignnone wp-image-72748\" src=\"https:\/\/trimakasi.cz\/wp-content\/uploads\/2018\/07\/\u010dakra6.jpg\" alt=\"\" width=\"70\" height=\"67\" \/><img loading=\"lazy\" decoding=\"async\" class=\"alignnone wp-image-72749\" src=\"https:\/\/trimakasi.cz\/wp-content\/uploads\/2018\/07\/\u010dakra7.jpg\" alt=\"\" width=\"67\" height=\"74\" \/><\/p>\n<p><a href=\"https:\/\/trimakasi.eu\/hu\/videoblog\/\"><u>L\u00e1togassa meg videoblogunkat, hogy felfedezze a dr\u00e1gak\u00f6vek, \u00e1llat\u00f6v jelek, csakr\u00e1k \u00e9s m\u00e9g sok m\u00e1s k\u00f6z\u00f6tti \u00f6sszef\u00fcgg\u00e9seket.<\/u><\/a><\/p>","protected":false},"excerpt":{"rendered":"<p>Decens \u00e9s k\u00e9nyelmes kark\u00f6t\u0151, amelyet nem akar majd levenni!<\/p>\n<p>Kiv\u00e1l\u00f3 min\u0151s\u00e9g\u0171 term\u00e9szetes selyemfonalb\u00f3l \u00e9s raw ametiszt dr\u00e1gak\u0151b\u0151l k\u00e9sz\u00fclt. Az \u00e9kszerekben haszn\u00e1lt minden krist\u00e1ly term\u00e9szetes eredet\u0171, \u00edgy minden darab eredeti!<\/p>\n<p>\u00c1ll\u00edthat\u00f3 m\u00e9ret\u0171, ez\u00e9rt minden n\u0151nek megfelel.<\/p>\n<p>Tudjon meg t\u00f6bbet az ametiszt dr\u00e1gak\u0151r\u0151l a hossz\u00fa le\u00edr\u00e1sb\u00f3l.<\/p>","protected":false},"featured_media":174558,"comment_status":"open","ping_status":"closed","template":"","meta":{"_acf_changed":false,"_themeisle_gutenberg_block_has_review":false},"product_brand":[],"product_cat":[569,1689,553],"product_tag":[],"class_list":{"0":"post-162127","1":"product","2":"type-product","3":"status-publish","4":"has-post-thumbnail","6":"product_cat-minimalist-jewellery-for-women","7":"product_cat-simple-bracelets","8":"product_cat-womens-jewellery","10":"first","11":"instock","12":"taxable","13":"shipping-taxable","14":"purchasable","15":"product-type-simple"},"acf":[],"_links":{"self":[{"href":"https:\/\/trimakasi.eu\/hu\/wp-json\/wp\/v2\/product\/162127","targetHints":{"allow":["GET"]}}],"collection":[{"href":"https:\/\/trimakasi.eu\/hu\/wp-json\/wp\/v2\/product"}],"about":[{"href":"https:\/\/trimakasi.eu\/hu\/wp-json\/wp\/v2\/types\/product"}],"replies":[{"embeddable":true,"href":"https:\/\/trimakasi.eu\/hu\/wp-json\/wp\/v2\/comments?post=162127"}],"wp:featuredmedia":[{"embeddable":true,"href":"https:\/\/trimakasi.eu\/hu\/wp-json\/wp\/v2\/media\/174558"}],"wp:attachment":[{"href":"https:\/\/trimakasi.eu\/hu\/wp-json\/wp\/v2\/media?parent=162127"}],"wp:term":[{"taxonomy":"product_brand","embeddable":true,"href":"https:\/\/trimakasi.eu\/hu\/wp-json\/wp\/v2\/product_brand?post=162127"},{"taxonomy":"product_cat","embeddable":true,"href":"https:\/\/trimakasi.eu\/hu\/wp-json\/wp\/v2\/product_cat?post=162127"},{"taxonomy":"product_tag","embeddable":true,"href":"https:\/\/trimakasi.eu\/hu\/wp-json\/wp\/v2\/product_tag?post=162127"}],"curies":[{"name":"wp","href":"https:\/\/api.w.org\/{rel}","templated":true}]}}