{"id":159567,"date":"2021-08-04T22:28:50","date_gmt":"2021-08-04T20:28:50","guid":{"rendered":"https:\/\/trimakasi.eu\/?post_type=product&#038;p=159567"},"modified":"2025-06-25T11:02:02","modified_gmt":"2025-06-25T09:02:02","slug":"szive-josag-2","status":"publish","type":"product","link":"https:\/\/trimakasi.eu\/hu\/product\/heart-of-the-goodness\/","title":{"rendered":"J\u00f3s\u00e1g sz\u00edve kark\u00f6t\u0151"},"content":{"rendered":"<h3>Tridacna<\/h3>\n<p>A Tridacna az \u00f3ri\u00e1s tengeri kagyl\u00f3k nemzets\u00e9ge, amelyek a korallz\u00e1tonyok sek\u00e9ly viz\u00e9ben laknak az Indiai-csendes-\u00f3ce\u00e1ni t\u00e9rs\u00e9g meleg tengereiben.<\/p>\n<p>A tridacna kagyl\u00f3 a buddhizmus h\u00e9t kincs\u00e9nek egyike. A buddhist\u00e1k \u00fagy v\u00e9lik, hogy ezek a kagyl\u00f3k \u00e9s term\u00e9keik megv\u00e9denek a gonosz szellemekt\u0151l, lelki er\u0151t \u00e9s stabilit\u00e1st biztos\u00edtanak.<\/p>\n<p>D\u00e9l-\u00e1zsiai legend\u00e1k szerint a Tridacna kagyl\u00f3 seg\u00edt megnyugtatni az idegeket \u00e9s seg\u00edt az \u00e1lmatlans\u00e1gban. Egyesek \u00fagy v\u00e9lik, hogy ezek a kr\u00e9mes feh\u00e9r h\u00e9j\u00fa gy\u00f6ngy\u00f6k seg\u00edtenek stabiliz\u00e1lni a hangulatv\u00e1ltoz\u00e1sokat, mik\u00f6zben cs\u00f6kkentik azon felesleges aggodalmakat, amelyek lelass\u00edtj\u00e1k az elm\u00e9t.<\/p>\n<p>Sz\u00e1rmaz\u00e1si orsz\u00e1g: <strong>Malajzia<\/strong><\/p>\n<p>Elem: <strong>V\u00edz<\/strong><\/p>\n<p>Csillagjegyek: <strong>Minden jegynek alkalmas<\/strong><\/p>\n<p>A kark\u00f6t\u0151 harmoniz\u00e1lja a koronacsakr\u00e1t \u00e9s a sz\u00edvcsakr\u00e1t<br \/>\n<a href=\"https:\/\/trimakasi.eu\/wp-content\/uploads\/2020\/07\/\u010dakra4.jpg\"><img loading=\"lazy\" decoding=\"async\" class=\"alignnone size-full wp-image-83566\" src=\"https:\/\/trimakasi.eu\/wp-content\/uploads\/2020\/07\/\u010dakra4.jpg\" alt=\"Sz\u00edvcsakra\" width=\"79\" height=\"93\" srcset=\"https:\/\/trimakasi.eu\/wp-content\/uploads\/2020\/07\/\u010dakra4.jpg 79w, https:\/\/trimakasi.eu\/wp-content\/uploads\/2020\/07\/\u010dakra4-10x12.jpg 10w\" sizes=\"auto, (max-width: 79px) 100vw, 79px\" \/><\/a><a href=\"https:\/\/trimakasi.eu\/wp-content\/uploads\/crown-chakra.jpg\"><img loading=\"lazy\" decoding=\"async\" class=\"alignnone size-full wp-image-132743\" src=\"https:\/\/trimakasi.eu\/wp-content\/uploads\/crown-chakra.jpg\" alt=\"\" width=\"92\" height=\"102\" srcset=\"https:\/\/trimakasi.eu\/wp-content\/uploads\/crown-chakra.jpg 92w, https:\/\/trimakasi.eu\/wp-content\/uploads\/crown-chakra-11x12.jpg 11w\" sizes=\"auto, (max-width: 92px) 100vw, 92px\" \/><\/a><\/p>\n<p><a href=\"https:\/\/trimakasi.eu\/hu\/videoblog\/\"><u>L\u00e1togassa meg videoblogunkat, hogy felfedezze a dr\u00e1gak\u00f6vek, \u00e1llat\u00f6v jelek, csakr\u00e1k \u00e9s m\u00e9g sok m\u00e1s k\u00f6z\u00f6tti \u00f6sszef\u00fcgg\u00e9seket.<\/u><\/a><\/p>","protected":false},"excerpt":{"rendered":"<p>Tridacna kagyl\u00f3 dr\u00e1gak\u0151 egyszer\u0171 kivitelben, kiv\u00e1l\u00f3 min\u0151s\u00e9g\u0171 sz\u00edv alak\u00fa gy\u00f6nggyel, cirkonnal. A hossz\u00fa le\u00edr\u00e1sb\u00f3l t\u00f6bbet is megtudhat a k\u0151 tulajdons\u00e1gair\u00f3l.<\/p>\n<p><a href=\"https:\/\/trimakasi.eu\/hu\/hogyan-valasszuk-ki-a-karkoto-meretet\/\">A m\u00e9ret helyes meghat\u00e1roz\u00e1s\u00e1nak \u00fatmutat\u00f3ja itt tal\u00e1lhat\u00f3.<\/a><\/p>","protected":false},"featured_media":159572,"comment_status":"open","ping_status":"closed","template":"","meta":{"_acf_changed":false,"_themeisle_gutenberg_block_has_review":false},"product_brand":[],"product_cat":[1687,569,553],"product_tag":[],"class_list":{"0":"post-159567","1":"product","2":"type-product","3":"status-publish","4":"has-post-thumbnail","6":"product_cat-elastic-bracelets","7":"product_cat-minimalist-jewellery-for-women","8":"product_cat-womens-jewellery","10":"first","11":"instock","12":"taxable","13":"shipping-taxable","14":"purchasable","15":"product-type-variable","16":"has-default-attributes"},"acf":[],"_links":{"self":[{"href":"https:\/\/trimakasi.eu\/hu\/wp-json\/wp\/v2\/product\/159567","targetHints":{"allow":["GET"]}}],"collection":[{"href":"https:\/\/trimakasi.eu\/hu\/wp-json\/wp\/v2\/product"}],"about":[{"href":"https:\/\/trimakasi.eu\/hu\/wp-json\/wp\/v2\/types\/product"}],"replies":[{"embeddable":true,"href":"https:\/\/trimakasi.eu\/hu\/wp-json\/wp\/v2\/comments?post=159567"}],"wp:featuredmedia":[{"embeddable":true,"href":"https:\/\/trimakasi.eu\/hu\/wp-json\/wp\/v2\/media\/159572"}],"wp:attachment":[{"href":"https:\/\/trimakasi.eu\/hu\/wp-json\/wp\/v2\/media?parent=159567"}],"wp:term":[{"taxonomy":"product_brand","embeddable":true,"href":"https:\/\/trimakasi.eu\/hu\/wp-json\/wp\/v2\/product_brand?post=159567"},{"taxonomy":"product_cat","embeddable":true,"href":"https:\/\/trimakasi.eu\/hu\/wp-json\/wp\/v2\/product_cat?post=159567"},{"taxonomy":"product_tag","embeddable":true,"href":"https:\/\/trimakasi.eu\/hu\/wp-json\/wp\/v2\/product_tag?post=159567"}],"curies":[{"name":"wp","href":"https:\/\/api.w.org\/{rel}","templated":true}]}}