{"id":157840,"date":"2023-06-27T10:56:35","date_gmt":"2023-06-27T08:56:35","guid":{"rendered":"https:\/\/trimakasi.eu\/?post_type=product&#038;p=157840"},"modified":"2024-09-22T11:10:05","modified_gmt":"2024-09-22T09:10:05","slug":"obszidian-nyilhegy-nyaklanc-ferfiak-szamara","status":"publish","type":"product","link":"https:\/\/trimakasi.eu\/hu\/product\/obsidian-arrowhead-necklace-for-men\/","title":{"rendered":"Obsidian ny\u00edlhegy nyakl\u00e1nc f\u00e9rfiaknak"},"content":{"rendered":"<h3>Fekete obszidi\u00e1n<\/h3>\n<p><span lang=\"en\" tabindex=\"0\">Az obszidi\u00e1n a term\u00e9szetes \u00fcveg k\u00fcl\u00f6nleges form\u00e1ja, amelyet a forr\u00f3 l\u00e1va gyors leh\u0171l\u00e9se hoz l\u00e9tre a f\u00f6ld felsz\u00edn\u00e9n. Az emberis\u00e9g a k\u0151korszak \u00f3ta haszn\u00e1lja, amikor a vad\u00e1szok a fegyvereik hegy\u00e9t az obszidi\u00e1n \u00e9les lemezeib\u0151l k\u00e9sz\u00edtett\u00e9k. Ez a k\u0151\u00a0<\/span><span lang=\"en\" tabindex=\"0\">az \u0151si azt\u00e9kok k\u00f6r\u00e9ben is k\u00f6zkedvelt volt, akik \u201eIsten k\u00f6v\u00e9nek\u201d nevezt\u00e9k. Ebb\u0151l a k\u0151b\u0151l k\u00e9sz\u00fclt szent t\u0151r\u00fck, amelyet az isteneknek val\u00f3 ember\u00e1ldozat h\u00edrhedt ritu\u00e1l\u00e9j\u00e1hoz haszn\u00e1ltak.<\/span><\/p>\n<p><span lang=\"en\" tabindex=\"0\">A fekete \u00f3nix, a fekete turmalin \u00e9s a fekete obszidi\u00e1n s\u00f6t\u00e9t sz\u00edn\u00fck miatt hagyom\u00e1nyos v\u00e9d\u0151k\u00f6veknek sz\u00e1m\u00edtanak. Olyan v\u00e9d\u0151 l\u00e9gk\u00f6rrel vehetik k\u00f6r\u00fcl, amely minden negat\u00edvumot elnyel a k\u00f6rnyezet\u00e9b\u0151l. Mindenekel\u0151tt azon negat\u00edv gondolkod\u00e1si mint\u00e1k legy\u0151z\u00e9s\u00e9ben seg\u00edtenek, amelyek a leggyeng\u00edt\u0151bb \u00e9s legm\u00e9rgez\u0151bb \u00e9rzelemb\u0151l, a f\u00e9lelemb\u0151l fakadnak.<\/span><\/p>\n<p>Elem: <strong>T\u0171z<\/strong><\/p>\n<p>Csillagjegyek:\u00a0<strong>Nyilas, Skorpi\u00f3<\/strong><\/p>\n<p>A kark\u00f6t\u0151 a gy\u00f6k\u00e9rcsakr\u00e1t harmoniz\u00e1lja.<\/p>\n<p><a href=\"https:\/\/trimakasi.eu\/wp-content\/uploads\/\u010dakra1.jpg\"><img loading=\"lazy\" decoding=\"async\" class=\"alignnone size-full wp-image-138513\" src=\"https:\/\/trimakasi.eu\/wp-content\/uploads\/\u010dakra1.jpg\" alt=\"Gy\u00f6k\u00e9rcsakra\" width=\"81\" height=\"88\" srcset=\"https:\/\/trimakasi.eu\/wp-content\/uploads\/\u010dakra1.jpg 81w, https:\/\/trimakasi.eu\/wp-content\/uploads\/\u010dakra1-11x12.jpg 11w\" sizes=\"auto, (max-width: 81px) 100vw, 81px\" \/><\/a><\/p>\n<p><a href=\"https:\/\/trimakasi.eu\/hu\/videoblog\/\"><u>L\u00e1togassa meg videoblogunkat, hogy felfedezze a dr\u00e1gak\u00f6vek, \u00e1llat\u00f6v jelek, csakr\u00e1k \u00e9s m\u00e9g sok m\u00e1s k\u00f6z\u00f6tti \u00f6sszef\u00fcgg\u00e9seket.<\/u><\/a><\/p>","protected":false},"excerpt":{"rendered":"<p>Fedezze fel a benned rejl\u0151 \u00e1d\u00e1z harcost mer\u00e9sz Fekete Obszidi\u00e1n ny\u00edlhegy Amulett\u00fcnkkel. Az obszidi\u00e1nb\u00f3l, az amerikai \u0151slakosok \u00e1ltal fegyverk\u00e9sz\u00edt\u0151 tulajdons\u00e1gai miatt tisztelt k\u0151b\u0151l k\u00e9zzel k\u00e9sz\u00edtett ez az amulett t\u00f6bb, mint egy \u00e9kszer \u2013 a f\u00e9kezhetetlen b\u00e1tors\u00e1g \u00e9s a c\u00e9ljainak k\u00f6ny\u00f6rtelen t\u00f6rekv\u00e9s\u00e9nek szimb\u00f3luma.<\/p>\n<p>\u00c9rezze, ahogy az \u0151si vad\u00e1szok energi\u00e1ja fel\u00e1rad benned minden alkalommal, amikor viseled. Tudjon meg t\u00f6bbet a k\u0151 tulajdons\u00e1gair\u00f3l al\u00e1bb.<\/p>\n<p>L\u00e1nc hossza: 69 cm vagy 80 cm<\/p>\n<p>L\u00e1nc sz\u00edne\/anyaga: fekete \/ PVD bevonat\u00fa rozsdamentes ac\u00e9l<\/p>\n<p>K\u0151 m\u00e9retei: kb. 5cm x 2cm<\/p>","protected":false},"featured_media":165115,"comment_status":"open","ping_status":"closed","template":"","meta":{"_acf_changed":false,"_themeisle_gutenberg_block_has_review":false},"product_brand":[],"product_cat":[1064,1150,1690],"product_tag":[],"class_list":{"0":"post-157840","1":"product","2":"type-product","3":"status-publish","4":"has-post-thumbnail","6":"product_cat-mens-jewellery","7":"product_cat-necklaces-for-men","8":"product_cat-necklaces","10":"first","11":"instock","12":"taxable","13":"shipping-taxable","14":"purchasable","15":"product-type-variable","16":"has-default-attributes"},"acf":[],"_links":{"self":[{"href":"https:\/\/trimakasi.eu\/hu\/wp-json\/wp\/v2\/product\/157840","targetHints":{"allow":["GET"]}}],"collection":[{"href":"https:\/\/trimakasi.eu\/hu\/wp-json\/wp\/v2\/product"}],"about":[{"href":"https:\/\/trimakasi.eu\/hu\/wp-json\/wp\/v2\/types\/product"}],"replies":[{"embeddable":true,"href":"https:\/\/trimakasi.eu\/hu\/wp-json\/wp\/v2\/comments?post=157840"}],"wp:featuredmedia":[{"embeddable":true,"href":"https:\/\/trimakasi.eu\/hu\/wp-json\/wp\/v2\/media\/165115"}],"wp:attachment":[{"href":"https:\/\/trimakasi.eu\/hu\/wp-json\/wp\/v2\/media?parent=157840"}],"wp:term":[{"taxonomy":"product_brand","embeddable":true,"href":"https:\/\/trimakasi.eu\/hu\/wp-json\/wp\/v2\/product_brand?post=157840"},{"taxonomy":"product_cat","embeddable":true,"href":"https:\/\/trimakasi.eu\/hu\/wp-json\/wp\/v2\/product_cat?post=157840"},{"taxonomy":"product_tag","embeddable":true,"href":"https:\/\/trimakasi.eu\/hu\/wp-json\/wp\/v2\/product_tag?post=157840"}],"curies":[{"name":"wp","href":"https:\/\/api.w.org\/{rel}","templated":true}]}}