{"id":157701,"date":"2021-02-26T18:28:45","date_gmt":"2021-02-26T17:28:45","guid":{"rendered":"https:\/\/trimakasi.eu\/?post_type=product&#038;p=157701"},"modified":"2025-11-16T11:08:31","modified_gmt":"2025-11-16T10:08:31","slug":"nyers-kristaly-kvarc-nyaklanc-noknek","status":"publish","type":"product","link":"https:\/\/trimakasi.eu\/hu\/product\/raw-crystal-quartz-necklace-for-women\/","title":{"rendered":"Raw krist\u00e1ly kvarc nyakl\u00e1nc"},"content":{"rendered":"<div class=\"tab-panels\">\n<div id=\"tab-description\" class=\"woocommerce-Tabs-panel woocommerce-Tabs-panel--description panel entry-content active\" role=\"tabpanel\" aria-labelledby=\"tab-title-description\">\n<h3>Krist\u00e1lykvarc<\/h3>\n<p id=\"tw-target-text\" class=\"tw-data-text tw-ta tw-text-small\" dir=\"ltr\" data-placeholder=\"P\u0159eklad\"><span lang=\"en\" tabindex=\"0\">V\u00e9di a l\u00e9lek tisztas\u00e1g\u00e1t, jav\u00edtja a koncentr\u00e1ci\u00f3t, v\u00e9d a negativit\u00e1s ellen, medit\u00e1ci\u00f3ra \u00e9s az \u00e1ltal\u00e1nos ment\u00e1lis er\u0151 n\u00f6vel\u00e9s\u00e9re egyar\u00e1nt alkalmas.<\/span><\/p>\n<p class=\"tw-data-text tw-ta tw-text-small\" dir=\"ltr\" data-placeholder=\"P\u0159eklad\"><span lang=\"en\" tabindex=\"0\">Ennek a k\u0151nek a t\u00f6rt\u00e9nelmi nevei olyan kifejez\u00e9seket tartalmaznak, mint \u201efagyott f\u00e9ny\u201d, \u201eszent v\u00edz\u201d vagy \u201es\u00e1rk\u00e1nyeszencia\u201d, amint az a k\u00ednai \u00e9s jap\u00e1n hagyom\u00e1nyokban ismert. A buddhist\u00e1k \u201el\u00e1that\u00f3 semminek\u201d, az ausztr\u00e1l \u0151slakosok pedig \u201emegk\u00f6vesedett f\u00e9nynek\u201d nevezt\u00e9k, \u00e9s \u00fagy gondolt\u00e1k, hogy ez tartalmazza a Nagy Szellem l\u00e9nyeg\u00e9t. A g\u00f6r\u00f6g hagyom\u00e1ny szerint \u201etiszta j\u00e9gnek\u201d nevezik, ami annak k\u00f6sz\u00f6nhet\u0151, hogy a legend\u00e1k szerint Herkules ledobta a k\u00f6vet a szent Olympus-hegyr\u0151l, az pedig ennek k\u00f6vetkezt\u00e9ben ezer darabra t\u00f6rt.<\/span><\/p>\n<p id=\"tw-target-text\" class=\"tw-data-text tw-ta tw-text-small\" dir=\"ltr\" data-placeholder=\"P\u0159eklad\"><span lang=\"en\" tabindex=\"0\">Elem:<strong> F\u00f6ld, T\u0171z, V\u00edz, Leveg\u0151<\/strong><\/span><\/p>\n<p class=\"tw-data-text tw-ta tw-text-small\" dir=\"ltr\" data-placeholder=\"P\u0159eklad\"><span lang=\"en\" tabindex=\"0\">Csillagjegyek: <strong>Minden csillagjegyre alkalmas.<\/strong><\/span><\/p>\n<p>A kark\u00f6t\u0151 az \u00f6sszes csakr\u00e1t harmoniz\u00e1lja, de f\u0151leg a koronacsakr\u00e1ra van hat\u00e1ssal:<\/p>\n<p><a href=\"https:\/\/trimakasi.eu\/wp-content\/uploads\/crown-chakra.jpg\"><img loading=\"lazy\" decoding=\"async\" class=\"alignnone wp-image-132743\" src=\"https:\/\/trimakasi.eu\/wp-content\/uploads\/crown-chakra.jpg\" alt=\"\" width=\"80\" height=\"89\" srcset=\"https:\/\/trimakasi.eu\/wp-content\/uploads\/crown-chakra.jpg 92w, https:\/\/trimakasi.eu\/wp-content\/uploads\/crown-chakra-11x12.jpg 11w\" sizes=\"auto, (max-width: 80px) 100vw, 80px\" \/><\/a><\/p>\n<p><a href=\"https:\/\/trimakasi.eu\/hu\/videoblog\/\"><u>L\u00e1togassa meg videoblogunkat, hogy felfedezze a dr\u00e1gak\u00f6vek, \u00e1llat\u00f6v jelek, csakr\u00e1k \u00e9s m\u00e9g sok m\u00e1s k\u00f6z\u00f6tti \u00f6sszef\u00fcgg\u00e9seket.<\/u><\/a><\/p>\n<\/div>\n<\/div>","protected":false},"excerpt":{"rendered":"<p>N\u0151i nyakl\u00e1nc term\u00e9szetes krist\u00e1ly kvarc nyers krist\u00e1llyal. A hossz\u00fa le\u00edr\u00e1sb\u00f3l t\u00f6bbet is megtudhat a k\u0151 tulajdons\u00e1gair\u00f3l.<\/p>\n<p>Eleg\u00e1ns 44 cm-es minimalista l\u00e1nc, pol\u00edrozott rozsdamentes ac\u00e9lb\u00f3l k\u00e9sz\u00fclt, tart\u00f3s 18 kar\u00e1tos arany bevonattal, 1,3 cm x 1,5 cm-es term\u00e9szetes nyers krist\u00e1lykvarccal.<\/p>\n<p>A nyakl\u00e1nc luxus r\u00f3zsasz\u00edn dobozban \u00e9rkezik, Trimakasi log\u00f3val, \u00edgy t\u00f6k\u00e9letes aj\u00e1nd\u00e9k.<\/p>\n<p>Minden darab eredeti!<\/p>","protected":false},"featured_media":157723,"comment_status":"open","ping_status":"closed","template":"","meta":{"_acf_changed":false,"_themeisle_gutenberg_block_has_review":false},"product_brand":[],"product_cat":[569,1149,1690,553],"product_tag":[],"class_list":{"0":"post-157701","1":"product","2":"type-product","3":"status-publish","4":"has-post-thumbnail","6":"product_cat-minimalist-jewellery-for-women","7":"product_cat-necklaces-for-women","8":"product_cat-necklaces","9":"product_cat-womens-jewellery","11":"first","12":"outofstock","13":"taxable","14":"shipping-taxable","15":"purchasable","16":"product-type-simple"},"acf":[],"_links":{"self":[{"href":"https:\/\/trimakasi.eu\/hu\/wp-json\/wp\/v2\/product\/157701","targetHints":{"allow":["GET"]}}],"collection":[{"href":"https:\/\/trimakasi.eu\/hu\/wp-json\/wp\/v2\/product"}],"about":[{"href":"https:\/\/trimakasi.eu\/hu\/wp-json\/wp\/v2\/types\/product"}],"replies":[{"embeddable":true,"href":"https:\/\/trimakasi.eu\/hu\/wp-json\/wp\/v2\/comments?post=157701"}],"wp:featuredmedia":[{"embeddable":true,"href":"https:\/\/trimakasi.eu\/hu\/wp-json\/wp\/v2\/media\/157723"}],"wp:attachment":[{"href":"https:\/\/trimakasi.eu\/hu\/wp-json\/wp\/v2\/media?parent=157701"}],"wp:term":[{"taxonomy":"product_brand","embeddable":true,"href":"https:\/\/trimakasi.eu\/hu\/wp-json\/wp\/v2\/product_brand?post=157701"},{"taxonomy":"product_cat","embeddable":true,"href":"https:\/\/trimakasi.eu\/hu\/wp-json\/wp\/v2\/product_cat?post=157701"},{"taxonomy":"product_tag","embeddable":true,"href":"https:\/\/trimakasi.eu\/hu\/wp-json\/wp\/v2\/product_tag?post=157701"}],"curies":[{"name":"wp","href":"https:\/\/api.w.org\/{rel}","templated":true}]}}