{"id":132771,"date":"2020-06-08T13:43:18","date_gmt":"2020-06-08T11:43:18","guid":{"rendered":"https:\/\/trimakasi.eu\/?post_type=product&#038;p=132771"},"modified":"2025-08-16T18:20:34","modified_gmt":"2025-08-16T16:20:34","slug":"ferfi-lanc-nyaklanc-golyo","status":"publish","type":"product","link":"https:\/\/trimakasi.eu\/hu\/product\/mens-chain-necklace-bullet\/","title":{"rendered":"F\u00e9rfi nyakl\u00e1nc - Bullet"},"content":{"rendered":"<h3>Bullet nyakl\u00e1nc<\/h3>\n<p>St\u00edlusos divatos kieg\u00e9sz\u00edt\u0151 f\u00e9rfiaknak. A goly\u00f3 \u00fcreges \u00e9s csavarhat\u00f3 - titkos rejtekhelyk\u00e9nt szolg\u00e1lhat!<br \/>\nA nyakl\u00e1ncot egy Trimakasi log\u00f3val ell\u00e1tott kis tasakban sz\u00e1ll\u00edtjuk.<\/p>","protected":false},"excerpt":{"rendered":"<div>F\u00e9rfi nyakl\u00e1nc med\u00e1llal: goly\u00f3. Tart\u00f3s f\u00e9rfi\u00e9kszer, amely ellen\u00e1ll a v\u00edznek \u00e9s az izzads\u00e1gnak. Tudjon meg t\u00f6bbet err\u0151l a nyakl\u00e1ncr\u00f3l al\u00e1bb.<\/div>\n<div><\/div>\n<div>L\u00e1nc hossza: 56 cm<\/div>\n<div><\/div>\n<div>L\u00e1nc\/f\u00fcgg\u0151 anyag: rozsdamentes ac\u00e9l<\/div>","protected":false},"featured_media":132766,"comment_status":"open","ping_status":"closed","template":"","meta":{"_acf_changed":false,"_themeisle_gutenberg_block_has_review":false},"product_brand":[],"product_cat":[1064,1150,1690],"product_tag":[],"class_list":{"0":"post-132771","1":"product","2":"type-product","3":"status-publish","4":"has-post-thumbnail","6":"product_cat-mens-jewellery","7":"product_cat-necklaces-for-men","8":"product_cat-necklaces","10":"first","11":"outofstock","12":"taxable","13":"shipping-taxable","14":"purchasable","15":"product-type-simple"},"acf":[],"_links":{"self":[{"href":"https:\/\/trimakasi.eu\/hu\/wp-json\/wp\/v2\/product\/132771","targetHints":{"allow":["GET"]}}],"collection":[{"href":"https:\/\/trimakasi.eu\/hu\/wp-json\/wp\/v2\/product"}],"about":[{"href":"https:\/\/trimakasi.eu\/hu\/wp-json\/wp\/v2\/types\/product"}],"replies":[{"embeddable":true,"href":"https:\/\/trimakasi.eu\/hu\/wp-json\/wp\/v2\/comments?post=132771"}],"wp:featuredmedia":[{"embeddable":true,"href":"https:\/\/trimakasi.eu\/hu\/wp-json\/wp\/v2\/media\/132766"}],"wp:attachment":[{"href":"https:\/\/trimakasi.eu\/hu\/wp-json\/wp\/v2\/media?parent=132771"}],"wp:term":[{"taxonomy":"product_brand","embeddable":true,"href":"https:\/\/trimakasi.eu\/hu\/wp-json\/wp\/v2\/product_brand?post=132771"},{"taxonomy":"product_cat","embeddable":true,"href":"https:\/\/trimakasi.eu\/hu\/wp-json\/wp\/v2\/product_cat?post=132771"},{"taxonomy":"product_tag","embeddable":true,"href":"https:\/\/trimakasi.eu\/hu\/wp-json\/wp\/v2\/product_tag?post=132771"}],"curies":[{"name":"wp","href":"https:\/\/api.w.org\/{rel}","templated":true}]}}